{"id":988,"date":"2024-07-15T09:51:22","date_gmt":"2024-07-15T09:51:22","guid":{"rendered":"https:\/\/www.chaire-tvp.com\/go\/?page_id=988"},"modified":"2024-07-15T09:57:28","modified_gmt":"2024-07-15T09:57:28","slug":"travail-avec-le-college-turgot-a-partir-de-la-musique-dans-lathlete-samuel-bodart-yann-coron","status":"publish","type":"page","link":"https:\/\/www.chaire-tvp.com\/go\/index.php\/travail-avec-le-college-turgot-a-partir-de-la-musique-dans-lathlete-samuel-bodart-yann-coron\/","title":{"rendered":"Travail avec le Coll\u00e8ge Turgot \u00e0 partir de La Musique dans l&rsquo;Athl\u00e8te (Samuel Bodart, Yann Coron)"},"content":{"rendered":"\n<figure class=\"wp-block-gallery has-nested-images columns-default is-cropped wp-block-gallery-1 is-layout-flex wp-block-gallery-is-layout-flex\">\n<figure class=\"wp-block-image size-full\"><img fetchpriority=\"high\" decoding=\"async\" width=\"2560\" height=\"1920\" data-id=\"965\" src=\"https:\/\/www.chaire-tvp.com\/go\/wp-content\/uploads\/2024\/07\/IMG_0232-2-scaled.jpg\" alt=\"\" class=\"wp-image-965\" srcset=\"https:\/\/www.chaire-tvp.com\/go\/wp-content\/uploads\/2024\/07\/IMG_0232-2-scaled.jpg 2560w, https:\/\/www.chaire-tvp.com\/go\/wp-content\/uploads\/2024\/07\/IMG_0232-2-300x225.jpg 300w, https:\/\/www.chaire-tvp.com\/go\/wp-content\/uploads\/2024\/07\/IMG_0232-2-1024x768.jpg 1024w, https:\/\/www.chaire-tvp.com\/go\/wp-content\/uploads\/2024\/07\/IMG_0232-2-768x576.jpg 768w, https:\/\/www.chaire-tvp.com\/go\/wp-content\/uploads\/2024\/07\/IMG_0232-2-1536x1152.jpg 1536w, https:\/\/www.chaire-tvp.com\/go\/wp-content\/uploads\/2024\/07\/IMG_0232-2-2048x1536.jpg 2048w\" sizes=\"(max-width: 2560px) 100vw, 2560px\" \/><\/figure>\n\n\n\n<figure class=\"wp-block-image size-full\"><img decoding=\"async\" width=\"2560\" height=\"1920\" data-id=\"960\" src=\"https:\/\/www.chaire-tvp.com\/go\/wp-content\/uploads\/2024\/07\/IMG_0204-2-scaled.jpg\" alt=\"\" class=\"wp-image-960\" srcset=\"https:\/\/www.chaire-tvp.com\/go\/wp-content\/uploads\/2024\/07\/IMG_0204-2-scaled.jpg 2560w, https:\/\/www.chaire-tvp.com\/go\/wp-content\/uploads\/2024\/07\/IMG_0204-2-300x225.jpg 300w, https:\/\/www.chaire-tvp.com\/go\/wp-content\/uploads\/2024\/07\/IMG_0204-2-1024x768.jpg 1024w, https:\/\/www.chaire-tvp.com\/go\/wp-content\/uploads\/2024\/07\/IMG_0204-2-768x576.jpg 768w, https:\/\/www.chaire-tvp.com\/go\/wp-content\/uploads\/2024\/07\/IMG_0204-2-1536x1152.jpg 1536w, https:\/\/www.chaire-tvp.com\/go\/wp-content\/uploads\/2024\/07\/IMG_0204-2-2048x1536.jpg 2048w\" sizes=\"(max-width: 2560px) 100vw, 2560px\" \/><\/figure>\n\n\n\n<figure class=\"wp-block-image size-large\"><img decoding=\"async\" width=\"1024\" height=\"576\" data-id=\"970\" src=\"https:\/\/www.chaire-tvp.com\/go\/wp-content\/uploads\/2024\/07\/IMG_0208-2-1-1024x576.jpg\" alt=\"\" class=\"wp-image-970\" srcset=\"https:\/\/www.chaire-tvp.com\/go\/wp-content\/uploads\/2024\/07\/IMG_0208-2-1-1024x576.jpg 1024w, https:\/\/www.chaire-tvp.com\/go\/wp-content\/uploads\/2024\/07\/IMG_0208-2-1-300x169.jpg 300w, https:\/\/www.chaire-tvp.com\/go\/wp-content\/uploads\/2024\/07\/IMG_0208-2-1-768x432.jpg 768w, https:\/\/www.chaire-tvp.com\/go\/wp-content\/uploads\/2024\/07\/IMG_0208-2-1-1536x864.jpg 1536w, https:\/\/www.chaire-tvp.com\/go\/wp-content\/uploads\/2024\/07\/IMG_0208-2-1-2048x1152.jpg 2048w\" sizes=\"(max-width: 1024px) 100vw, 1024px\" \/><\/figure>\n\n\n\n<figure class=\"wp-block-image size-full\"><img loading=\"lazy\" decoding=\"async\" width=\"2560\" height=\"1920\" data-id=\"963\" src=\"https:\/\/www.chaire-tvp.com\/go\/wp-content\/uploads\/2024\/07\/IMG_0222-2-scaled.jpg\" alt=\"\" class=\"wp-image-963\" srcset=\"https:\/\/www.chaire-tvp.com\/go\/wp-content\/uploads\/2024\/07\/IMG_0222-2-scaled.jpg 2560w, https:\/\/www.chaire-tvp.com\/go\/wp-content\/uploads\/2024\/07\/IMG_0222-2-300x225.jpg 300w, https:\/\/www.chaire-tvp.com\/go\/wp-content\/uploads\/2024\/07\/IMG_0222-2-1024x768.jpg 1024w, https:\/\/www.chaire-tvp.com\/go\/wp-content\/uploads\/2024\/07\/IMG_0222-2-768x576.jpg 768w, https:\/\/www.chaire-tvp.com\/go\/wp-content\/uploads\/2024\/07\/IMG_0222-2-1536x1152.jpg 1536w, https:\/\/www.chaire-tvp.com\/go\/wp-content\/uploads\/2024\/07\/IMG_0222-2-2048x1536.jpg 2048w\" sizes=\"(max-width: 2560px) 100vw, 2560px\" \/><\/figure>\n\n\n\n<figure class=\"wp-block-image size-full\"><img loading=\"lazy\" decoding=\"async\" width=\"2560\" height=\"1440\" data-id=\"968\" src=\"https:\/\/www.chaire-tvp.com\/go\/wp-content\/uploads\/2024\/07\/IMG_0206-2-1-scaled.jpg\" alt=\"\" class=\"wp-image-968\" srcset=\"https:\/\/www.chaire-tvp.com\/go\/wp-content\/uploads\/2024\/07\/IMG_0206-2-1-scaled.jpg 2560w, https:\/\/www.chaire-tvp.com\/go\/wp-content\/uploads\/2024\/07\/IMG_0206-2-1-300x169.jpg 300w, https:\/\/www.chaire-tvp.com\/go\/wp-content\/uploads\/2024\/07\/IMG_0206-2-1-1024x576.jpg 1024w, https:\/\/www.chaire-tvp.com\/go\/wp-content\/uploads\/2024\/07\/IMG_0206-2-1-768x432.jpg 768w, https:\/\/www.chaire-tvp.com\/go\/wp-content\/uploads\/2024\/07\/IMG_0206-2-1-1536x864.jpg 1536w, https:\/\/www.chaire-tvp.com\/go\/wp-content\/uploads\/2024\/07\/IMG_0206-2-1-2048x1152.jpg 2048w\" sizes=\"(max-width: 2560px) 100vw, 2560px\" \/><\/figure>\n\n\n\n<figure class=\"wp-block-image size-full\"><img loading=\"lazy\" decoding=\"async\" width=\"2560\" height=\"1440\" data-id=\"976\" src=\"https:\/\/www.chaire-tvp.com\/go\/wp-content\/uploads\/2024\/07\/IMG_0223-2-1-scaled.jpg\" alt=\"\" class=\"wp-image-976\" srcset=\"https:\/\/www.chaire-tvp.com\/go\/wp-content\/uploads\/2024\/07\/IMG_0223-2-1-scaled.jpg 2560w, https:\/\/www.chaire-tvp.com\/go\/wp-content\/uploads\/2024\/07\/IMG_0223-2-1-300x169.jpg 300w, https:\/\/www.chaire-tvp.com\/go\/wp-content\/uploads\/2024\/07\/IMG_0223-2-1-1024x576.jpg 1024w, https:\/\/www.chaire-tvp.com\/go\/wp-content\/uploads\/2024\/07\/IMG_0223-2-1-768x432.jpg 768w, https:\/\/www.chaire-tvp.com\/go\/wp-content\/uploads\/2024\/07\/IMG_0223-2-1-1536x864.jpg 1536w, https:\/\/www.chaire-tvp.com\/go\/wp-content\/uploads\/2024\/07\/IMG_0223-2-1-2048x1152.jpg 2048w\" sizes=\"(max-width: 2560px) 100vw, 2560px\" \/><\/figure>\n\n\n\n<figure class=\"wp-block-image size-large\"><img loading=\"lazy\" decoding=\"async\" width=\"1024\" height=\"576\" data-id=\"977\" src=\"https:\/\/www.chaire-tvp.com\/go\/wp-content\/uploads\/2024\/07\/IMG_0224-2-1-1024x576.jpg\" alt=\"\" class=\"wp-image-977\" srcset=\"https:\/\/www.chaire-tvp.com\/go\/wp-content\/uploads\/2024\/07\/IMG_0224-2-1-1024x576.jpg 1024w, https:\/\/www.chaire-tvp.com\/go\/wp-content\/uploads\/2024\/07\/IMG_0224-2-1-300x169.jpg 300w, https:\/\/www.chaire-tvp.com\/go\/wp-content\/uploads\/2024\/07\/IMG_0224-2-1-768x432.jpg 768w, https:\/\/www.chaire-tvp.com\/go\/wp-content\/uploads\/2024\/07\/IMG_0224-2-1-1536x864.jpg 1536w, https:\/\/www.chaire-tvp.com\/go\/wp-content\/uploads\/2024\/07\/IMG_0224-2-1-2048x1152.jpg 2048w\" sizes=\"(max-width: 1024px) 100vw, 1024px\" \/><\/figure>\n<\/figure>\n","protected":false},"excerpt":{"rendered":"","protected":false},"author":1,"featured_media":0,"parent":0,"menu_order":0,"comment_status":"closed","ping_status":"closed","template":"","meta":{"_editorskit_title_hidden":false,"_editorskit_reading_time":0,"_editorskit_is_block_options_detached":false,"_editorskit_block_options_position":"{}","inline_featured_image":false,"ngg_post_thumbnail":0,"_EventAllDay":false,"_EventTimezone":"","_EventStartDate":"","_EventEndDate":"","_EventStartDateUTC":"","_EventEndDateUTC":"","_EventShowMap":false,"_EventShowMapLink":false,"_EventURL":"","_EventCost":"","_EventCostDescription":"","_EventCurrencySymbol":"","_EventCurrencyCode":"","_EventCurrencyPosition":"","_EventDateTimeSeparator":"","_EventTimeRangeSeparator":"","_EventOrganizerID":[],"_EventVenueID":[],"_OrganizerEmail":"","_OrganizerPhone":"","_OrganizerWebsite":"","_VenueAddress":"","_VenueCity":"","_VenueCountry":"","_VenueProvince":"","_VenueState":"","_VenueZip":"","_VenuePhone":"","_VenueURL":"","_VenueStateProvince":"","_VenueLat":"","_VenueLng":"","_VenueShowMap":false,"_VenueShowMapLink":false,"footnotes":""},"class_list":["post-988","page","type-page","status-publish","hentry"],"jetpack_sharing_enabled":true,"_links":{"self":[{"href":"https:\/\/www.chaire-tvp.com\/go\/index.php\/wp-json\/wp\/v2\/pages\/988","targetHints":{"allow":["GET"]}}],"collection":[{"href":"https:\/\/www.chaire-tvp.com\/go\/index.php\/wp-json\/wp\/v2\/pages"}],"about":[{"href":"https:\/\/www.chaire-tvp.com\/go\/index.php\/wp-json\/wp\/v2\/types\/page"}],"author":[{"embeddable":true,"href":"https:\/\/www.chaire-tvp.com\/go\/index.php\/wp-json\/wp\/v2\/users\/1"}],"replies":[{"embeddable":true,"href":"https:\/\/www.chaire-tvp.com\/go\/index.php\/wp-json\/wp\/v2\/comments?post=988"}],"version-history":[{"count":4,"href":"https:\/\/www.chaire-tvp.com\/go\/index.php\/wp-json\/wp\/v2\/pages\/988\/revisions"}],"predecessor-version":[{"id":992,"href":"https:\/\/www.chaire-tvp.com\/go\/index.php\/wp-json\/wp\/v2\/pages\/988\/revisions\/992"}],"wp:attachment":[{"href":"https:\/\/www.chaire-tvp.com\/go\/index.php\/wp-json\/wp\/v2\/media?parent=988"}],"curies":[{"name":"wp","href":"https:\/\/api.w.org\/{rel}","templated":true}]}}