{"id":903,"date":"2024-07-15T08:42:54","date_gmt":"2024-07-15T08:42:54","guid":{"rendered":"https:\/\/www.chaire-tvp.com\/go\/?page_id=903"},"modified":"2025-01-07T16:13:37","modified_gmt":"2025-01-07T16:13:37","slug":"balade-a-caleche-autour-de-la-place-casimir-perier-wallers-arenberg","status":"publish","type":"page","link":"https:\/\/www.chaire-tvp.com\/go\/index.php\/balade-a-caleche-autour-de-la-place-casimir-perier-wallers-arenberg\/","title":{"rendered":"Balade \u00e0 Cal\u00e8che autour de la Place Casimir P\u00e9rier (Wallers-Arenberg) \ud83d\udc0e"},"content":{"rendered":"\t\t<div data-elementor-type=\"wp-page\" data-elementor-id=\"903\" class=\"elementor elementor-903\">\n\t\t\t\t<div class=\"elementor-element elementor-element-8f74152 e-flex e-con-boxed e-con e-parent\" data-id=\"8f74152\" data-element_type=\"container\">\n\t\t\t\t\t<div class=\"e-con-inner\">\n\t\t\t\t<div class=\"elementor-element elementor-element-275876b elementor-arrows-position-inside elementor-widget elementor-widget-image-carousel\" data-id=\"275876b\" data-element_type=\"widget\" data-settings=\"{&quot;slides_to_show&quot;:&quot;1&quot;,&quot;navigation&quot;:&quot;arrows&quot;,&quot;autoplay&quot;:&quot;yes&quot;,&quot;pause_on_hover&quot;:&quot;yes&quot;,&quot;pause_on_interaction&quot;:&quot;yes&quot;,&quot;autoplay_speed&quot;:5000,&quot;infinite&quot;:&quot;yes&quot;,&quot;effect&quot;:&quot;slide&quot;,&quot;speed&quot;:500}\" data-widget_type=\"image-carousel.default\">\n\t\t\t\t<div class=\"elementor-widget-container\">\n\t\t\t<style>\/*! elementor - v3.22.0 - 26-06-2024 *\/\n.elementor-widget-image-carousel .swiper,.elementor-widget-image-carousel .swiper-container{position:static}.elementor-widget-image-carousel .swiper-container .swiper-slide figure,.elementor-widget-image-carousel .swiper .swiper-slide figure{line-height:inherit}.elementor-widget-image-carousel .swiper-slide{text-align:center}.elementor-image-carousel-wrapper:not(.swiper-container-initialized):not(.swiper-initialized) .swiper-slide{max-width:calc(100% \/ var(--e-image-carousel-slides-to-show, 3))}<\/style>\t\t<div class=\"elementor-image-carousel-wrapper swiper\" dir=\"ltr\">\n\t\t\t<div class=\"elementor-image-carousel swiper-wrapper\" aria-live=\"off\">\n\t\t\t\t\t\t\t\t<div class=\"swiper-slide\" role=\"group\" aria-roledescription=\"slide\" aria-label=\"1 sur 3\"><figure class=\"swiper-slide-inner\"><img decoding=\"async\" class=\"swiper-slide-image\" src=\"https:\/\/www.chaire-tvp.com\/go\/wp-content\/uploads\/2024\/07\/IMG_1391-768x576.jpg\" alt=\"IMG_1391\" \/><\/figure><\/div><div class=\"swiper-slide\" role=\"group\" aria-roledescription=\"slide\" aria-label=\"2 sur 3\"><figure class=\"swiper-slide-inner\"><img decoding=\"async\" class=\"swiper-slide-image\" src=\"https:\/\/www.chaire-tvp.com\/go\/wp-content\/uploads\/2024\/07\/IMG_1390-768x576.jpg\" alt=\"IMG_1390\" \/><\/figure><\/div><div class=\"swiper-slide\" role=\"group\" aria-roledescription=\"slide\" aria-label=\"3 sur 3\"><figure class=\"swiper-slide-inner\"><img decoding=\"async\" class=\"swiper-slide-image\" src=\"https:\/\/www.chaire-tvp.com\/go\/wp-content\/uploads\/2024\/07\/IMG_1394-768x1024.jpg\" alt=\"IMG_1394\" \/><\/figure><\/div>\t\t\t<\/div>\n\t\t\t\t\t\t\t\t\t\t\t\t<div class=\"elementor-swiper-button elementor-swiper-button-prev\" role=\"button\" tabindex=\"0\">\n\t\t\t\t\t\t<svg aria-hidden=\"true\" class=\"e-font-icon-svg e-eicon-chevron-left\" viewBox=\"0 0 1000 1000\" xmlns=\"http:\/\/www.w3.org\/2000\/svg\"><path d=\"M646 125C629 125 613 133 604 142L308 442C296 454 292 471 292 487 292 504 296 521 308 533L604 854C617 867 629 875 646 875 663 875 679 871 692 858 704 846 713 829 713 812 713 796 708 779 692 767L438 487 692 225C700 217 708 204 708 187 708 171 704 154 692 142 675 129 663 125 646 125Z\"><\/path><\/svg>\t\t\t\t\t<\/div>\n\t\t\t\t\t<div class=\"elementor-swiper-button elementor-swiper-button-next\" role=\"button\" tabindex=\"0\">\n\t\t\t\t\t\t<svg aria-hidden=\"true\" class=\"e-font-icon-svg e-eicon-chevron-right\" viewBox=\"0 0 1000 1000\" xmlns=\"http:\/\/www.w3.org\/2000\/svg\"><path d=\"M696 533C708 521 713 504 713 487 713 471 708 454 696 446L400 146C388 133 375 125 354 125 338 125 325 129 313 142 300 154 292 171 292 187 292 204 296 221 308 233L563 492 304 771C292 783 288 800 288 817 288 833 296 850 308 863 321 871 338 875 354 875 371 875 388 867 400 854L696 533Z\"><\/path><\/svg>\t\t\t\t\t<\/div>\n\t\t\t\t\n\t\t\t\t\t\t\t\t\t<\/div>\n\t\t\t\t<\/div>\n\t\t\t\t<\/div>\n\t\t\t\t\t<\/div>\n\t\t\t\t<\/div>\n\t\t<div class=\"elementor-element elementor-element-4ad410d2 e-flex e-con-boxed e-con e-parent\" data-id=\"4ad410d2\" data-element_type=\"container\">\n\t\t\t\t\t<div class=\"e-con-inner\">\n\t\t\t\t<div class=\"elementor-element elementor-element-c9b0a1e elementor-widget elementor-widget-text-editor\" data-id=\"c9b0a1e\" data-element_type=\"widget\" data-widget_type=\"text-editor.default\">\n\t\t\t\t<div class=\"elementor-widget-container\">\n\t\t\t<style>\/*! elementor - v3.22.0 - 26-06-2024 *\/\n.elementor-widget-text-editor.elementor-drop-cap-view-stacked .elementor-drop-cap{background-color:#69727d;color:#fff}.elementor-widget-text-editor.elementor-drop-cap-view-framed .elementor-drop-cap{color:#69727d;border:3px solid;background-color:transparent}.elementor-widget-text-editor:not(.elementor-drop-cap-view-default) .elementor-drop-cap{margin-top:8px}.elementor-widget-text-editor:not(.elementor-drop-cap-view-default) .elementor-drop-cap-letter{width:1em;height:1em}.elementor-widget-text-editor .elementor-drop-cap{float:left;text-align:center;line-height:1;font-size:50px}.elementor-widget-text-editor .elementor-drop-cap-letter{display:inline-block}<\/style>\t\t\t\t<p>\u00c0 l&rsquo;occasion du passage de la Flamme Olympique le 2 juillet 2024 \u00e0 Wallers-Arenberg, un village d&rsquo;animations a \u00e9t\u00e9 cr\u00e9\u00e9 \u00e0 l&rsquo;initiative de la Mairie de Wallers-Arenberg. Ainsi, la Chaire TVP a pu participer \u00e0 ces animations par la mise en valeur d&rsquo;un pr\u00e9cieux partenaire au sein de la Porte du Hainaut : <strong>La Cal\u00e8che Avesnoise<\/strong> situ\u00e9e \u00e0 Avesnes-Le-Sec.<\/p>\n<p><!-- \/wp:paragraph --><\/p>\n<p><!-- wp:paragraph --><\/p>\n<p>L&rsquo;action consistait en un passage avec la cal\u00e8che autour de la Place Casimir P\u00e9rier, et plus pr\u00e9cis\u00e9ment devant des b\u00e2timents emprunts d&rsquo;histoire : l<strong>&lsquo;Eglise Sainte-Barbe, les corons pr\u00e9sents autour de la place, la salle des f\u00eates Pierre d&rsquo;Arenberg, la Place Casimir P\u00e9rier elle-m\u00eame.<\/strong> En ce sens, des audios \u00e9taient diffus\u00e9s au sein de la cal\u00e8che pour permettre aux touristes d&rsquo;appr\u00e9hender ces diff\u00e9rents lieux.<\/p>\n<p><!-- \/wp:paragraph --><\/p>\n<p><!-- wp:paragraph --><\/p>\n<p>Nous avons donc collabor\u00e9 avec l&rsquo;Office de Tourisme de Wallers-Arenberg \/ Saint-Amand-Les-Eaux pour la r\u00e9alisation de ces audios que voici ci-dessous :<\/p>\n<p><!-- \/wp:paragraph --><\/p>\n<p><!-- wp:audio {\"id\":919} --><\/p>\n<figure class=\"wp-block-audio\"><audio src=\"https:\/\/www.chaire-tvp.com\/go\/wp-content\/uploads\/2024\/07\/Tour-Abbatiale-de-Saint-Amand-les-Eaux-2.m4a\" controls=\"controls\"><\/audio><\/figure>\n<p><!-- \/wp:audio --><\/p>\n<p><!-- wp:paragraph --><\/p>\n<p><!-- \/wp:paragraph --><\/p>\t\t\t\t\t\t<\/div>\n\t\t\t\t<\/div>\n\t\t\t\t\t<\/div>\n\t\t\t\t<\/div>\n\t\t<div class=\"elementor-element elementor-element-a0f7056 e-flex e-con-boxed e-con e-parent\" data-id=\"a0f7056\" data-element_type=\"container\">\n\t\t\t\t\t<div class=\"e-con-inner\">\n\t\t<div class=\"elementor-element elementor-element-f60026e e-con-full e-flex e-con e-child\" data-id=\"f60026e\" data-element_type=\"container\">\n\t\t\t\t<div class=\"elementor-element elementor-element-f518054 elementor-widget elementor-widget-text-editor\" data-id=\"f518054\" data-element_type=\"widget\" data-widget_type=\"text-editor.default\">\n\t\t\t\t<div class=\"elementor-widget-container\">\n\t\t\t\t\t\t\t<p>\u00ab\u00a0Bonjour \u00e0 tous, bonjour \u00e0 toutes,<\/p>\n<p><br \/>Je m&rsquo;appelle M\u00e9lanie, je suis guide-conf\u00e9renci\u00e8re de l&rsquo;Office de Tourisme de la Porte du Hainaut.\u00a0\u00bb<\/p>\n<p>(&#8230;)<\/p>\n<ol>\n<li>EGLISE SAINTE-BARBE<br \/>\u00ab\u00a0Vous trouverez, \u00e0 votre gauche, l&rsquo;Eglise Sainte-Barbe, qui domine la Place Casimir P\u00e9rier de son clocher. Elle a \u00e9t\u00e9 construite entre 1905 et 1907. Elle porte le nom de la Sainte Patronne des Mineurs et de tous les m\u00e9tiers qui tonnent et qui d\u00e9tonnent. Elle est c\u00e9l\u00e9br\u00e9e le 4 d\u00e9cembre.\u00a0\u00bb<\/li>\n<li>CORONS<br \/>\u00ab\u00a0Vous trouverez sur votre gauche les corons et les cit\u00e9s mini\u00e8res. Sa construction d\u00e9bute aux abords de la fosse en 1900 et s&rsquo;ach\u00e8vera en 1923. D&rsquo;abord des rues rectilignes avec une d\u00e9coration simple et des blocs de deux logements, elle \u00e9voluera vers des cit\u00e9s jardins avec un espace ext\u00e9rieur en plus.\u00a0\u00bb<\/li>\n<li>SALLE DES F\u00caTES PIERRE D&rsquo;ARENBERG\u00a0<br \/>\u00ab\u00a0A votre gauche, la salle des f\u00eates. Elle est inaugur\u00e9e en 1910 et accueillera toutes les festivit\u00e9s et c\u00e9l\u00e9brations de la cit\u00e9 mini\u00e8re tels que les bals, la f\u00eate de la Sainte-Barbe, les harmonies ou les fanfares. L&rsquo;architecture de la b\u00e2tisse est la signature de la Compagnie des Mines d&rsquo;Anzin. Toutes les fen\u00eatres et les ouvertures sont soulign\u00e9es par des arcs de briques verniss\u00e9es bleues et blanches et la vocation musicale et festive est aussi rappel\u00e9e par les piliers pr\u00e9sents de part et d&rsquo;autre de l&rsquo;entr\u00e9e.\u00a0\u00bb<\/li>\n<li>PLACE CASIMIR PERIER<br \/>\u00ab\u00a0A votre droite, la Place Casimir P\u00e9rier. C&rsquo;est la place centrale de la cit\u00e9 mini\u00e8re, \u00e9galement lieu de rassemblement entre l&rsquo;Eglise et la salle des f\u00eates. Pourquoi P\u00e9rier ? P\u00e9rier \u00e9tait issu de la famille de banquiers parisiens qui prendra la t\u00eate du conseil de la Compagnie en 1823. Son petit-fils, Jean Casimir P\u00e9rier, est actionnaire majoritaire de la Compagnie et deviendra un homme politique et bri\u00e8vement le pr\u00e9sident de la r\u00e9publique fran\u00e7aise en 1894 et 1895.\u00a0\u00bb<\/li>\n<\/ol>\n<p>(&#8230;)<\/p>\n<p>\u00ab\u00a0Nous vous remercions pour votre attention et de votre participation. Si vous souhaitez en savoir plus sur les cit\u00e9s mini\u00e8res, venez participer \u00e0 nos visites guid\u00e9es. Retrouvez toutes les informations sur notre stand ou sur notre site internet tourisme-porteduhainaut.com. Nous vous souhaitons une tr\u00e8s bonne journ\u00e9e, et \u00e0 bient\u00f4t sur la Porte du Hainaut !\u00a0\u00bb<\/p>\t\t\t\t\t\t<\/div>\n\t\t\t\t<\/div>\n\t\t\t\t<\/div>\n\t\t\t\t\t<\/div>\n\t\t\t\t<\/div>\n\t\t\t\t<\/div>\n\t\t","protected":false},"excerpt":{"rendered":"<p>\u00c0 l&rsquo;occasion du passage de la Flamme Olympique le 2 juillet 2024 \u00e0 Wallers-Arenberg, un village d&rsquo;animations a \u00e9t\u00e9 cr\u00e9\u00e9 \u00e0 l&rsquo;initiative de la Mairie de Wallers-Arenberg. Ainsi, la Chaire [&hellip;]<\/p>\n","protected":false},"author":1,"featured_media":0,"parent":0,"menu_order":0,"comment_status":"closed","ping_status":"closed","template":"","meta":{"_editorskit_title_hidden":false,"_editorskit_reading_time":0,"_editorskit_is_block_options_detached":false,"_editorskit_block_options_position":"{}","inline_featured_image":false,"ngg_post_thumbnail":0,"_EventAllDay":false,"_EventTimezone":"","_EventStartDate":"","_EventEndDate":"","_EventStartDateUTC":"","_EventEndDateUTC":"","_EventShowMap":false,"_EventShowMapLink":false,"_EventURL":"","_EventCost":"","_EventCostDescription":"","_EventCurrencySymbol":"","_EventCurrencyCode":"","_EventCurrencyPosition":"","_EventDateTimeSeparator":"","_EventTimeRangeSeparator":"","_EventOrganizerID":[],"_EventVenueID":[],"_OrganizerEmail":"","_OrganizerPhone":"","_OrganizerWebsite":"","_VenueAddress":"","_VenueCity":"","_VenueCountry":"","_VenueProvince":"","_VenueState":"","_VenueZip":"","_VenuePhone":"","_VenueURL":"","_VenueStateProvince":"","_VenueLat":"","_VenueLng":"","_VenueShowMap":false,"_VenueShowMapLink":false,"footnotes":""},"class_list":["post-903","page","type-page","status-publish","hentry"],"jetpack_sharing_enabled":true,"_links":{"self":[{"href":"https:\/\/www.chaire-tvp.com\/go\/index.php\/wp-json\/wp\/v2\/pages\/903","targetHints":{"allow":["GET"]}}],"collection":[{"href":"https:\/\/www.chaire-tvp.com\/go\/index.php\/wp-json\/wp\/v2\/pages"}],"about":[{"href":"https:\/\/www.chaire-tvp.com\/go\/index.php\/wp-json\/wp\/v2\/types\/page"}],"author":[{"embeddable":true,"href":"https:\/\/www.chaire-tvp.com\/go\/index.php\/wp-json\/wp\/v2\/users\/1"}],"replies":[{"embeddable":true,"href":"https:\/\/www.chaire-tvp.com\/go\/index.php\/wp-json\/wp\/v2\/comments?post=903"}],"version-history":[{"count":10,"href":"https:\/\/www.chaire-tvp.com\/go\/index.php\/wp-json\/wp\/v2\/pages\/903\/revisions"}],"predecessor-version":[{"id":1699,"href":"https:\/\/www.chaire-tvp.com\/go\/index.php\/wp-json\/wp\/v2\/pages\/903\/revisions\/1699"}],"wp:attachment":[{"href":"https:\/\/www.chaire-tvp.com\/go\/index.php\/wp-json\/wp\/v2\/media?parent=903"}],"curies":[{"name":"wp","href":"https:\/\/api.w.org\/{rel}","templated":true}]}}