{"id":580,"date":"2024-05-20T14:51:47","date_gmt":"2024-05-20T14:51:47","guid":{"rendered":"https:\/\/www.chaire-tvp.com\/go\/?page_id=580"},"modified":"2025-02-24T17:08:25","modified_gmt":"2025-02-24T17:08:25","slug":"projets-passes","status":"publish","type":"page","link":"https:\/\/www.chaire-tvp.com\/go\/index.php\/projets-passes\/","title":{"rendered":"Ecriture &amp; Visions du Patrimoine"},"content":{"rendered":"\n<div class=\"wp-block-cover alignwide\"><span aria-hidden=\"true\" class=\"wp-block-cover__background has-ti-bg-alt-background-color has-background-dim-100 has-background-dim\"><\/span><div class=\"wp-block-cover__inner-container is-layout-constrained wp-block-cover-is-layout-constrained\">\n<h3 class=\"wp-block-heading has-text-align-center has-ti-bg-inv-color has-text-color has-link-color has-large-font-size wp-elements-c99971b506fc500f0f8019e879a8eea5\">Repenser le patrimoine en tant que m\u00e9moire orient\u00e9e vers l&rsquo;avenir<\/h3>\n\n\n\n<p class=\"has-text-align-center has-ti-bg-inv-color has-text-color has-link-color wp-elements-9cc1fc137833d7b4f6a8de2265881254\">Printemps 2023 \u00e0 automne 2025<\/p>\n<\/div><\/div>\n\n\n\n<div class=\"wp-block-group alignwide is-layout-constrained wp-block-group-is-layout-constrained\" style=\"margin-top:0px;margin-bottom:0px;padding-top:64px;padding-bottom:64px\">\n<div class=\"wp-block-columns alignwide is-layout-flex wp-container-core-columns-is-layout-1 wp-block-columns-is-layout-flex\">\n<div class=\"wp-block-column is-vertically-aligned-center is-layout-flow wp-block-column-is-layout-flow\">\n<p><\/p>\n\n\n\n<p><\/p>\n\n\n\n<p><\/p>\n\n\n\n<h2 class=\"wp-block-heading\">Le sport comme levier de tourisme et de patrimoine<\/h2>\n\n\n\n<div class=\"wp-block-buttons is-layout-flex wp-block-buttons-is-layout-flex\">\n<div class=\"wp-block-button\"><a class=\"wp-block-button__link has-ti-bg-inv-color has-ti-bg-alt-background-color has-text-color has-background has-link-color wp-element-button\" href=\"https:\/\/www.chaire-tvp.com\/go\/index.php\/le-sport-comme-levier-de-tourisme-et-de-patrimoine\/\">Voir plus<\/a><\/div>\n<\/div>\n<\/div>\n\n\n\n<div class=\"wp-block-column is-layout-flow wp-block-column-is-layout-flow\">\n<figure class=\"wp-block-image aligncenter size-full is-resized is-style-rounded\"><img fetchpriority=\"high\" decoding=\"async\" width=\"2480\" height=\"1400\" src=\"https:\/\/www.chaire-tvp.com\/go\/wp-content\/uploads\/2025\/02\/770330_affiche-expo-sous_le_velo_les_paves-2480.png\" alt=\"\" class=\"wp-image-2083\" style=\"width:560px\" srcset=\"https:\/\/www.chaire-tvp.com\/go\/wp-content\/uploads\/2025\/02\/770330_affiche-expo-sous_le_velo_les_paves-2480.png 2480w, https:\/\/www.chaire-tvp.com\/go\/wp-content\/uploads\/2025\/02\/770330_affiche-expo-sous_le_velo_les_paves-2480-300x169.png 300w, https:\/\/www.chaire-tvp.com\/go\/wp-content\/uploads\/2025\/02\/770330_affiche-expo-sous_le_velo_les_paves-2480-1024x578.png 1024w, https:\/\/www.chaire-tvp.com\/go\/wp-content\/uploads\/2025\/02\/770330_affiche-expo-sous_le_velo_les_paves-2480-768x434.png 768w, https:\/\/www.chaire-tvp.com\/go\/wp-content\/uploads\/2025\/02\/770330_affiche-expo-sous_le_velo_les_paves-2480-1536x867.png 1536w, https:\/\/www.chaire-tvp.com\/go\/wp-content\/uploads\/2025\/02\/770330_affiche-expo-sous_le_velo_les_paves-2480-2048x1156.png 2048w\" sizes=\"(max-width: 2480px) 100vw, 2480px\" \/><figcaption class=\"wp-element-caption\">Sous le v\u00e9lo, les pav\u00e9s, Images du Paris-Roubaix. Exposition du 4 au 15 avril 2023. Site Minier d&rsquo;Arenberg &#8211; La Porte du Hainaut, Hall des Compresseurs.<\/figcaption><\/figure>\n<\/div>\n<\/div>\n\n\n\n<div class=\"wp-block-columns alignwide are-vertically-aligned-bottom has-ti-bg-background-color has-background is-layout-flex wp-container-core-columns-is-layout-2 wp-block-columns-is-layout-flex\">\n<div class=\"wp-block-column is-vertically-aligned-bottom is-layout-flow wp-block-column-is-layout-flow\" style=\"flex-basis:66%\">\n<figure class=\"wp-block-image aligncenter size-large is-resized size-full is-style-rounded\"><img decoding=\"async\" width=\"1024\" height=\"519\" src=\"https:\/\/www.chaire-tvp.com\/go\/wp-content\/uploads\/2025\/02\/DSC06517-1024x519.jpg\" alt=\"\" class=\"wp-image-2082\" style=\"width:560px\" srcset=\"https:\/\/www.chaire-tvp.com\/go\/wp-content\/uploads\/2025\/02\/DSC06517-1024x519.jpg 1024w, https:\/\/www.chaire-tvp.com\/go\/wp-content\/uploads\/2025\/02\/DSC06517-300x152.jpg 300w, https:\/\/www.chaire-tvp.com\/go\/wp-content\/uploads\/2025\/02\/DSC06517-768x389.jpg 768w, https:\/\/www.chaire-tvp.com\/go\/wp-content\/uploads\/2025\/02\/DSC06517.jpg 1200w\" sizes=\"(max-width: 1024px) 100vw, 1024px\" \/><figcaption class=\"wp-element-caption\">Jules Mousseron : Po\u00e8te mineur de langue picarde, conf\u00e9rence men\u00e9e par Olivier Engelaere, Directeur de l&rsquo;Agence r\u00e9gionale de la langue picarde. Mercredi 4 d\u00e9cembre 2024. Site Minier d&rsquo;Arenberg, La Porte du Hainaut, Salle du LEAUD.<\/figcaption><\/figure>\n<\/div>\n\n\n\n<div class=\"wp-block-column is-vertically-aligned-bottom is-layout-flow wp-block-column-is-layout-flow\">\n<h2 class=\"wp-block-heading has-x-large-font-size\">\u00c0 la maison, avec les mineurs<\/h2>\n\n\n\n<div class=\"wp-block-buttons is-layout-flex wp-block-buttons-is-layout-flex\">\n<div class=\"wp-block-button is-style-fill\"><a class=\"wp-block-button__link has-ti-bg-inv-color has-ti-bg-alt-background-color has-text-color has-background has-link-color wp-element-button\" href=\"https:\/\/www.chaire-tvp.com\/go\/index.php\/a-la-maison-avec-les-mineurs\/\">Voir plus<\/a><\/div>\n<\/div>\n<\/div>\n<\/div>\n\n\n\n<div class=\"wp-block-group alignwide is-layout-constrained wp-block-group-is-layout-constrained\" style=\"margin-top:0px;margin-bottom:0px;padding-top:64px;padding-bottom:64px\">\n<div class=\"wp-block-columns alignwide is-layout-flex wp-container-core-columns-is-layout-3 wp-block-columns-is-layout-flex\">\n<div class=\"wp-block-column is-vertically-aligned-center is-layout-flow wp-block-column-is-layout-flow\">\n<p><\/p>\n\n\n\n<p><\/p>\n\n\n\n<h2 class=\"wp-block-heading\">Histoires d&rsquo;eaux et de charbon<\/h2>\n\n\n\n<div class=\"wp-block-buttons is-layout-flex wp-block-buttons-is-layout-flex\">\n<div class=\"wp-block-button\"><a class=\"wp-block-button__link has-ti-bg-inv-color has-ti-bg-alt-background-color has-text-color has-background has-link-color wp-element-button\" href=\"https:\/\/www.chaire-tvp.com\/go\/index.php\/histoires-deaux-et-de-charbon\/\">Voir plus<\/a><\/div>\n<\/div>\n<\/div>\n\n\n\n<div class=\"wp-block-column is-layout-flow wp-block-column-is-layout-flow\">\n<figure class=\"wp-block-image aligncenter size-full is-resized is-style-rounded\"><img decoding=\"async\" width=\"768\" height=\"387\" src=\"https:\/\/www.chaire-tvp.com\/go\/wp-content\/uploads\/2025\/02\/DSC_0012-2-768x512-2.jpg\" alt=\"\" class=\"wp-image-2086\" style=\"width:560px\" srcset=\"https:\/\/www.chaire-tvp.com\/go\/wp-content\/uploads\/2025\/02\/DSC_0012-2-768x512-2.jpg 768w, https:\/\/www.chaire-tvp.com\/go\/wp-content\/uploads\/2025\/02\/DSC_0012-2-768x512-2-300x151.jpg 300w\" sizes=\"(max-width: 768px) 100vw, 768px\" \/><figcaption class=\"wp-element-caption\">Journ\u00e9es Europ\u00e9ennes du Patrimoine aux Thermes de Saint-Amand-Les-Eaux. Samedi 21 et dimanche 22 septembre 2024.<\/figcaption><\/figure>\n<\/div>\n<\/div>\n\n\n\n<div class=\"wp-block-columns alignwide are-vertically-aligned-bottom is-layout-flex wp-container-core-columns-is-layout-4 wp-block-columns-is-layout-flex\">\n<div class=\"wp-block-column is-vertically-aligned-bottom is-layout-flow wp-block-column-is-layout-flow\" style=\"flex-basis:66%\">\n<figure class=\"wp-block-image aligncenter size-full is-resized is-style-rounded\"><img loading=\"lazy\" decoding=\"async\" width=\"768\" height=\"427\" src=\"https:\/\/www.chaire-tvp.com\/go\/wp-content\/uploads\/2025\/02\/Photos-Argentique-Lyc\u201ae-Watteau-Hilford-HP5-72-768x519-2.jpg\" alt=\"\" class=\"wp-image-2087\" style=\"width:560px\" srcset=\"https:\/\/www.chaire-tvp.com\/go\/wp-content\/uploads\/2025\/02\/Photos-Argentique-Lyc\u201ae-Watteau-Hilford-HP5-72-768x519-2.jpg 768w, https:\/\/www.chaire-tvp.com\/go\/wp-content\/uploads\/2025\/02\/Photos-Argentique-Lyc\u201ae-Watteau-Hilford-HP5-72-768x519-2-300x167.jpg 300w\" sizes=\"(max-width: 768px) 100vw, 768px\" \/><figcaption class=\"wp-element-caption\">Travail photographique avec les \u00e9l\u00e8ves du Lyc\u00e9e Antoine Watteau, Valenciennes. Le mercredi 15 mai 2024. <br>Saint-Amand-Les-Eaux.<\/figcaption><\/figure>\n<\/div>\n\n\n\n<div class=\"wp-block-column is-vertically-aligned-bottom is-layout-flow wp-block-column-is-layout-flow\">\n<h2 class=\"wp-block-heading has-x-large-font-size\">R\u00e9enchanter le patrimoine<\/h2>\n\n\n\n<div class=\"wp-block-buttons is-layout-flex wp-block-buttons-is-layout-flex\">\n<div class=\"wp-block-button has-custom-width wp-block-button__width-50 is-style-fill\"><a class=\"wp-block-button__link has-ti-bg-inv-color has-ti-bg-alt-background-color has-text-color has-background has-link-color wp-element-button\" href=\"https:\/\/www.chaire-tvp.com\/go\/index.php\/reenchanter-le-patrimoine\/\">Voir plus<\/a><\/div>\n<\/div>\n<\/div>\n<\/div>\n\n\n\n<div class=\"wp-block-group alignfull is-layout-constrained wp-block-group-is-layout-constrained\" style=\"margin-top:0px;margin-bottom:0px;padding-top:64px;padding-bottom:64px\">\n<div class=\"wp-block-columns alignwide is-layout-flex wp-container-core-columns-is-layout-5 wp-block-columns-is-layout-flex\">\n<div class=\"wp-block-column is-vertically-aligned-center is-layout-flow wp-block-column-is-layout-flow\">\n<p><\/p>\n\n\n\n<p><\/p>\n\n\n\n<p><\/p>\n\n\n\n<p><\/p>\n\n\n\n<h2 class=\"wp-block-heading\">Autres, 2024-2025<\/h2>\n\n\n\n<div class=\"wp-block-buttons is-layout-flex wp-block-buttons-is-layout-flex\">\n<div class=\"wp-block-button\"><a class=\"wp-block-button__link has-ti-bg-inv-color has-ti-bg-alt-background-color has-text-color has-background has-link-color wp-element-button\" href=\"https:\/\/www.chaire-tvp.com\/go\/index.php\/autres-2024-2025\/\">Voir plus<\/a><\/div>\n<\/div>\n<\/div>\n\n\n\n<div class=\"wp-block-column is-layout-flow wp-block-column-is-layout-flow\">\n<figure class=\"wp-block-image aligncenter size-full is-resized is-style-rounded\"><img loading=\"lazy\" decoding=\"async\" width=\"1620\" height=\"912\" src=\"https:\/\/www.chaire-tvp.com\/go\/wp-content\/uploads\/2025\/02\/IMG_6226.jpg\" alt=\"\" class=\"wp-image-2089\" style=\"width:560px\" srcset=\"https:\/\/www.chaire-tvp.com\/go\/wp-content\/uploads\/2025\/02\/IMG_6226.jpg 1620w, https:\/\/www.chaire-tvp.com\/go\/wp-content\/uploads\/2025\/02\/IMG_6226-300x169.jpg 300w, https:\/\/www.chaire-tvp.com\/go\/wp-content\/uploads\/2025\/02\/IMG_6226-1024x576.jpg 1024w, https:\/\/www.chaire-tvp.com\/go\/wp-content\/uploads\/2025\/02\/IMG_6226-768x432.jpg 768w, https:\/\/www.chaire-tvp.com\/go\/wp-content\/uploads\/2025\/02\/IMG_6226-1536x865.jpg 1536w\" sizes=\"(max-width: 1620px) 100vw, 1620px\" \/><figcaption class=\"wp-element-caption\">Pr\u00e9sentation de la Cantil\u00e8ne de Sainte-Eulalie \u00e0 destination de deux classes du Lyc\u00e9e Ernest Couteaux, \u00e0 la m\u00e9diath\u00e8que de Saint-Amand-Les-Eaux. <br>Le mardi 10 d\u00e9cembre 2024.<\/figcaption><\/figure>\n<\/div>\n<\/div>\n<\/div>\n<\/div>\n<\/div>\n\n\n\n<div class=\"wp-block-comments\">\n<hr class=\"wp-block-separator has-alpha-channel-opacity\"\/>\n\n\n\n\n\n\n\t<div id=\"respond\" class=\"comment-respond wp-block-post-comments-form\">\n\t\t<h3 id=\"reply-title\" class=\"comment-reply-title\">Laisser un commentaire <small><a rel=\"nofollow\" id=\"cancel-comment-reply-link\" href=\"\/go\/index.php\/wp-json\/wp\/v2\/pages\/580#respond\" style=\"display:none;\">Annuler la r\u00e9ponse<\/a><\/small><\/h3><form action=\"https:\/\/www.chaire-tvp.com\/go\/wp-comments-post.php\" method=\"post\" id=\"commentform\" class=\"comment-form\"><p class=\"comment-notes\"><span id=\"email-notes\">Votre adresse e-mail ne sera pas publi\u00e9e.<\/span> <span class=\"required-field-message\">Les champs obligatoires sont indiqu\u00e9s avec <span class=\"required\">*<\/span><\/span><\/p><p class=\"comment-form-comment\"><label for=\"comment\">Commentaire <span class=\"required\">*<\/span><\/label> <textarea id=\"comment\" name=\"comment\" cols=\"45\" rows=\"8\" maxlength=\"65525\" required><\/textarea><\/p><p class=\"comment-form-author\"><label for=\"author\">Nom <span class=\"required\">*<\/span><\/label> <input id=\"author\" name=\"author\" type=\"text\" value=\"\" size=\"30\" maxlength=\"245\" autocomplete=\"name\" required \/><\/p>\n<p class=\"comment-form-email\"><label for=\"email\">E-mail <span class=\"required\">*<\/span><\/label> <input id=\"email\" name=\"email\" type=\"email\" value=\"\" size=\"30\" maxlength=\"100\" aria-describedby=\"email-notes\" autocomplete=\"email\" required \/><\/p>\n<p class=\"comment-form-url\"><label for=\"url\">Site web<\/label> <input id=\"url\" name=\"url\" type=\"url\" value=\"\" size=\"30\" maxlength=\"200\" autocomplete=\"url\" \/><\/p>\n<p class=\"comment-form-cookies-consent\"><input id=\"wp-comment-cookies-consent\" name=\"wp-comment-cookies-consent\" type=\"checkbox\" value=\"yes\" \/> <label for=\"wp-comment-cookies-consent\">Enregistrer mon nom, mon e-mail et mon site dans le navigateur pour mon prochain commentaire.<\/label><\/p>\n<p class=\"form-submit wp-block-button\"><input name=\"submit\" type=\"submit\" id=\"submit\" class=\"wp-block-button__link wp-element-button\" value=\"Laisser un commentaire\" \/> <input type='hidden' name='comment_post_ID' value='580' id='comment_post_ID' \/>\n<input type='hidden' name='comment_parent' id='comment_parent' value='0' \/>\n<\/p><\/form>\t<\/div><!-- #respond -->\n\t\n\n<\/div>\n","protected":false},"excerpt":{"rendered":"<p>Le sport comme levier de tourisme et de patrimoine \u00c0 la maison, avec les mineurs Histoires d&rsquo;eaux et de charbon R\u00e9enchanter le patrimoine Autres, 2024-2025<\/p>\n","protected":false},"author":1,"featured_media":0,"parent":0,"menu_order":0,"comment_status":"open","ping_status":"closed","template":"","meta":{"_editorskit_title_hidden":false,"_editorskit_reading_time":0,"_editorskit_is_block_options_detached":false,"_editorskit_block_options_position":"{}","inline_featured_image":false,"ngg_post_thumbnail":0,"_EventAllDay":false,"_EventTimezone":"","_EventStartDate":"","_EventEndDate":"","_EventStartDateUTC":"","_EventEndDateUTC":"","_EventShowMap":false,"_EventShowMapLink":false,"_EventURL":"","_EventCost":"","_EventCostDescription":"","_EventCurrencySymbol":"","_EventCurrencyCode":"","_EventCurrencyPosition":"","_EventDateTimeSeparator":"","_EventTimeRangeSeparator":"","_EventOrganizerID":[],"_EventVenueID":[],"_OrganizerEmail":"","_OrganizerPhone":"","_OrganizerWebsite":"","_VenueAddress":"","_VenueCity":"","_VenueCountry":"","_VenueProvince":"","_VenueState":"","_VenueZip":"","_VenuePhone":"","_VenueURL":"","_VenueStateProvince":"","_VenueLat":"","_VenueLng":"","_VenueShowMap":false,"_VenueShowMapLink":false,"footnotes":""},"class_list":["post-580","page","type-page","status-publish","hentry"],"jetpack_sharing_enabled":true,"_links":{"self":[{"href":"https:\/\/www.chaire-tvp.com\/go\/index.php\/wp-json\/wp\/v2\/pages\/580","targetHints":{"allow":["GET"]}}],"collection":[{"href":"https:\/\/www.chaire-tvp.com\/go\/index.php\/wp-json\/wp\/v2\/pages"}],"about":[{"href":"https:\/\/www.chaire-tvp.com\/go\/index.php\/wp-json\/wp\/v2\/types\/page"}],"author":[{"embeddable":true,"href":"https:\/\/www.chaire-tvp.com\/go\/index.php\/wp-json\/wp\/v2\/users\/1"}],"replies":[{"embeddable":true,"href":"https:\/\/www.chaire-tvp.com\/go\/index.php\/wp-json\/wp\/v2\/comments?post=580"}],"version-history":[{"count":10,"href":"https:\/\/www.chaire-tvp.com\/go\/index.php\/wp-json\/wp\/v2\/pages\/580\/revisions"}],"predecessor-version":[{"id":2323,"href":"https:\/\/www.chaire-tvp.com\/go\/index.php\/wp-json\/wp\/v2\/pages\/580\/revisions\/2323"}],"wp:attachment":[{"href":"https:\/\/www.chaire-tvp.com\/go\/index.php\/wp-json\/wp\/v2\/media?parent=580"}],"curies":[{"name":"wp","href":"https:\/\/api.w.org\/{rel}","templated":true}]}}