{"id":558,"date":"2024-05-20T12:49:15","date_gmt":"2024-05-20T12:49:15","guid":{"rendered":"https:\/\/www.chaire-tvp.com\/go\/?page_id=558"},"modified":"2025-01-06T16:09:56","modified_gmt":"2025-01-06T16:09:56","slug":"travail-autour-de-francois-catonne","status":"publish","type":"page","link":"https:\/\/www.chaire-tvp.com\/go\/index.php\/travail-autour-de-francois-catonne\/","title":{"rendered":"Travail autour des photographies de Fran\u00e7ois Catonn\u00e9"},"content":{"rendered":"\n<ol class=\"wp-block-list\">\n<li>Visite de l&rsquo;exposition ! <br><em>Premi\u00e8re Option Arts Plastiques (matin) \/ Terminale Sp\u00e9cialit\u00e9 Arts Plastiques (apr\u00e8s-midi)<\/em><\/li>\n<\/ol>\n\n\n\n<blockquote class=\"wp-block-quote is-layout-flow wp-block-quote-is-layout-flow\">\n<p><strong>Premi\u00e8re introduction<\/strong> du projet aux \u00e9l\u00e8ves : distribution d&rsquo;une fiche p\u00e9dagogique et introduction de Fran\u00e7ois Catonn\u00e9 ! <\/p>\n<\/blockquote>\n\n\n\n<figure class=\"wp-block-image size-large is-resized\"><img fetchpriority=\"high\" decoding=\"async\" width=\"724\" height=\"1024\" src=\"https:\/\/www.chaire-tvp.com\/go\/wp-content\/uploads\/2024\/05\/Exposition-autour-de-lartiste-Francois-Catonne-724x1024.png\" alt=\"\" class=\"wp-image-559\" style=\"width:349px;height:auto\" srcset=\"https:\/\/www.chaire-tvp.com\/go\/wp-content\/uploads\/2024\/05\/Exposition-autour-de-lartiste-Francois-Catonne-724x1024.png 724w, https:\/\/www.chaire-tvp.com\/go\/wp-content\/uploads\/2024\/05\/Exposition-autour-de-lartiste-Francois-Catonne-212x300.png 212w, https:\/\/www.chaire-tvp.com\/go\/wp-content\/uploads\/2024\/05\/Exposition-autour-de-lartiste-Francois-Catonne-768x1086.png 768w, https:\/\/www.chaire-tvp.com\/go\/wp-content\/uploads\/2024\/05\/Exposition-autour-de-lartiste-Francois-Catonne-1086x1536.png 1086w, https:\/\/www.chaire-tvp.com\/go\/wp-content\/uploads\/2024\/05\/Exposition-autour-de-lartiste-Francois-Catonne.png 1414w\" sizes=\"(max-width: 724px) 100vw, 724px\" \/><\/figure>\n\n\n\n<blockquote class=\"wp-block-quote is-layout-flow wp-block-quote-is-layout-flow\">\n<p>Vers l\u2019exposition au Centre d\u2019Arts&nbsp;:&nbsp;<\/p>\n<\/blockquote>\n\n\n\n<ul class=\"wp-block-list\">\n<li>Visite de l\u2019exposition avec une M\u00e9diatrice du Centre Culturel<\/li>\n\n\n\n<li>R\u00e9ponse \u00e0 la fiche p\u00e9dagogique \u00e0 partir du choix <strong>d&rsquo;une photographie <\/strong>en lien avec l&rsquo;intitul\u00e9 <em>Voyages<\/em>.<\/li>\n<\/ul>\n\n\n\n<p>Les photographies ont \u00e9t\u00e9 r\u00e9alis\u00e9es par <strong>Lauriane<\/strong>, stagiaire pour <strong>J\u00e9r\u00e9my Tainmont<\/strong> (<a href=\"https:\/\/jeremytainmont.com\/\">https:\/\/jeremytainmont.com\/<\/a>), intervenants pour ces journ\u00e9es. Nous \u00e9tions bien \u00e9videmment \u00e9galement accompagn\u00e9s de Blandine Legrand, enseignante des deux classes ! \ud83d\uddbc\ufe0f<\/p>\n\n\n\n<div class=\"wp-block-group is-layout-grid wp-container-core-group-is-layout-1 wp-block-group-is-layout-grid\">\n<figure class=\"wp-block-image size-large\"><img decoding=\"async\" width=\"819\" height=\"1024\" src=\"https:\/\/www.chaire-tvp.com\/go\/wp-content\/uploads\/2024\/05\/intervention-Watteau-1-1-819x1024.jpg\" alt=\"\" class=\"wp-image-564\" srcset=\"https:\/\/www.chaire-tvp.com\/go\/wp-content\/uploads\/2024\/05\/intervention-Watteau-1-1-819x1024.jpg 819w, https:\/\/www.chaire-tvp.com\/go\/wp-content\/uploads\/2024\/05\/intervention-Watteau-1-1-240x300.jpg 240w, https:\/\/www.chaire-tvp.com\/go\/wp-content\/uploads\/2024\/05\/intervention-Watteau-1-1-768x960.jpg 768w, https:\/\/www.chaire-tvp.com\/go\/wp-content\/uploads\/2024\/05\/intervention-Watteau-1-1.jpg 1080w\" sizes=\"(max-width: 819px) 100vw, 819px\" \/><\/figure>\n\n\n\n<figure class=\"wp-block-image size-large\"><img decoding=\"async\" width=\"819\" height=\"1024\" src=\"https:\/\/www.chaire-tvp.com\/go\/wp-content\/uploads\/2024\/05\/intervention-Watteau-2-819x1024.jpg\" alt=\"\" class=\"wp-image-565\" srcset=\"https:\/\/www.chaire-tvp.com\/go\/wp-content\/uploads\/2024\/05\/intervention-Watteau-2-819x1024.jpg 819w, https:\/\/www.chaire-tvp.com\/go\/wp-content\/uploads\/2024\/05\/intervention-Watteau-2-240x300.jpg 240w, https:\/\/www.chaire-tvp.com\/go\/wp-content\/uploads\/2024\/05\/intervention-Watteau-2-768x960.jpg 768w, https:\/\/www.chaire-tvp.com\/go\/wp-content\/uploads\/2024\/05\/intervention-Watteau-2.jpg 1080w\" sizes=\"(max-width: 819px) 100vw, 819px\" \/><\/figure>\n\n\n\n<figure class=\"wp-block-image size-large\"><img loading=\"lazy\" decoding=\"async\" width=\"819\" height=\"1024\" src=\"https:\/\/www.chaire-tvp.com\/go\/wp-content\/uploads\/2024\/05\/intervention-Watteau-3-819x1024.jpg\" alt=\"\" class=\"wp-image-566\" srcset=\"https:\/\/www.chaire-tvp.com\/go\/wp-content\/uploads\/2024\/05\/intervention-Watteau-3-819x1024.jpg 819w, https:\/\/www.chaire-tvp.com\/go\/wp-content\/uploads\/2024\/05\/intervention-Watteau-3-240x300.jpg 240w, https:\/\/www.chaire-tvp.com\/go\/wp-content\/uploads\/2024\/05\/intervention-Watteau-3-768x960.jpg 768w, https:\/\/www.chaire-tvp.com\/go\/wp-content\/uploads\/2024\/05\/intervention-Watteau-3.jpg 1080w\" sizes=\"(max-width: 819px) 100vw, 819px\" \/><\/figure>\n<\/div>\n\n\n\n<div class=\"wp-block-group is-layout-grid wp-container-core-group-is-layout-2 wp-block-group-is-layout-grid\">\n<figure class=\"wp-block-image size-large\"><img loading=\"lazy\" decoding=\"async\" width=\"819\" height=\"1024\" src=\"https:\/\/www.chaire-tvp.com\/go\/wp-content\/uploads\/2024\/05\/intervention-Watteau-4-1-819x1024.jpg\" alt=\"\" class=\"wp-image-568\" srcset=\"https:\/\/www.chaire-tvp.com\/go\/wp-content\/uploads\/2024\/05\/intervention-Watteau-4-1-819x1024.jpg 819w, https:\/\/www.chaire-tvp.com\/go\/wp-content\/uploads\/2024\/05\/intervention-Watteau-4-1-240x300.jpg 240w, https:\/\/www.chaire-tvp.com\/go\/wp-content\/uploads\/2024\/05\/intervention-Watteau-4-1-768x960.jpg 768w, https:\/\/www.chaire-tvp.com\/go\/wp-content\/uploads\/2024\/05\/intervention-Watteau-4-1.jpg 1080w\" sizes=\"(max-width: 819px) 100vw, 819px\" \/><\/figure>\n\n\n\n<figure class=\"wp-block-image size-large\"><img loading=\"lazy\" decoding=\"async\" width=\"819\" height=\"1024\" src=\"https:\/\/www.chaire-tvp.com\/go\/wp-content\/uploads\/2024\/05\/intervention-Watteau-6-819x1024.jpg\" alt=\"\" class=\"wp-image-569\" srcset=\"https:\/\/www.chaire-tvp.com\/go\/wp-content\/uploads\/2024\/05\/intervention-Watteau-6-819x1024.jpg 819w, https:\/\/www.chaire-tvp.com\/go\/wp-content\/uploads\/2024\/05\/intervention-Watteau-6-240x300.jpg 240w, https:\/\/www.chaire-tvp.com\/go\/wp-content\/uploads\/2024\/05\/intervention-Watteau-6-768x960.jpg 768w, https:\/\/www.chaire-tvp.com\/go\/wp-content\/uploads\/2024\/05\/intervention-Watteau-6.jpg 1080w\" sizes=\"(max-width: 819px) 100vw, 819px\" \/><\/figure>\n\n\n\n<figure class=\"wp-block-image size-large\"><img loading=\"lazy\" decoding=\"async\" width=\"819\" height=\"1024\" src=\"https:\/\/www.chaire-tvp.com\/go\/wp-content\/uploads\/2024\/05\/intervention-Watteau-7-819x1024.jpg\" alt=\"\" class=\"wp-image-570\" srcset=\"https:\/\/www.chaire-tvp.com\/go\/wp-content\/uploads\/2024\/05\/intervention-Watteau-7-819x1024.jpg 819w, https:\/\/www.chaire-tvp.com\/go\/wp-content\/uploads\/2024\/05\/intervention-Watteau-7-240x300.jpg 240w, https:\/\/www.chaire-tvp.com\/go\/wp-content\/uploads\/2024\/05\/intervention-Watteau-7-768x960.jpg 768w, https:\/\/www.chaire-tvp.com\/go\/wp-content\/uploads\/2024\/05\/intervention-Watteau-7.jpg 1080w\" sizes=\"(max-width: 819px) 100vw, 819px\" \/><\/figure>\n<\/div>\n\n\n\n<div class=\"wp-block-group is-layout-grid wp-container-core-group-is-layout-3 wp-block-group-is-layout-grid\">\n<figure class=\"wp-block-image size-large\"><img loading=\"lazy\" decoding=\"async\" width=\"819\" height=\"1024\" src=\"https:\/\/www.chaire-tvp.com\/go\/wp-content\/uploads\/2024\/05\/intervention-Watteau-8-819x1024.jpg\" alt=\"\" class=\"wp-image-571\" srcset=\"https:\/\/www.chaire-tvp.com\/go\/wp-content\/uploads\/2024\/05\/intervention-Watteau-8-819x1024.jpg 819w, https:\/\/www.chaire-tvp.com\/go\/wp-content\/uploads\/2024\/05\/intervention-Watteau-8-240x300.jpg 240w, https:\/\/www.chaire-tvp.com\/go\/wp-content\/uploads\/2024\/05\/intervention-Watteau-8-768x960.jpg 768w, https:\/\/www.chaire-tvp.com\/go\/wp-content\/uploads\/2024\/05\/intervention-Watteau-8.jpg 1080w\" sizes=\"(max-width: 819px) 100vw, 819px\" \/><\/figure>\n\n\n\n<figure class=\"wp-block-image size-large\"><img loading=\"lazy\" decoding=\"async\" width=\"819\" height=\"1024\" src=\"https:\/\/www.chaire-tvp.com\/go\/wp-content\/uploads\/2024\/05\/intervention-Watteau-9-819x1024.jpg\" alt=\"\" class=\"wp-image-572\" srcset=\"https:\/\/www.chaire-tvp.com\/go\/wp-content\/uploads\/2024\/05\/intervention-Watteau-9-819x1024.jpg 819w, https:\/\/www.chaire-tvp.com\/go\/wp-content\/uploads\/2024\/05\/intervention-Watteau-9-240x300.jpg 240w, https:\/\/www.chaire-tvp.com\/go\/wp-content\/uploads\/2024\/05\/intervention-Watteau-9-768x960.jpg 768w, https:\/\/www.chaire-tvp.com\/go\/wp-content\/uploads\/2024\/05\/intervention-Watteau-9.jpg 1080w\" sizes=\"(max-width: 819px) 100vw, 819px\" \/><\/figure>\n\n\n\n<figure class=\"wp-block-image size-large\"><img loading=\"lazy\" decoding=\"async\" width=\"819\" height=\"1024\" src=\"https:\/\/www.chaire-tvp.com\/go\/wp-content\/uploads\/2024\/05\/intervention-Watteau-10-819x1024.jpg\" alt=\"\" class=\"wp-image-573\" srcset=\"https:\/\/www.chaire-tvp.com\/go\/wp-content\/uploads\/2024\/05\/intervention-Watteau-10-819x1024.jpg 819w, https:\/\/www.chaire-tvp.com\/go\/wp-content\/uploads\/2024\/05\/intervention-Watteau-10-240x300.jpg 240w, https:\/\/www.chaire-tvp.com\/go\/wp-content\/uploads\/2024\/05\/intervention-Watteau-10-768x960.jpg 768w, https:\/\/www.chaire-tvp.com\/go\/wp-content\/uploads\/2024\/05\/intervention-Watteau-10.jpg 1080w\" sizes=\"(max-width: 819px) 100vw, 819px\" \/><\/figure>\n<\/div>\n\n\n\n<figure class=\"wp-block-image size-large\"><img loading=\"lazy\" decoding=\"async\" width=\"819\" height=\"1024\" src=\"https:\/\/www.chaire-tvp.com\/go\/wp-content\/uploads\/2024\/05\/intervention-Watteau-11-819x1024.jpg\" alt=\"\" class=\"wp-image-574\" srcset=\"https:\/\/www.chaire-tvp.com\/go\/wp-content\/uploads\/2024\/05\/intervention-Watteau-11-819x1024.jpg 819w, https:\/\/www.chaire-tvp.com\/go\/wp-content\/uploads\/2024\/05\/intervention-Watteau-11-240x300.jpg 240w, https:\/\/www.chaire-tvp.com\/go\/wp-content\/uploads\/2024\/05\/intervention-Watteau-11-768x960.jpg 768w, https:\/\/www.chaire-tvp.com\/go\/wp-content\/uploads\/2024\/05\/intervention-Watteau-11.jpg 1080w\" sizes=\"(max-width: 819px) 100vw, 819px\" \/><\/figure>\n\n\n\n<p>Les \u00e9l\u00e8ves sont pass\u00e9s tour \u00e0 tour pour pr\u00e9senter leur choix, ainsi que leur analyse !<\/p>\n","protected":false},"excerpt":{"rendered":"<p>Premi\u00e8re introduction du projet aux \u00e9l\u00e8ves : distribution d&rsquo;une fiche p\u00e9dagogique et introduction de Fran\u00e7ois Catonn\u00e9 ! Vers l\u2019exposition au Centre d\u2019Arts&nbsp;:&nbsp; Les photographies ont \u00e9t\u00e9 r\u00e9alis\u00e9es par Lauriane, stagiaire [&hellip;]<\/p>\n","protected":false},"author":1,"featured_media":0,"parent":0,"menu_order":0,"comment_status":"closed","ping_status":"closed","template":"","meta":{"_editorskit_title_hidden":false,"_editorskit_reading_time":0,"_editorskit_is_block_options_detached":false,"_editorskit_block_options_position":"{}","inline_featured_image":false,"ngg_post_thumbnail":0,"_EventAllDay":false,"_EventTimezone":"","_EventStartDate":"","_EventEndDate":"","_EventStartDateUTC":"","_EventEndDateUTC":"","_EventShowMap":false,"_EventShowMapLink":false,"_EventURL":"","_EventCost":"","_EventCostDescription":"","_EventCurrencySymbol":"","_EventCurrencyCode":"","_EventCurrencyPosition":"","_EventDateTimeSeparator":"","_EventTimeRangeSeparator":"","_EventOrganizerID":[],"_EventVenueID":[],"_OrganizerEmail":"","_OrganizerPhone":"","_OrganizerWebsite":"","_VenueAddress":"","_VenueCity":"","_VenueCountry":"","_VenueProvince":"","_VenueState":"","_VenueZip":"","_VenuePhone":"","_VenueURL":"","_VenueStateProvince":"","_VenueLat":"","_VenueLng":"","_VenueShowMap":false,"_VenueShowMapLink":false,"footnotes":""},"class_list":["post-558","page","type-page","status-publish","hentry"],"jetpack_sharing_enabled":true,"_links":{"self":[{"href":"https:\/\/www.chaire-tvp.com\/go\/index.php\/wp-json\/wp\/v2\/pages\/558","targetHints":{"allow":["GET"]}}],"collection":[{"href":"https:\/\/www.chaire-tvp.com\/go\/index.php\/wp-json\/wp\/v2\/pages"}],"about":[{"href":"https:\/\/www.chaire-tvp.com\/go\/index.php\/wp-json\/wp\/v2\/types\/page"}],"author":[{"embeddable":true,"href":"https:\/\/www.chaire-tvp.com\/go\/index.php\/wp-json\/wp\/v2\/users\/1"}],"replies":[{"embeddable":true,"href":"https:\/\/www.chaire-tvp.com\/go\/index.php\/wp-json\/wp\/v2\/comments?post=558"}],"version-history":[{"count":5,"href":"https:\/\/www.chaire-tvp.com\/go\/index.php\/wp-json\/wp\/v2\/pages\/558\/revisions"}],"predecessor-version":[{"id":1631,"href":"https:\/\/www.chaire-tvp.com\/go\/index.php\/wp-json\/wp\/v2\/pages\/558\/revisions\/1631"}],"wp:attachment":[{"href":"https:\/\/www.chaire-tvp.com\/go\/index.php\/wp-json\/wp\/v2\/media?parent=558"}],"curies":[{"name":"wp","href":"https:\/\/api.w.org\/{rel}","templated":true}]}}