{"id":489,"date":"2024-05-13T01:40:26","date_gmt":"2024-05-13T01:40:26","guid":{"rendered":"https:\/\/www.chaire-tvp.com\/go\/?page_id=489"},"modified":"2025-02-07T10:37:49","modified_gmt":"2025-02-07T10:37:49","slug":"489-2","status":"publish","type":"page","link":"https:\/\/www.chaire-tvp.com\/go\/index.php\/489-2\/","title":{"rendered":"L&rsquo;\u00e9quipe de la Chaire"},"content":{"rendered":"\n<div class=\"wp-block-cover alignwide\" style=\"min-height:163px;aspect-ratio:unset;aspect-ratio:unset;\"><span aria-hidden=\"true\" class=\"wp-block-cover__background has-background-dim-40 has-background-dim\"><\/span><img fetchpriority=\"high\" decoding=\"async\" width=\"768\" height=\"1024\" class=\"wp-block-cover__image-background wp-image-496\" alt=\"\" src=\"https:\/\/www.chaire-tvp.com\/go\/wp-content\/uploads\/2024\/05\/IMG_0420-4-768x1024.jpeg\" style=\"object-position:53% 50%\" data-object-fit=\"cover\" data-object-position=\"53% 50%\" srcset=\"https:\/\/www.chaire-tvp.com\/go\/wp-content\/uploads\/2024\/05\/IMG_0420-4-768x1024.jpeg 768w, https:\/\/www.chaire-tvp.com\/go\/wp-content\/uploads\/2024\/05\/IMG_0420-4-225x300.jpeg 225w, https:\/\/www.chaire-tvp.com\/go\/wp-content\/uploads\/2024\/05\/IMG_0420-4-1152x1536.jpeg 1152w, https:\/\/www.chaire-tvp.com\/go\/wp-content\/uploads\/2024\/05\/IMG_0420-4-1536x2048.jpeg 1536w, https:\/\/www.chaire-tvp.com\/go\/wp-content\/uploads\/2024\/05\/IMG_0420-4-scaled.jpeg 1920w\" sizes=\"(max-width: 768px) 100vw, 768px\" \/><div class=\"wp-block-cover__inner-container is-layout-flow wp-block-cover-is-layout-flow\">\n<p class=\"has-text-align-center has-ti-bg-color has-text-color has-link-color has-huge-font-size wp-elements-b543b5d6a8c902ceed4ae22b6ee26c70\"><strong>L&rsquo;\u00e9quipe de la Chaire <\/strong><\/p>\n<\/div><\/div>\n\n\n\n<div class=\"wp-block-group alignwide has-background is-layout-constrained wp-block-group-is-layout-constrained\" style=\"background-color:#d2d7cd\">\n<div class=\"wp-block-columns are-vertically-aligned-top is-layout-flex wp-container-core-columns-is-layout-1 wp-block-columns-is-layout-flex\">\n<div class=\"wp-block-column is-vertically-aligned-top is-layout-flow wp-container-core-column-is-layout-1 wp-block-column-is-layout-flow\">\n<div class=\"wp-block-group has-ti-bg-background-color has-background is-layout-constrained wp-container-core-group-is-layout-1 wp-block-group-is-layout-constrained\" style=\"padding-top:24px;padding-right:24px;padding-bottom:24px;padding-left:24px\">\n<figure class=\"wp-block-image aligncenter size-full is-resized is-style-rounded\"><img decoding=\"async\" width=\"1707\" height=\"2560\" src=\"https:\/\/www.chaire-tvp.com\/go\/wp-content\/uploads\/2024\/04\/arnaud-huftier-scaled.jpg\" alt=\"\" class=\"wp-image-227\" style=\"width:185px;height:auto\" srcset=\"https:\/\/www.chaire-tvp.com\/go\/wp-content\/uploads\/2024\/04\/arnaud-huftier-scaled.jpg 1707w, https:\/\/www.chaire-tvp.com\/go\/wp-content\/uploads\/2024\/04\/arnaud-huftier-200x300.jpg 200w, https:\/\/www.chaire-tvp.com\/go\/wp-content\/uploads\/2024\/04\/arnaud-huftier-683x1024.jpg 683w, https:\/\/www.chaire-tvp.com\/go\/wp-content\/uploads\/2024\/04\/arnaud-huftier-768x1152.jpg 768w, https:\/\/www.chaire-tvp.com\/go\/wp-content\/uploads\/2024\/04\/arnaud-huftier-1024x1536.jpg 1024w, https:\/\/www.chaire-tvp.com\/go\/wp-content\/uploads\/2024\/04\/arnaud-huftier-1365x2048.jpg 1365w\" sizes=\"(max-width: 1707px) 100vw, 1707px\" \/><\/figure>\n\n\n\n<h2 class=\"wp-block-heading has-text-align-center has-medium-font-size\">Arnaud Huftier<\/h2>\n\n\n\n<p class=\"has-text-align-center has-small-font-size\" style=\"text-transform:uppercase\"><strong>Directeur de la chaire<\/strong><\/p>\n\n\n\n<p class=\"has-text-align-center has-small-font-size\">Professeur des Universit\u00e9 en Litt\u00e9rature Fran\u00e7aise, Vice-Pr\u00e9sident d\u00e9l\u00e9gu\u00e9 \u00e0 la culture, aux initiatives et \u00e0 la citoyennet\u00e9 de l\u2019Universit\u00e9 Polytechnique Hauts-de-France<\/p>\n<\/div>\n<\/div>\n<\/div>\n<\/div>\n\n\n\n<div class=\"wp-block-group alignwide has-background is-nowrap is-layout-flex wp-container-core-group-is-layout-8 wp-block-group-is-layout-flex\" style=\"background-color:#d2d7cd\">\n<div class=\"wp-block-columns are-vertically-aligned-top is-layout-flex wp-container-core-columns-is-layout-2 wp-block-columns-is-layout-flex\">\n<div class=\"wp-block-column is-vertically-aligned-top is-layout-flow wp-container-core-column-is-layout-2 wp-block-column-is-layout-flow\">\n<div class=\"wp-block-group has-ti-bg-background-color has-background is-layout-constrained wp-container-core-group-is-layout-3 wp-block-group-is-layout-constrained\" style=\"padding-top:24px;padding-right:24px;padding-bottom:24px;padding-left:24px\">\n<figure class=\"wp-block-image aligncenter size-full is-resized is-style-rounded\"><img decoding=\"async\" width=\"1200\" height=\"1800\" src=\"https:\/\/www.chaire-tvp.com\/go\/wp-content\/uploads\/2024\/04\/Nathalie_Watteyne-1.jpg\" alt=\"\" class=\"wp-image-233\" style=\"width:194px;height:auto\" srcset=\"https:\/\/www.chaire-tvp.com\/go\/wp-content\/uploads\/2024\/04\/Nathalie_Watteyne-1.jpg 1200w, https:\/\/www.chaire-tvp.com\/go\/wp-content\/uploads\/2024\/04\/Nathalie_Watteyne-1-200x300.jpg 200w, https:\/\/www.chaire-tvp.com\/go\/wp-content\/uploads\/2024\/04\/Nathalie_Watteyne-1-683x1024.jpg 683w, https:\/\/www.chaire-tvp.com\/go\/wp-content\/uploads\/2024\/04\/Nathalie_Watteyne-1-768x1152.jpg 768w, https:\/\/www.chaire-tvp.com\/go\/wp-content\/uploads\/2024\/04\/Nathalie_Watteyne-1-1024x1536.jpg 1024w\" sizes=\"(max-width: 1200px) 100vw, 1200px\" \/><\/figure>\n\n\n\n<h3 class=\"wp-block-heading has-text-align-center has-medium-font-size\">Nathalie Watteyne<\/h3>\n\n\n\n<p class=\"has-text-align-center has-small-font-size\" style=\"text-transform:uppercase\"><strong>Directrice axe Ecriture &amp; Visions du Patrimoine<\/strong><\/p>\n\n\n\n<p class=\"has-text-align-center has-small-font-size\">\u00c9crivaine et sp\u00e9cialiste des archives litt\u00e9raires, Nathalie Watteyne dirige le Centre Anne-H\u00e9bert de l&rsquo;Universit\u00e9 de Sherbrooke o\u00f9 est elle \u00e9galement professeure titulaire de litt\u00e9rature et de recherche-cr\u00e9ation.<\/p>\n<\/div>\n<\/div>\n\n\n\n<div class=\"wp-block-column is-vertically-aligned-top is-layout-flow wp-block-column-is-layout-flow\">\n<div class=\"wp-block-group is-content-justification-left is-layout-constrained wp-container-core-group-is-layout-5 wp-block-group-is-layout-constrained\" style=\"border-radius:5px\">\n<div class=\"wp-block-group has-ti-bg-background-color has-background is-layout-constrained wp-container-core-group-is-layout-4 wp-block-group-is-layout-constrained\" style=\"padding-top:24px;padding-right:24px;padding-bottom:24px;padding-left:24px\">\n<figure class=\"wp-block-image aligncenter size-full is-resized is-style-rounded\"><img loading=\"lazy\" decoding=\"async\" width=\"524\" height=\"524\" src=\"https:\/\/www.chaire-tvp.com\/go\/wp-content\/uploads\/2024\/04\/265_41_524_524_Laurent-Botti-1024x806-1.jpg\" alt=\"\" class=\"wp-image-230\" style=\"width:246px;height:auto\" srcset=\"https:\/\/www.chaire-tvp.com\/go\/wp-content\/uploads\/2024\/04\/265_41_524_524_Laurent-Botti-1024x806-1.jpg 524w, https:\/\/www.chaire-tvp.com\/go\/wp-content\/uploads\/2024\/04\/265_41_524_524_Laurent-Botti-1024x806-1-300x300.jpg 300w, https:\/\/www.chaire-tvp.com\/go\/wp-content\/uploads\/2024\/04\/265_41_524_524_Laurent-Botti-1024x806-1-150x150.jpg 150w\" sizes=\"(max-width: 524px) 100vw, 524px\" \/><\/figure>\n\n\n\n<h3 class=\"wp-block-heading has-text-align-center has-medium-font-size\">Laurent Botti<\/h3>\n\n\n\n<p class=\"has-text-align-center has-small-font-size\" style=\"text-transform:uppercase\"><strong>Directeur en diagnostic de destination<\/strong><\/p>\n\n\n\n<p class=\"has-text-align-center has-small-font-size\">Laurent Botti est MCF-HDR \u00e0 l\u2019IAE de Perpignan. Il d\u00e9die ses recherches aux strat\u00e9gies des entreprises et territoires touristiques au sein du laboratoire CRESEM (EA 7397) de l\u2019Universit\u00e9 de Perpignan Via Domitia. Il est responsable p\u00e9dagogique du Master Tourisme de l\u2019IAE de Perpignan (formation labellis\u00e9e par la CFET). Adh\u00e9rent \u00e0 l\u2019Association Fran\u00e7aise de Management du Tourisme (AFMAT) depuis sa cr\u00e9ation, il en est l\u2019actuel pr\u00e9sident.<\/p>\n<\/div>\n<\/div>\n<\/div>\n\n\n\n<div class=\"wp-block-column is-vertically-aligned-top is-layout-flow wp-block-column-is-layout-flow\">\n<div class=\"wp-block-group is-content-justification-left is-layout-constrained wp-container-core-group-is-layout-7 wp-block-group-is-layout-constrained\" style=\"border-radius:5px\">\n<div class=\"wp-block-group has-ti-bg-background-color has-background is-layout-constrained wp-container-core-group-is-layout-6 wp-block-group-is-layout-constrained\" style=\"padding-top:24px;padding-right:24px;padding-bottom:24px;padding-left:24px\">\n<figure class=\"wp-block-image aligncenter size-full is-resized is-style-rounded\"><img loading=\"lazy\" decoding=\"async\" width=\"595\" height=\"595\" src=\"https:\/\/www.chaire-tvp.com\/go\/wp-content\/uploads\/2024\/04\/KhouloudBoukadi.jpg\" alt=\"\" class=\"wp-image-234\" style=\"width:242px;height:auto\" srcset=\"https:\/\/www.chaire-tvp.com\/go\/wp-content\/uploads\/2024\/04\/KhouloudBoukadi.jpg 595w, https:\/\/www.chaire-tvp.com\/go\/wp-content\/uploads\/2024\/04\/KhouloudBoukadi-300x300.jpg 300w, https:\/\/www.chaire-tvp.com\/go\/wp-content\/uploads\/2024\/04\/KhouloudBoukadi-150x150.jpg 150w\" sizes=\"(max-width: 595px) 100vw, 595px\" \/><\/figure>\n\n\n\n<h3 class=\"wp-block-heading has-text-align-center has-medium-font-size\">Khouloud Boukadi<\/h3>\n\n\n\n<p class=\"has-text-align-center has-small-font-size\" style=\"text-transform:uppercase\"><strong>Directrice axe Tourisme, Patrimoine &amp; Num\u00e9rique<\/strong><\/p>\n\n\n\n<p class=\"has-text-align-center has-small-font-size\">Khouloud&nbsp;Boukadi est professeure en informatique au Laboratoire de Multim\u00e9dia, Syst\u00e8mes d&rsquo;Information et Calcul Avanc\u00e9 (Miracl) de la Facult\u00e9 d&rsquo;\u00c9conomie et de Gestion de Sfax, en Tunisie. Elle a largement publi\u00e9 dans diff\u00e9rents journaux et conf\u00e9rences \u00e9valu\u00e9s par des pairs, et elle participe r\u00e9guli\u00e8rement aux comit\u00e9s de programme et d&rsquo;organisation de plusieurs conf\u00e9rences et ateliers internationaux. Ses domaines de recherche comprennent l&rsquo;intelligence artificielle, le metaverse, l&rsquo;Internet des objets (IoT) et la blockchain. Elle a obtenu un doctorat en informatique de l&rsquo;\u00c9cole des Mines de Saint-\u00c9tienne, en France. Vous pouvez la contacter \u00e0 l&rsquo;adresse&nbsp;<a href=\"mailto:khouloud.boukadi@fsegs.usf.tn\" target=\"_blank\" rel=\"noreferrer noopener\">khouloud.boukadi@fsegs.usf.tn<\/a><\/p>\n<\/div>\n<\/div>\n<\/div>\n<\/div>\n<\/div>\n\n\n\n<div class=\"wp-block-group alignwide has-background is-layout-flow wp-block-group-is-layout-flow\" style=\"background-color:#d2d7cd\">\n<div class=\"wp-block-columns are-vertically-aligned-top is-layout-flex wp-container-core-columns-is-layout-3 wp-block-columns-is-layout-flex\">\n<div class=\"wp-block-column is-vertically-aligned-top is-layout-flow wp-container-core-column-is-layout-5 wp-block-column-is-layout-flow\">\n<div class=\"wp-block-group has-ti-bg-background-color has-background is-layout-constrained wp-container-core-group-is-layout-9 wp-block-group-is-layout-constrained\" style=\"padding-top:24px;padding-right:24px;padding-bottom:24px;padding-left:24px\">\n<figure class=\"wp-block-image aligncenter size-full is-resized is-style-rounded\"><img loading=\"lazy\" decoding=\"async\" width=\"800\" height=\"800\" src=\"https:\/\/www.chaire-tvp.com\/go\/wp-content\/uploads\/2024\/04\/1660637110999.jpeg\" alt=\"\" class=\"wp-image-236\" style=\"width:232px;height:auto\" srcset=\"https:\/\/www.chaire-tvp.com\/go\/wp-content\/uploads\/2024\/04\/1660637110999.jpeg 800w, https:\/\/www.chaire-tvp.com\/go\/wp-content\/uploads\/2024\/04\/1660637110999-300x300.jpeg 300w, https:\/\/www.chaire-tvp.com\/go\/wp-content\/uploads\/2024\/04\/1660637110999-150x150.jpeg 150w, https:\/\/www.chaire-tvp.com\/go\/wp-content\/uploads\/2024\/04\/1660637110999-768x768.jpeg 768w\" sizes=\"(max-width: 800px) 100vw, 800px\" \/><\/figure>\n\n\n\n<h3 class=\"wp-block-heading has-text-align-center has-medium-font-size\">Am\u00e9lie Templus<\/h3>\n\n\n\n<p class=\"has-text-align-center has-small-font-size\" style=\"text-transform:uppercase\"><strong>Ing\u00e9nieur d&rsquo;\u00e9tudes<\/strong><\/p>\n\n\n\n<p class=\"has-text-align-center has-small-font-size\">Am\u00e9lie Templus est titulaire d&rsquo;une Licence Arts Plastiques mais aussi d&rsquo;un Master MEEF 2nd degr\u00e9 Arts Plastiques depuis 2022, tous deux obtenus \u00e0 l&rsquo;Universit\u00e9 Polytechnique Hauts-de-France. Enseignante dans diff\u00e9rents coll\u00e8ges depuis lors, Am\u00e9lie Templus d\u00e9veloppe aussi, d\u00e8s la fin de son cursus universitaire, une pratique personnelle permettant l&rsquo;enrichissement d&rsquo;un r\u00e9seau culturel  dans le Valenciennois et ses alentours. Depuis 2024, Am\u00e9lie Templus a int\u00e9gr\u00e9 la Chaire TVP afin de d\u00e9velopper des \u00e9v\u00e8nements culturels permettant de valoriser le riche patrimoine de la Porte du Hainaut.<\/p>\n<\/div>\n<\/div>\n\n\n\n<div class=\"wp-block-column is-vertically-aligned-top is-layout-flow wp-block-column-is-layout-flow\">\n<div class=\"wp-block-group is-content-justification-left is-layout-constrained wp-container-core-group-is-layout-11 wp-block-group-is-layout-constrained\" style=\"border-radius:5px\">\n<div class=\"wp-block-group has-ti-bg-background-color has-background is-layout-constrained wp-container-core-group-is-layout-10 wp-block-group-is-layout-constrained\" style=\"padding-top:24px;padding-right:24px;padding-bottom:24px;padding-left:24px\">\n<figure class=\"wp-block-image aligncenter size-full is-resized is-style-rounded\"><img loading=\"lazy\" decoding=\"async\" width=\"1374\" height=\"1374\" src=\"https:\/\/www.chaire-tvp.com\/go\/wp-content\/uploads\/2024\/04\/Photo-Irene-Sartoretti.jpg\" alt=\"\" class=\"wp-image-361\" style=\"width:226px;height:auto\" srcset=\"https:\/\/www.chaire-tvp.com\/go\/wp-content\/uploads\/2024\/04\/Photo-Irene-Sartoretti.jpg 1374w, https:\/\/www.chaire-tvp.com\/go\/wp-content\/uploads\/2024\/04\/Photo-Irene-Sartoretti-300x300.jpg 300w, https:\/\/www.chaire-tvp.com\/go\/wp-content\/uploads\/2024\/04\/Photo-Irene-Sartoretti-1024x1024.jpg 1024w, https:\/\/www.chaire-tvp.com\/go\/wp-content\/uploads\/2024\/04\/Photo-Irene-Sartoretti-150x150.jpg 150w, https:\/\/www.chaire-tvp.com\/go\/wp-content\/uploads\/2024\/04\/Photo-Irene-Sartoretti-768x768.jpg 768w\" sizes=\"(max-width: 1374px) 100vw, 1374px\" \/><\/figure>\n\n\n\n<h3 class=\"wp-block-heading has-text-align-center has-medium-font-size\">Irene Sartoretti<\/h3>\n\n\n\n<p class=\"has-text-align-center has-small-font-size\" style=\"text-transform:uppercase\"><strong>Ing\u00e9nieur de recherche<\/strong><\/p>\n\n\n\n<p class=\"has-text-align-center has-small-font-size\">Irene Sartoretti est architecte-urbaniste et docteure en sociologie, dipl\u00f4m\u00e9e de l\u2019Istituto Italiano di Scienze Umane &#8211; Scuola Normale Superiore (Pise). Ing\u00e9nieure de recherche \u00e0 la Chaire TVP et au laboratoire LARSH de l\u2019UPHF depuis 2020, Irene Sartoretti poss\u00e8de dix ans d\u2019exp\u00e9rience internationale dans le domaine du montage et de la gestion de projets scientifiques ainsi que dans l\u2019animation d\u2019\u00e9quipes de recherche. Elle est \u00e9galement enseignante-chercheuse contractuelle \u00e0 l\u2019INSA Strasbourg.<\/p>\n<\/div>\n<\/div>\n<\/div>\n\n\n\n<div class=\"wp-block-column is-vertically-aligned-top is-layout-flow wp-block-column-is-layout-flow\">\n<div class=\"wp-block-group is-content-justification-left is-layout-constrained wp-container-core-group-is-layout-13 wp-block-group-is-layout-constrained\" style=\"border-radius:5px\">\n<div class=\"wp-block-group has-ti-bg-background-color has-background is-layout-constrained wp-container-core-group-is-layout-12 wp-block-group-is-layout-constrained\" style=\"padding-top:24px;padding-right:24px;padding-bottom:24px;padding-left:24px\">\n<figure class=\"wp-block-image aligncenter size-full is-resized is-style-rounded\"><img loading=\"lazy\" decoding=\"async\" width=\"2000\" height=\"2015\" src=\"https:\/\/www.chaire-tvp.com\/go\/wp-content\/uploads\/2024\/05\/maxenc.jpeg\" alt=\"\" class=\"wp-image-430\" style=\"width:226px;height:auto\" srcset=\"https:\/\/www.chaire-tvp.com\/go\/wp-content\/uploads\/2024\/05\/maxenc.jpeg 2000w, https:\/\/www.chaire-tvp.com\/go\/wp-content\/uploads\/2024\/05\/maxenc-298x300.jpeg 298w, https:\/\/www.chaire-tvp.com\/go\/wp-content\/uploads\/2024\/05\/maxenc-1016x1024.jpeg 1016w, https:\/\/www.chaire-tvp.com\/go\/wp-content\/uploads\/2024\/05\/maxenc-150x150.jpeg 150w, https:\/\/www.chaire-tvp.com\/go\/wp-content\/uploads\/2024\/05\/maxenc-768x774.jpeg 768w, https:\/\/www.chaire-tvp.com\/go\/wp-content\/uploads\/2024\/05\/maxenc-1525x1536.jpeg 1525w\" sizes=\"(max-width: 2000px) 100vw, 2000px\" \/><\/figure>\n\n\n\n<h3 class=\"wp-block-heading has-text-align-center has-medium-font-size\">Maxence Petit<\/h3>\n\n\n\n<p class=\"has-text-align-center has-small-font-size\" style=\"text-transform:uppercase\"><strong>IIngenieur d&rsquo;\u00e9tudes<\/strong><\/p>\n\n\n\n<p class=\"has-text-align-center has-small-font-size\">Maxence Petit, anciennement stagiaire pour la chaire, a \u00e9t\u00e9 renouvel\u00e9 en tant qu&rsquo;ing\u00e9nieur d&rsquo;\u00e9tudes, afin de continuer le projet d&rsquo;\u00e9comus\u00e9e virtuel de la Porte du Hainaut. Collaborant \u00e9troitement avec l\u2019axe Tourisme, Patrimoine et Num\u00e9rique, il souhaite apporter son expertise acquise au sein du Master GTLD aux \u00e9lus souhaitant d\u00e9velopper des actions culturelles innovantes et aux mus\u00e9es souhaitant int\u00e9grer le r\u00e9seau mus\u00e9al interconnect\u00e9.<\/p>\n<\/div>\n<\/div>\n<\/div>\n<\/div>\n\n\n\n<p><\/p>\n<\/div>\n","protected":false},"excerpt":{"rendered":"<p>Arnaud Huftier Directeur de la chaire Professeur des Universit\u00e9 en Litt\u00e9rature Fran\u00e7aise, Vice-Pr\u00e9sident d\u00e9l\u00e9gu\u00e9 \u00e0 la culture, aux initiatives et \u00e0 la citoyennet\u00e9 de l\u2019Universit\u00e9 Polytechnique Hauts-de-France Nathalie Watteyne Directrice [&hellip;]<\/p>\n","protected":false},"author":1,"featured_media":0,"parent":0,"menu_order":0,"comment_status":"closed","ping_status":"closed","template":"","meta":{"_editorskit_title_hidden":false,"_editorskit_reading_time":0,"_editorskit_is_block_options_detached":false,"_editorskit_block_options_position":"{}","inline_featured_image":false,"ngg_post_thumbnail":0,"_EventAllDay":false,"_EventTimezone":"","_EventStartDate":"","_EventEndDate":"","_EventStartDateUTC":"","_EventEndDateUTC":"","_EventShowMap":false,"_EventShowMapLink":false,"_EventURL":"","_EventCost":"","_EventCostDescription":"","_EventCurrencySymbol":"","_EventCurrencyCode":"","_EventCurrencyPosition":"","_EventDateTimeSeparator":"","_EventTimeRangeSeparator":"","_EventOrganizerID":[],"_EventVenueID":[],"_OrganizerEmail":"","_OrganizerPhone":"","_OrganizerWebsite":"","_VenueAddress":"","_VenueCity":"","_VenueCountry":"","_VenueProvince":"","_VenueState":"","_VenueZip":"","_VenuePhone":"","_VenueURL":"","_VenueStateProvince":"","_VenueLat":"","_VenueLng":"","_VenueShowMap":false,"_VenueShowMapLink":false,"footnotes":""},"class_list":["post-489","page","type-page","status-publish","hentry"],"jetpack_sharing_enabled":true,"_links":{"self":[{"href":"https:\/\/www.chaire-tvp.com\/go\/index.php\/wp-json\/wp\/v2\/pages\/489","targetHints":{"allow":["GET"]}}],"collection":[{"href":"https:\/\/www.chaire-tvp.com\/go\/index.php\/wp-json\/wp\/v2\/pages"}],"about":[{"href":"https:\/\/www.chaire-tvp.com\/go\/index.php\/wp-json\/wp\/v2\/types\/page"}],"author":[{"embeddable":true,"href":"https:\/\/www.chaire-tvp.com\/go\/index.php\/wp-json\/wp\/v2\/users\/1"}],"replies":[{"embeddable":true,"href":"https:\/\/www.chaire-tvp.com\/go\/index.php\/wp-json\/wp\/v2\/comments?post=489"}],"version-history":[{"count":10,"href":"https:\/\/www.chaire-tvp.com\/go\/index.php\/wp-json\/wp\/v2\/pages\/489\/revisions"}],"predecessor-version":[{"id":1972,"href":"https:\/\/www.chaire-tvp.com\/go\/index.php\/wp-json\/wp\/v2\/pages\/489\/revisions\/1972"}],"wp:attachment":[{"href":"https:\/\/www.chaire-tvp.com\/go\/index.php\/wp-json\/wp\/v2\/media?parent=489"}],"curies":[{"name":"wp","href":"https:\/\/api.w.org\/{rel}","templated":true}]}}