{"id":268,"date":"2024-04-16T22:29:50","date_gmt":"2024-04-16T22:29:50","guid":{"rendered":"https:\/\/www.chaire-tvp.com\/go\/?page_id=268"},"modified":"2025-02-10T16:23:14","modified_gmt":"2025-02-10T16:23:14","slug":"les-axes","status":"publish","type":"page","link":"https:\/\/www.chaire-tvp.com\/go\/index.php\/les-axes\/","title":{"rendered":"Les Axes"},"content":{"rendered":"\n<p class=\"has-x-large-font-size\"><strong>PRESENTATION<\/strong><\/p>\n\n\n\n<div class=\"wp-block-group alignfull is-layout-constrained wp-container-core-group-is-layout-2 wp-block-group-is-layout-constrained\" style=\"margin-top:0px;margin-bottom:0px;padding-top:64px;padding-bottom:64px\">\n<div class=\"wp-block-columns alignwide are-vertically-aligned-center has-ti-fg-alt-color has-ti-bg-alt-background-color has-text-color has-background has-link-color wp-elements-1d214af80e42512af42b3c0ee152daac\" style=\"padding-top:0;padding-right:0;padding-bottom:0;padding-left:0\">\n<div class=\"wp-block-column is-vertically-aligned-center is-layout-flow wp-block-column-is-layout-flow\" style=\"flex-basis:50%\">\n<div class=\"wp-block-cover is-light\" style=\"padding-top:24px;padding-right:24px;padding-bottom:24px;padding-left:24px;min-height:280px;aspect-ratio:unset;aspect-ratio:unset;\"><span aria-hidden=\"true\" class=\"wp-block-cover__background has-ti-accent-background-color has-background-dim-0 has-background-dim\"><\/span><img fetchpriority=\"high\" decoding=\"async\" width=\"3583\" height=\"1904\" class=\"wp-block-cover__image-background wp-image-267\" alt=\"\" src=\"https:\/\/www.chaire-tvp.com\/go\/wp-content\/uploads\/2024\/04\/bassin-rond.png\" data-object-fit=\"cover\" srcset=\"https:\/\/www.chaire-tvp.com\/go\/wp-content\/uploads\/2024\/04\/bassin-rond.png 3583w, https:\/\/www.chaire-tvp.com\/go\/wp-content\/uploads\/2024\/04\/bassin-rond-300x159.png 300w, https:\/\/www.chaire-tvp.com\/go\/wp-content\/uploads\/2024\/04\/bassin-rond-1024x544.png 1024w, https:\/\/www.chaire-tvp.com\/go\/wp-content\/uploads\/2024\/04\/bassin-rond-768x408.png 768w, https:\/\/www.chaire-tvp.com\/go\/wp-content\/uploads\/2024\/04\/bassin-rond-1536x816.png 1536w, https:\/\/www.chaire-tvp.com\/go\/wp-content\/uploads\/2024\/04\/bassin-rond-2048x1088.png 2048w\" sizes=\"(max-width: 3583px) 100vw, 3583px\" \/><div class=\"wp-block-cover__inner-container is-layout-flow wp-block-cover-is-layout-flow\">\n<p class=\"has-text-align-center has-ti-fg-alt-color has-text-color has-large-font-size\"><\/p>\n<\/div><\/div>\n<\/div>\n\n\n\n<div class=\"wp-block-column is-vertically-aligned-center is-layout-flow wp-block-column-is-layout-flow\" style=\"padding-top:64px;padding-right:24px;padding-bottom:64px;padding-left:24px;flex-basis:50%\">\n<p class=\"has-small-font-size\" style=\"text-transform:uppercase\"><\/p>\n\n\n\n<div class=\"wp-block-group is-layout-constrained wp-block-group-is-layout-constrained\">\n<p class=\"has-ti-fg-color has-text-color has-link-color wp-elements-ec41eba1d003aca2d316eace7207e185\">La Chaire Tourisme et Valorisation du Patrimoine repose sur <strong>quatre axes de recherche \u00e9troitement interconnect\u00e9s<\/strong>.<br><\/p>\n\n\n\n<p class=\"has-ti-fg-color has-text-color has-link-color wp-elements-9ffb7b284ffffe89b346a837aeda8dd6\">Ces axes b\u00e9n\u00e9ficient d&rsquo;une interdisciplinarit\u00e9 marqu\u00e9e, regroupant des \u00e9quipes d\u00e9di\u00e9es \u00e0 des aspects particuliers du d\u00e9veloppement touristique et de la valorisation du patrimoine. Ces axes jouent \u00e9galement un r\u00f4le essentiel dans le lien entre la recherche, la formation des \u00e9tudiants de l\u2019UPHF, les collectivit\u00e9s et les citoyens de la CAPH.<\/p>\n\n\n\n<p class=\"has-ti-fg-color has-text-color has-link-color wp-elements-1426d77c4b07030fa93a87275508eb4e\">Chaque axe est dirig\u00e9 par un sp\u00e9cialiste de renomm\u00e9e internationale et r\u00e9unit des chercheurs locaux et internationaux.<\/p>\n<\/div>\n<\/div>\n<\/div>\n\n\n\n<hr class=\"wp-block-separator has-alpha-channel-opacity is-style-wide\"\/>\n<\/div>\n\n\n\n<div class=\"wp-block-group alignfull has-background is-vertical is-content-justification-center is-layout-flex wp-container-core-group-is-layout-8 wp-block-group-is-layout-flex\" style=\"background-color:#a4a4a47a;margin-top:0px;margin-bottom:0px;padding-top:64px;padding-bottom:64px\">\n<div class=\"wp-block-group alignwide is-layout-flow wp-container-core-group-is-layout-7 wp-block-group-is-layout-flow\">\n<div class=\"wp-block-group is-nowrap is-layout-flex wp-container-core-group-is-layout-6 wp-block-group-is-layout-flex\">\n<div class=\"wp-block-columns is-layout-flex wp-container-core-columns-is-layout-2 wp-block-columns-is-layout-flex\">\n<div class=\"wp-block-column is-layout-flow wp-block-column-is-layout-flow\" style=\"flex-basis:33.33%\"><\/div>\n\n\n\n<div class=\"wp-block-column is-layout-flow wp-block-column-is-layout-flow\" style=\"flex-basis:66.66%\"><\/div>\n<\/div>\n\n\n\n<p class=\"has-ti-fg-color has-text-color has-link-color wp-elements-0bfaa816abc9eeff49d30aee66f105d1\" style=\"font-size:clamp(36.518px, 2.282rem + ((1vw - 3.2px) * 3.717), 67px);\"><strong>Les Axes<\/strong><\/p>\n\n\n\n<div class=\"wp-block-columns is-layout-flex wp-container-core-columns-is-layout-3 wp-block-columns-is-layout-flex\">\n<div class=\"wp-block-column is-vertically-aligned-center is-layout-flow wp-container-core-column-is-layout-5 wp-block-column-is-layout-flow\">\n<div class=\"wp-block-group is-content-justification-left is-layout-constrained wp-container-core-group-is-layout-3 wp-block-group-is-layout-constrained\" style=\"border-radius:5px\">\n<div class=\"wp-block-cover\"><span aria-hidden=\"true\" class=\"wp-block-cover__background has-background-dim\"><\/span><img decoding=\"async\" width=\"600\" height=\"600\" class=\"wp-block-cover__image-background wp-image-366\" alt=\"\" src=\"https:\/\/www.chaire-tvp.com\/go\/wp-content\/uploads\/2024\/05\/image.jpeg\" data-object-fit=\"cover\" srcset=\"https:\/\/www.chaire-tvp.com\/go\/wp-content\/uploads\/2024\/05\/image.jpeg 600w, https:\/\/www.chaire-tvp.com\/go\/wp-content\/uploads\/2024\/05\/image-300x300.jpeg 300w, https:\/\/www.chaire-tvp.com\/go\/wp-content\/uploads\/2024\/05\/image-150x150.jpeg 150w\" sizes=\"(max-width: 600px) 100vw, 600px\" \/><div class=\"wp-block-cover__inner-container is-layout-flow wp-block-cover-is-layout-flow\">\n<p class=\"has-text-align-center has-large-font-size\"><strong>Diagnostic de Destination<\/strong><\/p>\n<\/div><\/div>\n<\/div>\n<\/div>\n\n\n\n<div class=\"wp-block-column is-vertically-aligned-center is-layout-flow wp-container-core-column-is-layout-6 wp-block-column-is-layout-flow\">\n<div class=\"wp-block-group is-content-justification-left is-layout-constrained wp-container-core-group-is-layout-4 wp-block-group-is-layout-constrained\" style=\"border-radius:5px\">\n<div class=\"wp-block-cover\"><span aria-hidden=\"true\" class=\"wp-block-cover__background has-background-dim\"><\/span><img decoding=\"async\" class=\"wp-block-cover__image-background\" alt=\"\" src=\"https:\/\/www.chaire-tvp.com\/go\/wp-content\/themes\/neve-fse\/assets\/img\/neve-fse-img11.jpg\" data-object-fit=\"cover\"\/><div class=\"wp-block-cover__inner-container is-layout-flow wp-block-cover-is-layout-flow\">\n<p class=\"has-text-align-center has-large-font-size\"><strong>Tourisme, Patrimoine &amp; Num\u00e9rique<\/strong><\/p>\n<\/div><\/div>\n<\/div>\n<\/div>\n\n\n\n<div class=\"wp-block-column is-vertically-aligned-center is-layout-flow wp-container-core-column-is-layout-7 wp-block-column-is-layout-flow\">\n<div class=\"wp-block-group is-content-justification-left is-layout-constrained wp-container-core-group-is-layout-5 wp-block-group-is-layout-constrained\" style=\"border-radius:5px\">\n<div class=\"wp-block-cover\"><span aria-hidden=\"true\" class=\"wp-block-cover__background has-background-dim\"><\/span><img decoding=\"async\" class=\"wp-block-cover__image-background\" alt=\"\" src=\"https:\/\/www.chaire-tvp.com\/go\/wp-content\/themes\/neve-fse\/assets\/img\/neve-fse-img09.jpg\" style=\"object-position:0% 29%\" data-object-fit=\"cover\" data-object-position=\"0% 29%\"\/><div class=\"wp-block-cover__inner-container is-layout-flow wp-block-cover-is-layout-flow\">\n<p class=\"has-text-align-center has-large-font-size\"><strong>Ecriture &amp; Visions du Patrimoine<\/strong><\/p>\n<\/div><\/div>\n<\/div>\n<\/div>\n<\/div>\n<\/div>\n<\/div>\n<\/div>\n\n\n\n<div class=\"wp-block-group is-layout-constrained wp-block-group-is-layout-constrained\">\n<div class=\"wp-block-group is-layout-constrained wp-block-group-is-layout-constrained\">\n<h1 class=\"wp-block-heading alignwide has-text-align-center\"><\/h1>\n<\/div>\n<\/div>\n\n\n\n<div class=\"wp-block-columns is-layout-flex wp-container-core-columns-is-layout-5 wp-block-columns-is-layout-flex\">\n<div class=\"wp-block-column is-layout-flow wp-block-column-is-layout-flow\" style=\"flex-basis:33.33%\">\n<p class=\"has-ti-fg-color has-text-color has-link-color has-large-font-size wp-elements-5a1bcd4da3437426ab6626319723c527\"><strong><strong>Ecriture &amp; Visions du Patrimoine<\/strong><\/strong><\/p>\n\n\n\n<p><strong>DIRECTRICE : NATHALIE WATTEYNE<\/strong><\/p>\n\n\n\n<figure class=\"wp-block-image size-full is-resized\"><img decoding=\"async\" width=\"200\" height=\"300\" src=\"https:\/\/www.chaire-tvp.com\/go\/wp-content\/uploads\/2025\/02\/Nathalie_Watteyne-1-200x300-1.jpg\" alt=\"\" class=\"wp-image-2025\" style=\"width:103px;height:auto\"\/><\/figure>\n<\/div>\n\n\n\n<div class=\"wp-block-column is-layout-flow wp-block-column-is-layout-flow\" style=\"flex-basis:66.66%\">\n<div class=\"wp-block-columns is-layout-flex wp-container-core-columns-is-layout-4 wp-block-columns-is-layout-flex\">\n<div class=\"wp-block-column is-layout-flow wp-block-column-is-layout-flow\">\n<p class=\"has-ti-bg-alt-background-color has-background\" style=\"font-size:clamp(14px, 0.875rem + ((1vw - 3.2px) * 0.244), 16px);\">L\u2019axe <strong>\u00c9criture &amp; Visions du Patrimoine <\/strong>r\u00e9unit, retranscrit et met en valeur les narrations et les r\u00e9cits de vie qui font la petite et la grande histoire du territoire de la Porte du Hainaut, du Moyen \u00c2ge \u00e0 nos jours. Le travail de valorisation cr\u00e9ative des recherches historiques, sociologiques, linguistiques et artistiques de cet axe fait advenir le patrimoine de demain. Capsules p\u00e9dagogiques innovantes, outils num\u00e9riques de voyage virtuel et ateliers d\u2019\u00e9criture cr\u00e9ative mobilisent, \u00e0 c\u00f4t\u00e9 des chercheurs, les forces vives du territoire -artisans, travailleurs de la culture et de l\u2019\u00e9ducation, personnes issues du milieu des affaires, artistes et r\u00e9sidents &#8211; pour r\u00e9inventer l\u2019imaginaire collectif<\/p>\n<\/div>\n<\/div>\n<\/div>\n<\/div>\n\n\n\n<div class=\"wp-block-columns is-layout-flex wp-container-core-columns-is-layout-6 wp-block-columns-is-layout-flex\">\n<div class=\"wp-block-column is-layout-flow wp-block-column-is-layout-flow\" style=\"flex-basis:66.66%\">\n<p class=\"has-background\" style=\"background-color:#a4a4a47a;font-size:clamp(14px, 0.875rem + ((1vw - 3.2px) * 0.366), 17px);\">L\u2019axe <strong>Tourisme, Patrimoine &amp; Num\u00e9rique <\/strong>s&rsquo;engage dans la cr\u00e9ation d&rsquo;outils num\u00e9riques de pointe, offrant aux visiteurs et aux r\u00e9sidents une exp\u00e9rience in\u00e9dite dans la d\u00e9couverte et l&rsquo;appropriation du territoire de la Porte du Hainaut. En mettant en \u0153uvre des applications int\u00e9grant la r\u00e9alit\u00e9 augment\u00e9e et virtuelle, cet axe vise \u00e0 enrichir la visite du territoire et \u00e0 la rendre plus immersive. Ces applications, con\u00e7ues pour r\u00e9pondre aux besoins divers des r\u00e9sidents, touristes, familles, sportifs, personnes en situation de handicap, etc., d\u00e9mocratisent l&rsquo;acc\u00e8s aux diff\u00e9rents sites et au patrimoine de la CAPH, transcendant ainsi les fronti\u00e8res physiques de la r\u00e9gion.&nbsp;<\/p>\n<\/div>\n\n\n\n<div class=\"wp-block-column is-layout-flow wp-block-column-is-layout-flow\" style=\"flex-basis:33.33%\">\n<p class=\"has-ti-fg-color has-text-color has-link-color has-large-font-size wp-elements-ce9634f35cede8ae3fc364e6f2aada32\"><strong>Tourisme, Patrimoine &amp; Num\u00e9rique<\/strong><\/p>\n\n\n\n<p><strong>DIRECTRICE : KHOULOUD BOUKADI<\/strong><\/p>\n\n\n\n<figure class=\"wp-block-image size-full is-resized\"><img loading=\"lazy\" decoding=\"async\" width=\"300\" height=\"300\" src=\"https:\/\/www.chaire-tvp.com\/go\/wp-content\/uploads\/2025\/02\/KhouloudBoukadi-300x300-1.jpg\" alt=\"\" class=\"wp-image-2026\" style=\"width:123px;height:auto\" srcset=\"https:\/\/www.chaire-tvp.com\/go\/wp-content\/uploads\/2025\/02\/KhouloudBoukadi-300x300-1.jpg 300w, https:\/\/www.chaire-tvp.com\/go\/wp-content\/uploads\/2025\/02\/KhouloudBoukadi-300x300-1-150x150.jpg 150w\" sizes=\"(max-width: 300px) 100vw, 300px\" \/><\/figure>\n<\/div>\n<\/div>\n\n\n\n<div class=\"wp-block-columns is-layout-flex wp-container-core-columns-is-layout-7 wp-block-columns-is-layout-flex\">\n<div class=\"wp-block-column is-layout-flow wp-block-column-is-layout-flow\" style=\"flex-basis:33.33%\">\n<p class=\"has-ti-fg-color has-text-color has-link-color has-large-font-size wp-elements-3f5dcbb5ed3f2fff0143400280314852\"><strong>Diagnostic de Destination<\/strong><\/p>\n\n\n\n<p><strong>DIRECTEUR : LAURENT BOTTI<\/strong><\/p>\n\n\n\n<figure class=\"wp-block-image size-full is-resized\"><img loading=\"lazy\" decoding=\"async\" width=\"300\" height=\"300\" src=\"https:\/\/www.chaire-tvp.com\/go\/wp-content\/uploads\/2025\/02\/265_41_524_524_Laurent-Botti-1024x806-1-300x300-1.jpg\" alt=\"\" class=\"wp-image-2027\" style=\"width:133px;height:auto\" srcset=\"https:\/\/www.chaire-tvp.com\/go\/wp-content\/uploads\/2025\/02\/265_41_524_524_Laurent-Botti-1024x806-1-300x300-1.jpg 300w, https:\/\/www.chaire-tvp.com\/go\/wp-content\/uploads\/2025\/02\/265_41_524_524_Laurent-Botti-1024x806-1-300x300-1-150x150.jpg 150w\" sizes=\"(max-width: 300px) 100vw, 300px\" \/><\/figure>\n<\/div>\n\n\n\n<div class=\"wp-block-column is-layout-flow wp-block-column-is-layout-flow\" style=\"flex-basis:66.66%\">\n<p class=\"has-ti-bg-alt-background-color has-background\" style=\"font-size:clamp(14px, 0.875rem + ((1vw - 3.2px) * 0.366), 17px);\">L&rsquo;axe <strong>Diagnostic de destination (D\u00b2)<\/strong> a pour objectif de r\u00e9aliser des analyses comparatives et des diagnostics de performance sur les lieux, les attractions et les \u00e9v\u00e8nements touristiques de la r\u00e9gion Hauts-de France pour faire ressortir les particularit\u00e9s de la Porte du Hainaut. Cet objectif n\u00e9cessite la cr\u00e9ation d&rsquo;indicateurs de performance adapt\u00e9s afin de saisir les sp\u00e9cificit\u00e9s du territoire et d&rsquo;envisager la mise en \u0153uvre de strat\u00e9gies adapt\u00e9es au d\u00e9veloppement durable du tourisme.&nbsp;<\/p>\n<\/div>\n<\/div>\n\n\n\n<p class=\"has-text-align-center\"><\/p>\n\n\n\n\n\n<p><\/p>\n\n\n\n<p><\/p>\n","protected":false},"excerpt":{"rendered":"<p>PRESENTATION La Chaire Tourisme et Valorisation du Patrimoine repose sur quatre axes de recherche \u00e9troitement interconnect\u00e9s. Ces axes b\u00e9n\u00e9ficient d&rsquo;une interdisciplinarit\u00e9 marqu\u00e9e, regroupant des \u00e9quipes d\u00e9di\u00e9es \u00e0 des aspects particuliers [&hellip;]<\/p>\n","protected":false},"author":1,"featured_media":0,"parent":0,"menu_order":0,"comment_status":"closed","ping_status":"closed","template":"","meta":{"_editorskit_title_hidden":false,"_editorskit_reading_time":0,"_editorskit_is_block_options_detached":false,"_editorskit_block_options_position":"{}","inline_featured_image":false,"ngg_post_thumbnail":0,"_EventAllDay":false,"_EventTimezone":"","_EventStartDate":"","_EventEndDate":"","_EventStartDateUTC":"","_EventEndDateUTC":"","_EventShowMap":false,"_EventShowMapLink":false,"_EventURL":"","_EventCost":"","_EventCostDescription":"","_EventCurrencySymbol":"","_EventCurrencyCode":"","_EventCurrencyPosition":"","_EventDateTimeSeparator":"","_EventTimeRangeSeparator":"","_EventOrganizerID":[],"_EventVenueID":[],"_OrganizerEmail":"","_OrganizerPhone":"","_OrganizerWebsite":"","_VenueAddress":"","_VenueCity":"","_VenueCountry":"","_VenueProvince":"","_VenueState":"","_VenueZip":"","_VenuePhone":"","_VenueURL":"","_VenueStateProvince":"","_VenueLat":"","_VenueLng":"","_VenueShowMap":false,"_VenueShowMapLink":false,"footnotes":""},"class_list":["post-268","page","type-page","status-publish","hentry"],"jetpack_sharing_enabled":true,"_links":{"self":[{"href":"https:\/\/www.chaire-tvp.com\/go\/index.php\/wp-json\/wp\/v2\/pages\/268","targetHints":{"allow":["GET"]}}],"collection":[{"href":"https:\/\/www.chaire-tvp.com\/go\/index.php\/wp-json\/wp\/v2\/pages"}],"about":[{"href":"https:\/\/www.chaire-tvp.com\/go\/index.php\/wp-json\/wp\/v2\/types\/page"}],"author":[{"embeddable":true,"href":"https:\/\/www.chaire-tvp.com\/go\/index.php\/wp-json\/wp\/v2\/users\/1"}],"replies":[{"embeddable":true,"href":"https:\/\/www.chaire-tvp.com\/go\/index.php\/wp-json\/wp\/v2\/comments?post=268"}],"version-history":[{"count":10,"href":"https:\/\/www.chaire-tvp.com\/go\/index.php\/wp-json\/wp\/v2\/pages\/268\/revisions"}],"predecessor-version":[{"id":2028,"href":"https:\/\/www.chaire-tvp.com\/go\/index.php\/wp-json\/wp\/v2\/pages\/268\/revisions\/2028"}],"wp:attachment":[{"href":"https:\/\/www.chaire-tvp.com\/go\/index.php\/wp-json\/wp\/v2\/media?parent=268"}],"curies":[{"name":"wp","href":"https:\/\/api.w.org\/{rel}","templated":true}]}}