{"id":2589,"date":"2025-06-23T21:03:38","date_gmt":"2025-06-23T21:03:38","guid":{"rendered":"https:\/\/www.chaire-tvp.com\/go\/?page_id=2589"},"modified":"2025-06-23T21:03:38","modified_gmt":"2025-06-23T21:03:38","slug":"photographies-sur-les-sites-usinor-escaudain-et-denain","status":"publish","type":"page","link":"https:\/\/www.chaire-tvp.com\/go\/index.php\/photographies-sur-les-sites-usinor-escaudain-et-denain\/","title":{"rendered":"Photographies sur les sites Usinor Escaudain et Denain"},"content":{"rendered":"\n<p>Quelques exemples de photographies r\u00e9alis\u00e9es par les habitant.es de la Porte du Hainaut<br>Sur les sites Usinor Escaudain (Les Soufflantes) et Denain (Zone des Pierres Blanches)<br><em>Le 29 mai 202<\/em>5<\/p>\n\n\n\n<blockquote class=\"wp-block-quote is-layout-flow wp-block-quote-is-layout-flow\">\n<p class=\"has-x-large-font-size\"><strong>Adeline<\/strong><\/p>\n<\/blockquote>\n\n\n\n<p><em>\u00ab\u00a0Un cycle. Naissance, mort, renaissance. La Nature refleurit et se m\u00eale aux d\u00e9combres du pass\u00e9. Cohabitation forc\u00e9e. Qui a le plus besoin de qui ?\u00a0\u00bb<\/em><\/p>\n\n\n\n<div class=\"wp-block-cover alignfull\" style=\"padding-top:4vw;padding-right:4vw;padding-bottom:4vw;padding-left:4vw;min-height:663px;aspect-ratio:unset;aspect-ratio:unset;\"><span aria-hidden=\"true\" class=\"wp-block-cover__background has-black-background-color has-background-dim-100 has-background-dim\"><\/span><div class=\"wp-block-cover__inner-container is-layout-flow wp-block-cover-is-layout-flow\">\n<div class=\"wp-block-group is-content-justification-center is-nowrap is-layout-flex wp-container-core-group-is-layout-1 wp-block-group-is-layout-flex\">\n<figure class=\"wp-block-gallery has-nested-images columns-default is-cropped wp-block-gallery-1 is-layout-flex wp-block-gallery-is-layout-flex\">\n<figure class=\"wp-block-image size-large\"><img fetchpriority=\"high\" decoding=\"async\" width=\"666\" height=\"1024\" data-id=\"2595\" src=\"https:\/\/www.chaire-tvp.com\/go\/wp-content\/uploads\/2025\/06\/img141-666x1024.jpg\" alt=\"\" class=\"wp-image-2595\" srcset=\"https:\/\/www.chaire-tvp.com\/go\/wp-content\/uploads\/2025\/06\/img141-666x1024.jpg 666w, https:\/\/www.chaire-tvp.com\/go\/wp-content\/uploads\/2025\/06\/img141-195x300.jpg 195w, https:\/\/www.chaire-tvp.com\/go\/wp-content\/uploads\/2025\/06\/img141-768x1181.jpg 768w, https:\/\/www.chaire-tvp.com\/go\/wp-content\/uploads\/2025\/06\/img141-999x1536.jpg 999w, https:\/\/www.chaire-tvp.com\/go\/wp-content\/uploads\/2025\/06\/img141.jpg 1087w\" sizes=\"(max-width: 666px) 100vw, 666px\" \/><\/figure>\n\n\n\n<figure class=\"wp-block-image size-large\"><img decoding=\"async\" width=\"664\" height=\"1024\" data-id=\"2596\" src=\"https:\/\/www.chaire-tvp.com\/go\/wp-content\/uploads\/2025\/06\/img134-1-664x1024.jpg\" alt=\"\" class=\"wp-image-2596\" srcset=\"https:\/\/www.chaire-tvp.com\/go\/wp-content\/uploads\/2025\/06\/img134-1-664x1024.jpg 664w, https:\/\/www.chaire-tvp.com\/go\/wp-content\/uploads\/2025\/06\/img134-1-194x300.jpg 194w, https:\/\/www.chaire-tvp.com\/go\/wp-content\/uploads\/2025\/06\/img134-1-768x1185.jpg 768w, https:\/\/www.chaire-tvp.com\/go\/wp-content\/uploads\/2025\/06\/img134-1-995x1536.jpg 995w, https:\/\/www.chaire-tvp.com\/go\/wp-content\/uploads\/2025\/06\/img134-1.jpg 1136w\" sizes=\"(max-width: 664px) 100vw, 664px\" \/><\/figure>\n\n\n\n<figure class=\"wp-block-image size-large\"><img decoding=\"async\" width=\"673\" height=\"1024\" data-id=\"2597\" src=\"https:\/\/www.chaire-tvp.com\/go\/wp-content\/uploads\/2025\/06\/img107-1-673x1024.jpg\" alt=\"\" class=\"wp-image-2597\" srcset=\"https:\/\/www.chaire-tvp.com\/go\/wp-content\/uploads\/2025\/06\/img107-1-673x1024.jpg 673w, https:\/\/www.chaire-tvp.com\/go\/wp-content\/uploads\/2025\/06\/img107-1-197x300.jpg 197w, https:\/\/www.chaire-tvp.com\/go\/wp-content\/uploads\/2025\/06\/img107-1-768x1169.jpg 768w, https:\/\/www.chaire-tvp.com\/go\/wp-content\/uploads\/2025\/06\/img107-1-1009x1536.jpg 1009w, https:\/\/www.chaire-tvp.com\/go\/wp-content\/uploads\/2025\/06\/img107-1.jpg 1087w\" sizes=\"(max-width: 673px) 100vw, 673px\" \/><\/figure>\n<\/figure>\n<\/div>\n<\/div><\/div>\n\n\n\n<blockquote class=\"wp-block-quote is-layout-flow wp-block-quote-is-layout-flow\">\n<p class=\"has-x-large-font-size\"><strong>Bertrand<\/strong><\/p>\n<\/blockquote>\n\n\n\n<p><em>TERRE &amp; CIEL\u00a0<\/em><\/p>\n\n\n\n<p><em>Vies bris\u00e9es\u00a0<\/em><\/p>\n\n\n\n<div class=\"wp-block-cover alignfull\" style=\"padding-top:4vw;padding-right:4vw;padding-bottom:4vw;padding-left:4vw;min-height:66vh;aspect-ratio:unset;aspect-ratio:unset;\"><span aria-hidden=\"true\" class=\"wp-block-cover__background has-black-background-color has-background-dim-100 has-background-dim\"><\/span><div class=\"wp-block-cover__inner-container is-layout-flow wp-block-cover-is-layout-flow\">\n<div class=\"wp-block-group is-content-justification-center is-nowrap is-layout-flex wp-container-core-group-is-layout-2 wp-block-group-is-layout-flex\">\n<figure class=\"wp-block-gallery has-nested-images columns-default is-cropped wp-block-gallery-2 is-layout-flex wp-block-gallery-is-layout-flex\">\n<figure class=\"wp-block-image size-large\"><img loading=\"lazy\" decoding=\"async\" width=\"1024\" height=\"669\" data-id=\"2599\" src=\"https:\/\/www.chaire-tvp.com\/go\/wp-content\/uploads\/2025\/06\/img126-1024x669.jpg\" alt=\"\" class=\"wp-image-2599\" srcset=\"https:\/\/www.chaire-tvp.com\/go\/wp-content\/uploads\/2025\/06\/img126-1024x669.jpg 1024w, https:\/\/www.chaire-tvp.com\/go\/wp-content\/uploads\/2025\/06\/img126-300x196.jpg 300w, https:\/\/www.chaire-tvp.com\/go\/wp-content\/uploads\/2025\/06\/img126-768x502.jpg 768w, https:\/\/www.chaire-tvp.com\/go\/wp-content\/uploads\/2025\/06\/img126-1536x1004.jpg 1536w, https:\/\/www.chaire-tvp.com\/go\/wp-content\/uploads\/2025\/06\/img126-rotated.jpg 1639w\" sizes=\"(max-width: 1024px) 100vw, 1024px\" \/><\/figure>\n\n\n\n<figure class=\"wp-block-image size-large\"><img loading=\"lazy\" decoding=\"async\" width=\"1024\" height=\"700\" data-id=\"2600\" src=\"https:\/\/www.chaire-tvp.com\/go\/wp-content\/uploads\/2025\/06\/img124-1024x700.jpg\" alt=\"\" class=\"wp-image-2600\" srcset=\"https:\/\/www.chaire-tvp.com\/go\/wp-content\/uploads\/2025\/06\/img124-1024x700.jpg 1024w, https:\/\/www.chaire-tvp.com\/go\/wp-content\/uploads\/2025\/06\/img124-300x205.jpg 300w, https:\/\/www.chaire-tvp.com\/go\/wp-content\/uploads\/2025\/06\/img124-768x525.jpg 768w, https:\/\/www.chaire-tvp.com\/go\/wp-content\/uploads\/2025\/06\/img124-1536x1050.jpg 1536w, https:\/\/www.chaire-tvp.com\/go\/wp-content\/uploads\/2025\/06\/img124-rotated.jpg 1590w\" sizes=\"(max-width: 1024px) 100vw, 1024px\" \/><\/figure>\n\n\n\n<figure class=\"wp-block-image size-large\"><img loading=\"lazy\" decoding=\"async\" width=\"1024\" height=\"645\" data-id=\"2601\" src=\"https:\/\/www.chaire-tvp.com\/go\/wp-content\/uploads\/2025\/06\/img110-1024x645.jpg\" alt=\"\" class=\"wp-image-2601\" srcset=\"https:\/\/www.chaire-tvp.com\/go\/wp-content\/uploads\/2025\/06\/img110-1024x645.jpg 1024w, https:\/\/www.chaire-tvp.com\/go\/wp-content\/uploads\/2025\/06\/img110-300x189.jpg 300w, https:\/\/www.chaire-tvp.com\/go\/wp-content\/uploads\/2025\/06\/img110-768x484.jpg 768w, https:\/\/www.chaire-tvp.com\/go\/wp-content\/uploads\/2025\/06\/img110-1536x967.jpg 1536w, https:\/\/www.chaire-tvp.com\/go\/wp-content\/uploads\/2025\/06\/img110-rotated.jpg 1753w\" sizes=\"(max-width: 1024px) 100vw, 1024px\" \/><\/figure>\n<\/figure>\n<\/div>\n<\/div><\/div>\n\n\n\n<blockquote class=\"wp-block-quote is-layout-flow wp-block-quote-is-layout-flow\">\n<p class=\"has-x-large-font-size\"><strong>Valentin<\/strong><\/p>\n<\/blockquote>\n\n\n\n<p><em>\u00ab\u00a0J&rsquo;ai voulu montrer la persistence d&rsquo;un paysage artificiel en jouant avec les ouvertures laiss\u00e9es par le milieu \u00e0 l&rsquo;instar de Bernard Plossu. Les petites branches jouent le r\u00f4le de lignes de fuite g\u00e9antes, symbole d&rsquo;un bassin minier de plus en plus vert, venant presque eclipser les marques d&rsquo;un pass\u00e9 \u00e0 la fois discret et visible.\u00a0\u00bb<\/em><\/p>\n\n\n\n<div class=\"wp-block-cover alignfull\" style=\"padding-top:4vw;padding-right:4vw;padding-bottom:4vw;padding-left:4vw;min-height:66vh;aspect-ratio:unset;aspect-ratio:unset;\"><span aria-hidden=\"true\" class=\"wp-block-cover__background has-black-background-color has-background-dim-100 has-background-dim\"><\/span><div class=\"wp-block-cover__inner-container is-layout-flow wp-block-cover-is-layout-flow\">\n<div class=\"wp-block-group is-content-justification-center is-nowrap is-layout-flex wp-container-core-group-is-layout-3 wp-block-group-is-layout-flex\">\n<figure class=\"wp-block-gallery has-nested-images columns-default is-cropped wp-block-gallery-3 is-layout-flex wp-block-gallery-is-layout-flex\">\n<figure class=\"wp-block-image size-large\"><img loading=\"lazy\" decoding=\"async\" width=\"1024\" height=\"656\" data-id=\"2602\" src=\"https:\/\/www.chaire-tvp.com\/go\/wp-content\/uploads\/2025\/06\/img198-1024x656.jpg\" alt=\"\" class=\"wp-image-2602\" srcset=\"https:\/\/www.chaire-tvp.com\/go\/wp-content\/uploads\/2025\/06\/img198-1024x656.jpg 1024w, https:\/\/www.chaire-tvp.com\/go\/wp-content\/uploads\/2025\/06\/img198-300x192.jpg 300w, https:\/\/www.chaire-tvp.com\/go\/wp-content\/uploads\/2025\/06\/img198-768x492.jpg 768w, https:\/\/www.chaire-tvp.com\/go\/wp-content\/uploads\/2025\/06\/img198-1536x984.jpg 1536w, https:\/\/www.chaire-tvp.com\/go\/wp-content\/uploads\/2025\/06\/img198-rotated.jpg 1672w\" sizes=\"(max-width: 1024px) 100vw, 1024px\" \/><\/figure>\n\n\n\n<figure class=\"wp-block-image size-large\"><img loading=\"lazy\" decoding=\"async\" width=\"1024\" height=\"703\" data-id=\"2604\" src=\"https:\/\/www.chaire-tvp.com\/go\/wp-content\/uploads\/2025\/06\/img204-1024x703.jpg\" alt=\"\" class=\"wp-image-2604\" srcset=\"https:\/\/www.chaire-tvp.com\/go\/wp-content\/uploads\/2025\/06\/img204-1024x703.jpg 1024w, https:\/\/www.chaire-tvp.com\/go\/wp-content\/uploads\/2025\/06\/img204-300x206.jpg 300w, https:\/\/www.chaire-tvp.com\/go\/wp-content\/uploads\/2025\/06\/img204-768x528.jpg 768w, https:\/\/www.chaire-tvp.com\/go\/wp-content\/uploads\/2025\/06\/img204-1536x1055.jpg 1536w, https:\/\/www.chaire-tvp.com\/go\/wp-content\/uploads\/2025\/06\/img204-rotated.jpg 1607w\" sizes=\"(max-width: 1024px) 100vw, 1024px\" \/><\/figure>\n\n\n\n<figure class=\"wp-block-image size-large\"><img loading=\"lazy\" decoding=\"async\" width=\"1024\" height=\"653\" data-id=\"2603\" src=\"https:\/\/www.chaire-tvp.com\/go\/wp-content\/uploads\/2025\/06\/img206-1024x653.jpg\" alt=\"\" class=\"wp-image-2603\" srcset=\"https:\/\/www.chaire-tvp.com\/go\/wp-content\/uploads\/2025\/06\/img206-1024x653.jpg 1024w, https:\/\/www.chaire-tvp.com\/go\/wp-content\/uploads\/2025\/06\/img206-300x191.jpg 300w, https:\/\/www.chaire-tvp.com\/go\/wp-content\/uploads\/2025\/06\/img206-768x490.jpg 768w, https:\/\/www.chaire-tvp.com\/go\/wp-content\/uploads\/2025\/06\/img206-1536x980.jpg 1536w, https:\/\/www.chaire-tvp.com\/go\/wp-content\/uploads\/2025\/06\/img206-rotated.jpg 1704w\" sizes=\"(max-width: 1024px) 100vw, 1024px\" \/><\/figure>\n<\/figure>\n<\/div>\n<\/div><\/div>\n\n\n\n<blockquote class=\"wp-block-quote is-layout-flow wp-block-quote-is-layout-flow\">\n<p class=\"has-x-large-font-size\"><strong>Benjamin<\/strong><\/p>\n<\/blockquote>\n\n\n\n<p>\u00ab\u00a0Dans un paysage de friche o\u00f9 l&rsquo;herbe haute c\u00f4toie des flaques d&rsquo;eau, des vestiges imposants de machinerie industrielle, rouages et chemin\u00e9es, \u00e9mergent de la v\u00e9g\u00e9tation dense, symboles silencieux d&rsquo;une \u00e9poque r\u00e9volue.\u00a0\u00bb<\/p>\n\n\n\n<div class=\"wp-block-cover alignfull\" style=\"padding-top:4vw;padding-right:4vw;padding-bottom:4vw;padding-left:4vw;min-height:66vh;aspect-ratio:unset;aspect-ratio:unset;\"><span aria-hidden=\"true\" class=\"wp-block-cover__background has-black-background-color has-background-dim-100 has-background-dim\"><\/span><div class=\"wp-block-cover__inner-container is-layout-flow wp-block-cover-is-layout-flow\">\n<div class=\"wp-block-group is-content-justification-center is-nowrap is-layout-flex wp-container-core-group-is-layout-4 wp-block-group-is-layout-flex\">\n<figure class=\"wp-block-gallery has-nested-images columns-default is-cropped wp-block-gallery-4 is-layout-flex wp-block-gallery-is-layout-flex\">\n<figure class=\"wp-block-image size-large\"><img loading=\"lazy\" decoding=\"async\" width=\"1024\" height=\"673\" data-id=\"2607\" src=\"https:\/\/www.chaire-tvp.com\/go\/wp-content\/uploads\/2025\/06\/img187-1024x673.jpg\" alt=\"\" class=\"wp-image-2607\" srcset=\"https:\/\/www.chaire-tvp.com\/go\/wp-content\/uploads\/2025\/06\/img187-1024x673.jpg 1024w, https:\/\/www.chaire-tvp.com\/go\/wp-content\/uploads\/2025\/06\/img187-300x197.jpg 300w, https:\/\/www.chaire-tvp.com\/go\/wp-content\/uploads\/2025\/06\/img187-768x504.jpg 768w, https:\/\/www.chaire-tvp.com\/go\/wp-content\/uploads\/2025\/06\/img187-1536x1009.jpg 1536w, https:\/\/www.chaire-tvp.com\/go\/wp-content\/uploads\/2025\/06\/img187-rotated.jpg 1655w\" sizes=\"(max-width: 1024px) 100vw, 1024px\" \/><\/figure>\n\n\n\n<figure class=\"wp-block-image size-large\"><img loading=\"lazy\" decoding=\"async\" width=\"1024\" height=\"646\" data-id=\"2608\" src=\"https:\/\/www.chaire-tvp.com\/go\/wp-content\/uploads\/2025\/06\/img174-1024x646.jpg\" alt=\"\" class=\"wp-image-2608\" srcset=\"https:\/\/www.chaire-tvp.com\/go\/wp-content\/uploads\/2025\/06\/img174-1024x646.jpg 1024w, https:\/\/www.chaire-tvp.com\/go\/wp-content\/uploads\/2025\/06\/img174-300x189.jpg 300w, https:\/\/www.chaire-tvp.com\/go\/wp-content\/uploads\/2025\/06\/img174-768x485.jpg 768w, https:\/\/www.chaire-tvp.com\/go\/wp-content\/uploads\/2025\/06\/img174-1536x969.jpg 1536w, https:\/\/www.chaire-tvp.com\/go\/wp-content\/uploads\/2025\/06\/img174-rotated.jpg 1672w\" sizes=\"(max-width: 1024px) 100vw, 1024px\" \/><\/figure>\n\n\n\n<figure class=\"wp-block-image size-large\"><img loading=\"lazy\" decoding=\"async\" width=\"1024\" height=\"630\" data-id=\"2610\" src=\"https:\/\/www.chaire-tvp.com\/go\/wp-content\/uploads\/2025\/06\/img155-1-1024x630.jpg\" alt=\"\" class=\"wp-image-2610\" srcset=\"https:\/\/www.chaire-tvp.com\/go\/wp-content\/uploads\/2025\/06\/img155-1-1024x630.jpg 1024w, https:\/\/www.chaire-tvp.com\/go\/wp-content\/uploads\/2025\/06\/img155-1-300x185.jpg 300w, https:\/\/www.chaire-tvp.com\/go\/wp-content\/uploads\/2025\/06\/img155-1-768x473.jpg 768w, https:\/\/www.chaire-tvp.com\/go\/wp-content\/uploads\/2025\/06\/img155-1-1536x945.jpg 1536w, https:\/\/www.chaire-tvp.com\/go\/wp-content\/uploads\/2025\/06\/img155-1.jpg 1688w\" sizes=\"(max-width: 1024px) 100vw, 1024px\" \/><\/figure>\n<\/figure>\n<\/div>\n<\/div><\/div>\n\n\n\n<blockquote class=\"wp-block-quote is-layout-flow wp-block-quote-is-layout-flow\">\n<p class=\"has-x-large-font-size\"><strong>Jo\u00eblle<\/strong><\/p>\n<\/blockquote>\n\n\n\n<div class=\"wp-block-cover alignfull\" style=\"padding-top:4vw;padding-right:4vw;padding-bottom:4vw;padding-left:4vw;min-height:66vh;aspect-ratio:unset;aspect-ratio:unset;\"><span aria-hidden=\"true\" class=\"wp-block-cover__background has-black-background-color has-background-dim-100 has-background-dim\"><\/span><div class=\"wp-block-cover__inner-container is-layout-flow wp-block-cover-is-layout-flow\">\n<div class=\"wp-block-group is-content-justification-center is-nowrap is-layout-flex wp-container-core-group-is-layout-5 wp-block-group-is-layout-flex\">\n<figure class=\"wp-block-gallery has-nested-images columns-default is-cropped wp-block-gallery-5 is-layout-flex wp-block-gallery-is-layout-flex\">\n<figure class=\"wp-block-image size-large\"><img loading=\"lazy\" decoding=\"async\" width=\"1024\" height=\"663\" data-id=\"2611\" src=\"https:\/\/www.chaire-tvp.com\/go\/wp-content\/uploads\/2025\/06\/img075-1024x663.jpg\" alt=\"\" class=\"wp-image-2611\" srcset=\"https:\/\/www.chaire-tvp.com\/go\/wp-content\/uploads\/2025\/06\/img075-1024x663.jpg 1024w, https:\/\/www.chaire-tvp.com\/go\/wp-content\/uploads\/2025\/06\/img075-300x194.jpg 300w, https:\/\/www.chaire-tvp.com\/go\/wp-content\/uploads\/2025\/06\/img075-768x498.jpg 768w, https:\/\/www.chaire-tvp.com\/go\/wp-content\/uploads\/2025\/06\/img075-1536x995.jpg 1536w, https:\/\/www.chaire-tvp.com\/go\/wp-content\/uploads\/2025\/06\/img075-rotated.jpg 1704w\" sizes=\"(max-width: 1024px) 100vw, 1024px\" \/><\/figure>\n\n\n\n<figure class=\"wp-block-image size-large\"><img loading=\"lazy\" decoding=\"async\" width=\"1024\" height=\"663\" data-id=\"2612\" src=\"https:\/\/www.chaire-tvp.com\/go\/wp-content\/uploads\/2025\/06\/img086-1024x663.jpg\" alt=\"\" class=\"wp-image-2612\" srcset=\"https:\/\/www.chaire-tvp.com\/go\/wp-content\/uploads\/2025\/06\/img086-1024x663.jpg 1024w, https:\/\/www.chaire-tvp.com\/go\/wp-content\/uploads\/2025\/06\/img086-300x194.jpg 300w, https:\/\/www.chaire-tvp.com\/go\/wp-content\/uploads\/2025\/06\/img086-768x497.jpg 768w, https:\/\/www.chaire-tvp.com\/go\/wp-content\/uploads\/2025\/06\/img086-1536x994.jpg 1536w, https:\/\/www.chaire-tvp.com\/go\/wp-content\/uploads\/2025\/06\/img086-rotated.jpg 1655w\" sizes=\"(max-width: 1024px) 100vw, 1024px\" \/><\/figure>\n\n\n\n<figure class=\"wp-block-image size-large\"><img loading=\"lazy\" decoding=\"async\" width=\"1024\" height=\"669\" data-id=\"2613\" src=\"https:\/\/www.chaire-tvp.com\/go\/wp-content\/uploads\/2025\/06\/img088-1024x669.jpg\" alt=\"\" class=\"wp-image-2613\" srcset=\"https:\/\/www.chaire-tvp.com\/go\/wp-content\/uploads\/2025\/06\/img088-1024x669.jpg 1024w, https:\/\/www.chaire-tvp.com\/go\/wp-content\/uploads\/2025\/06\/img088-300x196.jpg 300w, https:\/\/www.chaire-tvp.com\/go\/wp-content\/uploads\/2025\/06\/img088-768x502.jpg 768w, https:\/\/www.chaire-tvp.com\/go\/wp-content\/uploads\/2025\/06\/img088-1536x1004.jpg 1536w, https:\/\/www.chaire-tvp.com\/go\/wp-content\/uploads\/2025\/06\/img088-rotated.jpg 1590w\" sizes=\"(max-width: 1024px) 100vw, 1024px\" \/><\/figure>\n<\/figure>\n<\/div>\n<\/div><\/div>\n","protected":false},"excerpt":{"rendered":"<p>Quelques exemples de photographies r\u00e9alis\u00e9es par les habitant.es de la Porte du HainautSur les sites Usinor Escaudain (Les Soufflantes) et Denain (Zone des Pierres Blanches)Le 29 mai 2025 Adeline \u00ab\u00a0Un [&hellip;]<\/p>\n","protected":false},"author":1,"featured_media":0,"parent":0,"menu_order":0,"comment_status":"closed","ping_status":"closed","template":"","meta":{"_editorskit_title_hidden":false,"_editorskit_reading_time":0,"_editorskit_is_block_options_detached":false,"_editorskit_block_options_position":"{}","inline_featured_image":false,"ngg_post_thumbnail":0,"_EventAllDay":false,"_EventTimezone":"","_EventStartDate":"","_EventEndDate":"","_EventStartDateUTC":"","_EventEndDateUTC":"","_EventShowMap":false,"_EventShowMapLink":false,"_EventURL":"","_EventCost":"","_EventCostDescription":"","_EventCurrencySymbol":"","_EventCurrencyCode":"","_EventCurrencyPosition":"","_EventDateTimeSeparator":"","_EventTimeRangeSeparator":"","_EventOrganizerID":[],"_EventVenueID":[],"_OrganizerEmail":"","_OrganizerPhone":"","_OrganizerWebsite":"","_VenueAddress":"","_VenueCity":"","_VenueCountry":"","_VenueProvince":"","_VenueState":"","_VenueZip":"","_VenuePhone":"","_VenueURL":"","_VenueStateProvince":"","_VenueLat":"","_VenueLng":"","_VenueShowMap":false,"_VenueShowMapLink":false,"footnotes":""},"class_list":["post-2589","page","type-page","status-publish","hentry"],"jetpack_sharing_enabled":true,"_links":{"self":[{"href":"https:\/\/www.chaire-tvp.com\/go\/index.php\/wp-json\/wp\/v2\/pages\/2589","targetHints":{"allow":["GET"]}}],"collection":[{"href":"https:\/\/www.chaire-tvp.com\/go\/index.php\/wp-json\/wp\/v2\/pages"}],"about":[{"href":"https:\/\/www.chaire-tvp.com\/go\/index.php\/wp-json\/wp\/v2\/types\/page"}],"author":[{"embeddable":true,"href":"https:\/\/www.chaire-tvp.com\/go\/index.php\/wp-json\/wp\/v2\/users\/1"}],"replies":[{"embeddable":true,"href":"https:\/\/www.chaire-tvp.com\/go\/index.php\/wp-json\/wp\/v2\/comments?post=2589"}],"version-history":[{"count":2,"href":"https:\/\/www.chaire-tvp.com\/go\/index.php\/wp-json\/wp\/v2\/pages\/2589\/revisions"}],"predecessor-version":[{"id":2614,"href":"https:\/\/www.chaire-tvp.com\/go\/index.php\/wp-json\/wp\/v2\/pages\/2589\/revisions\/2614"}],"wp:attachment":[{"href":"https:\/\/www.chaire-tvp.com\/go\/index.php\/wp-json\/wp\/v2\/media?parent=2589"}],"curies":[{"name":"wp","href":"https:\/\/api.w.org\/{rel}","templated":true}]}}