{"id":2397,"date":"2025-04-08T17:24:13","date_gmt":"2025-04-08T17:24:13","guid":{"rendered":"https:\/\/www.chaire-tvp.com\/go\/?page_id=2397"},"modified":"2025-04-08T17:24:13","modified_gmt":"2025-04-08T17:24:13","slug":"colloque","status":"publish","type":"page","link":"https:\/\/www.chaire-tvp.com\/go\/index.php\/colloque\/","title":{"rendered":"Colloque"},"content":{"rendered":"\n<p><a href=\"https:\/\/pod.uphf.fr\/video\/6665-jules-mousseron-de-la-mine-a-la-plume-session-1-les-archives-jules-mousseron-inexploitees\/6c8ec22c-2965-415c-b095-dee5eeba8bdb\/\">Session 1 : Les archives de Jules Mousseron inexploit\u00e9es<\/a><br><a href=\"https:\/\/pod.uphf.fr\/video\/6669-jules-mousseron-de-la-mine-a-la-plume-session-2-sociabilites-litteraires-et-rapport-au-territoire\/cbd896fd-860b-4b52-b235-a4ada5916e19\/\">Session 2 : Sociabilit\u00e9s et rapport au territoire<\/a><br><a href=\"https:\/\/pod.uphf.fr\/video\/6696-jules-mousseron-de-la-mine-a-la-plume-session-3-poetique-et-esthetique\/05cde69f-7410-4a61-a82e-de145fd5a56e\/\">Session 3 : Po\u00e9tique et esth\u00e9tique<\/a><br><a href=\"https:\/\/pod.uphf.fr\/video\/6689-jules-mousseron-de-la-mine-a-la-plume-session-4-usages-du-picard\/a801289a-3eac-48c0-b038-48b960f56d9f\/\">Session 4 : Usages du picard<\/a><\/p>\n","protected":false},"excerpt":{"rendered":"<p>Session 1 : Les archives de Jules Mousseron inexploit\u00e9esSession 2 : Sociabilit\u00e9s et rapport au territoireSession 3 : Po\u00e9tique et esth\u00e9tiqueSession 4 : Usages du picard<\/p>\n","protected":false},"author":1,"featured_media":0,"parent":0,"menu_order":0,"comment_status":"closed","ping_status":"closed","template":"","meta":{"_editorskit_title_hidden":false,"_editorskit_reading_time":0,"_editorskit_is_block_options_detached":false,"_editorskit_block_options_position":"{}","inline_featured_image":false,"ngg_post_thumbnail":0,"_EventAllDay":false,"_EventTimezone":"","_EventStartDate":"","_EventEndDate":"","_EventStartDateUTC":"","_EventEndDateUTC":"","_EventShowMap":false,"_EventShowMapLink":false,"_EventURL":"","_EventCost":"","_EventCostDescription":"","_EventCurrencySymbol":"","_EventCurrencyCode":"","_EventCurrencyPosition":"","_EventDateTimeSeparator":"","_EventTimeRangeSeparator":"","_EventOrganizerID":[],"_EventVenueID":[],"_OrganizerEmail":"","_OrganizerPhone":"","_OrganizerWebsite":"","_VenueAddress":"","_VenueCity":"","_VenueCountry":"","_VenueProvince":"","_VenueState":"","_VenueZip":"","_VenuePhone":"","_VenueURL":"","_VenueStateProvince":"","_VenueLat":"","_VenueLng":"","_VenueShowMap":false,"_VenueShowMapLink":false,"footnotes":""},"class_list":["post-2397","page","type-page","status-publish","hentry"],"jetpack_sharing_enabled":true,"_links":{"self":[{"href":"https:\/\/www.chaire-tvp.com\/go\/index.php\/wp-json\/wp\/v2\/pages\/2397","targetHints":{"allow":["GET"]}}],"collection":[{"href":"https:\/\/www.chaire-tvp.com\/go\/index.php\/wp-json\/wp\/v2\/pages"}],"about":[{"href":"https:\/\/www.chaire-tvp.com\/go\/index.php\/wp-json\/wp\/v2\/types\/page"}],"author":[{"embeddable":true,"href":"https:\/\/www.chaire-tvp.com\/go\/index.php\/wp-json\/wp\/v2\/users\/1"}],"replies":[{"embeddable":true,"href":"https:\/\/www.chaire-tvp.com\/go\/index.php\/wp-json\/wp\/v2\/comments?post=2397"}],"version-history":[{"count":1,"href":"https:\/\/www.chaire-tvp.com\/go\/index.php\/wp-json\/wp\/v2\/pages\/2397\/revisions"}],"predecessor-version":[{"id":2398,"href":"https:\/\/www.chaire-tvp.com\/go\/index.php\/wp-json\/wp\/v2\/pages\/2397\/revisions\/2398"}],"wp:attachment":[{"href":"https:\/\/www.chaire-tvp.com\/go\/index.php\/wp-json\/wp\/v2\/media?parent=2397"}],"curies":[{"name":"wp","href":"https:\/\/api.w.org\/{rel}","templated":true}]}}