{"id":2306,"date":"2025-02-24T15:28:25","date_gmt":"2025-02-24T15:28:25","guid":{"rendered":"https:\/\/www.chaire-tvp.com\/go\/?page_id=2306"},"modified":"2025-02-26T15:13:12","modified_gmt":"2025-02-26T15:13:12","slug":"diagnostic-de-destination","status":"publish","type":"page","link":"https:\/\/www.chaire-tvp.com\/go\/index.php\/diagnostic-de-destination\/","title":{"rendered":"Diagnostic de destination"},"content":{"rendered":"\n<div class=\"wp-block-cover alignfull\" style=\"min-height:405px;aspect-ratio:unset;aspect-ratio:unset;\"><span aria-hidden=\"true\" class=\"wp-block-cover__background has-ti-bg-alt-background-color has-background-dim-100 has-background-dim\"><\/span><div class=\"wp-block-cover__inner-container is-layout-flow wp-block-cover-is-layout-flow\">\n<div class=\"wp-block-media-text alignwide is-stacked-on-mobile is-vertically-aligned-center is-image-fill\" style=\"grid-template-columns:28% auto\"><figure class=\"wp-block-media-text__media\" style=\"background-image:url(https:\/\/www.chaire-tvp.com\/go\/wp-content\/uploads\/2024\/08\/chaire_tvp-uphf_larsh_aff_seminaire_visio_sport_patrimoine-724x1024.png);background-position:58% 0%\"><img fetchpriority=\"high\" decoding=\"async\" width=\"724\" height=\"1024\" src=\"https:\/\/www.chaire-tvp.com\/go\/wp-content\/uploads\/2024\/08\/chaire_tvp-uphf_larsh_aff_seminaire_visio_sport_patrimoine-724x1024.png\" alt=\"\" class=\"wp-image-2336 size-full\" srcset=\"https:\/\/www.chaire-tvp.com\/go\/wp-content\/uploads\/2024\/08\/chaire_tvp-uphf_larsh_aff_seminaire_visio_sport_patrimoine-724x1024.png 724w, https:\/\/www.chaire-tvp.com\/go\/wp-content\/uploads\/2024\/08\/chaire_tvp-uphf_larsh_aff_seminaire_visio_sport_patrimoine-212x300.png 212w, https:\/\/www.chaire-tvp.com\/go\/wp-content\/uploads\/2024\/08\/chaire_tvp-uphf_larsh_aff_seminaire_visio_sport_patrimoine-768x1086.png 768w, https:\/\/www.chaire-tvp.com\/go\/wp-content\/uploads\/2024\/08\/chaire_tvp-uphf_larsh_aff_seminaire_visio_sport_patrimoine-1086x1536.png 1086w, https:\/\/www.chaire-tvp.com\/go\/wp-content\/uploads\/2024\/08\/chaire_tvp-uphf_larsh_aff_seminaire_visio_sport_patrimoine-1448x2048.png 1448w, https:\/\/www.chaire-tvp.com\/go\/wp-content\/uploads\/2024\/08\/chaire_tvp-uphf_larsh_aff_seminaire_visio_sport_patrimoine.png 1870w\" sizes=\"(max-width: 724px) 100vw, 724px\" \/><\/figure><div class=\"wp-block-media-text__content\">\n<h2 class=\"wp-block-heading has-text-color\" style=\"color:#000000;font-size:clamp(20px, 1.25rem + ((1vw - 3.2px) * 1.463), 32px);\"><strong>S\u00e9minaire &#8211; L&rsquo;\u00e9v\u00e9nement sportif comme patrimoine immat\u00e9riel : le cas du Lacanau Pro<\/strong><\/h2>\n\n\n\n<blockquote class=\"wp-block-quote is-layout-flow wp-block-quote-is-layout-flow\">\n<p class=\"has-ti-bg-inv-color has-text-color has-link-color has-large-font-size wp-elements-e560ad7c0f73c24c128a6539d4938555\">S\u00e9minaire de la Chaire Tourisme et Valorisation du Patrimoine de l&rsquo;UPHF<\/p>\n<\/blockquote>\n\n\n\n<p class=\"has-ti-bg-inv-color has-text-color has-link-color wp-elements-7b874100e635725340a06e12b4d8be0f\"><strong>Le lundi 6 mai 2024 &#8211; de 10h00 \u00e0 12h00<\/strong><\/p>\n\n\n\n<div class=\"wp-block-buttons is-layout-flex wp-block-buttons-is-layout-flex\">\n<div class=\"wp-block-button is-style-fill\"><a class=\"wp-block-button__link wp-element-button\" href=\"https:\/\/www.chaire-tvp.com\/go\/index.php\/event\/seminaire-levenement-sportif-comme-patrimoine-immateriel-le-cas-du-lacanau-pro\/\">D\u00e9couvrir<\/a><\/div>\n<\/div>\n<\/div><\/div>\n<\/div><\/div>\n\n\n\n<hr class=\"wp-block-separator has-alpha-channel-opacity is-style-dots\"\/>\n\n\n\n<div class=\"wp-block-cover\"><span aria-hidden=\"true\" class=\"wp-block-cover__background has-ti-bg-alt-background-color has-background-dim-100 has-background-dim\"><\/span><div class=\"wp-block-cover__inner-container is-layout-constrained wp-block-cover-is-layout-constrained\">\n<h2 class=\"wp-block-heading has-ti-bg-inv-color has-text-color has-link-color has-medium-font-size wp-elements-8592eb6c198ddb11d352ec355ea4fee7\"><strong>Premiers r\u00e9sultats de l\u2019enqu\u00eate de perception sur le Parc Loisirs et Nature de Raismes : un lieu revisit\u00e9 par ses visiteurs<\/strong><\/h2>\n\n\n\n<p class=\"has-ti-fg-color has-text-color has-link-color wp-elements-2acaf9270b7d487b92dd055dddb64c00\"><strong>Le vendredi 4 octobre 2024<\/strong><\/p>\n\n\n\n<p class=\"has-ti-fg-color has-text-color has-link-color has-small-font-size wp-elements-6b316685ac7d6ad1b130314aa308b65b\">Le 4 octobre 2024, l\u2019Axe Diagnostic de Destination a plong\u00e9 dans les premiers retours d&rsquo;une enqu\u00eate passionnante men\u00e9e aupr\u00e8s des visiteurs du Parc Loisirs et Nature de Raismes. L&rsquo;occasion de d\u00e9couvrir ce que pensent vraiment ceux qui viennent explorer ce terril renatur\u00e9, au c\u0153ur de la Communaut\u00e9 d&rsquo;Agglom\u00e9ration de la Porte du Hainaut. Qui sont ces visiteurs ? D\u2019o\u00f9 viennent-ils ? Pourquoi ont-ils choisi ce lieu ? Et surtout, comment se rendent-ils sur place ? C\u2019est ce que nous avons explor\u00e9 lors de cette journ\u00e9e de travail, en analysant leurs motivations, leur rapport \u00e0 la mobilit\u00e9 douce et leur perception de ce site unique.<\/p>\n\n\n\n<p class=\"has-ti-fg-color has-text-color has-link-color has-small-font-size wp-elements-d62856dd4bfa5d245c93316c22744dba\">Une recherche men\u00e9e par Laurent Botti (Universit\u00e9 de Perpignan Via Domitia), en partenariat avec Thierry Arnal, Herv\u00e9 Champin et Sylvain Petit (Universit\u00e9 Polytechnique Hauts-de-France).<\/p>\n\n\n\n<div data-wp-interactive=\"core\/file\" class=\"wp-block-file\"><object data-wp-bind--hidden=\"!state.hasPdfPreview\" hidden class=\"wp-block-file__embed\" data=\"https:\/\/www.chaire-tvp.com\/go\/wp-content\/uploads\/2025\/02\/UPHF-LARSH-aff-quest-Raismes-HD-1.pdf\" type=\"application\/pdf\" style=\"width:100%;height:600px\" aria-label=\"Contenu embarqu\u00e9 Enqu\u00eate de perception sur le Parc Loisirs et Nature de Raismes.\"><\/object><a id=\"wp-block-file--media-8a5a5abb-b2ed-49a5-b1fc-a530cb4df39c\" href=\"https:\/\/www.chaire-tvp.com\/go\/wp-content\/uploads\/2025\/02\/UPHF-LARSH-aff-quest-Raismes-HD-1.pdf\">Enqu\u00eate de perception sur le Parc Loisirs et Nature de Raismes<\/a><a href=\"https:\/\/www.chaire-tvp.com\/go\/wp-content\/uploads\/2025\/02\/UPHF-LARSH-aff-quest-Raismes-HD-1.pdf\" class=\"wp-block-file__button wp-element-button\" download aria-describedby=\"wp-block-file--media-8a5a5abb-b2ed-49a5-b1fc-a530cb4df39c\">T\u00e9l\u00e9charger<\/a><\/div>\n<\/div><\/div>\n","protected":false},"excerpt":{"rendered":"","protected":false},"author":1,"featured_media":0,"parent":0,"menu_order":0,"comment_status":"closed","ping_status":"closed","template":"","meta":{"_editorskit_title_hidden":false,"_editorskit_reading_time":0,"_editorskit_is_block_options_detached":false,"_editorskit_block_options_position":"{}","inline_featured_image":false,"ngg_post_thumbnail":0,"_EventAllDay":false,"_EventTimezone":"","_EventStartDate":"","_EventEndDate":"","_EventStartDateUTC":"","_EventEndDateUTC":"","_EventShowMap":false,"_EventShowMapLink":false,"_EventURL":"","_EventCost":"","_EventCostDescription":"","_EventCurrencySymbol":"","_EventCurrencyCode":"","_EventCurrencyPosition":"","_EventDateTimeSeparator":"","_EventTimeRangeSeparator":"","_EventOrganizerID":[],"_EventVenueID":[],"_OrganizerEmail":"","_OrganizerPhone":"","_OrganizerWebsite":"","_VenueAddress":"","_VenueCity":"","_VenueCountry":"","_VenueProvince":"","_VenueState":"","_VenueZip":"","_VenuePhone":"","_VenueURL":"","_VenueStateProvince":"","_VenueLat":"","_VenueLng":"","_VenueShowMap":false,"_VenueShowMapLink":false,"footnotes":""},"class_list":["post-2306","page","type-page","status-publish","hentry"],"jetpack_sharing_enabled":true,"_links":{"self":[{"href":"https:\/\/www.chaire-tvp.com\/go\/index.php\/wp-json\/wp\/v2\/pages\/2306","targetHints":{"allow":["GET"]}}],"collection":[{"href":"https:\/\/www.chaire-tvp.com\/go\/index.php\/wp-json\/wp\/v2\/pages"}],"about":[{"href":"https:\/\/www.chaire-tvp.com\/go\/index.php\/wp-json\/wp\/v2\/types\/page"}],"author":[{"embeddable":true,"href":"https:\/\/www.chaire-tvp.com\/go\/index.php\/wp-json\/wp\/v2\/users\/1"}],"replies":[{"embeddable":true,"href":"https:\/\/www.chaire-tvp.com\/go\/index.php\/wp-json\/wp\/v2\/comments?post=2306"}],"version-history":[{"count":4,"href":"https:\/\/www.chaire-tvp.com\/go\/index.php\/wp-json\/wp\/v2\/pages\/2306\/revisions"}],"predecessor-version":[{"id":2344,"href":"https:\/\/www.chaire-tvp.com\/go\/index.php\/wp-json\/wp\/v2\/pages\/2306\/revisions\/2344"}],"wp:attachment":[{"href":"https:\/\/www.chaire-tvp.com\/go\/index.php\/wp-json\/wp\/v2\/media?parent=2306"}],"curies":[{"name":"wp","href":"https:\/\/api.w.org\/{rel}","templated":true}]}}