{"id":2229,"date":"2025-02-24T13:57:07","date_gmt":"2025-02-24T13:57:07","guid":{"rendered":"https:\/\/www.chaire-tvp.com\/go\/?page_id=2229"},"modified":"2025-02-24T13:57:07","modified_gmt":"2025-02-24T13:57:07","slug":"en-apprendre-davantage-sur-le-paris-roubaix","status":"publish","type":"page","link":"https:\/\/www.chaire-tvp.com\/go\/index.php\/en-apprendre-davantage-sur-le-paris-roubaix\/","title":{"rendered":"En apprendre davantage sur le Paris-Roubaix"},"content":{"rendered":"\n<ol class=\"wp-block-list\">\n<li><strong>Retour sur l\u2019histoire du Paris-Roubaix<\/strong><\/li>\n<\/ol>\n\n\n\n<p>La course du Paris-Roubaix, c\u00e9l\u00e8bre course men\u00e9e en mars ou en avril tous les ans depuis 1896, a \u00e9t\u00e9 cr\u00e9\u00e9e par Th\u00e9odore Vienne apr\u00e8s l\u2019ouverture du V\u00e9lodrome* de Roubaix la m\u00eame ann\u00e9e.<\/p>\n\n\n\n<p>Il s\u2019agit d\u2019une \u00ab classique flandrienne \u00bb : c\u2019est-\u00e0-dire un \u00e9v\u00e8nement pr\u00e9vu entre la p\u00e9riode de fin f\u00e9vrier \u2013 d\u00e9but avril entre la Belgique et le Nord de la France. Celle-ci se caract\u00e9rise par la pr\u00e9sence de secteurs pav\u00e9s.<\/p>\n\n\n\n<p>La course est nomm\u00e9e \u00ab L\u2019Enfer du Nord \u00bb car c\u2019est l\u2019une des plus difficiles !<\/p>\n\n\n\n<p>2. <strong>Le lien entre le Paris-Roubaix et La Trou\u00e9e d\u2019Arenberg de Wallers-Arenberg<\/strong><\/p>\n\n\n\n<p>De son vrai nom la \u00ab Dr\u00e8ve des Boules d\u2019H\u00e9rin \u00bb, le secteur pav\u00e9 de la course cycliste Paris-Roubaix \u00e0 partir de la Trou\u00e9e d\u2019Arenberg fait environ 2 300m. Il s\u2019agit d\u2019une longue ligne droite \u00e0 travers la for\u00eat de Raismes-Saint-Amand-Wallers.<\/p>\n\n\n\n<p>Les particularit\u00e9s de ce secteur sont non seulement les pav\u00e9s, mais aussi le fait que ces derniers ne soient pas align\u00e9s, et faits de plusieurs formes ! Aussi, si le temps est mauvais, des contraintes suppl\u00e9mentaires peuvent s\u2019ajouter \u00e0 la course\u2026<\/p>\n\n\n\n<p>Le parcours a \u00e9t\u00e9 d\u00e9couvert en 1967 par Jean Stablinski*. On retrouve notamment une st\u00e8le \/ pierre \u00e0 son nom \u00e0 l\u2019entr\u00e9e de la Trou\u00e9e d\u2019Arenberg !<\/p>\n\n\n\n<p>* Coureur cycliste fran\u00e7ais. Celui-ci fit une brillante carri\u00e8re de 1952 \u00e0 1968, avec au total 106 victoires professionnelles.<\/p>\n\n\n\n<div data-wp-interactive=\"core\/file\" class=\"wp-block-file\"><object data-wp-bind--hidden=\"!state.hasPdfPreview\" hidden class=\"wp-block-file__embed\" data=\"https:\/\/www.chaire-tvp.com\/go\/wp-content\/uploads\/2025\/02\/Fiches-eleves-Paris-Roubaix-1-1.pdf\" type=\"application\/pdf\" style=\"width:100%;height:600px\" aria-label=\"Contenu embarqu\u00e9 Paris Roubaix.\"><\/object><a id=\"wp-block-file--media-ea1400c1-09d6-400c-973b-4ab278497ff9\" href=\"https:\/\/www.chaire-tvp.com\/go\/wp-content\/uploads\/2025\/02\/Fiches-eleves-Paris-Roubaix-1-1.pdf\">Paris Roubaix<\/a><a href=\"https:\/\/www.chaire-tvp.com\/go\/wp-content\/uploads\/2025\/02\/Fiches-eleves-Paris-Roubaix-1-1.pdf\" class=\"wp-block-file__button wp-element-button\" download aria-describedby=\"wp-block-file--media-ea1400c1-09d6-400c-973b-4ab278497ff9\">T\u00e9l\u00e9charger<\/a><\/div>\n","protected":false},"excerpt":{"rendered":"<p>La course du Paris-Roubaix, c\u00e9l\u00e8bre course men\u00e9e en mars ou en avril tous les ans depuis 1896, a \u00e9t\u00e9 cr\u00e9\u00e9e par Th\u00e9odore Vienne apr\u00e8s l\u2019ouverture du V\u00e9lodrome* de Roubaix la [&hellip;]<\/p>\n","protected":false},"author":1,"featured_media":0,"parent":0,"menu_order":0,"comment_status":"closed","ping_status":"closed","template":"","meta":{"_editorskit_title_hidden":false,"_editorskit_reading_time":0,"_editorskit_is_block_options_detached":false,"_editorskit_block_options_position":"{}","inline_featured_image":false,"ngg_post_thumbnail":0,"_EventAllDay":false,"_EventTimezone":"","_EventStartDate":"","_EventEndDate":"","_EventStartDateUTC":"","_EventEndDateUTC":"","_EventShowMap":false,"_EventShowMapLink":false,"_EventURL":"","_EventCost":"","_EventCostDescription":"","_EventCurrencySymbol":"","_EventCurrencyCode":"","_EventCurrencyPosition":"","_EventDateTimeSeparator":"","_EventTimeRangeSeparator":"","_EventOrganizerID":[],"_EventVenueID":[],"_OrganizerEmail":"","_OrganizerPhone":"","_OrganizerWebsite":"","_VenueAddress":"","_VenueCity":"","_VenueCountry":"","_VenueProvince":"","_VenueState":"","_VenueZip":"","_VenuePhone":"","_VenueURL":"","_VenueStateProvince":"","_VenueLat":"","_VenueLng":"","_VenueShowMap":false,"_VenueShowMapLink":false,"footnotes":""},"class_list":["post-2229","page","type-page","status-publish","hentry"],"jetpack_sharing_enabled":true,"_links":{"self":[{"href":"https:\/\/www.chaire-tvp.com\/go\/index.php\/wp-json\/wp\/v2\/pages\/2229","targetHints":{"allow":["GET"]}}],"collection":[{"href":"https:\/\/www.chaire-tvp.com\/go\/index.php\/wp-json\/wp\/v2\/pages"}],"about":[{"href":"https:\/\/www.chaire-tvp.com\/go\/index.php\/wp-json\/wp\/v2\/types\/page"}],"author":[{"embeddable":true,"href":"https:\/\/www.chaire-tvp.com\/go\/index.php\/wp-json\/wp\/v2\/users\/1"}],"replies":[{"embeddable":true,"href":"https:\/\/www.chaire-tvp.com\/go\/index.php\/wp-json\/wp\/v2\/comments?post=2229"}],"version-history":[{"count":1,"href":"https:\/\/www.chaire-tvp.com\/go\/index.php\/wp-json\/wp\/v2\/pages\/2229\/revisions"}],"predecessor-version":[{"id":2231,"href":"https:\/\/www.chaire-tvp.com\/go\/index.php\/wp-json\/wp\/v2\/pages\/2229\/revisions\/2231"}],"wp:attachment":[{"href":"https:\/\/www.chaire-tvp.com\/go\/index.php\/wp-json\/wp\/v2\/media?parent=2229"}],"curies":[{"name":"wp","href":"https:\/\/api.w.org\/{rel}","templated":true}]}}