{"id":2119,"date":"2025-02-11T15:38:11","date_gmt":"2025-02-11T15:38:11","guid":{"rendered":"https:\/\/www.chaire-tvp.com\/go\/?page_id=2119"},"modified":"2025-02-24T10:17:50","modified_gmt":"2025-02-24T10:17:50","slug":"sous-le-velo-les-paves","status":"publish","type":"page","link":"https:\/\/www.chaire-tvp.com\/go\/index.php\/sous-le-velo-les-paves\/","title":{"rendered":"\u00ab\u00a0Sous le v\u00e9lo, les pav\u00e9s\u00a0\u00bb"},"content":{"rendered":"\n<div class=\"wp-block-cover alignfull\" style=\"padding-top:4vw;padding-right:4vw;padding-bottom:4vw;padding-left:4vw;min-height:526px;aspect-ratio:unset;aspect-ratio:unset;\"><span aria-hidden=\"true\" class=\"wp-block-cover__background has-ti-bg-alt-background-color has-background-dim-100 has-background-dim\"><\/span><div class=\"wp-block-cover__inner-container is-layout-flow wp-block-cover-is-layout-flow\">\n<div class=\"wp-block-group is-content-justification-center is-nowrap is-layout-flex wp-container-core-group-is-layout-1 wp-block-group-is-layout-flex\">\n<figure class=\"wp-block-image size-full is-resized\"><img fetchpriority=\"high\" decoding=\"async\" width=\"750\" height=\"546\" src=\"https:\/\/www.chaire-tvp.com\/go\/wp-content\/uploads\/2025\/02\/IMG_6263.jpg\" alt=\"\" class=\"wp-image-2121\" style=\"width:548px;height:auto\" srcset=\"https:\/\/www.chaire-tvp.com\/go\/wp-content\/uploads\/2025\/02\/IMG_6263.jpg 750w, https:\/\/www.chaire-tvp.com\/go\/wp-content\/uploads\/2025\/02\/IMG_6263-300x218.jpg 300w\" sizes=\"(max-width: 750px) 100vw, 750px\" \/><\/figure>\n\n\n\n<figure class=\"wp-block-image size-full is-resized\"><img decoding=\"async\" width=\"750\" height=\"537\" src=\"https:\/\/www.chaire-tvp.com\/go\/wp-content\/uploads\/2025\/02\/IMG_6264.jpg\" alt=\"\" class=\"wp-image-2120\" style=\"width:560px;height:auto\" srcset=\"https:\/\/www.chaire-tvp.com\/go\/wp-content\/uploads\/2025\/02\/IMG_6264.jpg 750w, https:\/\/www.chaire-tvp.com\/go\/wp-content\/uploads\/2025\/02\/IMG_6264-300x215.jpg 300w\" sizes=\"(max-width: 750px) 100vw, 750px\" \/><\/figure>\n<\/div>\n<\/div><\/div>\n\n\n\n<p class=\"has-text-align-center\">Table-ronde \u00ab Le v\u00e9lo en mots et en images \u00bb, anim\u00e9e par Nathalie WATTEYNE \u2013 responsable de l\u2019axe \u00ab \u00c9critures et visions du patrimoine \u00bb, Chaire TVP, et Professeure de recherche-cr\u00e9ation \u00e0 l\u2019Universit\u00e9 de Sherbrooke au Qu\u00e9bec<\/p>\n\n\n\n<div class=\"wp-block-cover alignfull\" style=\"padding-top:4vw;padding-right:4vw;padding-bottom:4vw;padding-left:4vw;min-height:573px;aspect-ratio:unset;aspect-ratio:unset;\"><span aria-hidden=\"true\" class=\"wp-block-cover__background has-ti-bg-alt-background-color has-background-dim-100 has-background-dim\"><\/span><div class=\"wp-block-cover__inner-container is-layout-flow wp-block-cover-is-layout-flow\">\n<div class=\"wp-block-group is-content-justification-center is-nowrap is-layout-flex wp-container-core-group-is-layout-2 wp-block-group-is-layout-flex\">\n<figure class=\"wp-block-image size-full is-resized\"><img decoding=\"async\" width=\"584\" height=\"389\" src=\"https:\/\/www.chaire-tvp.com\/go\/wp-content\/uploads\/2025\/02\/chairhp-584x389-1.jpg\" alt=\"\" class=\"wp-image-2123\" style=\"width:476px;height:auto\" srcset=\"https:\/\/www.chaire-tvp.com\/go\/wp-content\/uploads\/2025\/02\/chairhp-584x389-1.jpg 584w, https:\/\/www.chaire-tvp.com\/go\/wp-content\/uploads\/2025\/02\/chairhp-584x389-1-300x200.jpg 300w\" sizes=\"(max-width: 584px) 100vw, 584px\" \/><\/figure>\n\n\n\n<figure class=\"wp-block-image size-full is-resized\"><img loading=\"lazy\" decoding=\"async\" width=\"740\" height=\"400\" src=\"https:\/\/www.chaire-tvp.com\/go\/wp-content\/uploads\/2025\/02\/veloHP.jpg\" alt=\"\" class=\"wp-image-2122\" style=\"width:611px;height:auto\" srcset=\"https:\/\/www.chaire-tvp.com\/go\/wp-content\/uploads\/2025\/02\/veloHP.jpg 740w, https:\/\/www.chaire-tvp.com\/go\/wp-content\/uploads\/2025\/02\/veloHP-300x162.jpg 300w\" sizes=\"(max-width: 740px) 100vw, 740px\" \/><\/figure>\n<\/div>\n<\/div><\/div>\n\n\n\n<p class=\"has-text-align-center\"><strong><em>Sous le v\u00e9lo, les pav\u00e9s &#8211; Images du Paris-Roubaix<\/em><\/strong>, exposition men\u00e9e en pr\u00e9sence des responsables de l&rsquo;exposition Brigitte FRIANT-KESSLER, Bah\u00e9ra OUJLAKH et Caroline SOREAU, ainsi que de Cathy STABLINSKI, d&rsquo;Eric CARON et des Amis de Paris-Roubaix.<\/p>\n","protected":false},"excerpt":{"rendered":"<p>Table-ronde \u00ab Le v\u00e9lo en mots et en images \u00bb, anim\u00e9e par Nathalie WATTEYNE \u2013 responsable de l\u2019axe \u00ab \u00c9critures et visions du patrimoine \u00bb, Chaire TVP, et Professeure de [&hellip;]<\/p>\n","protected":false},"author":1,"featured_media":0,"parent":0,"menu_order":0,"comment_status":"closed","ping_status":"closed","template":"","meta":{"_editorskit_title_hidden":false,"_editorskit_reading_time":0,"_editorskit_is_block_options_detached":false,"_editorskit_block_options_position":"{}","inline_featured_image":false,"ngg_post_thumbnail":0,"_EventAllDay":false,"_EventTimezone":"","_EventStartDate":"","_EventEndDate":"","_EventStartDateUTC":"","_EventEndDateUTC":"","_EventShowMap":false,"_EventShowMapLink":false,"_EventURL":"","_EventCost":"","_EventCostDescription":"","_EventCurrencySymbol":"","_EventCurrencyCode":"","_EventCurrencyPosition":"","_EventDateTimeSeparator":"","_EventTimeRangeSeparator":"","_EventOrganizerID":[],"_EventVenueID":[],"_OrganizerEmail":"","_OrganizerPhone":"","_OrganizerWebsite":"","_VenueAddress":"","_VenueCity":"","_VenueCountry":"","_VenueProvince":"","_VenueState":"","_VenueZip":"","_VenuePhone":"","_VenueURL":"","_VenueStateProvince":"","_VenueLat":"","_VenueLng":"","_VenueShowMap":false,"_VenueShowMapLink":false,"footnotes":""},"class_list":["post-2119","page","type-page","status-publish","hentry"],"jetpack_sharing_enabled":true,"_links":{"self":[{"href":"https:\/\/www.chaire-tvp.com\/go\/index.php\/wp-json\/wp\/v2\/pages\/2119","targetHints":{"allow":["GET"]}}],"collection":[{"href":"https:\/\/www.chaire-tvp.com\/go\/index.php\/wp-json\/wp\/v2\/pages"}],"about":[{"href":"https:\/\/www.chaire-tvp.com\/go\/index.php\/wp-json\/wp\/v2\/types\/page"}],"author":[{"embeddable":true,"href":"https:\/\/www.chaire-tvp.com\/go\/index.php\/wp-json\/wp\/v2\/users\/1"}],"replies":[{"embeddable":true,"href":"https:\/\/www.chaire-tvp.com\/go\/index.php\/wp-json\/wp\/v2\/comments?post=2119"}],"version-history":[{"count":7,"href":"https:\/\/www.chaire-tvp.com\/go\/index.php\/wp-json\/wp\/v2\/pages\/2119\/revisions"}],"predecessor-version":[{"id":2176,"href":"https:\/\/www.chaire-tvp.com\/go\/index.php\/wp-json\/wp\/v2\/pages\/2119\/revisions\/2176"}],"wp:attachment":[{"href":"https:\/\/www.chaire-tvp.com\/go\/index.php\/wp-json\/wp\/v2\/media?parent=2119"}],"curies":[{"name":"wp","href":"https:\/\/api.w.org\/{rel}","templated":true}]}}