{"id":2063,"date":"2025-02-11T13:50:34","date_gmt":"2025-02-11T13:50:34","guid":{"rendered":"https:\/\/www.chaire-tvp.com\/go\/?page_id=2063"},"modified":"2025-02-11T13:50:43","modified_gmt":"2025-02-11T13:50:43","slug":"journees-pedagogie-immersive-2","status":"publish","type":"page","link":"https:\/\/www.chaire-tvp.com\/go\/index.php\/journees-pedagogie-immersive-2\/","title":{"rendered":"Journ\u00e9es P\u00e9dagogie Immersive"},"content":{"rendered":"\n<div class=\"wp-block-cover alignfull is-light\" style=\"min-height:455px;aspect-ratio:unset;aspect-ratio:unset;\"><span aria-hidden=\"true\" class=\"wp-block-cover__background has-background-dim\" style=\"background-color:#8c8b94\"><\/span><img fetchpriority=\"high\" decoding=\"async\" width=\"2048\" height=\"1536\" class=\"wp-block-cover__image-background wp-image-998\" alt=\"\" src=\"https:\/\/www.chaire-tvp.com\/go\/wp-content\/uploads\/2024\/07\/1718819757563.jpeg\" data-object-fit=\"cover\" srcset=\"https:\/\/www.chaire-tvp.com\/go\/wp-content\/uploads\/2024\/07\/1718819757563.jpeg 2048w, https:\/\/www.chaire-tvp.com\/go\/wp-content\/uploads\/2024\/07\/1718819757563-300x225.jpeg 300w, https:\/\/www.chaire-tvp.com\/go\/wp-content\/uploads\/2024\/07\/1718819757563-1024x768.jpeg 1024w, https:\/\/www.chaire-tvp.com\/go\/wp-content\/uploads\/2024\/07\/1718819757563-768x576.jpeg 768w, https:\/\/www.chaire-tvp.com\/go\/wp-content\/uploads\/2024\/07\/1718819757563-1536x1152.jpeg 1536w\" sizes=\"(max-width: 2048px) 100vw, 2048px\" \/><div class=\"wp-block-cover__inner-container is-layout-constrained wp-block-cover-is-layout-constrained\">\n<p class=\"has-text-align-center has-ti-bg-color has-text-color has-link-color has-x-large-font-size wp-elements-7121d5885b4d2a9a3e8c095d0b75a379\"><strong>Journ\u00e9es P\u00e9dagogie Immersive<\/strong><\/p>\n\n\n\n<blockquote class=\"wp-block-quote has-ti-bg-color has-text-color has-link-color wp-elements-673f0d64256d2b81ceed585bcd4afa48 is-layout-flow wp-block-quote-is-layout-flow\">\n<p class=\"has-ti-fg-alt-color has-text-color has-link-color wp-elements-ee3fb15b006a387f097b545b48e3cc1b\">\u00c0 l&rsquo;Institut des Mobilit\u00e9s et des Transports Durables (IMTD), UPHF<\/p>\n<\/blockquote>\n\n\n\n<p class=\"has-ti-bg-color has-text-color has-link-color has-normal-font-size wp-elements-3bef542668a76f3583a314c8670c57d8\"><strong>Les 19 et 20 juin 2024<\/strong><\/p>\n\n\n\n<p class=\"has-text-align-left has-ti-bg-color has-text-color has-link-color has-small-font-size wp-elements-0c54812e19bc1ae57119acb768cf7d53\">Participation sur un stand pour pr\u00e9senter la Chaire TVP ainsi que le projet VECOS aupr\u00e8s de chercheurs.<br>Organisation par Makram Mestiri et J\u00e9r\u00f4me Graindorge, avec la participation de l&rsquo;Universit\u00e9 Catholique de Lille.<br>En partenariat avec Canop\u00e9, de la r\u00e9gion Acad\u00e9mique Hauts-de-France, l&rsquo;Universit\u00e9 de Lille, aivancity, efrei.<\/p>\n\n\n\n<div class=\"wp-block-buttons is-layout-flex wp-block-buttons-is-layout-flex\">\n<div class=\"wp-block-button\"><a class=\"wp-block-button__link wp-element-button\" href=\"https:\/\/www.chaire-tvp.com\/go\/index.php\/event\/journees-pedagogies-immersives\/\">Retour sur l&rsquo;\u00e9v\u00e8nement<\/a><\/div>\n\n\n\n<div class=\"wp-block-button\"><a class=\"wp-block-button__link wp-element-button\" href=\"https:\/\/www.chaire-tvp.com\/go\/index.php\/journees-pedagogie-immersive\/\">Voir plus \ud83d\udcf7<\/a><\/div>\n<\/div>\n\n\n\n<blockquote class=\"wp-block-quote is-layout-flow wp-block-quote-is-layout-flow\">\n<p class=\"has-ti-bg-color has-text-color has-link-color wp-elements-d6cae34e636596780ce3da3755171e1c\">En apprendre davantage sur le projet de la Chaire TVP en lien avec les applications HERES et VECOS !<\/p>\n<\/blockquote>\n\n\n\n<div class=\"wp-block-buttons is-layout-flex wp-block-buttons-is-layout-flex\">\n<div class=\"wp-block-button\"><a class=\"wp-block-button__link wp-element-button\">Cliquer ici<\/a><\/div>\n<\/div>\n<\/div><\/div>\n\n\n\n<p><\/p>\n","protected":false},"excerpt":{"rendered":"","protected":false},"author":1,"featured_media":0,"parent":0,"menu_order":0,"comment_status":"closed","ping_status":"closed","template":"","meta":{"_editorskit_title_hidden":false,"_editorskit_reading_time":0,"_editorskit_is_block_options_detached":false,"_editorskit_block_options_position":"{}","inline_featured_image":false,"ngg_post_thumbnail":0,"_EventAllDay":false,"_EventTimezone":"","_EventStartDate":"","_EventEndDate":"","_EventStartDateUTC":"","_EventEndDateUTC":"","_EventShowMap":false,"_EventShowMapLink":false,"_EventURL":"","_EventCost":"","_EventCostDescription":"","_EventCurrencySymbol":"","_EventCurrencyCode":"","_EventCurrencyPosition":"","_EventDateTimeSeparator":"","_EventTimeRangeSeparator":"","_EventOrganizerID":[],"_EventVenueID":[],"_OrganizerEmail":"","_OrganizerPhone":"","_OrganizerWebsite":"","_VenueAddress":"","_VenueCity":"","_VenueCountry":"","_VenueProvince":"","_VenueState":"","_VenueZip":"","_VenuePhone":"","_VenueURL":"","_VenueStateProvince":"","_VenueLat":"","_VenueLng":"","_VenueShowMap":false,"_VenueShowMapLink":false,"footnotes":""},"class_list":["post-2063","page","type-page","status-publish","hentry"],"jetpack_sharing_enabled":true,"_links":{"self":[{"href":"https:\/\/www.chaire-tvp.com\/go\/index.php\/wp-json\/wp\/v2\/pages\/2063","targetHints":{"allow":["GET"]}}],"collection":[{"href":"https:\/\/www.chaire-tvp.com\/go\/index.php\/wp-json\/wp\/v2\/pages"}],"about":[{"href":"https:\/\/www.chaire-tvp.com\/go\/index.php\/wp-json\/wp\/v2\/types\/page"}],"author":[{"embeddable":true,"href":"https:\/\/www.chaire-tvp.com\/go\/index.php\/wp-json\/wp\/v2\/users\/1"}],"replies":[{"embeddable":true,"href":"https:\/\/www.chaire-tvp.com\/go\/index.php\/wp-json\/wp\/v2\/comments?post=2063"}],"version-history":[{"count":3,"href":"https:\/\/www.chaire-tvp.com\/go\/index.php\/wp-json\/wp\/v2\/pages\/2063\/revisions"}],"predecessor-version":[{"id":2302,"href":"https:\/\/www.chaire-tvp.com\/go\/index.php\/wp-json\/wp\/v2\/pages\/2063\/revisions\/2302"}],"wp:attachment":[{"href":"https:\/\/www.chaire-tvp.com\/go\/index.php\/wp-json\/wp\/v2\/media?parent=2063"}],"curies":[{"name":"wp","href":"https:\/\/api.w.org\/{rel}","templated":true}]}}