{"id":2056,"date":"2025-02-11T13:55:36","date_gmt":"2025-02-11T13:55:36","guid":{"rendered":"https:\/\/www.chaire-tvp.com\/go\/?page_id=2056"},"modified":"2025-08-29T08:42:03","modified_gmt":"2025-08-29T08:42:03","slug":"autres-2024-2025","status":"publish","type":"page","link":"https:\/\/www.chaire-tvp.com\/go\/index.php\/autres-2024-2025\/","title":{"rendered":"Autres, 2024-2025"},"content":{"rendered":"\n<div class=\"wp-block-cover alignfull has-ti-fg-color has-text-color has-link-color wp-elements-7156032f698888b10dfc0e03ddcdf9f3\" style=\"min-height:469px;aspect-ratio:unset;aspect-ratio:unset;\"><span aria-hidden=\"true\" class=\"wp-block-cover__background has-ti-bg-alt-background-color has-background-dim-100 has-background-dim\"><\/span><div class=\"wp-block-cover__inner-container is-layout-flow wp-block-cover-is-layout-flow\">\n<div class=\"wp-block-media-text alignwide is-stacked-on-mobile is-vertically-aligned-center is-image-fill\" style=\"grid-template-columns:40% auto\"><figure class=\"wp-block-media-text__media\" style=\"background-image:url(https:\/\/www.chaire-tvp.com\/go\/wp-content\/uploads\/2025\/02\/IMG_0239-1024x768.jpg);background-position:50% 50%\"><img fetchpriority=\"high\" decoding=\"async\" width=\"1024\" height=\"768\" src=\"https:\/\/www.chaire-tvp.com\/go\/wp-content\/uploads\/2025\/02\/IMG_0239-1024x768.jpg\" alt=\"\" class=\"wp-image-2236 size-full\" srcset=\"https:\/\/www.chaire-tvp.com\/go\/wp-content\/uploads\/2025\/02\/IMG_0239-1024x768.jpg 1024w, https:\/\/www.chaire-tvp.com\/go\/wp-content\/uploads\/2025\/02\/IMG_0239-300x225.jpg 300w, https:\/\/www.chaire-tvp.com\/go\/wp-content\/uploads\/2025\/02\/IMG_0239-768x576.jpg 768w, https:\/\/www.chaire-tvp.com\/go\/wp-content\/uploads\/2025\/02\/IMG_0239-1536x1152.jpg 1536w, https:\/\/www.chaire-tvp.com\/go\/wp-content\/uploads\/2025\/02\/IMG_0239-2048x1536.jpg 2048w\" sizes=\"(max-width: 1024px) 100vw, 1024px\" \/><\/figure><div class=\"wp-block-media-text__content\">\n<h2 class=\"wp-block-heading has-text-color\" style=\"color:#000000;font-size:clamp(20px, 1.25rem + ((1vw - 3.2px) * 1.463), 32px);\"><strong>Enseigner la Cantil\u00e8ne de Sainte-Eulalie<\/strong><\/h2>\n\n\n\n<p class=\"has-text-color\" style=\"color:#000000;font-size:14px\">Durant l&rsquo;ann\u00e9e 2025, nous avons pour objectif de mener une s\u00e9rie de pr\u00e9sentations au sein de\u00a0plusieurs \u00e9tablissements scolaires de la Porte du Hainaut. Il s&rsquo;agit d&rsquo;enseigner la\u00a0<em>Cantil\u00e8ne\u00a0de\u00a0sainte Eulalie<\/em>, premier texte litt\u00e9raire en langue romane \u00e9crit dans les ann\u00e9es 880.\u00a0<\/p>\n\n\n\n<p class=\"has-small-font-size\">Cette intervention, men\u00e9e au sein m\u00eame&nbsp;de&nbsp;l&rsquo;\u00e9tablissement scolaire, permettra aux \u00e9l\u00e8ves&nbsp;de&nbsp;d\u00e9couvrir ce texte embl\u00e9matique pour le territoire, gr\u00e2ce \u00e0 une interaction entre la recherche et la cr\u00e9ation -par le biais non seulement d&rsquo;une pr\u00e9sentation, mais aussi d&rsquo;un atelier ax\u00e9 sur le premier point.&nbsp;<\/p>\n\n\n\n<div class=\"wp-block-buttons is-layout-flex wp-block-buttons-is-layout-flex\">\n<div class=\"wp-block-button is-style-fill\"><a class=\"wp-block-button__link wp-element-button\" href=\"https:\/\/www.chaire-tvp.com\/go\/index.php\/event\/la-cantilene-de-sainte-eulalie-2\/\">D\u00e9couvrir<\/a><\/div>\n\n\n\n<div class=\"wp-block-button\"><a class=\"wp-block-button__link wp-element-button\" href=\"https:\/\/www.chaire-tvp.com\/go\/index.php\/enseigner-la-cantilene-de-sainte-eulalie\/\">\ud83d\udcf7<\/a><\/div>\n<\/div>\n<\/div><\/div>\n<\/div><\/div>\n\n\n\n<hr class=\"wp-block-separator has-alpha-channel-opacity is-style-dots\"\/>\n","protected":false},"excerpt":{"rendered":"","protected":false},"author":1,"featured_media":0,"parent":0,"menu_order":0,"comment_status":"closed","ping_status":"closed","template":"","meta":{"_editorskit_title_hidden":false,"_editorskit_reading_time":0,"_editorskit_is_block_options_detached":false,"_editorskit_block_options_position":"{}","inline_featured_image":false,"ngg_post_thumbnail":0,"_EventAllDay":false,"_EventTimezone":"","_EventStartDate":"","_EventEndDate":"","_EventStartDateUTC":"","_EventEndDateUTC":"","_EventShowMap":false,"_EventShowMapLink":false,"_EventURL":"","_EventCost":"","_EventCostDescription":"","_EventCurrencySymbol":"","_EventCurrencyCode":"","_EventCurrencyPosition":"","_EventDateTimeSeparator":"","_EventTimeRangeSeparator":"","_EventOrganizerID":[],"_EventVenueID":[],"_OrganizerEmail":"","_OrganizerPhone":"","_OrganizerWebsite":"","_VenueAddress":"","_VenueCity":"","_VenueCountry":"","_VenueProvince":"","_VenueState":"","_VenueZip":"","_VenuePhone":"","_VenueURL":"","_VenueStateProvince":"","_VenueLat":"","_VenueLng":"","_VenueShowMap":false,"_VenueShowMapLink":false,"footnotes":""},"class_list":["post-2056","page","type-page","status-publish","hentry"],"jetpack_sharing_enabled":true,"_links":{"self":[{"href":"https:\/\/www.chaire-tvp.com\/go\/index.php\/wp-json\/wp\/v2\/pages\/2056","targetHints":{"allow":["GET"]}}],"collection":[{"href":"https:\/\/www.chaire-tvp.com\/go\/index.php\/wp-json\/wp\/v2\/pages"}],"about":[{"href":"https:\/\/www.chaire-tvp.com\/go\/index.php\/wp-json\/wp\/v2\/types\/page"}],"author":[{"embeddable":true,"href":"https:\/\/www.chaire-tvp.com\/go\/index.php\/wp-json\/wp\/v2\/users\/1"}],"replies":[{"embeddable":true,"href":"https:\/\/www.chaire-tvp.com\/go\/index.php\/wp-json\/wp\/v2\/comments?post=2056"}],"version-history":[{"count":9,"href":"https:\/\/www.chaire-tvp.com\/go\/index.php\/wp-json\/wp\/v2\/pages\/2056\/revisions"}],"predecessor-version":[{"id":2714,"href":"https:\/\/www.chaire-tvp.com\/go\/index.php\/wp-json\/wp\/v2\/pages\/2056\/revisions\/2714"}],"wp:attachment":[{"href":"https:\/\/www.chaire-tvp.com\/go\/index.php\/wp-json\/wp\/v2\/media?parent=2056"}],"curies":[{"name":"wp","href":"https:\/\/api.w.org\/{rel}","templated":true}]}}