{"id":2054,"date":"2025-02-11T13:52:48","date_gmt":"2025-02-11T13:52:48","guid":{"rendered":"https:\/\/www.chaire-tvp.com\/go\/?page_id=2054"},"modified":"2025-06-23T21:26:59","modified_gmt":"2025-06-23T21:26:59","slug":"reenchanter-le-patrimoine","status":"publish","type":"page","link":"https:\/\/www.chaire-tvp.com\/go\/index.php\/reenchanter-le-patrimoine\/","title":{"rendered":"R\u00e9enchanter le patrimoine"},"content":{"rendered":"\n<div class=\"wp-block-cover alignfull has-ti-bg-inv-color has-text-color has-link-color wp-elements-61d0c414cedb69b8a45f9e832dab740f\" style=\"min-height:888px;aspect-ratio:unset;aspect-ratio:unset;\"><span aria-hidden=\"true\" class=\"wp-block-cover__background has-ti-bg-alt-background-color has-background-dim-100 has-background-dim\"><\/span><div class=\"wp-block-cover__inner-container is-layout-flow wp-block-cover-is-layout-flow\">\n<div class=\"wp-block-media-text alignwide is-stacked-on-mobile is-vertically-aligned-center is-image-fill\" style=\"grid-template-columns:40% auto\"><figure class=\"wp-block-media-text__media\" style=\"background-image:url(https:\/\/www.chaire-tvp.com\/go\/wp-content\/uploads\/2025\/02\/indochine_francoisc-691x1024.jpg);background-position:50% 50%\"><a href=\"https:\/\/www.uphf.fr\/agenda\/exposition-francois-catonne-29\/0325\/04\"><img fetchpriority=\"high\" decoding=\"async\" width=\"691\" height=\"1024\" src=\"https:\/\/www.chaire-tvp.com\/go\/wp-content\/uploads\/2025\/02\/indochine_francoisc-691x1024.jpg\" alt=\"\" class=\"wp-image-2209 size-full\" srcset=\"https:\/\/www.chaire-tvp.com\/go\/wp-content\/uploads\/2025\/02\/indochine_francoisc-691x1024.jpg 691w, https:\/\/www.chaire-tvp.com\/go\/wp-content\/uploads\/2025\/02\/indochine_francoisc-202x300.jpg 202w, https:\/\/www.chaire-tvp.com\/go\/wp-content\/uploads\/2025\/02\/indochine_francoisc-768x1139.jpg 768w, https:\/\/www.chaire-tvp.com\/go\/wp-content\/uploads\/2025\/02\/indochine_francoisc-1036x1536.jpg 1036w, https:\/\/www.chaire-tvp.com\/go\/wp-content\/uploads\/2025\/02\/indochine_francoisc.jpg 1079w\" sizes=\"(max-width: 691px) 100vw, 691px\" \/><\/a><\/figure><div class=\"wp-block-media-text__content\">\n<div class=\"wp-block-group has-ti-fg-alt-color has-text-color is-layout-constrained wp-block-group-is-layout-constrained\">\n<h2 class=\"wp-block-heading alignwide has-ti-fg-color has-text-color has-link-color has-x-large-font-size wp-elements-562b20625db1624c2b6efe165f564c3d\">Travail autour des photographies de Fran\u00e7ois Catonn\u00e9<\/h2>\n\n\n\n<p class=\"has-text-align-left has-ti-fg-color has-text-color has-link-color has-normal-font-size wp-elements-d98728bb3b980b97f24178ed1c972aa0\">Avec des \u00e9l\u00e8ves du Lyc\u00e9e Antoine Watteau<br>Intervenants : Blandine Legrand, J\u00e9r\u00e9my Tainmont, Aur\u00e9lie Boulanger<\/p>\n\n\n\n<blockquote class=\"wp-block-quote is-layout-flow wp-block-quote-is-layout-flow\">\n<p class=\"has-text-align-left has-ti-fg-color has-text-color has-link-color has-medium-font-size wp-elements-7dc933a913e6168257061c243d433e37\">\u00c0 cette occasion, trois rencontres ont eu lieu :<\/p>\n<\/blockquote>\n\n\n\n<div class=\"wp-block-buttons is-content-justification-left is-layout-flex wp-container-core-buttons-is-layout-1 wp-block-buttons-is-layout-flex\">\n<div class=\"wp-block-button\"><a class=\"wp-block-button__link has-ti-bg-color has-text-color has-link-color has-text-align-center wp-element-button\" href=\"https:\/\/www.chaire-tvp.com\/go\/index.php\/event\/visite-de-lexposition-image-voyage-visage-de-francois-catonne\/\">Visite de l&rsquo;exposition<\/a><\/div>\n\n\n\n<div class=\"wp-block-button\"><a class=\"wp-block-button__link has-text-align-center wp-element-button\" href=\"https:\/\/www.chaire-tvp.com\/go\/index.php\/event\/visite-et-atelier-autour-de-lexposition-image-voyage-visage-de-francois-catonne\/\">Atelier<\/a><\/div>\n\n\n\n<div class=\"wp-block-button\"><a class=\"wp-block-button__link has-text-align-center wp-element-button\" href=\"https:\/\/www.chaire-tvp.com\/go\/index.php\/event\/3-traitement-des-images-photographiques-le-29-mai\/\">Traitement des photos<\/a><\/div>\n<\/div>\n\n\n\n<p><\/p>\n<\/div>\n\n\n\n<div class=\"wp-block-group is-layout-constrained wp-block-group-is-layout-constrained\">\n<blockquote class=\"wp-block-quote is-layout-flow wp-block-quote-is-layout-flow\">\n<p class=\"has-white-color has-text-color has-link-color wp-elements-979771b550116b15e1702fccc2cbfceb\"><mark style=\"background-color:rgba(0, 0, 0, 0)\" class=\"has-inline-color has-ti-fg-color\">RESTITUTIONS DE CES JOURN\u00c9ES<\/mark><\/p>\n<\/blockquote>\n\n\n\n<ol class=\"wp-block-list\">\n<li><strong> <span style=\"text-decoration: underline;\"><a href=\"https:\/\/www.chaire-tvp.com\/go\/index.php\/travail-autour-de-francois-catonne\/\" data-type=\"page\" data-id=\"558\"><mark style=\"background-color:rgba(0, 0, 0, 0)\" class=\"has-inline-color has-ti-accent-secondary-color\">Visite de l&rsquo;exposition<\/mark><\/a><\/span><\/strong><mark style=\"background-color:rgba(0, 0, 0, 0)\" class=\"has-inline-color has-ti-fg-color\"><strong> &#8211; 10 avril 2024<\/strong><\/mark> \ud83d\udcf7<\/li>\n\n\n\n<li><mark style=\"background-color:rgba(0, 0, 0, 0)\" class=\"has-inline-color has-ti-fg-color\"><strong> <\/strong><\/mark><strong><span style=\"text-decoration: underline;\"><a href=\"https:\/\/www.chaire-tvp.com\/go\/index.php\/deambulation-dans-les-villes-de-saint-amand-les-eaux-et-wallers-arenberg\/\" data-type=\"page\" data-id=\"626\"><mark style=\"background-color:rgba(0, 0, 0, 0)\" class=\"has-inline-color has-ti-accent-secondary-color\">D\u00e9ambulation au sein de Wallers et Saint-Amand-Les-Eaux<\/mark><\/a><\/span><\/strong><mark style=\"background-color:rgba(0, 0, 0, 0)\" class=\"has-inline-color has-ti-fg-color\"><strong> &#8211; 15 mai 2024<\/strong><\/mark> \ud83d\udcf7<\/li>\n\n\n\n<li><strong><span style=\"text-decoration: underline;\"><a href=\"https:\/\/www.chaire-tvp.com\/go\/index.php\/traitement-des-photographies\/\" data-type=\"page\" data-id=\"677\"><mark style=\"background-color:rgba(0, 0, 0, 0)\" class=\"has-inline-color has-ti-accent-secondary-color\">Traitement des photographies<\/mark><\/a><\/span><\/strong><mark style=\"background-color:rgba(0, 0, 0, 0)\" class=\"has-inline-color has-ti-fg-color\"><strong> &#8211; 29 mai 2024<\/strong><\/mark> \ud83d\udcf7<\/li>\n<\/ol>\n\n\n\n<div class=\"wp-block-buttons is-layout-flex wp-block-buttons-is-layout-flex\">\n<div class=\"wp-block-button\"><a class=\"wp-block-button__link wp-element-button\" href=\"https:\/\/www.chaire-tvp.com\/go\/index.php\/837-2\/\">Aper\u00e7u du travail r\u00e9alis\u00e9 par les \u00e9l\u00e8ves<\/a><\/div>\n\n\n\n<div class=\"wp-block-button\"><a class=\"wp-block-button__link wp-element-button\" href=\"https:\/\/www.chaire-tvp.com\/go\/index.php\/making-of\/\">Making Of<\/a><\/div>\n<\/div>\n\n\n\n<div class=\"wp-block-group is-nowrap is-layout-flex wp-container-core-group-is-layout-2 wp-block-group-is-layout-flex\">\n<blockquote class=\"wp-block-quote is-layout-flow wp-block-quote-is-layout-flow\">\n<p class=\"has-ti-fg-color has-text-color has-link-color has-normal-font-size wp-elements-8fa07b64e7f61102c390ecd020ee0c14\"><a href=\"https:\/\/www.chaire-tvp.com\/go\/index.php\/autour-de-saint-amand-les-eaux-et-wallers-arenberg\/\" data-type=\"page\" data-id=\"1634\"><mark style=\"background-color:rgba(0, 0, 0, 0)\" class=\"has-inline-color has-ti-accent-secondary-color\">En apprendre davantage sur les communes de Saint-Amand-Les-Eaux et Wallers-Arenberg<\/mark><\/a><\/p>\n<\/blockquote>\n\n\n\n<div class=\"wp-block-buttons is-layout-flex wp-block-buttons-is-layout-flex\"><\/div>\n<\/div>\n<\/div>\n<\/div><\/div>\n<\/div><\/div>\n\n\n\n<hr class=\"wp-block-separator has-alpha-channel-opacity is-style-dots\"\/>\n\n\n\n<div class=\"wp-block-cover alignfull has-ti-fg-color has-text-color has-link-color wp-elements-46ead39490d71276ed4ac9e476fd57ae\" style=\"min-height:783px;aspect-ratio:unset;aspect-ratio:unset;\"><span aria-hidden=\"true\" class=\"wp-block-cover__background has-ti-bg-alt-background-color has-background-dim-100 has-background-dim\"><\/span><div class=\"wp-block-cover__inner-container is-layout-flow wp-block-cover-is-layout-flow\">\n<div class=\"wp-block-media-text alignwide is-stacked-on-mobile is-vertically-aligned-center is-image-fill\" style=\"grid-template-columns:40% auto\"><figure class=\"wp-block-media-text__media\" style=\"background-image:url(https:\/\/www.chaire-tvp.com\/go\/wp-content\/uploads\/2024\/07\/d4a8c3_43264def701e43bdbc36d18acafd0f9e-1.webp);background-position:50% 50%\"><a href=\"https:\/\/www.lacalecheavesnoise.fr\/\"><img decoding=\"async\" width=\"490\" height=\"536\" src=\"https:\/\/www.chaire-tvp.com\/go\/wp-content\/uploads\/2024\/07\/d4a8c3_43264def701e43bdbc36d18acafd0f9e-1.webp\" alt=\"\" class=\"wp-image-938 size-full\" srcset=\"https:\/\/www.chaire-tvp.com\/go\/wp-content\/uploads\/2024\/07\/d4a8c3_43264def701e43bdbc36d18acafd0f9e-1.webp 490w, https:\/\/www.chaire-tvp.com\/go\/wp-content\/uploads\/2024\/07\/d4a8c3_43264def701e43bdbc36d18acafd0f9e-1-274x300.webp 274w\" sizes=\"(max-width: 490px) 100vw, 490px\" \/><\/a><\/figure><div class=\"wp-block-media-text__content\">\n<p class=\"has-text-align-left has-ti-bg-inv-color has-text-color has-link-color has-x-large-font-size wp-elements-7c56570cf4c21675fe551131e636116d\"><strong>Balade \u00e0 cal\u00e8che <\/strong><\/p>\n\n\n\n<blockquote class=\"wp-block-quote has-ti-bg-color has-text-color has-link-color wp-elements-31ac7c48ac5be7e9982f98b57bd1e895 is-layout-flow wp-block-quote-is-layout-flow\">\n<p class=\"has-ti-bg-inv-color has-text-color has-link-color wp-elements-7dcca8f834055edc42c966c2dc65e5a9\">Autour de la Place Casimir P\u00e9rier (Wallers-Arenberg)<\/p>\n<\/blockquote>\n\n\n\n<p class=\"has-text-align-left has-ti-bg-inv-color has-text-color has-link-color has-normal-font-size wp-elements-363c554fa7eec783577b2d34e5ac7e07\"><strong>Mardi 2 juillet 2024<\/strong><\/p>\n\n\n\n<p class=\"has-text-align-left has-ti-bg-inv-color has-text-color has-link-color has-small-font-size wp-elements-4b3408b7aae9261ef213289b6704c52d\">Participation de la Cal\u00e8che Avesnoise (Avesnes-Le-Sec). <\/p>\n\n\n\n<p class=\"has-text-align-left has-ti-bg-inv-color has-text-color has-link-color has-small-font-size wp-elements-eee8e3cfe6a96d100ae7cc8295141399\">Cette balade a ainsi permis de pr\u00e9senter le patrimoine autour de la Place Casimir P\u00e9rier aux habitants et passagers.<br>Un audio-guide a ainsi \u00e9t\u00e9 r\u00e9alis\u00e9 par l&rsquo;Office de Tourisme &#8211; La Porte du Hainaut, diffus\u00e9 \u00e0 chaque passage. Nous vous invitons \u00e0 l&rsquo;\u00e9couter \u00e9galement afin d&rsquo;en d\u00e9couvrir davantage sur le circuit autour de la Place !<\/p>\n\n\n\n<div class=\"wp-block-buttons is-layout-flex wp-block-buttons-is-layout-flex\">\n<div class=\"wp-block-button\"><a class=\"wp-block-button__link wp-element-button\" href=\"https:\/\/www.chaire-tvp.com\/go\/index.php\/event\/balades-a-caleche-avec-la-caleche-avesnoise-avesnes-le-sec-2\/\">D\u00e9couvrir<\/a><\/div>\n\n\n\n<div class=\"wp-block-button is-style-fill\"><a class=\"wp-block-button__link has-ti-bg-color has-text-color has-link-color wp-element-button\" href=\"https:\/\/www.chaire-tvp.com\/go\/index.php\/balade-a-caleche-autour-de-la-place-casimir-perier-wallers-arenberg\/\">\ud83d\udcf7<\/a><\/div>\n<\/div>\n\n\n\n<p><\/p>\n\n\n\n<div class=\"wp-block-group is-nowrap is-layout-flex wp-container-core-group-is-layout-4 wp-block-group-is-layout-flex\">\n<blockquote class=\"wp-block-quote is-layout-flow wp-block-quote-is-layout-flow\">\n<p class=\"has-ti-bg-inv-color has-text-color has-link-color has-normal-font-size wp-elements-614afb174d64d0237e2ad1d19bb6b107\"><a href=\"https:\/\/www.lacalecheavesnoise.fr\/\" data-type=\"link\" data-id=\"https:\/\/www.lacalecheavesnoise.fr\/\"><mark style=\"background-color:rgba(0, 0, 0, 0)\" class=\"has-inline-color has-ti-accent-secondary-color\">En apprendre davantage sur la Cal\u00e8che Avesnoise<\/mark><\/a><\/p>\n<\/blockquote>\n<\/div>\n<\/div><\/div>\n<\/div><\/div>\n\n\n\n<hr class=\"wp-block-separator has-alpha-channel-opacity is-style-dots\"\/>\n\n\n\n<div class=\"wp-block-cover alignfull has-ti-fg-color has-text-color has-link-color wp-elements-04117dff69bc9cb7f05fb7fa5de84f70\" style=\"min-height:590px;aspect-ratio:unset;aspect-ratio:unset;\"><span aria-hidden=\"true\" class=\"wp-block-cover__background has-ti-bg-alt-background-color has-background-dim-100 has-background-dim\"><\/span><div class=\"wp-block-cover__inner-container is-layout-flow wp-block-cover-is-layout-flow\">\n<div class=\"wp-block-media-text alignwide is-stacked-on-mobile is-vertically-aligned-center is-image-fill\" style=\"grid-template-columns:24% auto\"><figure class=\"wp-block-media-text__media\" style=\"background-image:url(https:\/\/www.chaire-tvp.com\/go\/wp-content\/uploads\/2025\/04\/logo-w-1.png);background-position:50% 50%\"><a href=\"https:\/\/www.lacalecheavesnoise.fr\/\"><img decoding=\"async\" width=\"410\" height=\"267\" src=\"https:\/\/www.chaire-tvp.com\/go\/wp-content\/uploads\/2025\/04\/logo-w-1.png\" alt=\"\" class=\"wp-image-2438 size-full\" srcset=\"https:\/\/www.chaire-tvp.com\/go\/wp-content\/uploads\/2025\/04\/logo-w-1.png 410w, https:\/\/www.chaire-tvp.com\/go\/wp-content\/uploads\/2025\/04\/logo-w-1-300x195.png 300w\" sizes=\"(max-width: 410px) 100vw, 410px\" \/><\/a><\/figure><div class=\"wp-block-media-text__content\">\n<p class=\"has-text-align-left has-ti-bg-inv-color has-text-color has-link-color has-medium-font-size wp-elements-84b21cef3e644c7798f76b90da4891f9\"><strong><br><br>Nathalie Watteyne et la Chaire TVP laur\u00e9ates de l\u2019appel \u00e0 projet de la Maison des Sciences de l\u2019Homme et de la Soci\u00e9t\u00e9 de Lille (MESHS) de mobilit\u00e9 entrante<\/strong><\/p>\n\n\n\n<blockquote class=\"wp-block-quote has-ti-bg-color has-text-color has-link-color wp-elements-6b73a10566afb9c51d703410766fa83a is-layout-flow wp-block-quote-is-layout-flow\">\n<p><\/p>\n<\/blockquote>\n\n\n\n<p class=\"has-text-align-left has-ti-bg-inv-color has-text-color has-link-color has-small-font-size wp-elements-68c4c35d0993b27dce162831602fb3b9\"><strong>Janvier 2025<\/strong><\/p>\n\n\n\n<p class=\"has-text-align-left has-ti-bg-inv-color has-text-color has-link-color has-small-font-size wp-elements-998b7f54cb9524bebfc58b9f9499671f\">Le projet de mobilit\u00e9 entrante de la MESHS permet d\u2019accueillir des chercheurs internationaux pour dynamiser les collaborations en sciences humaines et sociales. Cette ann\u00e9e, la mobilit\u00e9 entrante est d\u00e9di\u00e9e \u00e0 Nathalie Watteyne, directrice de l\u2019Axe \u00ab \u00c9critures et visions du patrimoine \u00bb de la Chaire TVP pour le projet \u00ab Figures, \u00e9crits et voix de femmes du Nord \u00bb, port\u00e9 par Nathalie Watteyne et Audrey Coudevylle. Le projet a pour objectif de valoriser les contributions et les images f\u00e9minines du Nord de la France dans la litt\u00e9rature et les arts du spectacle, \u00e0 travers un travail scientifique et des actions culturelles engag\u00e9es.<\/p>\n<\/div><\/div>\n<\/div><\/div>\n\n\n\n<hr class=\"wp-block-separator has-alpha-channel-opacity is-style-dots\"\/>\n\n\n\n<div class=\"wp-block-cover alignfull has-ti-fg-color has-text-color has-link-color wp-elements-4b5b1667ec8e4a925ff3cd881b20b9eb\" style=\"min-height:783px;aspect-ratio:unset;aspect-ratio:unset;\"><span aria-hidden=\"true\" class=\"wp-block-cover__background has-ti-bg-alt-background-color has-background-dim-100 has-background-dim\"><\/span><div class=\"wp-block-cover__inner-container is-layout-flow wp-block-cover-is-layout-flow\">\n<div class=\"wp-block-media-text alignwide is-stacked-on-mobile is-vertically-aligned-center is-image-fill\" style=\"grid-template-columns:40% auto\"><figure class=\"wp-block-media-text__media\" style=\"background-image:url(https:\/\/www.chaire-tvp.com\/go\/wp-content\/uploads\/2025\/06\/img073-1024x667.jpg);background-position:65% 52%\"><a href=\"https:\/\/www.lacalecheavesnoise.fr\/\"><img loading=\"lazy\" decoding=\"async\" width=\"1024\" height=\"667\" src=\"https:\/\/www.chaire-tvp.com\/go\/wp-content\/uploads\/2025\/06\/img073-1024x667.jpg\" alt=\"\" class=\"wp-image-2588 size-full\" srcset=\"https:\/\/www.chaire-tvp.com\/go\/wp-content\/uploads\/2025\/06\/img073-1024x667.jpg 1024w, https:\/\/www.chaire-tvp.com\/go\/wp-content\/uploads\/2025\/06\/img073-300x195.jpg 300w, https:\/\/www.chaire-tvp.com\/go\/wp-content\/uploads\/2025\/06\/img073-768x500.jpg 768w, https:\/\/www.chaire-tvp.com\/go\/wp-content\/uploads\/2025\/06\/img073-1536x1000.jpg 1536w, https:\/\/www.chaire-tvp.com\/go\/wp-content\/uploads\/2025\/06\/img073-rotated.jpg 1769w\" sizes=\"(max-width: 1024px) 100vw, 1024px\" \/><\/a><\/figure><div class=\"wp-block-media-text__content\">\n<p class=\"has-text-align-left has-ti-bg-inv-color has-text-color has-link-color has-x-large-font-size wp-elements-9735b9c2fb66d7607461e253eace11a5\"><strong>Autour de Bernard Plossu<\/strong><\/p>\n\n\n\n<blockquote class=\"wp-block-quote has-ti-bg-color has-text-color has-link-color wp-elements-d11dde00294c072849c080d5a72ac8e1 is-layout-flow wp-block-quote-is-layout-flow\">\n<p class=\"has-ti-bg-inv-color has-text-color has-link-color has-normal-font-size wp-elements-31fb04dfcb21f61a556cf522512e6927\">Mus\u00e9e de l&rsquo;Art Photographique, Mortagne-Du-Nord<\/p>\n\n\n\n<p class=\"has-ti-fg-color has-text-color has-link-color has-normal-font-size wp-elements-0549cb619190c8ee3744ea7fb36fee66\">CRP\/, Douchy-Les-Mines<\/p>\n\n\n\n<p class=\"has-ti-fg-color has-text-color has-link-color has-normal-font-size wp-elements-42c1785f901fb80ffb78ca23ae99bfbb\">Sites Usinor Denain et Escaudain<\/p>\n<\/blockquote>\n\n\n\n<p class=\"has-text-align-left has-ti-bg-inv-color has-text-color has-link-color has-normal-font-size wp-elements-09022db4c394706e1bb0f6f6a2564770\"><strong>Mai \u00e0 juillet 2025<\/strong><\/p>\n\n\n\n<p class=\"has-text-align-left has-ti-bg-inv-color has-text-color has-link-color has-small-font-size wp-elements-da04e5948c35cf9912ce4063be70afc5\">Jeudi 15 mai 2025 : Visite du Mus\u00e9e de l&rsquo;Art Photographique, Mortagne-du-Nord<br>Samedi 24 mai 2025 : Journ\u00e9e de d\u00e9couverte et d\u2019informations au CRP\/, Douchy-Les-Mines<br>Jeudi 29 mai 2025 : Photographies d\u2019Usinor avec Nicolas Delfort (collectif <em>Losange Noir<\/em>)<br>Exposition visible au CRP\/ de Douchy-Les-Mines du samedi 5 au vendredi 11 juillet 2025<\/p>\n\n\n\n<div class=\"wp-block-buttons is-layout-flex wp-block-buttons-is-layout-flex\">\n<div class=\"wp-block-button\"><a class=\"wp-block-button__link wp-element-button\" href=\"https:\/\/www.chaire-tvp.com\/go\/index.php\/event\/autour-du-travail-de-bernard-plossu-etape-1\/\">D\u00e9couvrir<\/a><\/div>\n\n\n\n<div class=\"wp-block-button is-style-fill\"><a class=\"wp-block-button__link has-ti-bg-color has-text-color has-link-color wp-element-button\" href=\"https:\/\/www.chaire-tvp.com\/go\/index.php\/photographies-des-journees\/\">\ud83d\udcf7<\/a><\/div>\n\n\n\n<div class=\"wp-block-button\"><a class=\"wp-block-button__link wp-element-button\" href=\"https:\/\/www.chaire-tvp.com\/go\/index.php\/photographies-sur-les-sites-usinor-escaudain-et-denain\/\">Aper\u00e7u du travail r\u00e9alis\u00e9 par les habitant.es<\/a><\/div>\n<\/div>\n\n\n\n<p class=\"has-ti-bg-inv-color has-text-color has-link-color has-normal-font-size wp-elements-372b4a03cab4c9ee73f6aceef3c232ff\"><\/p>\n<\/div><\/div>\n<\/div><\/div>\n","protected":false},"excerpt":{"rendered":"","protected":false},"author":1,"featured_media":0,"parent":0,"menu_order":0,"comment_status":"closed","ping_status":"closed","template":"","meta":{"_editorskit_title_hidden":false,"_editorskit_reading_time":0,"_editorskit_is_block_options_detached":false,"_editorskit_block_options_position":"{}","inline_featured_image":false,"ngg_post_thumbnail":0,"_EventAllDay":false,"_EventTimezone":"","_EventStartDate":"","_EventEndDate":"","_EventStartDateUTC":"","_EventEndDateUTC":"","_EventShowMap":false,"_EventShowMapLink":false,"_EventURL":"","_EventCost":"","_EventCostDescription":"","_EventCurrencySymbol":"","_EventCurrencyCode":"","_EventCurrencyPosition":"","_EventDateTimeSeparator":"","_EventTimeRangeSeparator":"","_EventOrganizerID":[],"_EventVenueID":[],"_OrganizerEmail":"","_OrganizerPhone":"","_OrganizerWebsite":"","_VenueAddress":"","_VenueCity":"","_VenueCountry":"","_VenueProvince":"","_VenueState":"","_VenueZip":"","_VenuePhone":"","_VenueURL":"","_VenueStateProvince":"","_VenueLat":"","_VenueLng":"","_VenueShowMap":false,"_VenueShowMapLink":false,"footnotes":""},"class_list":["post-2054","page","type-page","status-publish","hentry"],"jetpack_sharing_enabled":true,"_links":{"self":[{"href":"https:\/\/www.chaire-tvp.com\/go\/index.php\/wp-json\/wp\/v2\/pages\/2054","targetHints":{"allow":["GET"]}}],"collection":[{"href":"https:\/\/www.chaire-tvp.com\/go\/index.php\/wp-json\/wp\/v2\/pages"}],"about":[{"href":"https:\/\/www.chaire-tvp.com\/go\/index.php\/wp-json\/wp\/v2\/types\/page"}],"author":[{"embeddable":true,"href":"https:\/\/www.chaire-tvp.com\/go\/index.php\/wp-json\/wp\/v2\/users\/1"}],"replies":[{"embeddable":true,"href":"https:\/\/www.chaire-tvp.com\/go\/index.php\/wp-json\/wp\/v2\/comments?post=2054"}],"version-history":[{"count":9,"href":"https:\/\/www.chaire-tvp.com\/go\/index.php\/wp-json\/wp\/v2\/pages\/2054\/revisions"}],"predecessor-version":[{"id":2633,"href":"https:\/\/www.chaire-tvp.com\/go\/index.php\/wp-json\/wp\/v2\/pages\/2054\/revisions\/2633"}],"wp:attachment":[{"href":"https:\/\/www.chaire-tvp.com\/go\/index.php\/wp-json\/wp\/v2\/media?parent=2054"}],"curies":[{"name":"wp","href":"https:\/\/api.w.org\/{rel}","templated":true}]}}