{"id":2049,"date":"2025-02-11T13:55:23","date_gmt":"2025-02-11T13:55:23","guid":{"rendered":"https:\/\/www.chaire-tvp.com\/go\/?page_id=2049"},"modified":"2025-04-09T16:26:56","modified_gmt":"2025-04-09T16:26:56","slug":"histoires-deaux-et-de-charbon","status":"publish","type":"page","link":"https:\/\/www.chaire-tvp.com\/go\/index.php\/histoires-deaux-et-de-charbon\/","title":{"rendered":"Histoires d&rsquo;eaux et de charbon"},"content":{"rendered":"\n<div class=\"wp-block-cover alignfull has-ti-bg-inv-color has-text-color has-link-color wp-elements-d6bd374907c10379ef62902785f512d6\" style=\"min-height:762px;aspect-ratio:unset;aspect-ratio:unset;\"><span aria-hidden=\"true\" class=\"wp-block-cover__background has-ti-bg-alt-background-color has-background-dim-100 has-background-dim\"><\/span><div class=\"wp-block-cover__inner-container is-layout-flow wp-block-cover-is-layout-flow\">\n<div class=\"wp-block-media-text alignwide is-stacked-on-mobile is-vertically-aligned-center is-image-fill\" style=\"grid-template-columns:40% auto\"><figure class=\"wp-block-media-text__media\" style=\"background-image:url(https:\/\/www.chaire-tvp.com\/go\/wp-content\/uploads\/2024\/11\/639bf1cd-faa0-44f2-ad3b-59f5b2596789-1.jpeg);background-position:90% 52%\"><img fetchpriority=\"high\" decoding=\"async\" width=\"532\" height=\"768\" src=\"https:\/\/www.chaire-tvp.com\/go\/wp-content\/uploads\/2024\/11\/639bf1cd-faa0-44f2-ad3b-59f5b2596789-1.jpeg\" alt=\"\" class=\"wp-image-1584 size-full\" srcset=\"https:\/\/www.chaire-tvp.com\/go\/wp-content\/uploads\/2024\/11\/639bf1cd-faa0-44f2-ad3b-59f5b2596789-1.jpeg 532w, https:\/\/www.chaire-tvp.com\/go\/wp-content\/uploads\/2024\/11\/639bf1cd-faa0-44f2-ad3b-59f5b2596789-1-208x300.jpeg 208w\" sizes=\"(max-width: 532px) 100vw, 532px\" \/><\/figure><div class=\"wp-block-media-text__content\">\n<p class=\"has-text-align-center has-black-color has-text-color has-link-color has-x-large-font-size wp-elements-8af614244b19d79a382c5b22969faaf2\"><strong>Journ\u00e9es Europ\u00e9ennes du Patrimoine<\/strong><\/p>\n\n\n\n<blockquote class=\"wp-block-quote has-ti-bg-color has-text-color has-link-color wp-elements-e3ede2726a752206c4473d01b1cfc086 is-layout-flow wp-block-quote-is-layout-flow\">\n<p class=\"has-ti-fg-color has-text-color has-link-color wp-elements-9635ac94678d6ef58c2de37630567825\">Aux Thermes de Saint-Amand-Les-Eaux*<\/p>\n<\/blockquote>\n\n\n\n<p class=\"has-ti-fg-color has-text-color has-link-color wp-elements-029975c5593f5ae2e7a8c07659eaf618\"><strong>Les samedi 21 et dimanche 22 septembre 2024<\/strong><\/p>\n\n\n\n<p class=\"has-ti-fg-color has-text-color has-link-color has-small-font-size wp-elements-5fccb4f82200bf98fd21598c15edb20c\">\u00c0&nbsp;l&rsquo;occasion des Journ\u00e9es Europ\u00e9ennes du Patrimoine&nbsp;<strong>les 21 et 22 septembre 2024<\/strong>, la Chaire Tourisme et Valorisation du Patrimoine* collabore avec les<strong>&nbsp;<a href=\"https:\/\/www.chainethermale.fr\/saint-amand-les-eaux\" data-type=\"link\" data-id=\"https:\/\/www.chainethermale.fr\/saint-amand-les-eaux\">Thermes de Saint-Amand-Les-Eaux<\/a><\/strong>&nbsp;afin de cr\u00e9er une s\u00e9rie d&rsquo;\u00e9v\u00e8nements mettant \u00e0 l&rsquo;honneur ce lieu historique aupr\u00e8s des touristes et habitants.<\/p>\n\n\n\n<p class=\"has-ti-fg-color has-text-color has-link-color has-small-font-size wp-elements-e2f0bbb3f7eb6fd0fa01c6f2f3e0edbb\">*<a href=\"https:\/\/www.google.com\/maps\/place\/\/data=!4m2!3m1!1s0x47c2ef485f59edc9:0xd66761524581a802?sa=X&amp;ved=1t:8290&amp;ictx=111\">1303 Rte la Font Bouillon, 59230 Saint-Amand-les-Eaux<\/a><\/p>\n\n\n\n<div class=\"wp-block-buttons is-layout-flex wp-block-buttons-is-layout-flex\">\n<div class=\"wp-block-button\"><a class=\"wp-block-button__link wp-element-button\" href=\"https:\/\/www.chaire-tvp.com\/go\/index.php\/journees-europeennes-du-patrimoine-aux-thermes-de-saint-amand-les-eaux\/\">D\u00e9couvrir<\/a><\/div>\n<\/div>\n\n\n\n<p><\/p>\n\n\n\n<div class=\"wp-block-group is-nowrap is-layout-flex wp-container-core-group-is-layout-1 wp-block-group-is-layout-flex\">\n<blockquote class=\"wp-block-quote is-layout-flow wp-block-quote-is-layout-flow\">\n<p class=\"has-ti-fg-color has-text-color has-link-color wp-elements-dd3bf816cd5f6a4ac9a2525688ebc052\">Productions r\u00e9alis\u00e9es pour les JEP 2024<\/p>\n<\/blockquote>\n\n\n\n<div class=\"wp-block-buttons is-layout-flex wp-block-buttons-is-layout-flex\">\n<div class=\"wp-block-button is-style-outline is-style-outline--3dfdc6488cd268bcc84abf1c148fc70c\"><a class=\"wp-block-button__link wp-element-button\" href=\"https:\/\/www.chaire-tvp.com\/go\/index.php\/autour-des-cartes-postales-2\/\">En savoir plus<\/a><\/div>\n<\/div>\n<\/div>\n<\/div><\/div>\n<\/div><\/div>\n\n\n\n<hr class=\"wp-block-separator has-alpha-channel-opacity is-style-dots\"\/>\n","protected":false},"excerpt":{"rendered":"","protected":false},"author":1,"featured_media":0,"parent":0,"menu_order":0,"comment_status":"closed","ping_status":"closed","template":"","meta":{"_editorskit_title_hidden":false,"_editorskit_reading_time":0,"_editorskit_is_block_options_detached":false,"_editorskit_block_options_position":"{}","inline_featured_image":false,"ngg_post_thumbnail":0,"_EventAllDay":false,"_EventTimezone":"","_EventStartDate":"","_EventEndDate":"","_EventStartDateUTC":"","_EventEndDateUTC":"","_EventShowMap":false,"_EventShowMapLink":false,"_EventURL":"","_EventCost":"","_EventCostDescription":"","_EventCurrencySymbol":"","_EventCurrencyCode":"","_EventCurrencyPosition":"","_EventDateTimeSeparator":"","_EventTimeRangeSeparator":"","_EventOrganizerID":[],"_EventVenueID":[],"_OrganizerEmail":"","_OrganizerPhone":"","_OrganizerWebsite":"","_VenueAddress":"","_VenueCity":"","_VenueCountry":"","_VenueProvince":"","_VenueState":"","_VenueZip":"","_VenuePhone":"","_VenueURL":"","_VenueStateProvince":"","_VenueLat":"","_VenueLng":"","_VenueShowMap":false,"_VenueShowMapLink":false,"footnotes":""},"class_list":["post-2049","page","type-page","status-publish","hentry"],"jetpack_sharing_enabled":true,"_links":{"self":[{"href":"https:\/\/www.chaire-tvp.com\/go\/index.php\/wp-json\/wp\/v2\/pages\/2049","targetHints":{"allow":["GET"]}}],"collection":[{"href":"https:\/\/www.chaire-tvp.com\/go\/index.php\/wp-json\/wp\/v2\/pages"}],"about":[{"href":"https:\/\/www.chaire-tvp.com\/go\/index.php\/wp-json\/wp\/v2\/types\/page"}],"author":[{"embeddable":true,"href":"https:\/\/www.chaire-tvp.com\/go\/index.php\/wp-json\/wp\/v2\/users\/1"}],"replies":[{"embeddable":true,"href":"https:\/\/www.chaire-tvp.com\/go\/index.php\/wp-json\/wp\/v2\/comments?post=2049"}],"version-history":[{"count":7,"href":"https:\/\/www.chaire-tvp.com\/go\/index.php\/wp-json\/wp\/v2\/pages\/2049\/revisions"}],"predecessor-version":[{"id":2454,"href":"https:\/\/www.chaire-tvp.com\/go\/index.php\/wp-json\/wp\/v2\/pages\/2049\/revisions\/2454"}],"wp:attachment":[{"href":"https:\/\/www.chaire-tvp.com\/go\/index.php\/wp-json\/wp\/v2\/media?parent=2049"}],"curies":[{"name":"wp","href":"https:\/\/api.w.org\/{rel}","templated":true}]}}