{"id":2029,"date":"2025-02-10T16:24:34","date_gmt":"2025-02-10T16:24:34","guid":{"rendered":"https:\/\/www.chaire-tvp.com\/go\/?page_id=2029"},"modified":"2025-04-23T14:13:22","modified_gmt":"2025-04-23T14:13:22","slug":"le-sport-comme-levier-de-tourisme-et-de-patrimoine","status":"publish","type":"page","link":"https:\/\/www.chaire-tvp.com\/go\/index.php\/le-sport-comme-levier-de-tourisme-et-de-patrimoine\/","title":{"rendered":"Le sport comme levier de tourisme et de patrimoine"},"content":{"rendered":"\n<div class=\"wp-block-cover alignfull is-light\" style=\"min-height:639px;aspect-ratio:unset;aspect-ratio:unset;\"><span aria-hidden=\"true\" class=\"wp-block-cover__background has-background-dim-100 has-background-dim\" style=\"background-color:#ffffff\"><\/span><div class=\"wp-block-cover__inner-container is-layout-flow wp-block-cover-is-layout-flow\">\n<div class=\"wp-block-media-text alignwide is-stacked-on-mobile is-vertically-aligned-center is-image-fill has-ti-bg-alt-background-color has-background\" style=\"grid-template-columns:40% auto\"><figure class=\"wp-block-media-text__media\" style=\"background-image:url(https:\/\/www.chaire-tvp.com\/go\/wp-content\/uploads\/2025\/02\/770330_affiche-expo-sous_le_velo_les_paves-2480-1024x578.webp);background-position:50% 50%\"><a href=\"https:\/\/www.uphf.fr\/larsh\/exposition-sous-velo-paves-images-paris-roubaix\"><img fetchpriority=\"high\" decoding=\"async\" width=\"1024\" height=\"578\" src=\"https:\/\/www.chaire-tvp.com\/go\/wp-content\/uploads\/2025\/02\/770330_affiche-expo-sous_le_velo_les_paves-2480-1024x578.webp\" alt=\"\" class=\"wp-image-2172 size-full\" srcset=\"https:\/\/www.chaire-tvp.com\/go\/wp-content\/uploads\/2025\/02\/770330_affiche-expo-sous_le_velo_les_paves-2480-1024x578.webp 1024w, https:\/\/www.chaire-tvp.com\/go\/wp-content\/uploads\/2025\/02\/770330_affiche-expo-sous_le_velo_les_paves-2480-300x169.webp 300w, https:\/\/www.chaire-tvp.com\/go\/wp-content\/uploads\/2025\/02\/770330_affiche-expo-sous_le_velo_les_paves-2480-768x434.webp 768w, https:\/\/www.chaire-tvp.com\/go\/wp-content\/uploads\/2025\/02\/770330_affiche-expo-sous_le_velo_les_paves-2480-1536x867.webp 1536w, https:\/\/www.chaire-tvp.com\/go\/wp-content\/uploads\/2025\/02\/770330_affiche-expo-sous_le_velo_les_paves-2480.webp 1984w\" sizes=\"(max-width: 1024px) 100vw, 1024px\" \/><\/a><\/figure><div class=\"wp-block-media-text__content\">\n<p class=\"has-text-align-center has-ti-bg-inv-color has-text-color has-link-color has-x-large-font-size wp-elements-c5e88b241032244ecfee1d7af7e551a0\"><strong>\u00ab\u00a0Sous le v\u00e9lo, les pav\u00e9s\u00a0\u00bb<\/strong><\/p>\n\n\n\n<blockquote class=\"wp-block-quote is-layout-flow wp-block-quote-is-layout-flow\">\n<p>Site Minier d&rsquo;Arenberg &#8211; La Porte du Hainaut<br>Hall des Compresseurs<\/p>\n<\/blockquote>\n\n\n\n<p><strong>Exposition du 5 au 15 avril 2023<\/strong><\/p>\n\n\n\n<p class=\"has-small-font-size\"><strong>L\u2019Universit\u00e9 Polytechnique Hauts-de-France en collaboration avec la&nbsp;CAPH organisent une exposition in\u00e9dite sur les images du Paris-Roubaix<\/strong>. Dans le cadre de la Semaine olympique et paralympique (SOP).<\/p>\n\n\n\n<div class=\"wp-block-buttons is-layout-flex wp-block-buttons-is-layout-flex\">\n<div class=\"wp-block-button\"><a class=\"wp-block-button__link wp-element-button\" href=\"https:\/\/www.chaire-tvp.com\/go\/index.php\/event\/sous-le-velo-les-paves\/\">D\u00e9couvrir<\/a><\/div>\n\n\n\n<div class=\"wp-block-button\"><a class=\"wp-block-button__link wp-element-button\" href=\"https:\/\/www.chaire-tvp.com\/go\/index.php\/sous-le-velo-les-paves\/\">\ud83d\udcf7<\/a><\/div>\n<\/div>\n\n\n\n<p><\/p>\n\n\n\n<p><\/p>\n<\/div><\/div>\n<\/div><\/div>\n\n\n\n<hr class=\"wp-block-separator has-alpha-channel-opacity is-style-dots\"\/>\n\n\n\n<div class=\"wp-block-cover alignfull is-light\" style=\"min-height:658px;aspect-ratio:unset;aspect-ratio:unset;\"><span aria-hidden=\"true\" class=\"wp-block-cover__background has-background-dim-100 has-background-dim\" style=\"background-color:#ffffff\"><\/span><div class=\"wp-block-cover__inner-container is-layout-flow wp-block-cover-is-layout-flow\">\n<div class=\"wp-block-media-text alignwide is-stacked-on-mobile is-vertically-aligned-center has-ti-bg-alt-background-color has-background has-normal-font-size\" style=\"grid-template-columns:40% auto\"><figure class=\"wp-block-media-text__media\"><img decoding=\"async\" width=\"1024\" height=\"535\" src=\"https:\/\/www.chaire-tvp.com\/go\/wp-content\/uploads\/2025\/02\/EDF-1024x535.jpg\" alt=\"\" class=\"wp-image-2136 size-full\" srcset=\"https:\/\/www.chaire-tvp.com\/go\/wp-content\/uploads\/2025\/02\/EDF-1024x535.jpg 1024w, https:\/\/www.chaire-tvp.com\/go\/wp-content\/uploads\/2025\/02\/EDF-300x157.jpg 300w, https:\/\/www.chaire-tvp.com\/go\/wp-content\/uploads\/2025\/02\/EDF-768x401.jpg 768w, https:\/\/www.chaire-tvp.com\/go\/wp-content\/uploads\/2025\/02\/EDF-1536x803.jpg 1536w, https:\/\/www.chaire-tvp.com\/go\/wp-content\/uploads\/2025\/02\/EDF.jpg 1881w\" sizes=\"(max-width: 1024px) 100vw, 1024px\" \/><\/figure><div class=\"wp-block-media-text__content\">\n<p class=\"has-text-align-center has-x-large-font-size\"><strong>Diffusion de travaux \u00e9tudiants sur la TAR EDF de Bouchain<\/strong><\/p>\n\n\n\n<blockquote class=\"wp-block-quote is-layout-flow wp-block-quote-is-layout-flow\">\n<p>EDF Site thermique de Bouchain<\/p>\n<\/blockquote>\n\n\n\n<p><strong>Inauguration le 16 juillet 2024<br>Diffusion les soirs du 16 juillet au 8 ao\u00fbt et du 1er au 8 septembre<\/strong><\/p>\n\n\n\n<p class=\"has-ti-fg-color has-text-color has-link-color wp-elements-ea1783b2fb1044cb47c7a87da20f5103\">Projet en lien avec EDF (Bouchain), Point Triple (Lille) et le Service Culturel de l&rsquo;UPHF<\/p>\n\n\n\n<p class=\"has-ti-fg-color has-text-color has-link-color has-small-font-size wp-elements-ac4ebc43197686ae3d02f1fee03dc432\">Ce projet permet de valoriser des travaux d&rsquo;\u00e9tudiants de l&rsquo;UPHF, et plus pr\u00e9cis\u00e9ment du module d&rsquo;ouverture bande dessin\u00e9e. Quelques \u00e9tudiants se sont ainsi port\u00e9s volontaires pour dessiner des repr\u00e9sentations sportives, directement en lien avec les Jeux Paralympiques 2024. Elles ont \u00e9t\u00e9 valoris\u00e9es sur la TAR EDF de Bouchain durant plusieurs soirs gr\u00e2ce \u00e0 un syst\u00e8me de lasers projet\u00e9s sur l&rsquo;immense tour&nbsp;a\u00e9ror\u00e9frig\u00e9rante de 125 m\u00e8tres.<\/p>\n\n\n\n<div class=\"wp-block-buttons is-layout-flex wp-block-buttons-is-layout-flex\">\n<div class=\"wp-block-button\"><a class=\"wp-block-button__link wp-element-button\" href=\"https:\/\/www.chaire-tvp.com\/go\/index.php\/event\/diffusion-de-travaux-etudiants-sur-la-tar-edf-de-bouchain\/\">D\u00e9couvrir<\/a><\/div>\n\n\n\n<div class=\"wp-block-button\"><a class=\"wp-block-button__link wp-element-button\" href=\"https:\/\/www.chaire-tvp.com\/go\/index.php\/tar-edf-de-bouchain\/\">\ud83d\udcf7<\/a><\/div>\n<\/div>\n\n\n\n<p><\/p>\n\n\n\n<div class=\"wp-block-group is-nowrap is-layout-flex wp-container-core-group-is-layout-1 wp-block-group-is-layout-flex\">\n<blockquote class=\"wp-block-quote is-layout-flow wp-block-quote-is-layout-flow\">\n<p class=\"has-normal-font-size\"><a href=\"https:\/\/www.edf.fr\/centrale-thermique-bouchain\"><mark style=\"background-color:rgba(0, 0, 0, 0)\" class=\"has-inline-color has-ti-accent-secondary-color\">La centrale thermique de Bouchain<\/mark><\/a><\/p>\n<\/blockquote>\n<\/div>\n\n\n\n<p><\/p>\n<\/div><\/div>\n<\/div><\/div>\n\n\n\n<hr class=\"wp-block-separator has-alpha-channel-opacity is-style-dots\"\/>\n\n\n\n<div class=\"wp-block-cover alignfull\" style=\"min-height:651px;aspect-ratio:unset;aspect-ratio:unset;\"><span aria-hidden=\"true\" class=\"wp-block-cover__background has-ti-bg-alt-background-color has-background-dim-100 has-background-dim\"><\/span><div class=\"wp-block-cover__inner-container is-layout-flow wp-block-cover-is-layout-flow\">\n<div class=\"wp-block-media-text alignwide is-stacked-on-mobile is-vertically-aligned-center is-image-fill\" style=\"grid-template-columns:40% auto\"><figure class=\"wp-block-media-text__media\" style=\"background-image:url(https:\/\/www.chaire-tvp.com\/go\/wp-content\/uploads\/2025\/02\/IMG_0206-2-1024x576.jpg);background-position:3% 57%\"><img decoding=\"async\" width=\"1024\" height=\"576\" src=\"https:\/\/www.chaire-tvp.com\/go\/wp-content\/uploads\/2025\/02\/IMG_0206-2-1024x576.jpg\" alt=\"\" class=\"wp-image-2093 size-full\" srcset=\"https:\/\/www.chaire-tvp.com\/go\/wp-content\/uploads\/2025\/02\/IMG_0206-2-1024x576.jpg 1024w, https:\/\/www.chaire-tvp.com\/go\/wp-content\/uploads\/2025\/02\/IMG_0206-2-300x169.jpg 300w, https:\/\/www.chaire-tvp.com\/go\/wp-content\/uploads\/2025\/02\/IMG_0206-2-768x432.jpg 768w, https:\/\/www.chaire-tvp.com\/go\/wp-content\/uploads\/2025\/02\/IMG_0206-2-1536x864.jpg 1536w, https:\/\/www.chaire-tvp.com\/go\/wp-content\/uploads\/2025\/02\/IMG_0206-2-2048x1152.jpg 2048w\" sizes=\"(max-width: 1024px) 100vw, 1024px\" \/><\/figure><div class=\"wp-block-media-text__content\">\n<h4 class=\"wp-block-heading has-text-align-center has-ti-fg-color has-text-color has-link-color has-large-font-size wp-elements-f99d102d2be0c2d2784fe1155f4e0534\"><strong>Travail avec le Coll\u00e8ge Turgot \u00e0 partir de&nbsp;La Musique dans l\u2019Athl\u00e8te&nbsp;<\/strong><\/h4>\n\n\n\n<blockquote class=\"wp-block-quote has-ti-bg-color has-text-color has-link-color wp-elements-ca6c62a5490f66bf57dce128ee3a03ea is-layout-flow wp-block-quote-is-layout-flow\">\n<p class=\"has-ti-bg-inv-color has-text-color has-link-color wp-elements-83aec65e5889701a4fdc5c6e1c382bdf\">Coll\u00e8ge Turgot (Denain)<\/p>\n<\/blockquote>\n\n\n\n<p class=\"has-ti-fg-color has-text-color has-link-color wp-elements-6de7a46dda491d93f4c9b16d5cd593e5\"><strong>Le jeudi 27 juin 2024<\/strong>, <strong>jeudi 6 f\u00e9vrier 2025<\/strong><\/p>\n\n\n\n<p class=\"has-ti-fg-color has-text-color has-link-color wp-elements-3ffaf23795b486834c7f5372b0618324\">Intervenants : Coll\u00e8ge Turgot, Am\u00e9lie Templus, Samuel Bodart et Yann Coron<\/p>\n\n\n\n<p class=\"has-ti-fg-color has-text-color has-link-color has-small-font-size wp-elements-b82e4589b62dd9a71fa5f8f97efe66c7\"><strong>Etape 1 <\/strong>Cette s\u00e9ance concerne la premi\u00e8re \u00e9tape d&rsquo;un projet men\u00e9 avec le Coll\u00e8ge Turgot (Denain). La prochaine \u00e9tape concernera plus directement le Paris-Roubaix et son tr\u00e8s fameux passage sur la Trou\u00e9e d&rsquo;Arenberg&#8230; Nous aborderons ainsi son histoire avec les \u00e9l\u00e8ves, et irons plus loin encore en tentant d&rsquo;incarner les sons qui accompagnent le parcours sur les c\u00e9l\u00e8bres pav\u00e9s&#8230;<\/p>\n\n\n\n<div class=\"wp-block-buttons is-layout-flex wp-block-buttons-is-layout-flex\">\n<div class=\"wp-block-button\"><a class=\"wp-block-button__link wp-element-button\" href=\"https:\/\/www.chaire-tvp.com\/go\/index.php\/event\/collaboration-avec-le-college-turgot-denain\/\">D\u00e9couvrir<\/a><\/div>\n\n\n\n<div class=\"wp-block-button\"><a class=\"wp-block-button__link wp-element-button\" href=\"https:\/\/www.chaire-tvp.com\/go\/index.php\/travail-avec-le-college-turgot-a-partir-de-la-musique-dans-lathlete-samuel-bodart-yann-coron\/\">\ud83d\udcf7<\/a><\/div>\n<\/div>\n\n\n\n<p class=\"has-ti-fg-color has-text-color has-link-color has-small-font-size wp-elements-2a97a4710f766474fc12e5679ea6c6c7\"><strong>Etape 2 <\/strong>Cette s\u00e9ance a pour objet de travailler avec les \u00e9l\u00e8ves du coll\u00e8ge autour du c\u00e9l\u00e8bre \u00ab\u00a0Paris-Roubaix\u00a0\u00bb -et plus particuli\u00e8rement autour de son histoire. A cette occasion, les \u00e9l\u00e8ves ont produit, accompagn\u00e9s des artistes pr\u00e9sents, un travail sonore \u00e0 partir d&rsquo;une vid\u00e9o datant de 2010 et retra\u00e7ant le passage de cyclistes sur la Trou\u00e9e d&rsquo;Arenberg -circuit embl\u00e9matique du Paris-Roubaix.<\/p>\n\n\n\n<div class=\"wp-block-buttons is-layout-flex wp-block-buttons-is-layout-flex\">\n<div class=\"wp-block-button\"><a class=\"wp-block-button__link wp-element-button\" href=\"https:\/\/www.chaire-tvp.com\/go\/index.php\/event\/travail-avec-le-college-turgot-a-partir-de-la-musique-dans-lathlete-etape-2\/\">D\u00e9couvrir<\/a><\/div>\n\n\n\n<div class=\"wp-block-button\"><a class=\"wp-block-button__link wp-element-button\">\ud83d\udcf7<\/a><\/div>\n<\/div>\n\n\n\n<p><\/p>\n<\/div><\/div>\n\n\n\n<p><\/p>\n<\/div><\/div>\n\n\n\n<hr class=\"wp-block-separator has-alpha-channel-opacity is-style-dots\"\/>\n\n\n\n<div class=\"wp-block-cover alignfull\" style=\"min-height:771px;aspect-ratio:unset;aspect-ratio:unset;\"><span aria-hidden=\"true\" class=\"wp-block-cover__background has-ti-bg-alt-background-color has-background-dim-100 has-background-dim\"><\/span><div class=\"wp-block-cover__inner-container is-layout-flow wp-block-cover-is-layout-flow\">\n<div class=\"wp-block-media-text alignwide is-stacked-on-mobile is-vertically-aligned-center is-image-fill\" style=\"grid-template-columns:40% auto\"><figure class=\"wp-block-media-text__media\" style=\"background-image:url(https:\/\/www.chaire-tvp.com\/go\/wp-content\/uploads\/2024\/04\/VESTIAIRES-2-1-1-1024x1024.jpg);background-position:50% 49%\"><img loading=\"lazy\" decoding=\"async\" width=\"1024\" height=\"1024\" src=\"https:\/\/www.chaire-tvp.com\/go\/wp-content\/uploads\/2024\/04\/VESTIAIRES-2-1-1-1024x1024.jpg\" alt=\"\" class=\"wp-image-281 size-full\" srcset=\"https:\/\/www.chaire-tvp.com\/go\/wp-content\/uploads\/2024\/04\/VESTIAIRES-2-1-1-1024x1024.jpg 1024w, https:\/\/www.chaire-tvp.com\/go\/wp-content\/uploads\/2024\/04\/VESTIAIRES-2-1-1-300x300.jpg 300w, https:\/\/www.chaire-tvp.com\/go\/wp-content\/uploads\/2024\/04\/VESTIAIRES-2-1-1-150x150.jpg 150w, https:\/\/www.chaire-tvp.com\/go\/wp-content\/uploads\/2024\/04\/VESTIAIRES-2-1-1-768x768.jpg 768w, https:\/\/www.chaire-tvp.com\/go\/wp-content\/uploads\/2024\/04\/VESTIAIRES-2-1-1-1536x1536.jpg 1536w, https:\/\/www.chaire-tvp.com\/go\/wp-content\/uploads\/2024\/04\/VESTIAIRES-2-1-1-2048x2048.jpg 2048w\" sizes=\"(max-width: 1024px) 100vw, 1024px\" \/><\/figure><div class=\"wp-block-media-text__content\">\n<p class=\"has-text-align-center has-ti-bg-inv-color has-text-color has-link-color has-large-font-size wp-elements-5c3cfbb2f005f4b91e0afd5ca7160c41\"><strong>La Musique dans l\u2019Athl\u00e8te&nbsp;<\/strong><br>par Samuel Bodart et Yann Coron<\/p>\n\n\n\n<blockquote class=\"wp-block-quote is-layout-flow wp-block-quote-is-layout-flow\">\n<p class=\"has-ti-fg-color has-text-color has-link-color wp-elements-1bf7afac4cc719786d7f19caf8199402\">Salle des chercheurs<br>Site Minier d&rsquo;Arenberg &#8211; La Porte du Hainaut<\/p>\n<\/blockquote>\n\n\n\n<p class=\"has-ti-fg-color has-text-color has-link-color wp-elements-5cdcf643ffc79a650e0ea5f59b9573f6\"><strong>Le jeudi 10 avril 2025<\/strong><\/p>\n\n\n\n<p class=\"has-ti-fg-color has-text-color has-link-color wp-elements-0ab679bead4320b606647aaffe54a1ce\">Intervenants : Les musiciens Samuel Bodart et Yann Coron, le socio-historien du sport Thierry Arnal, le coureur cycliste Robert Mintkewicz<\/p>\n\n\n\n<p class=\"has-ti-fg-color has-text-color has-link-color has-small-font-size wp-elements-38e96c2046b834fca87e7fe5e51fcaa3\">Samuel Bodart et Yann Coron revisitent l\u2019histoire du sport en musique, avec une s\u00e9quence in\u00e9dite d\u00e9di\u00e9e \u00e0 \ud835\udde3\ud835\uddee\ud835\uddff\ud835\uddf6\ud835\ude00-\ud835\udde5\ud835\uddfc\ud835\ude02\ud835\uddef\ud835\uddee\ud835\uddf6\ud835\ude05.&nbsp;Un projet men\u00e9 avec le Coll\u00e8ge Turgot de Denain sera \u00e9galement pr\u00e9sent\u00e9.<\/p>\n\n\n\n<p class=\"has-ti-fg-color has-text-color has-link-color has-small-font-size wp-elements-4275b9cefd57bf8e945c5d1e69627476\">Suivi d&rsquo;une discussion autour de Paris-Roubaix avec le socio-historien du sport Thierry Arnal et le coureur cycliste Robert Mintkewicz. L\u2019\u00e9change sera ponctu\u00e9 par un verre de l\u2019amiti\u00e9, en compagnie du public et des camping-caristes passionn\u00e9s.<\/p>\n\n\n\n<div class=\"wp-block-buttons is-layout-flex wp-block-buttons-is-layout-flex\">\n<div class=\"wp-block-button\"><a class=\"wp-block-button__link wp-element-button\" href=\"https:\/\/www.chaire-tvp.com\/go\/index.php\/event\/cine-concert-la-musique-dans-lathlete\/\">D\u00e9couvrir<\/a><\/div>\n\n\n\n<div class=\"wp-block-button\"><a class=\"wp-block-button__link wp-element-button\" href=\"https:\/\/www.chaire-tvp.com\/go\/index.php\/la-musique-dans-lathlete\/\">\ud83d\udcf7<\/a><\/div>\n<\/div>\n\n\n\n<p><\/p>\n\n\n\n<div class=\"wp-block-group is-nowrap is-layout-flex wp-container-core-group-is-layout-2 wp-block-group-is-layout-flex\">\n<blockquote class=\"wp-block-quote is-layout-flow wp-block-quote-is-layout-flow\">\n<p class=\"has-ti-fg-color has-text-color has-link-color has-normal-font-size wp-elements-26cde850d9b2d06060e2deb99a7461b4\"><a href=\"https:\/\/www.chaire-tvp.com\/go\/index.php\/en-apprendre-davantage-sur-le-paris-roubaix\/\" data-type=\"link\" data-id=\"https:\/\/www.chaire-tvp.com\/go\/index.php\/en-apprendre-davantage-sur-le-paris-roubaix\/\"><mark style=\"background-color:rgba(0, 0, 0, 0)\" class=\"has-inline-color has-ti-accent-secondary-color\">En apprendre davantage sur le Paris-Roubaix<\/mark><\/a><\/p>\n<\/blockquote>\n<\/div>\n\n\n\n<p><\/p>\n<\/div><\/div>\n<\/div><\/div>\n\n\n\n<hr class=\"wp-block-separator has-alpha-channel-opacity is-style-dots\"\/>\n\n\n\n<p><\/p>\n","protected":false},"excerpt":{"rendered":"","protected":false},"author":1,"featured_media":0,"parent":0,"menu_order":0,"comment_status":"closed","ping_status":"closed","template":"","meta":{"_editorskit_title_hidden":false,"_editorskit_reading_time":0,"_editorskit_is_block_options_detached":false,"_editorskit_block_options_position":"{}","inline_featured_image":false,"ngg_post_thumbnail":0,"_EventAllDay":false,"_EventTimezone":"","_EventStartDate":"","_EventEndDate":"","_EventStartDateUTC":"","_EventEndDateUTC":"","_EventShowMap":false,"_EventShowMapLink":false,"_EventURL":"","_EventCost":"","_EventCostDescription":"","_EventCurrencySymbol":"","_EventCurrencyCode":"","_EventCurrencyPosition":"","_EventDateTimeSeparator":"","_EventTimeRangeSeparator":"","_EventOrganizerID":[],"_EventVenueID":[],"_OrganizerEmail":"","_OrganizerPhone":"","_OrganizerWebsite":"","_VenueAddress":"","_VenueCity":"","_VenueCountry":"","_VenueProvince":"","_VenueState":"","_VenueZip":"","_VenuePhone":"","_VenueURL":"","_VenueStateProvince":"","_VenueLat":"","_VenueLng":"","_VenueShowMap":false,"_VenueShowMapLink":false,"footnotes":""},"class_list":["post-2029","page","type-page","status-publish","hentry"],"jetpack_sharing_enabled":true,"_links":{"self":[{"href":"https:\/\/www.chaire-tvp.com\/go\/index.php\/wp-json\/wp\/v2\/pages\/2029","targetHints":{"allow":["GET"]}}],"collection":[{"href":"https:\/\/www.chaire-tvp.com\/go\/index.php\/wp-json\/wp\/v2\/pages"}],"about":[{"href":"https:\/\/www.chaire-tvp.com\/go\/index.php\/wp-json\/wp\/v2\/types\/page"}],"author":[{"embeddable":true,"href":"https:\/\/www.chaire-tvp.com\/go\/index.php\/wp-json\/wp\/v2\/users\/1"}],"replies":[{"embeddable":true,"href":"https:\/\/www.chaire-tvp.com\/go\/index.php\/wp-json\/wp\/v2\/comments?post=2029"}],"version-history":[{"count":10,"href":"https:\/\/www.chaire-tvp.com\/go\/index.php\/wp-json\/wp\/v2\/pages\/2029\/revisions"}],"predecessor-version":[{"id":2484,"href":"https:\/\/www.chaire-tvp.com\/go\/index.php\/wp-json\/wp\/v2\/pages\/2029\/revisions\/2484"}],"wp:attachment":[{"href":"https:\/\/www.chaire-tvp.com\/go\/index.php\/wp-json\/wp\/v2\/media?parent=2029"}],"curies":[{"name":"wp","href":"https:\/\/api.w.org\/{rel}","templated":true}]}}