{"id":1896,"date":"2025-02-05T16:42:14","date_gmt":"2025-02-05T16:42:14","guid":{"rendered":"https:\/\/www.chaire-tvp.com\/go\/?page_id=1896"},"modified":"2025-02-24T15:26:12","modified_gmt":"2025-02-24T15:26:12","slug":"ecomusee-virtuel","status":"publish","type":"page","link":"https:\/\/www.chaire-tvp.com\/go\/index.php\/ecomusee-virtuel\/","title":{"rendered":"Tourisme, Patrimoine &amp; Num\u00e9rique"},"content":{"rendered":"\n<h3 class=\"wp-block-heading\">Ecomus\u00e9e virtuel de la Porte du Hainaut<\/h3>\n\n\n\n<div class=\"wp-block-buttons is-layout-flex wp-block-buttons-is-layout-flex\">\n<div class=\"wp-block-button has-custom-width wp-block-button__width-100\"><a class=\"wp-block-button__link wp-element-button\" href=\"https:\/\/www.chaire-tvp.com\/go\/index.php\/journees-pedagogie-immersive-2\/\">Journ\u00e9es P\u00e9dagogie Immersive<\/a><\/div>\n<\/div>\n\n\n\n<blockquote class=\"wp-block-quote is-layout-flow wp-block-quote-is-layout-flow\">\n<p>\u00ab\u00a0Le mus\u00e9e est un des lieux qui donne la plus haute id\u00e9e de l&rsquo;homme\u00a0\u00bb<\/p>\n<\/blockquote>\n\n\n\n<pre class=\"wp-block-verse has-text-align-right\">Andr\u00e9 Malraux, <em>Le Mus\u00e9e Imaginaire<\/em>, 1947<\/pre>\n\n\n\n<hr class=\"wp-block-separator has-alpha-channel-opacity is-style-dots\"\/>\n\n\n\n<div class=\"wp-block-group is-nowrap is-layout-flex wp-container-core-group-is-layout-1 wp-block-group-is-layout-flex\">\n<h3 class=\"wp-block-heading\"><strong>Le <\/strong>concept<\/h3>\n<\/div>\n\n\n\n<div class=\"wp-block-group is-vertical is-layout-flex wp-container-core-group-is-layout-6 wp-block-group-is-layout-flex\">\n<div class=\"wp-block-columns is-layout-flex wp-container-core-columns-is-layout-1 wp-block-columns-is-layout-flex\">\n<div class=\"wp-block-column is-layout-flow wp-block-column-is-layout-flow\" style=\"flex-basis:100%\">\n<div class=\"wp-block-group alignwide is-vertical is-content-justification-stretch is-layout-flex wp-container-core-group-is-layout-5 wp-block-group-is-layout-flex\">\n<p><span style=\"background-color: initial; font-family: inherit; color: var(--wp--preset--color--ti-fg); font-size: var(--neve-font-size-body, var(--wp--preset--font-size--normal)); font-weight: var(--neve-font-weight-body, 400);\">C&rsquo;est en s&rsquo;inspirant du <em>Mus\u00e9e Imaginaire<\/em> d&rsquo;Andr\u00e9 Malraux, que la CTVP souhaite d\u00e9velopper, par le M\u00e9tavers, un mus\u00e9e o\u00f9 l&rsquo;ensemble du patrimoine de la CAPH se retrouve. <\/span>Ainsi, apr\u00e8s un diagnostic du territoire r\u00e9alis\u00e9 en 2024, l&rsquo;\u00e9quipe de l&rsquo;Axe Tourisme, Patrimoine et Num\u00e9rique a pris la d\u00e9cision de cr\u00e9er non pas un mus\u00e9e virtuel, mais un \u00c9comus\u00e9e Virtuel. Cet \u00c9comus\u00e9e Virtuel sera abrit\u00e9 au sein de la plateforme <em>Virtual Education collaborative system<\/em> (alias <em>VECOS<\/em>). Ainsi, afin d&rsquo;apporter du contenu \u00e0 la plateforme, une campagne de num\u00e9risation d&rsquo;objets patrimoniaux fut lanc\u00e9e d\u00e8s mars 2024. Parmi ces objets, nous pouvons y trouver la Ferrure qui ornait la porte de l&rsquo;\u00e9glise de la Sentinelle datant de 1852. Aujourd&rsquo;hui conserv\u00e9e \u00e0 l&rsquo;\u00c9comus\u00e9e de la Sentinelle.<\/p>\n\n\n\r\n        <div class=\"modelViewerBlock\" data-attributes='{&quot;align&quot;:&quot;center&quot;,&quot;uniqueId&quot;:&quot;model1953&quot;,&quot;currentViewer&quot;:&quot;modelViewer&quot;,&quot;multiple&quot;:false,&quot;model&quot;:{&quot;modelUrl&quot;:&quot;https:\\\/\\\/www.chaire-tvp.com\\\/go\\\/wp-content\\\/uploads\\\/2025\\\/02\\\/Ferrure-eglise-.glb&quot;,&quot;poster&quot;:&quot;&quot;},&quot;O3DVSettings&quot;:{&quot;isFullscreen&quot;:true,&quot;isPagination&quot;:false,&quot;isNavigation&quot;:true,&quot;camera&quot;:null,&quot;mouseControl&quot;:true},&quot;models&quot;:[],&quot;lazyLoad&quot;:false,&quot;loading&quot;:&quot;auto&quot;,&quot;autoplay&quot;:false,&quot;shadow&quot;:true,&quot;autoRotate&quot;:false,&quot;zoom&quot;:true,&quot;isPagination&quot;:false,&quot;isNavigation&quot;:true,&quot;preload&quot;:&quot;auto&quot;,&quot;rotationPerSecond&quot;:&quot;30&quot;,&quot;mouseControl&quot;:true,&quot;fullscreen&quot;:true,&quot;variant&quot;:false,&quot;loadingPercentage&quot;:false,&quot;progressBar&quot;:true,&quot;rotate&quot;:false,&quot;rotateAlongX&quot;:&quot;0&quot;,&quot;rotateAlongY&quot;:&quot;75&quot;,&quot;exposure&quot;:&quot;1&quot;,&quot;styles&quot;:{&quot;width&quot;:&quot;100%&quot;,&quot;height&quot;:&quot;320px&quot;,&quot;bgColor&quot;:&quot;transparent&quot;,&quot;progressBarColor&quot;:&quot;&quot;},&quot;stylesheet&quot;:null,&quot;additional&quot;:{&quot;ID&quot;:&quot;&quot;,&quot;Class&quot;:&quot;&quot;,&quot;CSS&quot;:&quot;&quot;},&quot;animation&quot;:false,&quot;woo&quot;:false,&quot;selectedAnimation&quot;:&quot;&quot;}'><\/div>\r\n\r\n        \n\n\n\n<h3 class=\"wp-block-heading\">Faire r\u00e9seau<\/h3>\n\n\n\n<p>L\u2019\u00c9comus\u00e9e Virtuel d\u00e9signe \u00e9galement un espace virtuel partag\u00e9, con\u00e7u et fabriqu\u00e9 gr\u00e2ce \u00e0 une coop\u00e9ration entre l\u2019UPHF et les mus\u00e9es du r\u00e9seau. Toutefois, comme tout \u00e9comus\u00e9e, il entretient un lien \u00e9troit avec les habitants du territoire en leur permettant \u00e0 terme de scanner leurs objets patrimoniaux. Enfin, l\u2019habitant peut \u00e9galement devenir un m\u00e9diateur num\u00e9rique, partageant son savoir afin de faire avancer les \u00e9tudes sur le territoire.<\/p>\n\n\n\n<h3 class=\"wp-block-heading\">La fabrique du savoir <\/h3>\n\n\n\n<p>En d\u2019autres termes, cet \u00c9comus\u00e9e Virtuel permettra \u00e0 la fois d\u2019apporter un atout pour la conservation d\u2019objets patrimoniaux, leur valorisation mais aussi d\u2019offrir aux habitants de la CAPH, aux professionnels des mus\u00e9es et chercheurs universitaires un lieu unique d\u2019enseignement, d\u2019interrogation et de partage. Finalement, l\u2019\u00c9comus\u00e9e Virtuel deviendra une fabrique du savoir et de la citoyennet\u00e9.<\/p>\n\n\n\n<div class=\"wp-block-group is-vertical is-layout-flex wp-container-core-group-is-layout-2 wp-block-group-is-layout-flex\">\n<h3 class=\"wp-block-heading\">Les Mus\u00e9es de l\u2019\u00c9comus\u00e9e Virtuel<\/h3>\n<\/div>\n\n\n\n<iframe src=\"https:\/\/www.google.com\/maps\/d\/embed?mid=1ZPdGPB6JKBbwjsGDM4QjTIcdODSLPbU&#038;ehbc=2E312F&#038;noprof=1\" width=\"640\" height=\"480\"><\/iframe>\n\n\n\n<hr class=\"wp-block-separator has-alpha-channel-opacity is-style-dots\"\/>\n\n\n\n<div class=\"wp-block-cover alignfull\" style=\"min-height:427px;aspect-ratio:unset;aspect-ratio:unset;\"><span aria-hidden=\"true\" class=\"wp-block-cover__background has-ti-bg-alt-background-color has-background-dim-100 has-background-dim\"><\/span><div class=\"wp-block-cover__inner-container is-layout-flow wp-block-cover-is-layout-flow\">\n<h1 class=\"wp-block-heading has-ti-bg-inv-color has-text-color has-link-color has-medium-font-size wp-elements-1cc3bb83aa050c070931633b448bbcb9\">Laur\u00e9at de l\u2019appel \u00e0 projets <strong>\u00ab Politique d\u00e9partementale d\u2019accompagnement au d\u00e9veloppement des mus\u00e9es th\u00e9matiques \u00bb<\/strong><\/h1>\n\n\n\n<p class=\"has-ti-fg-color has-text-color has-link-color wp-elements-adbf84df788014117fad1cfb7358bf59\"><strong>La Chaire Tourisme et Valorisation du Patrimoine (TVP)<\/strong> est laur\u00e9ate de l\u2019appel \u00e0 projets <strong>\u00ab Politique d\u00e9partementale d\u2019accompagnement au d\u00e9veloppement des mus\u00e9es th\u00e9matiques \u00bb<\/strong>, avec le projet <strong>\u00ab \u00c9comus\u00e9e virtuel de La Porte du Hainaut \u00bb<\/strong>. Ce projet a permis le recrutement d\u2019un ing\u00e9nieur d\u2019\u00e9tudes, Maxence Petit, pour accompagner les mus\u00e9es dans la formation \u00e0 la plateforme de e-learning <strong>VECOS,<\/strong> notamment \u00e0 travers des ateliers pratiques sur la num\u00e9risation 3D des collections mus\u00e9ales, la gestion des objets virtuels et la navigation dans un environnement interactif. Un service de suivi sera \u00e9galement mis en place pour guider les mus\u00e9es dans l\u2019utilisation de cet outil. En parall\u00e8le, l\u2019accompagnement inclut la s\u00e9lection et la num\u00e9risation des objets avec l\u2019expertise des chercheurs de la Chaire TVP<strong>, <\/strong>ainsi que la sc\u00e9narisation des expositions virtuelles, permettant aux mus\u00e9es de proposer des contenus attractifs et immersifs.<\/p>\n<\/div><\/div>\n\n\n\n<hr class=\"wp-block-separator has-alpha-channel-opacity is-style-dots\"\/>\n\n\n\n<div class=\"wp-block-group is-nowrap is-layout-flex wp-container-core-group-is-layout-3 wp-block-group-is-layout-flex\">\n<h3 class=\"wp-block-heading\">Partenaires institutionnels et de l\u2019enseignement sup\u00e9rieur<\/h3>\n<\/div>\n\n\n\n<div class=\"wp-block-group is-nowrap is-layout-flex wp-container-core-group-is-layout-4 wp-block-group-is-layout-flex\">\n<figure class=\"wp-block-gallery has-nested-images columns-default is-cropped wp-block-gallery-1 is-layout-flex wp-block-gallery-is-layout-flex\">\n<figure class=\"wp-block-image size-large is-resized\"><img fetchpriority=\"high\" decoding=\"async\" width=\"800\" height=\"319\" data-id=\"1940\" src=\"https:\/\/www.chaire-tvp.com\/go\/wp-content\/uploads\/2025\/02\/logo_nord4-64915371a6f82.png\" alt=\"\" class=\"wp-image-1940\" style=\"width:166px;height:auto\" srcset=\"https:\/\/www.chaire-tvp.com\/go\/wp-content\/uploads\/2025\/02\/logo_nord4-64915371a6f82.png 800w, https:\/\/www.chaire-tvp.com\/go\/wp-content\/uploads\/2025\/02\/logo_nord4-64915371a6f82-300x120.png 300w, https:\/\/www.chaire-tvp.com\/go\/wp-content\/uploads\/2025\/02\/logo_nord4-64915371a6f82-768x306.png 768w\" sizes=\"(max-width: 800px) 100vw, 800px\" \/><\/figure>\n<\/figure>\n\n\n\n<figure class=\"wp-block-image size-large is-resized\"><img decoding=\"async\" width=\"1024\" height=\"640\" src=\"https:\/\/www.chaire-tvp.com\/go\/wp-content\/uploads\/2025\/02\/Hainaut_LOGO_web-1024x640.jpg\" alt=\"\" class=\"wp-image-1965\" style=\"width:166px;height:auto\" srcset=\"https:\/\/www.chaire-tvp.com\/go\/wp-content\/uploads\/2025\/02\/Hainaut_LOGO_web-1024x640.jpg 1024w, https:\/\/www.chaire-tvp.com\/go\/wp-content\/uploads\/2025\/02\/Hainaut_LOGO_web-300x187.jpg 300w, https:\/\/www.chaire-tvp.com\/go\/wp-content\/uploads\/2025\/02\/Hainaut_LOGO_web-768x480.jpg 768w, https:\/\/www.chaire-tvp.com\/go\/wp-content\/uploads\/2025\/02\/Hainaut_LOGO_web-1536x959.jpg 1536w, https:\/\/www.chaire-tvp.com\/go\/wp-content\/uploads\/2025\/02\/Hainaut_LOGO_web.jpg 1734w\" sizes=\"(max-width: 1024px) 100vw, 1024px\" \/><\/figure>\n\n\n\n<figure class=\"wp-block-image size-large is-resized\"><img decoding=\"async\" width=\"343\" height=\"147\" src=\"https:\/\/www.chaire-tvp.com\/go\/wp-content\/uploads\/2025\/02\/images.png\" alt=\"\" class=\"wp-image-1943\" style=\"width:205px;height:auto\" srcset=\"https:\/\/www.chaire-tvp.com\/go\/wp-content\/uploads\/2025\/02\/images.png 343w, https:\/\/www.chaire-tvp.com\/go\/wp-content\/uploads\/2025\/02\/images-300x129.png 300w\" sizes=\"(max-width: 343px) 100vw, 343px\" \/><\/figure>\n\n\n\n<figure class=\"wp-block-image size-large is-resized\"><img loading=\"lazy\" decoding=\"async\" width=\"1024\" height=\"431\" src=\"https:\/\/www.chaire-tvp.com\/go\/wp-content\/uploads\/2025\/02\/Etude-logo_TourismePatrimoine-2-2-1024x431.png\" alt=\"\" class=\"wp-image-1966\" style=\"width:165px;height:auto\" srcset=\"https:\/\/www.chaire-tvp.com\/go\/wp-content\/uploads\/2025\/02\/Etude-logo_TourismePatrimoine-2-2-1024x431.png 1024w, https:\/\/www.chaire-tvp.com\/go\/wp-content\/uploads\/2025\/02\/Etude-logo_TourismePatrimoine-2-2-300x126.png 300w, https:\/\/www.chaire-tvp.com\/go\/wp-content\/uploads\/2025\/02\/Etude-logo_TourismePatrimoine-2-2-768x323.png 768w, https:\/\/www.chaire-tvp.com\/go\/wp-content\/uploads\/2025\/02\/Etude-logo_TourismePatrimoine-2-2.png 1247w\" sizes=\"(max-width: 1024px) 100vw, 1024px\" \/><\/figure>\n<\/div>\n<\/div>\n<\/div>\n<\/div>\n<\/div>\n\n\n\n<div class=\"wp-block-group alignfull is-content-justification-space-between is-layout-flex wp-container-core-group-is-layout-7 wp-block-group-is-layout-flex\" style=\"margin-top:0;margin-bottom:0;padding-top:var(--wp--preset--spacing--50);padding-right:var(--wp--preset--spacing--30);padding-bottom:var(--wp--preset--spacing--50);padding-left:var(--wp--preset--spacing--30)\"><\/div>\n\n\n\n<div class=\"wp-block-columns is-layout-flex wp-container-core-columns-is-layout-2 wp-block-columns-is-layout-flex\">\n<div class=\"wp-block-column is-layout-flow wp-block-column-is-layout-flow\" style=\"flex-basis:100%\"><\/div>\n<\/div>\n","protected":false},"excerpt":{"rendered":"<p>Ecomus\u00e9e virtuel de la Porte du Hainaut \u00ab\u00a0Le mus\u00e9e est un des lieux qui donne la plus haute id\u00e9e de l&rsquo;homme\u00a0\u00bb Andr\u00e9 Malraux, Le Mus\u00e9e Imaginaire, 1947 Le concept C&rsquo;est [&hellip;]<\/p>\n","protected":false},"author":1,"featured_media":0,"parent":0,"menu_order":0,"comment_status":"closed","ping_status":"closed","template":"","meta":{"_editorskit_title_hidden":false,"_editorskit_reading_time":0,"_editorskit_is_block_options_detached":false,"_editorskit_block_options_position":"{}","inline_featured_image":false,"ngg_post_thumbnail":0,"_EventAllDay":false,"_EventTimezone":"","_EventStartDate":"","_EventEndDate":"","_EventStartDateUTC":"","_EventEndDateUTC":"","_EventShowMap":false,"_EventShowMapLink":false,"_EventURL":"","_EventCost":"","_EventCostDescription":"","_EventCurrencySymbol":"","_EventCurrencyCode":"","_EventCurrencyPosition":"","_EventDateTimeSeparator":"","_EventTimeRangeSeparator":"","_EventOrganizerID":[],"_EventVenueID":[],"_OrganizerEmail":"","_OrganizerPhone":"","_OrganizerWebsite":"","_VenueAddress":"","_VenueCity":"","_VenueCountry":"","_VenueProvince":"","_VenueState":"","_VenueZip":"","_VenuePhone":"","_VenueURL":"","_VenueStateProvince":"","_VenueLat":"","_VenueLng":"","_VenueShowMap":false,"_VenueShowMapLink":false,"footnotes":""},"class_list":["post-1896","page","type-page","status-publish","hentry"],"jetpack_sharing_enabled":true,"_links":{"self":[{"href":"https:\/\/www.chaire-tvp.com\/go\/index.php\/wp-json\/wp\/v2\/pages\/1896","targetHints":{"allow":["GET"]}}],"collection":[{"href":"https:\/\/www.chaire-tvp.com\/go\/index.php\/wp-json\/wp\/v2\/pages"}],"about":[{"href":"https:\/\/www.chaire-tvp.com\/go\/index.php\/wp-json\/wp\/v2\/types\/page"}],"author":[{"embeddable":true,"href":"https:\/\/www.chaire-tvp.com\/go\/index.php\/wp-json\/wp\/v2\/users\/1"}],"replies":[{"embeddable":true,"href":"https:\/\/www.chaire-tvp.com\/go\/index.php\/wp-json\/wp\/v2\/comments?post=1896"}],"version-history":[{"count":10,"href":"https:\/\/www.chaire-tvp.com\/go\/index.php\/wp-json\/wp\/v2\/pages\/1896\/revisions"}],"predecessor-version":[{"id":2305,"href":"https:\/\/www.chaire-tvp.com\/go\/index.php\/wp-json\/wp\/v2\/pages\/1896\/revisions\/2305"}],"wp:attachment":[{"href":"https:\/\/www.chaire-tvp.com\/go\/index.php\/wp-json\/wp\/v2\/media?parent=1896"}],"curies":[{"name":"wp","href":"https:\/\/api.w.org\/{rel}","templated":true}]}}