{"id":1810,"date":"2025-01-15T17:09:19","date_gmt":"2025-01-15T17:09:19","guid":{"rendered":"https:\/\/www.chaire-tvp.com\/go\/?page_id=1810"},"modified":"2025-02-24T13:17:34","modified_gmt":"2025-02-24T13:17:34","slug":"autour-des-cartes-postales-2","status":"publish","type":"page","link":"https:\/\/www.chaire-tvp.com\/go\/index.php\/autour-des-cartes-postales-2\/","title":{"rendered":"Autour des cartes postales&#8230;"},"content":{"rendered":"\n<div class=\"wp-block-cover alignfull is-light\" style=\"min-height:201px;aspect-ratio:unset;aspect-ratio:unset;\"><span aria-hidden=\"true\" class=\"wp-block-cover__background has-background-dim\" style=\"background-color:#959491\"><\/span><img fetchpriority=\"high\" decoding=\"async\" width=\"1620\" height=\"1080\" class=\"wp-block-cover__image-background wp-image-1498\" alt=\"\" src=\"https:\/\/www.chaire-tvp.com\/go\/wp-content\/uploads\/2024\/11\/IMG_2886-1.jpg\" data-object-fit=\"cover\" srcset=\"https:\/\/www.chaire-tvp.com\/go\/wp-content\/uploads\/2024\/11\/IMG_2886-1.jpg 1620w, https:\/\/www.chaire-tvp.com\/go\/wp-content\/uploads\/2024\/11\/IMG_2886-1-300x200.jpg 300w, https:\/\/www.chaire-tvp.com\/go\/wp-content\/uploads\/2024\/11\/IMG_2886-1-1024x683.jpg 1024w, https:\/\/www.chaire-tvp.com\/go\/wp-content\/uploads\/2024\/11\/IMG_2886-1-768x512.jpg 768w, https:\/\/www.chaire-tvp.com\/go\/wp-content\/uploads\/2024\/11\/IMG_2886-1-1536x1024.jpg 1536w\" sizes=\"(max-width: 1620px) 100vw, 1620px\" \/><div class=\"wp-block-cover__inner-container is-layout-constrained wp-block-cover-is-layout-constrained\">\n<div class=\"wp-block-buttons alignfull is-layout-flex wp-block-buttons-is-layout-flex\">\n<div class=\"wp-block-button has-custom-width wp-block-button__width-100 is-style-outline is-style-outline--bba9472a6fe6bde6cfe86b016eb35032\"><a class=\"wp-block-button__link has-ti-bg-inv-color has-ti-bg-background-color has-text-color has-background has-link-color wp-element-button\" href=\"https:\/\/www.chaire-tvp.com\/go\/index.php\/autour-des-cartes-postales\/\">Autour des cartes postales &#8230; <\/a><\/div>\n<\/div>\n\n\n\n<p class=\"has-ti-bg-color has-text-color has-link-color wp-elements-dc554c92989ca722ce309e72168f9fa8\">Ces cartes postales sont l&rsquo;occasion de d\u00e9couvrir l&rsquo;univers de ces m\u00eames lieux au d\u00e9but des ann\u00e9es 1900, d&rsquo;en savoir davantage sur les Thermes de Saint-Amand-Les-Eaux ! \ud83d\udca1<\/p>\n\n\n\n<p class=\"has-ti-bg-color has-text-color has-link-color wp-elements-fa9f51cf2818f0c5909800b42c6fe1ac\">\ud83d\uddbc\ufe0f Pr\u00e9sentation de quatre cartes postales relatant des sociabilit\u00e9s au contexte de la Belle \u00c9poque <br>Avec la participation de la charg\u00e9e de projets Am\u00e9lie Templus, et des commissaires de l\u2019exposition Brigitte Friant-Kessler et Fran\u00e7ois Zanetti<\/p>\n\n\n\n<div class=\"wp-block-buttons is-layout-flex wp-block-buttons-is-layout-flex\">\n<div class=\"wp-block-button has-custom-width wp-block-button__width-75 is-style-outline is-style-outline--c679bb97f2fd09c9798f942b98bd13d5\"><a class=\"wp-block-button__link has-white-color has-text-color has-link-color wp-element-button\" href=\"https:\/\/www.chaire-tvp.com\/go\/index.php\/travail-autour-des-cartes-postales\/\">Pour voir le travail r\u00e9alis\u00e9, cliquer ici&#8230;<\/a><\/div>\n<\/div>\n\n\n\n<p class=\"has-ti-bg-color has-text-color has-link-color wp-elements-2a9c4f3c82f67742841751ca9c65f78e\">\ud83d\udcf9 Vid\u00e9os autour des cartes postales r\u00e9alis\u00e9es par le collectif <em>Losange Noir<\/em><\/p>\n\n\n\n<div class=\"wp-block-buttons is-layout-flex wp-block-buttons-is-layout-flex\">\n<div class=\"wp-block-button has-custom-width wp-block-button__width-75 is-style-outline is-style-outline--8828419f40354b39f2dca3d10d011cef\"><a class=\"wp-block-button__link has-ti-bg-color has-text-color has-link-color wp-element-button\" href=\"https:\/\/www.chaire-tvp.com\/go\/index.php\/videos-realisees-par-le-collectif-losange-noir\/\">Pour voir le travail r\u00e9alis\u00e9, cliquer ici&#8230;<\/a><\/div>\n<\/div>\n<\/div><\/div>\n\n\n\n<div class=\"wp-block-cover alignfull is-light\" style=\"min-height:216px;aspect-ratio:unset;aspect-ratio:unset;\"><span aria-hidden=\"true\" class=\"wp-block-cover__background has-background-dim\" style=\"background-color:#917b71\"><\/span><img decoding=\"async\" width=\"750\" height=\"1624\" class=\"wp-block-cover__image-background wp-image-1489\" alt=\"\" src=\"https:\/\/www.chaire-tvp.com\/go\/wp-content\/uploads\/2024\/11\/IMG_3096.png\" style=\"object-position:48% 50%\" data-object-fit=\"cover\" data-object-position=\"48% 50%\" srcset=\"https:\/\/www.chaire-tvp.com\/go\/wp-content\/uploads\/2024\/11\/IMG_3096.png 750w, https:\/\/www.chaire-tvp.com\/go\/wp-content\/uploads\/2024\/11\/IMG_3096-139x300.png 139w, https:\/\/www.chaire-tvp.com\/go\/wp-content\/uploads\/2024\/11\/IMG_3096-473x1024.png 473w, https:\/\/www.chaire-tvp.com\/go\/wp-content\/uploads\/2024\/11\/IMG_3096-709x1536.png 709w\" sizes=\"(max-width: 750px) 100vw, 750px\" \/><div class=\"wp-block-cover__inner-container is-layout-constrained wp-block-cover-is-layout-constrained\">\n<div class=\"wp-block-buttons is-layout-flex wp-block-buttons-is-layout-flex\">\n<div class=\"wp-block-button has-custom-width wp-block-button__width-100 is-style-outline is-style-outline--6ed3bcefa4114670eaef509ddac2ff7b\"><a class=\"wp-block-button__link has-ti-fg-color has-ti-bg-background-color has-text-color has-background has-link-color wp-element-button\" href=\"https:\/\/www.chaire-tvp.com\/go\/index.php\/visites-guidees\/\">Visites guid\u00e9es<\/a><\/div>\n<\/div>\n\n\n\n<p class=\"has-text-align-center has-ti-bg-color has-text-color has-link-color wp-elements-820cf8c06590f5b9589ae0485355559d\">\ud83d\udeb6\u200d\u2640\ufe0f Ces visites guid\u00e9es pr\u00e9vues sur les deux journ\u00e9es enti\u00e8res permettaient de faire d\u00e9couvrir aux visiteurs, gr\u00e2ce \u00e0 l&rsquo;\u00e9quipe des Thermes de Saint-Amand-Les-Eaux, l&rsquo;importante histoire qui englobe ces lieux. Des visites int\u00e9rieures et ext\u00e9rieures ont ainsi \u00e9t\u00e9 men\u00e9es.<\/p>\n<\/div><\/div>\n","protected":false},"excerpt":{"rendered":"","protected":false},"author":1,"featured_media":0,"parent":0,"menu_order":0,"comment_status":"closed","ping_status":"closed","template":"","meta":{"_editorskit_title_hidden":false,"_editorskit_reading_time":0,"_editorskit_is_block_options_detached":false,"_editorskit_block_options_position":"{}","inline_featured_image":false,"ngg_post_thumbnail":0,"_EventAllDay":false,"_EventTimezone":"","_EventStartDate":"","_EventEndDate":"","_EventStartDateUTC":"","_EventEndDateUTC":"","_EventShowMap":false,"_EventShowMapLink":false,"_EventURL":"","_EventCost":"","_EventCostDescription":"","_EventCurrencySymbol":"","_EventCurrencyCode":"","_EventCurrencyPosition":"","_EventDateTimeSeparator":"","_EventTimeRangeSeparator":"","_EventOrganizerID":[],"_EventVenueID":[],"_OrganizerEmail":"","_OrganizerPhone":"","_OrganizerWebsite":"","_VenueAddress":"","_VenueCity":"","_VenueCountry":"","_VenueProvince":"","_VenueState":"","_VenueZip":"","_VenuePhone":"","_VenueURL":"","_VenueStateProvince":"","_VenueLat":"","_VenueLng":"","_VenueShowMap":false,"_VenueShowMapLink":false,"footnotes":""},"class_list":["post-1810","page","type-page","status-publish","hentry"],"jetpack_sharing_enabled":true,"_links":{"self":[{"href":"https:\/\/www.chaire-tvp.com\/go\/index.php\/wp-json\/wp\/v2\/pages\/1810","targetHints":{"allow":["GET"]}}],"collection":[{"href":"https:\/\/www.chaire-tvp.com\/go\/index.php\/wp-json\/wp\/v2\/pages"}],"about":[{"href":"https:\/\/www.chaire-tvp.com\/go\/index.php\/wp-json\/wp\/v2\/types\/page"}],"author":[{"embeddable":true,"href":"https:\/\/www.chaire-tvp.com\/go\/index.php\/wp-json\/wp\/v2\/users\/1"}],"replies":[{"embeddable":true,"href":"https:\/\/www.chaire-tvp.com\/go\/index.php\/wp-json\/wp\/v2\/comments?post=1810"}],"version-history":[{"count":2,"href":"https:\/\/www.chaire-tvp.com\/go\/index.php\/wp-json\/wp\/v2\/pages\/1810\/revisions"}],"predecessor-version":[{"id":2213,"href":"https:\/\/www.chaire-tvp.com\/go\/index.php\/wp-json\/wp\/v2\/pages\/1810\/revisions\/2213"}],"wp:attachment":[{"href":"https:\/\/www.chaire-tvp.com\/go\/index.php\/wp-json\/wp\/v2\/media?parent=1810"}],"curies":[{"name":"wp","href":"https:\/\/api.w.org\/{rel}","templated":true}]}}