{"id":1802,"date":"2025-01-15T16:41:20","date_gmt":"2025-01-15T16:41:20","guid":{"rendered":"https:\/\/www.chaire-tvp.com\/go\/?page_id=1802"},"modified":"2025-01-15T17:27:20","modified_gmt":"2025-01-15T17:27:20","slug":"jules-mousseron-poete-mineur-de-langue-picarde","status":"publish","type":"page","link":"https:\/\/www.chaire-tvp.com\/go\/index.php\/jules-mousseron-poete-mineur-de-langue-picarde\/","title":{"rendered":"Jules Mousseron : Po\u00e8te mineur de langue picarde"},"content":{"rendered":"\n<p>Olivier Engelaere, Directeur de l&rsquo;Agence r\u00e9gionale de la langue picarde, a anim\u00e9 une conf\u00e9rence consacr\u00e9 \u00e0 Jules Mousseron et \u00e0 la langue Picarde.<\/p>\n\n\n\n<h2 class=\"wp-block-heading\">Une plong\u00e9e dans l\u2019univers de Mousseron et de la langue picarde<\/h2>\n\n\n\n<p>Le 4 d\u00e9cembre dernier, l\u2019<a href=\"https:\/\/www.uphf.fr\/ish\/actualites\/luniversite-des-savoirs-partages\">Universit\u00e9 des Savoirs Partag\u00e9s<\/a>, en partenariat avec la\u00a0<a href=\"https:\/\/www.uphf.fr\/larsh\/recherche\/chaire-tourisme-valorisation-patrimoine\">Chaire Tourisme et Valorisation du Patrimoine<\/a>, proposait une conf\u00e9rence m\u00e9morable consacr\u00e9e \u00e0 Jules Mousseron, figure embl\u00e9matique de la langue picarde et po\u00e8te des mineurs, dans le cadre enchanteur du site minier de Wallers-Arenberg. Cet \u00e9v\u00e9nement s\u2019inscrivait dans la continuit\u00e9 du cycle de conf\u00e9rences inaugur\u00e9 par Dominique Verdeilhan et \u00e0 l\u2019approche de la Sainte Barbe, f\u00eate des mineurs c\u00e9l\u00e9br\u00e9e ce m\u00eame jour.<\/p>\n\n\n\n<p><a href=\"https:\/\/www.uphf.fr\/ish\/actualites\/jules-mousseron-poete-mineur-langue-picarde\" data-type=\"link\" data-id=\"https:\/\/www.uphf.fr\/ish\/actualites\/jules-mousseron-poete-mineur-langue-picarde\"><strong>Afin d&rsquo;en d\u00e9couvrir davantage, cliquer ici ! <\/strong><\/a><\/p>\n\n\n\n<div class=\"wp-block-cover\"><span aria-hidden=\"true\" class=\"wp-block-cover__background has-background-dim\"><\/span><div class=\"wp-block-cover__inner-container is-layout-flow wp-block-cover-is-layout-flow\">\n<div class=\"wp-block-group is-layout-constrained wp-block-group-is-layout-constrained\">\n<div class=\"wp-block-columns is-layout-flex wp-container-core-columns-is-layout-1 wp-block-columns-is-layout-flex\">\n<div class=\"wp-block-column is-layout-flow wp-block-column-is-layout-flow\" style=\"flex-basis:100%\">\n<figure class=\"wp-block-gallery has-nested-images columns-default is-cropped wp-block-gallery-1 is-layout-flex wp-block-gallery-is-layout-flex\">\n<figure class=\"wp-block-image size-large\"><img fetchpriority=\"high\" decoding=\"async\" width=\"1024\" height=\"683\" data-id=\"1825\" src=\"https:\/\/www.chaire-tvp.com\/go\/wp-content\/uploads\/2025\/01\/DSC06514-1024x683.jpg\" alt=\"\" class=\"wp-image-1825\" srcset=\"https:\/\/www.chaire-tvp.com\/go\/wp-content\/uploads\/2025\/01\/DSC06514-1024x683.jpg 1024w, https:\/\/www.chaire-tvp.com\/go\/wp-content\/uploads\/2025\/01\/DSC06514-300x200.jpg 300w, https:\/\/www.chaire-tvp.com\/go\/wp-content\/uploads\/2025\/01\/DSC06514-768x512.jpg 768w, https:\/\/www.chaire-tvp.com\/go\/wp-content\/uploads\/2025\/01\/DSC06514-1536x1024.jpg 1536w, https:\/\/www.chaire-tvp.com\/go\/wp-content\/uploads\/2025\/01\/DSC06514.jpg 1920w\" sizes=\"(max-width: 1024px) 100vw, 1024px\" \/><\/figure>\n\n\n\n<figure class=\"wp-block-image size-large\"><img decoding=\"async\" width=\"1024\" height=\"683\" data-id=\"1824\" src=\"https:\/\/www.chaire-tvp.com\/go\/wp-content\/uploads\/2025\/01\/DSC06522-1024x683.jpg\" alt=\"\" class=\"wp-image-1824\" srcset=\"https:\/\/www.chaire-tvp.com\/go\/wp-content\/uploads\/2025\/01\/DSC06522-1024x683.jpg 1024w, https:\/\/www.chaire-tvp.com\/go\/wp-content\/uploads\/2025\/01\/DSC06522-300x200.jpg 300w, https:\/\/www.chaire-tvp.com\/go\/wp-content\/uploads\/2025\/01\/DSC06522-768x512.jpg 768w, https:\/\/www.chaire-tvp.com\/go\/wp-content\/uploads\/2025\/01\/DSC06522-1536x1024.jpg 1536w, https:\/\/www.chaire-tvp.com\/go\/wp-content\/uploads\/2025\/01\/DSC06522.jpg 1920w\" sizes=\"(max-width: 1024px) 100vw, 1024px\" \/><\/figure>\n\n\n\n<figure class=\"wp-block-image size-large\"><img decoding=\"async\" width=\"1024\" height=\"683\" data-id=\"1862\" src=\"https:\/\/www.chaire-tvp.com\/go\/wp-content\/uploads\/2025\/01\/DSC06518-4-1024x683.jpg\" alt=\"\" class=\"wp-image-1862\" srcset=\"https:\/\/www.chaire-tvp.com\/go\/wp-content\/uploads\/2025\/01\/DSC06518-4-1024x683.jpg 1024w, https:\/\/www.chaire-tvp.com\/go\/wp-content\/uploads\/2025\/01\/DSC06518-4-300x200.jpg 300w, https:\/\/www.chaire-tvp.com\/go\/wp-content\/uploads\/2025\/01\/DSC06518-4-768x512.jpg 768w, https:\/\/www.chaire-tvp.com\/go\/wp-content\/uploads\/2025\/01\/DSC06518-4-1536x1024.jpg 1536w, https:\/\/www.chaire-tvp.com\/go\/wp-content\/uploads\/2025\/01\/DSC06518-4.jpg 1920w\" sizes=\"(max-width: 1024px) 100vw, 1024px\" \/><\/figure>\n\n\n\n<figure class=\"wp-block-image size-large\"><img loading=\"lazy\" decoding=\"async\" width=\"1024\" height=\"683\" data-id=\"1831\" src=\"https:\/\/www.chaire-tvp.com\/go\/wp-content\/uploads\/2025\/01\/DSC06525-1024x683.jpg\" alt=\"\" class=\"wp-image-1831\" srcset=\"https:\/\/www.chaire-tvp.com\/go\/wp-content\/uploads\/2025\/01\/DSC06525-1024x683.jpg 1024w, https:\/\/www.chaire-tvp.com\/go\/wp-content\/uploads\/2025\/01\/DSC06525-300x200.jpg 300w, https:\/\/www.chaire-tvp.com\/go\/wp-content\/uploads\/2025\/01\/DSC06525-768x512.jpg 768w, https:\/\/www.chaire-tvp.com\/go\/wp-content\/uploads\/2025\/01\/DSC06525-1536x1024.jpg 1536w, https:\/\/www.chaire-tvp.com\/go\/wp-content\/uploads\/2025\/01\/DSC06525.jpg 1920w\" sizes=\"(max-width: 1024px) 100vw, 1024px\" \/><\/figure>\n\n\n\n<figure class=\"wp-block-image size-large\"><img loading=\"lazy\" decoding=\"async\" width=\"1024\" height=\"683\" data-id=\"1827\" src=\"https:\/\/www.chaire-tvp.com\/go\/wp-content\/uploads\/2025\/01\/DSC06535-1024x683.jpg\" alt=\"\" class=\"wp-image-1827\" srcset=\"https:\/\/www.chaire-tvp.com\/go\/wp-content\/uploads\/2025\/01\/DSC06535-1024x683.jpg 1024w, https:\/\/www.chaire-tvp.com\/go\/wp-content\/uploads\/2025\/01\/DSC06535-300x200.jpg 300w, https:\/\/www.chaire-tvp.com\/go\/wp-content\/uploads\/2025\/01\/DSC06535-768x512.jpg 768w, https:\/\/www.chaire-tvp.com\/go\/wp-content\/uploads\/2025\/01\/DSC06535-1536x1024.jpg 1536w, https:\/\/www.chaire-tvp.com\/go\/wp-content\/uploads\/2025\/01\/DSC06535.jpg 1920w\" sizes=\"(max-width: 1024px) 100vw, 1024px\" \/><\/figure>\n\n\n\n<figure class=\"wp-block-image size-large\"><img loading=\"lazy\" decoding=\"async\" width=\"1024\" height=\"683\" data-id=\"1826\" src=\"https:\/\/www.chaire-tvp.com\/go\/wp-content\/uploads\/2025\/01\/DSC06555-1024x683.jpg\" alt=\"\" class=\"wp-image-1826\" srcset=\"https:\/\/www.chaire-tvp.com\/go\/wp-content\/uploads\/2025\/01\/DSC06555-1024x683.jpg 1024w, https:\/\/www.chaire-tvp.com\/go\/wp-content\/uploads\/2025\/01\/DSC06555-300x200.jpg 300w, https:\/\/www.chaire-tvp.com\/go\/wp-content\/uploads\/2025\/01\/DSC06555-768x512.jpg 768w, https:\/\/www.chaire-tvp.com\/go\/wp-content\/uploads\/2025\/01\/DSC06555-1536x1024.jpg 1536w, https:\/\/www.chaire-tvp.com\/go\/wp-content\/uploads\/2025\/01\/DSC06555.jpg 1920w\" sizes=\"(max-width: 1024px) 100vw, 1024px\" \/><\/figure>\n\n\n\n<figure class=\"wp-block-image size-large\"><img loading=\"lazy\" decoding=\"async\" width=\"1024\" height=\"683\" data-id=\"1823\" src=\"https:\/\/www.chaire-tvp.com\/go\/wp-content\/uploads\/2025\/01\/DSC06574-1024x683.jpg\" alt=\"\" class=\"wp-image-1823\" srcset=\"https:\/\/www.chaire-tvp.com\/go\/wp-content\/uploads\/2025\/01\/DSC06574-1024x683.jpg 1024w, https:\/\/www.chaire-tvp.com\/go\/wp-content\/uploads\/2025\/01\/DSC06574-300x200.jpg 300w, https:\/\/www.chaire-tvp.com\/go\/wp-content\/uploads\/2025\/01\/DSC06574-768x512.jpg 768w, https:\/\/www.chaire-tvp.com\/go\/wp-content\/uploads\/2025\/01\/DSC06574-1536x1024.jpg 1536w, https:\/\/www.chaire-tvp.com\/go\/wp-content\/uploads\/2025\/01\/DSC06574.jpg 1920w\" sizes=\"(max-width: 1024px) 100vw, 1024px\" \/><\/figure>\n\n\n\n<figure class=\"wp-block-image size-large\"><img loading=\"lazy\" decoding=\"async\" width=\"1024\" height=\"683\" data-id=\"1828\" src=\"https:\/\/www.chaire-tvp.com\/go\/wp-content\/uploads\/2025\/01\/DSC06579-1024x683.jpg\" alt=\"\" class=\"wp-image-1828\" srcset=\"https:\/\/www.chaire-tvp.com\/go\/wp-content\/uploads\/2025\/01\/DSC06579-1024x683.jpg 1024w, https:\/\/www.chaire-tvp.com\/go\/wp-content\/uploads\/2025\/01\/DSC06579-300x200.jpg 300w, https:\/\/www.chaire-tvp.com\/go\/wp-content\/uploads\/2025\/01\/DSC06579-768x512.jpg 768w, https:\/\/www.chaire-tvp.com\/go\/wp-content\/uploads\/2025\/01\/DSC06579-1536x1024.jpg 1536w, https:\/\/www.chaire-tvp.com\/go\/wp-content\/uploads\/2025\/01\/DSC06579.jpg 1920w\" sizes=\"(max-width: 1024px) 100vw, 1024px\" \/><\/figure>\n\n\n\n<figure class=\"wp-block-image size-large\"><img loading=\"lazy\" decoding=\"async\" width=\"1024\" height=\"683\" data-id=\"1822\" src=\"https:\/\/www.chaire-tvp.com\/go\/wp-content\/uploads\/2025\/01\/DSC06707-1-1024x683.jpg\" alt=\"\" class=\"wp-image-1822\" srcset=\"https:\/\/www.chaire-tvp.com\/go\/wp-content\/uploads\/2025\/01\/DSC06707-1-1024x683.jpg 1024w, https:\/\/www.chaire-tvp.com\/go\/wp-content\/uploads\/2025\/01\/DSC06707-1-300x200.jpg 300w, https:\/\/www.chaire-tvp.com\/go\/wp-content\/uploads\/2025\/01\/DSC06707-1-768x512.jpg 768w, https:\/\/www.chaire-tvp.com\/go\/wp-content\/uploads\/2025\/01\/DSC06707-1-1536x1024.jpg 1536w, https:\/\/www.chaire-tvp.com\/go\/wp-content\/uploads\/2025\/01\/DSC06707-1.jpg 1920w\" sizes=\"(max-width: 1024px) 100vw, 1024px\" \/><\/figure>\n\n\n\n<figure class=\"wp-block-image size-large\"><img loading=\"lazy\" decoding=\"async\" width=\"1024\" height=\"683\" data-id=\"1829\" src=\"https:\/\/www.chaire-tvp.com\/go\/wp-content\/uploads\/2025\/01\/DSC06673-1024x683.jpg\" alt=\"\" class=\"wp-image-1829\" srcset=\"https:\/\/www.chaire-tvp.com\/go\/wp-content\/uploads\/2025\/01\/DSC06673-1024x683.jpg 1024w, https:\/\/www.chaire-tvp.com\/go\/wp-content\/uploads\/2025\/01\/DSC06673-300x200.jpg 300w, https:\/\/www.chaire-tvp.com\/go\/wp-content\/uploads\/2025\/01\/DSC06673-768x512.jpg 768w, https:\/\/www.chaire-tvp.com\/go\/wp-content\/uploads\/2025\/01\/DSC06673-1536x1024.jpg 1536w, https:\/\/www.chaire-tvp.com\/go\/wp-content\/uploads\/2025\/01\/DSC06673.jpg 1920w\" sizes=\"(max-width: 1024px) 100vw, 1024px\" \/><\/figure>\n\n\n\n<figure class=\"wp-block-image size-large\"><img loading=\"lazy\" decoding=\"async\" width=\"1024\" height=\"683\" data-id=\"1864\" src=\"https:\/\/www.chaire-tvp.com\/go\/wp-content\/uploads\/2025\/01\/DSC06600-4-1024x683.jpg\" alt=\"\" class=\"wp-image-1864\" srcset=\"https:\/\/www.chaire-tvp.com\/go\/wp-content\/uploads\/2025\/01\/DSC06600-4-1024x683.jpg 1024w, https:\/\/www.chaire-tvp.com\/go\/wp-content\/uploads\/2025\/01\/DSC06600-4-300x200.jpg 300w, https:\/\/www.chaire-tvp.com\/go\/wp-content\/uploads\/2025\/01\/DSC06600-4-768x512.jpg 768w, https:\/\/www.chaire-tvp.com\/go\/wp-content\/uploads\/2025\/01\/DSC06600-4-1536x1024.jpg 1536w, https:\/\/www.chaire-tvp.com\/go\/wp-content\/uploads\/2025\/01\/DSC06600-4.jpg 1920w\" sizes=\"(max-width: 1024px) 100vw, 1024px\" \/><\/figure>\n\n\n\n<figure class=\"wp-block-image size-large\"><img loading=\"lazy\" decoding=\"async\" width=\"1024\" height=\"683\" data-id=\"1833\" src=\"https:\/\/www.chaire-tvp.com\/go\/wp-content\/uploads\/2025\/01\/DSC06684-1024x683.jpg\" alt=\"\" class=\"wp-image-1833\" srcset=\"https:\/\/www.chaire-tvp.com\/go\/wp-content\/uploads\/2025\/01\/DSC06684-1024x683.jpg 1024w, https:\/\/www.chaire-tvp.com\/go\/wp-content\/uploads\/2025\/01\/DSC06684-300x200.jpg 300w, https:\/\/www.chaire-tvp.com\/go\/wp-content\/uploads\/2025\/01\/DSC06684-768x512.jpg 768w, https:\/\/www.chaire-tvp.com\/go\/wp-content\/uploads\/2025\/01\/DSC06684-1536x1024.jpg 1536w, https:\/\/www.chaire-tvp.com\/go\/wp-content\/uploads\/2025\/01\/DSC06684.jpg 1920w\" sizes=\"(max-width: 1024px) 100vw, 1024px\" \/><\/figure>\n\n\n\n<figure class=\"wp-block-image size-large\"><img loading=\"lazy\" decoding=\"async\" width=\"1024\" height=\"683\" data-id=\"1832\" src=\"https:\/\/www.chaire-tvp.com\/go\/wp-content\/uploads\/2025\/01\/DSC06736-1024x683.jpg\" alt=\"\" class=\"wp-image-1832\" srcset=\"https:\/\/www.chaire-tvp.com\/go\/wp-content\/uploads\/2025\/01\/DSC06736-1024x683.jpg 1024w, https:\/\/www.chaire-tvp.com\/go\/wp-content\/uploads\/2025\/01\/DSC06736-300x200.jpg 300w, https:\/\/www.chaire-tvp.com\/go\/wp-content\/uploads\/2025\/01\/DSC06736-768x512.jpg 768w, https:\/\/www.chaire-tvp.com\/go\/wp-content\/uploads\/2025\/01\/DSC06736-1536x1024.jpg 1536w, https:\/\/www.chaire-tvp.com\/go\/wp-content\/uploads\/2025\/01\/DSC06736.jpg 1920w\" sizes=\"(max-width: 1024px) 100vw, 1024px\" \/><\/figure>\n\n\n\n<figure class=\"wp-block-image size-large\"><img loading=\"lazy\" decoding=\"async\" width=\"1024\" height=\"683\" data-id=\"1830\" src=\"https:\/\/www.chaire-tvp.com\/go\/wp-content\/uploads\/2025\/01\/DSC06732-1024x683.jpg\" alt=\"\" class=\"wp-image-1830\" srcset=\"https:\/\/www.chaire-tvp.com\/go\/wp-content\/uploads\/2025\/01\/DSC06732-1024x683.jpg 1024w, https:\/\/www.chaire-tvp.com\/go\/wp-content\/uploads\/2025\/01\/DSC06732-300x200.jpg 300w, https:\/\/www.chaire-tvp.com\/go\/wp-content\/uploads\/2025\/01\/DSC06732-768x512.jpg 768w, https:\/\/www.chaire-tvp.com\/go\/wp-content\/uploads\/2025\/01\/DSC06732-1536x1024.jpg 1536w, https:\/\/www.chaire-tvp.com\/go\/wp-content\/uploads\/2025\/01\/DSC06732.jpg 1920w\" sizes=\"(max-width: 1024px) 100vw, 1024px\" \/><\/figure>\n<\/figure>\n<\/div>\n<\/div>\n<\/div>\n<\/div><\/div>\n","protected":false},"excerpt":{"rendered":"<p>Olivier Engelaere, Directeur de l&rsquo;Agence r\u00e9gionale de la langue picarde, a anim\u00e9 une conf\u00e9rence consacr\u00e9 \u00e0 Jules Mousseron et \u00e0 la langue Picarde. Une plong\u00e9e dans l\u2019univers de Mousseron et [&hellip;]<\/p>\n","protected":false},"author":1,"featured_media":1836,"parent":0,"menu_order":0,"comment_status":"closed","ping_status":"closed","template":"","meta":{"_editorskit_title_hidden":false,"_editorskit_reading_time":0,"_editorskit_is_block_options_detached":false,"_editorskit_block_options_position":"{}","inline_featured_image":false,"ngg_post_thumbnail":0,"_EventAllDay":false,"_EventTimezone":"","_EventStartDate":"","_EventEndDate":"","_EventStartDateUTC":"","_EventEndDateUTC":"","_EventShowMap":false,"_EventShowMapLink":false,"_EventURL":"","_EventCost":"","_EventCostDescription":"","_EventCurrencySymbol":"","_EventCurrencyCode":"","_EventCurrencyPosition":"","_EventDateTimeSeparator":"","_EventTimeRangeSeparator":"","_EventOrganizerID":[],"_EventVenueID":[],"_OrganizerEmail":"","_OrganizerPhone":"","_OrganizerWebsite":"","_VenueAddress":"","_VenueCity":"","_VenueCountry":"","_VenueProvince":"","_VenueState":"","_VenueZip":"","_VenuePhone":"","_VenueURL":"","_VenueStateProvince":"","_VenueLat":"","_VenueLng":"","_VenueShowMap":false,"_VenueShowMapLink":false,"footnotes":""},"class_list":["post-1802","page","type-page","status-publish","has-post-thumbnail","hentry"],"jetpack_sharing_enabled":true,"_links":{"self":[{"href":"https:\/\/www.chaire-tvp.com\/go\/index.php\/wp-json\/wp\/v2\/pages\/1802","targetHints":{"allow":["GET"]}}],"collection":[{"href":"https:\/\/www.chaire-tvp.com\/go\/index.php\/wp-json\/wp\/v2\/pages"}],"about":[{"href":"https:\/\/www.chaire-tvp.com\/go\/index.php\/wp-json\/wp\/v2\/types\/page"}],"author":[{"embeddable":true,"href":"https:\/\/www.chaire-tvp.com\/go\/index.php\/wp-json\/wp\/v2\/users\/1"}],"replies":[{"embeddable":true,"href":"https:\/\/www.chaire-tvp.com\/go\/index.php\/wp-json\/wp\/v2\/comments?post=1802"}],"version-history":[{"count":5,"href":"https:\/\/www.chaire-tvp.com\/go\/index.php\/wp-json\/wp\/v2\/pages\/1802\/revisions"}],"predecessor-version":[{"id":1885,"href":"https:\/\/www.chaire-tvp.com\/go\/index.php\/wp-json\/wp\/v2\/pages\/1802\/revisions\/1885"}],"wp:featuredmedia":[{"embeddable":true,"href":"https:\/\/www.chaire-tvp.com\/go\/index.php\/wp-json\/wp\/v2\/media\/1836"}],"wp:attachment":[{"href":"https:\/\/www.chaire-tvp.com\/go\/index.php\/wp-json\/wp\/v2\/media?parent=1802"}],"curies":[{"name":"wp","href":"https:\/\/api.w.org\/{rel}","templated":true}]}}