{"id":1634,"date":"2025-01-07T11:24:13","date_gmt":"2025-01-07T11:24:13","guid":{"rendered":"https:\/\/www.chaire-tvp.com\/go\/?page_id=1634"},"modified":"2025-01-07T15:49:01","modified_gmt":"2025-01-07T15:49:01","slug":"autour-de-saint-amand-les-eaux-et-wallers-arenberg","status":"publish","type":"page","link":"https:\/\/www.chaire-tvp.com\/go\/index.php\/autour-de-saint-amand-les-eaux-et-wallers-arenberg\/","title":{"rendered":"En savoir plus&#8230;"},"content":{"rendered":"\n<blockquote class=\"wp-block-quote is-layout-flow wp-block-quote-is-layout-flow\">\n<h2 class=\"wp-block-heading\">SAINT-AMAND-LES-EAUX<\/h2>\n<\/blockquote>\n\n\n\n<ul class=\"wp-block-list\">\n<li>Retra\u00e7ons notre parcours avec les \u00e9l\u00e8ves !<\/li>\n<\/ul>\n\n\n\n<div><iframe src=\"https:\/\/maps.google.com\/maps?q=Saint-Amand-Les-Eaux+65+Grand%27Place&amp;z=17&amp;t=k&amp;output=embed\" style=\"border:0;height:394px;width:100%\"><\/iframe><\/div>\n\n\n\n<p class=\"has-text-color has-link-color has-small-font-size wp-elements-53e24c6fe6c46fc0d1d7933887731d71\" style=\"color:#a6a6a6\">Voir \u00e9galement la carte touristique de l&rsquo;<em>Office de Tourisme de la Porte du Hainaut<\/em> t\u00e9l\u00e9chargeable en <a href=\"https:\/\/www.tourisme-porteduhainaut.com\/pratique\/brochures?page=1\" data-type=\"link\" data-id=\"https:\/\/www.tourisme-porteduhainaut.com\/pratique\/brochures?page=1\">cliquant ici<\/a><\/p>\n\n\n\n<div class=\"wp-block-group is-nowrap is-layout-flex wp-container-core-group-is-layout-2 wp-block-group-is-layout-flex\">\n<div class=\"wp-block-group is-nowrap is-layout-flex wp-container-core-group-is-layout-1 wp-block-group-is-layout-flex\">\n<div class=\"wp-block-cover\" style=\"min-height:254px;aspect-ratio:unset;aspect-ratio:unset;\"><span aria-hidden=\"true\" class=\"wp-block-cover__background has-ti-bg-alt-background-color has-background-dim-100 has-background-dim\"><\/span><div class=\"wp-block-cover__inner-container is-layout-constrained wp-block-cover-is-layout-constrained\">\n<p class=\"has-text-align-center has-ti-fg-color has-text-color has-link-color has-normal-font-size wp-elements-c9143ada77bba75a37faef36bbd303af\">1. <strong>Tour Abbatiale <\/strong><br><strong>Mus\u00e9e de la Tour Abbatiale<\/strong><\/p>\n\n\n\n<p class=\"has-text-align-left has-ti-fg-color has-text-color has-link-color has-small-font-size wp-elements-10262df0184be4a77ddc78bfe1a05803\">L&rsquo;abbaye b\u00e9n\u00e9dictine ayant \u00e9t\u00e9 d\u00e9mantel\u00e9e vers le XVIIe si\u00e8cle apr\u00e8s la R\u00e9volution, la Tour Abbatiale ainsi que l&rsquo;Echevinage qui la constituent t\u00e9moignent du riche pass\u00e9 religieux de celle-ci.<\/p>\n\n\n\n<p class=\"has-text-align-left has-ti-fg-color has-text-color has-link-color has-small-font-size wp-elements-69253827b81e08fb732d69136143485c\">Le monument, class\u00e9 b\u00e2timent historique en 1846, comprend une Tour haute de 82m, construite de 1626 \u00e0 1640 et restaur\u00e9e entre 2004 et 2012. En son sommet, nous retrouvons  un carillon de 48 cloches, certaines datant du XVIIe si\u00e8cle. <\/p>\n\n\n\n<p class=\"has-ti-fg-color has-text-color has-link-color has-small-font-size wp-elements-49d379641391bc855ff4127805619b06\">Concernant l&rsquo;Echevinage construit en 1632, il \u00e9tait autrefois l&rsquo;entr\u00e9e principale de l&rsquo;abbaye.<\/p>\n\n\n\n<p class=\"has-text-align-left has-ti-fg-color has-text-color has-link-color has-small-font-size wp-elements-9597500652ca7ce267bfd337adee2a71\">Nous pouvons aussi y retrouver un fabuleux mus\u00e9e avec, au rez-de-chauss\u00e9e, des expositions temporaires; mais aussi \u00e0 l&rsquo;\u00e9tage des collections de c\u00e9ramiques amandinoises. Pour en savoir plus sur ce mus\u00e9e, <a href=\"https:\/\/www.saint-amand-les-eaux.fr\/musee-de-la-tour-abbatiale\" data-type=\"link\" data-id=\"https:\/\/www.saint-amand-les-eaux.fr\/musee-de-la-tour-abbatiale\">cliquer ici<\/a>.<\/p>\n\n\n\n<p class=\"has-text-align-left has-ti-fg-color has-text-color has-link-color has-small-font-size wp-elements-96295d4b3089ff3b078814eeeef96df1\"><strong>Plus d&rsquo;informations <a href=\"https:\/\/www.tourisme-porteduhainaut.com\/activites\/decouvrir-notre-heritage\/1150491-tour-abbatiale-de-saint-amand-les-eaux\" data-type=\"link\" data-id=\"https:\/\/www.tourisme-porteduhainaut.com\/activites\/decouvrir-notre-heritage\/1150491-tour-abbatiale-de-saint-amand-les-eaux\">ici<\/a>.<\/strong><\/p>\n<\/div><\/div>\n\n\n\n<div class=\"wp-block-cover has-ti-fg-color has-text-color has-link-color wp-elements-1b22fa19e08cd05a3ec0cea1b0185add\" style=\"min-height:249px;aspect-ratio:unset;aspect-ratio:unset;\"><span aria-hidden=\"true\" class=\"wp-block-cover__background has-ti-bg-alt-background-color has-background-dim-100 has-background-dim\"><\/span><div class=\"wp-block-cover__inner-container is-layout-constrained wp-block-cover-is-layout-constrained\">\n<p class=\"has-text-align-center has-normal-font-size\">2. <strong>Th\u00e9\u00e2tre des Sources<\/strong><\/p>\n\n\n\n<p class=\"has-text-align-left has-small-font-size\"><strong><br><\/strong>Le Th\u00e9\u00e2tre des Sources, construit en 1906 sous l&rsquo;impulsion d&rsquo;Emile Davaine maire de la commune, fait foi de l&rsquo;importance pour la commune de construire un th\u00e9\u00e2tre permettant de favoriser le divertissement \u00e0 cette \u00e9poque &#8211; nous retrouvons d&rsquo;ailleurs la pr\u00e9sence d&rsquo;armes de la ville symbolis\u00e9es par une \u00e9p\u00e9e et un lys au sommet de la fa\u00e7ade.<\/p>\n\n\n\n<p class=\"has-text-align-left has-small-font-size\">Le b\u00e2timent, dont l&rsquo;apparence peut nous faire penser aux grands th\u00e9\u00e2tres de Paris de l&rsquo;\u00e9poque, a \u00e9t\u00e9 r\u00e9alis\u00e9 par Gustave Dupont et son fils Eug\u00e8ne.<br>La fa\u00e7ade du th\u00e9\u00e2tre, con\u00e7ue par Alexandre Fournier, sculpteur \u00e0 Valenciennes, appuie cette impression \u00e9tant donn\u00e9 ses ornementations complexes en inspiration au style architectural de l&rsquo;\u00e9poque (lyres, pots \u00e0 feu, couronnes de laurier). <\/p>\n\n\n\n<p class=\"has-text-align-left has-small-font-size\">L&rsquo;int\u00e9rieur du th\u00e9\u00e2tre est constitu\u00e9 de 377 places assises, id\u00e9ales au confort et \u00e0 la visibilit\u00e9 que promet ce lieu riche en histoire.<\/p>\n\n\n\n<p class=\"has-small-font-size\"><strong>Plus d&rsquo;informations <a href=\"https:\/\/inventaire.hautsdefrance.fr\/dossier\/IA59005004\" data-type=\"link\" data-id=\"https:\/\/inventaire.hautsdefrance.fr\/dossier\/IA59005004\">ici<\/a>.<\/strong><\/p>\n<\/div><\/div>\n<\/div>\n<\/div>\n\n\n\n<div class=\"wp-block-group is-nowrap is-layout-flex wp-container-core-group-is-layout-3 wp-block-group-is-layout-flex\">\n<div class=\"wp-block-cover has-ti-fg-color has-text-color has-link-color wp-elements-5612649808a2b9e65b035af2dea4a173\" style=\"min-height:131px;aspect-ratio:unset;aspect-ratio:unset;\"><span aria-hidden=\"true\" class=\"wp-block-cover__background has-ti-bg-alt-background-color has-background-dim-100 has-background-dim\"><\/span><div class=\"wp-block-cover__inner-container is-layout-constrained wp-block-cover-is-layout-constrained\">\n<p class=\"has-text-align-left has-normal-font-size\">3. <strong>Villa Dubois &#8211; Maison des Artistes<\/strong><\/p>\n\n\n\n<p class=\"has-small-font-size\"><br>Con\u00e7ue par et pour l&rsquo;entrepreneur Dubois, il s&rsquo;agit l\u00e0 d&rsquo;une demeure de style Louis XIII amandinoise qui se situe dans un jardin en retrait de la rue. Un jardin d&rsquo;hiver, en juxtaposition du corps principal de l&rsquo;arri\u00e8re de l&rsquo;\u00e9difice, la compose \u00e9galement. Sa complexit\u00e9 architecturale nous permet de comprendre son prestige : brique et cha\u00eenage de pierre, toit en pavillon sur l&rsquo;avant-corps, toiture perc\u00e9e de grandes lucarnes \u00e0 fronton courbe interrompu&#8230; <\/p>\n\n\n\n<p class=\"has-small-font-size\"><\/p>\n\n\n\n<p><\/p>\n\n\n\n<p class=\"has-small-font-size\"><strong>Plus d&rsquo;informations <a href=\"https:\/\/inventaire.hautsdefrance.fr\/dossier\/IA59005020\" data-type=\"link\" data-id=\"https:\/\/inventaire.hautsdefrance.fr\/dossier\/IA59005020\">ici<\/a>.<\/strong><\/p>\n<\/div><\/div>\n\n\n\n<div class=\"wp-block-cover has-ti-fg-color has-text-color has-link-color wp-elements-956ae10a581d0f15be4a7baa9e975636\" style=\"min-height:89px;aspect-ratio:unset;aspect-ratio:unset;\"><span aria-hidden=\"true\" class=\"wp-block-cover__background has-ti-bg-alt-background-color has-background-dim-100 has-background-dim\"><\/span><div class=\"wp-block-cover__inner-container is-layout-constrained wp-block-cover-is-layout-constrained\">\n<p class=\"has-text-align-left has-normal-font-size\">4. <strong>Ateliers de la Rue du Wacq &#8211; Artisans Cr\u00e9ateurs<\/strong><\/p>\n\n\n\n<p class=\"has-small-font-size\">Les Ateliers de la Rue du Wacq accueillent des artistes et artisans d&rsquo;art travaillant autour de divers m\u00e9diums artistiques. Cette rue s&rsquo;est particuli\u00e8rement d\u00e9velopp\u00e9e ces derni\u00e8res ann\u00e9es, \u00e9tant donn\u00e9 la cr\u00e9ation de l&rsquo;association du WACQ Artribu, un espace qui <a href=\"https:\/\/www.facebook.com\/profile.php?id=61557501330473\" data-type=\"link\" data-id=\"https:\/\/www.facebook.com\/profile.php?id=61557501330473\">\u00ab\u00a0relie les Arts dans tous leurs \u00e9tats pour transmettre, cr\u00e9er, inventer, \u00e9changer au travers de rencontres, d&rsquo;\u00e9v\u00e9nements et ainsi valoriser la culture locale\u00a0\u00bb<\/a>. Les artistes qui composent cette association travaillent devant le public chaque semaine du vendredi au dimanche de 10h \u00e0 18h. Le tout, dans le respect et le charme des lieux \u00e9tant donn\u00e9 l&rsquo;architecture d&rsquo;origine pr\u00e9dominante. <\/p>\n\n\n\n<p class=\"has-small-font-size\"><strong>Plus d&rsquo;informations <a href=\"https:\/\/www.caue-observatoire.fr\/ouvrage\/ateliers-de-rue-wacq-saint-amand-eaux-59\/\" data-type=\"link\" data-id=\"https:\/\/www.caue-observatoire.fr\/ouvrage\/ateliers-de-rue-wacq-saint-amand-eaux-59\/\">ici<\/a>.<\/strong><\/p>\n<\/div><\/div>\n<\/div>\n\n\n\n<blockquote class=\"wp-block-quote is-layout-flow wp-block-quote-is-layout-flow\">\n<h2 class=\"wp-block-heading\">WALLERS-ARENBERG<\/h2>\n<\/blockquote>\n\n\n\n<ul class=\"wp-block-list\">\n<li>Retra\u00e7ons notre parcours avec les \u00e9l\u00e8ves !<\/li>\n<\/ul>\n\n\n\n<div><iframe src=\"https:\/\/maps.google.com\/maps?q=Wallers-Arenberg+site+minier&amp;z=15&amp;t=k&amp;output=embed\" style=\"border:0;height:418px;width:100%\"><\/iframe><\/div>\n\n\n\n<div class=\"wp-block-group is-nowrap is-layout-flex wp-container-core-group-is-layout-4 wp-block-group-is-layout-flex\">\n<div class=\"wp-block-cover\" style=\"min-height:254px;aspect-ratio:unset;aspect-ratio:unset;\"><span aria-hidden=\"true\" class=\"wp-block-cover__background has-ti-bg-alt-background-color has-background-dim-100 has-background-dim\"><\/span><div class=\"wp-block-cover__inner-container is-layout-constrained wp-block-cover-is-layout-constrained\">\n<p class=\"has-text-align-center has-ti-fg-color has-text-color has-link-color has-normal-font-size wp-elements-21dd96bfde4949df18531d5042a93cf7\">1. <strong>Site Minier d&rsquo;Arenberg &#8211; La Porte du Hainaut<\/strong><\/p>\n\n\n\n<p class=\"has-text-align-left has-ti-fg-color has-text-color has-link-color has-small-font-size wp-elements-d44cffb6d00d36f065fd91b4be774a0a\">La fosse d&rsquo;Arenberg est ouverte en 1899 par la Compagnie des Mines d&rsquo;Anzin. Elle est alors mise en exploitation en 1903, \u00e9tant donn\u00e9 son sous-sol riche en charbon maigre ainsi que sa proximit\u00e9 avec le p\u00f4le sid\u00e9rurgique de Denain.<br><br>C&rsquo;est en 1992 que le site est class\u00e9 Monument Historique, \u00e9tant donn\u00e9 la reconnaissance de ce lieu par les anciens mineurs et \u00e9lus locaux; mais aussi gr\u00e2ce \u00e0 sa mise en lumi\u00e8re par le film de Claude Berri, <em>Germinal<\/em>. <\/p>\n\n\n\n<p class=\"has-text-align-left has-ti-fg-color has-text-color has-link-color has-small-font-size wp-elements-9b3509ff79863ae69930a5f7c5646cb0\">Depuis, de nombreuses r\u00e9novations ont eu lieu. Les visiteurs peuvent aujourd&rsquo;hui b\u00e9n\u00e9ficier des nombreuses activit\u00e9s culturelles qui permettent de mettre en \u00e9vidence l&rsquo;importance de ce riche patrimoine pour le territoire.<br>C&rsquo;est \u00e9galement l&rsquo;un des sites habit\u00e9s par l&rsquo;<em>Office de Tourisme de la Porte du Hainaut<\/em>.<\/p>\n\n\n\n<p class=\"has-text-align-left has-ti-fg-color has-text-color has-link-color has-small-font-size wp-elements-d9bfa1214d47695a062d13ca7393a72a\"><strong>Plus d&rsquo;informations <a href=\"https:\/\/www.arenberg-creativemine.fr\/page\/levolution-site-minier-1899-a-aujourdhui\" data-type=\"link\" data-id=\"https:\/\/www.arenberg-creativemine.fr\/page\/levolution-site-minier-1899-a-aujourdhui\">ici<\/a>.<\/strong><\/p>\n<\/div><\/div>\n\n\n\n<div class=\"wp-block-cover has-ti-fg-color has-text-color has-link-color wp-elements-c1be0d52fa62038626a4e2c430e27cc1\" style=\"min-height:249px;aspect-ratio:unset;aspect-ratio:unset;\"><span aria-hidden=\"true\" class=\"wp-block-cover__background has-ti-bg-alt-background-color has-background-dim-100 has-background-dim\"><\/span><div class=\"wp-block-cover__inner-container is-layout-constrained wp-block-cover-is-layout-constrained\">\n<p class=\"has-text-align-center has-normal-font-size\">2. <strong>Maisons de briques et corons<\/strong><\/p>\n\n\n\n<p class=\"has-text-align-left has-small-font-size\"><strong>Maisons de briques <br><\/strong>Ces diff\u00e9rentes maisons, construites \u00e0 partir des ann\u00e9es 1920 autour des fosses o\u00f9 descendaient les travailleurs, font partie de l&rsquo;identit\u00e9 du bassin minier du Nord. Elles ont \u00e9t\u00e9 inscrites au patrimoine mondial de l&rsquo;humanit\u00e9 en 2012.<\/p>\n\n\n\n<p class=\"has-text-align-left has-small-font-size\">Au d\u00e9but du XVIII, nous d\u00e9notons une explosion industrielle qui incite les diff\u00e9rentes Compagnies mini\u00e8res \u00e0 loger des populations de mineurs. De nouvelles constructions ont ainsi lieu : ce sont les cit\u00e9s ouvri\u00e8res. <\/p>\n\n\n\n<p class=\"has-small-font-size\"><strong>Corons<\/strong><br>Les corons, habitations ouvri\u00e8res mitoyennes du XIXe si\u00e8cle, sont ais\u00e9ment reconnaissables \u00e9tant donn\u00e9 leur ressemblance. Elles constituent aujourd&rsquo;hui 25% des cit\u00e9s du Bassin Minier. <br>Elles ont \u00e9t\u00e9 cr\u00e9\u00e9es \u00e0 l&rsquo;initiative des Mines d&rsquo;Anzin dans les ann\u00e9es 1810.<\/p>\n\n\n\n<p class=\"has-small-font-size\"><strong>Plus d&rsquo;informations <a href=\"https:\/\/inventaire.hautsdefrance.fr\/dossier\/IA59005004\" data-type=\"link\" data-id=\"https:\/\/inventaire.hautsdefrance.fr\/dossier\/IA59005004\">ici<\/a>.<\/strong><\/p>\n<\/div><\/div>\n<\/div>\n\n\n\n<div class=\"wp-block-group is-nowrap is-layout-flex wp-container-core-group-is-layout-5 wp-block-group-is-layout-flex\">\n<div class=\"wp-block-cover\" style=\"min-height:254px;aspect-ratio:unset;aspect-ratio:unset;\"><span aria-hidden=\"true\" class=\"wp-block-cover__background has-ti-bg-alt-background-color has-background-dim-100 has-background-dim\"><\/span><div class=\"wp-block-cover__inner-container is-layout-constrained wp-block-cover-is-layout-constrained\">\n<p class=\"has-text-align-center has-ti-fg-color has-text-color has-link-color has-normal-font-size wp-elements-1bd27613e7ac77a35e038b3e88952975\">3. <strong>Salle des F\u00eates Pierre d&rsquo;Arenberg<\/strong><\/p>\n\n\n\n<p class=\"has-text-align-left has-ti-fg-color has-text-color has-link-color has-small-font-size wp-elements-70fe21a684e633352b0c52d53ee4eca8\">Cette salle a \u00e9t\u00e9 inaugur\u00e9e vers 1910 et accueillait les nombreuses festivit\u00e9s en lien avec la cit\u00e9 mini\u00e8re (f\u00eates de la Sainte-Barbe le 4 d\u00e9cembre, bals, fanfares et harmonies&#8230;). <br>L&rsquo;architecture de ce b\u00e2timent est marqu\u00e9e par des fen\u00eatres et ouvertures en arcs alternant briques blanches et bleues, signature de la Compagnie d&rsquo;Anzin. <\/p>\n\n\n\n<p class=\"has-text-align-left has-ti-fg-color has-text-color has-link-color has-small-font-size wp-elements-b42c9e7db523ef717647d94ba4a25b6a\">Cette salle aurait marqu\u00e9 des g\u00e9n\u00e9rations de gueules noires. <\/p>\n\n\n\n<p class=\"has-text-align-left has-ti-fg-color has-text-color has-link-color has-small-font-size wp-elements-f99bf408aca7478b7c4e58fb3fc73db0\"><strong>Plus d&rsquo;informations <a href=\"https:\/\/www.caue-nord.com\/en\/portail\/41\/observatoire\/4300\/salle-des-fetes-d-arenberg-wallers-59.html\" data-type=\"link\" data-id=\"https:\/\/www.caue-nord.com\/en\/portail\/41\/observatoire\/4300\/salle-des-fetes-d-arenberg-wallers-59.html\">ici<\/a>.<\/strong><\/p>\n<\/div><\/div>\n\n\n\n<div class=\"wp-block-cover has-ti-fg-color has-text-color has-link-color wp-elements-0f375de5894dee202a8b0dd010ec9cfa\" style=\"min-height:249px;aspect-ratio:unset;aspect-ratio:unset;\"><span aria-hidden=\"true\" class=\"wp-block-cover__background has-ti-bg-alt-background-color has-background-dim-100 has-background-dim\"><\/span><div class=\"wp-block-cover__inner-container is-layout-constrained wp-block-cover-is-layout-constrained\">\n<p class=\"has-text-align-center has-normal-font-size\">4. <strong>Eglise Sainte-Barbe <\/strong><\/p>\n\n\n\n<p class=\"has-text-align-left has-small-font-size\">L&rsquo;Eglise Sainte-Barbe se situe au niveau de la Place Casimir P\u00e9rier de Wallers-Arenberg. Construite entre 1905 et 1907, elle est d&rsquo;architecture sobre et abrite un vitrail en l&rsquo;honneur de Sainte-Barbe, sainte patronne des mineurs, accompagn\u00e9e de ses attributs (la tour et l&rsquo;\u00e9p\u00e9e). La Sainte-Barbe est c\u00e9l\u00e9br\u00e9e le 4 d\u00e9cembre.<\/p>\n\n\n\n<p class=\"has-small-font-size\">L&rsquo;Eglise Sainte-Barbe a \u00e9galement \u00e9t\u00e9 mise \u00e0 l&rsquo;honneur lors d&rsquo;une action men\u00e9e le <a href=\"https:\/\/www.chaire-tvp.com\/go\/index.php\/balade-a-caleche-autour-de-la-place-casimir-perier-wallers-arenberg\/\" data-type=\"link\" data-id=\"https:\/\/www.chaire-tvp.com\/go\/index.php\/balade-a-caleche-autour-de-la-place-casimir-perier-wallers-arenberg\/\">2 juillet 2024<\/a> sur la Place Casimir P\u00e9rier.<\/p>\n\n\n\n<p class=\"has-small-font-size\"><strong>Plus d&rsquo;informations <a href=\"https:\/\/www.fondation-patrimoine.org\/les-projets\/eglise-sainte-barbe-de-wallers\/63614\" data-type=\"link\" data-id=\"https:\/\/www.fondation-patrimoine.org\/les-projets\/eglise-sainte-barbe-de-wallers\/63614\">ici<\/a>.<\/strong><\/p>\n<\/div><\/div>\n<\/div>\n\n\n\n<div class=\"wp-block-cover\" style=\"min-height:254px;aspect-ratio:unset;aspect-ratio:unset;\"><span aria-hidden=\"true\" class=\"wp-block-cover__background has-ti-bg-alt-background-color has-background-dim-100 has-background-dim\"><\/span><div class=\"wp-block-cover__inner-container is-layout-constrained wp-block-cover-is-layout-constrained\">\n<p class=\"has-text-align-center has-ti-fg-color has-text-color has-link-color has-normal-font-size wp-elements-da70a7829b4b4f44d6fcf6f01fb47957\">3. <strong>Cit\u00e9 du Nouveau Monde (UNESCO)<\/strong><\/p>\n\n\n\n<p class=\"has-text-align-left has-ti-fg-color has-text-color has-link-color has-small-font-size wp-elements-43c5922c51d748fdd2d95211b86326ef\">Nous avons termin\u00e9 notre journ\u00e9e par une visite de ce quartier, fruit d&rsquo;un nouveau mod\u00e8le de cit\u00e9 mini\u00e8re d&rsquo;entre deux-guerres : la cit\u00e9 pavillonnaire. <br><br>Le plan de la cit\u00e9 se d\u00e9veloppe sur un mod\u00e8le orthogonal dont les rues sont rectilignes et le long desquelles s&rsquo;alignent \u00e0 espace r\u00e9gulier les maisons jumel\u00e9es.<br><br>Les pavillons s&rsquo;associent aux cit\u00e9s de corons d&rsquo;Arenberg mais se diff\u00e9rencient par de petits jardins \u00e0 l&rsquo;avant et des jardins plus vastes \u00e0 l&rsquo;arri\u00e8re.<\/p>\n\n\n\n<p class=\"has-text-align-left has-ti-fg-color has-text-color has-link-color has-small-font-size wp-elements-735a50f60ca91ace7b5908ea0d93a601\"><strong>Plus d&rsquo;informations et sources <a href=\"https:\/\/www.bassinminier-patrimoinemondial.org\/wp-content\/uploads\/2015\/03\/Le-quartier-dArenberg.pdf\" data-type=\"link\" data-id=\"https:\/\/www.bassinminier-patrimoinemondial.org\/wp-content\/uploads\/2015\/03\/Le-quartier-dArenberg.pdf\">ici<\/a>.<\/strong><\/p>\n<\/div><\/div>\n","protected":false},"excerpt":{"rendered":"<p>SAINT-AMAND-LES-EAUX Voir \u00e9galement la carte touristique de l&rsquo;Office de Tourisme de la Porte du Hainaut t\u00e9l\u00e9chargeable en cliquant ici WALLERS-ARENBERG<\/p>\n","protected":false},"author":1,"featured_media":0,"parent":0,"menu_order":0,"comment_status":"closed","ping_status":"closed","template":"","meta":{"_editorskit_title_hidden":false,"_editorskit_reading_time":0,"_editorskit_is_block_options_detached":false,"_editorskit_block_options_position":"{}","inline_featured_image":false,"ngg_post_thumbnail":0,"_EventAllDay":false,"_EventTimezone":"","_EventStartDate":"","_EventEndDate":"","_EventStartDateUTC":"","_EventEndDateUTC":"","_EventShowMap":false,"_EventShowMapLink":false,"_EventURL":"","_EventCost":"","_EventCostDescription":"","_EventCurrencySymbol":"","_EventCurrencyCode":"","_EventCurrencyPosition":"","_EventDateTimeSeparator":"","_EventTimeRangeSeparator":"","_EventOrganizerID":[],"_EventVenueID":[],"_OrganizerEmail":"","_OrganizerPhone":"","_OrganizerWebsite":"","_VenueAddress":"","_VenueCity":"","_VenueCountry":"","_VenueProvince":"","_VenueState":"","_VenueZip":"","_VenuePhone":"","_VenueURL":"","_VenueStateProvince":"","_VenueLat":"","_VenueLng":"","_VenueShowMap":false,"_VenueShowMapLink":false,"footnotes":""},"class_list":["post-1634","page","type-page","status-publish","hentry"],"jetpack_sharing_enabled":true,"_links":{"self":[{"href":"https:\/\/www.chaire-tvp.com\/go\/index.php\/wp-json\/wp\/v2\/pages\/1634","targetHints":{"allow":["GET"]}}],"collection":[{"href":"https:\/\/www.chaire-tvp.com\/go\/index.php\/wp-json\/wp\/v2\/pages"}],"about":[{"href":"https:\/\/www.chaire-tvp.com\/go\/index.php\/wp-json\/wp\/v2\/types\/page"}],"author":[{"embeddable":true,"href":"https:\/\/www.chaire-tvp.com\/go\/index.php\/wp-json\/wp\/v2\/users\/1"}],"replies":[{"embeddable":true,"href":"https:\/\/www.chaire-tvp.com\/go\/index.php\/wp-json\/wp\/v2\/comments?post=1634"}],"version-history":[{"count":9,"href":"https:\/\/www.chaire-tvp.com\/go\/index.php\/wp-json\/wp\/v2\/pages\/1634\/revisions"}],"predecessor-version":[{"id":1694,"href":"https:\/\/www.chaire-tvp.com\/go\/index.php\/wp-json\/wp\/v2\/pages\/1634\/revisions\/1694"}],"wp:attachment":[{"href":"https:\/\/www.chaire-tvp.com\/go\/index.php\/wp-json\/wp\/v2\/media?parent=1634"}],"curies":[{"name":"wp","href":"https:\/\/api.w.org\/{rel}","templated":true}]}}