{"id":1565,"date":"2024-11-05T22:59:12","date_gmt":"2024-11-05T22:59:12","guid":{"rendered":"https:\/\/www.chaire-tvp.com\/go\/?page_id=1565"},"modified":"2025-01-08T17:37:25","modified_gmt":"2025-01-08T17:37:25","slug":"videos-realisees-par-le-collectif-losange-noir","status":"publish","type":"page","link":"https:\/\/www.chaire-tvp.com\/go\/index.php\/videos-realisees-par-le-collectif-losange-noir\/","title":{"rendered":"Vid\u00e9os r\u00e9alis\u00e9es par le collectif Losange Noir"},"content":{"rendered":"\n<div class=\"wp-block-cover\"><span aria-hidden=\"true\" class=\"wp-block-cover__background has-ti-bg-alt-background-color has-background-dim-100 has-background-dim\"><\/span><div class=\"wp-block-cover__inner-container is-layout-constrained wp-block-cover-is-layout-constrained\">\n<p class=\"has-text-align-center has-ti-fg-color has-text-color has-link-color has-normal-font-size wp-elements-48b30c21fc40e734790307c0d206a092\">Les Journ\u00e9es Europ\u00e9ennes du Patrimoine sont donc l\u2019occasion de pr\u00e9senter au public des repr\u00e9sentations visuelles li\u00e9es \u00e0 l\u2019histoire des Thermes. Ces images s\u2019int\u00e9ressent en particulier \u00e0 la notion de sociabilit\u00e9. Dans cette perspective, nous avons d\u00e9cid\u00e9 d\u2019y associer des cr\u00e9ations contemporaines : courtes vid\u00e9os et petites animations. Il s\u2019agit d\u2019un travail narratif et imaginatif autour de ces sociabilit\u00e9s dont les images de l\u2019exposition t\u00e9moignent. <\/p>\n\n\n\n<p class=\"has-text-align-center has-ti-fg-color has-text-color has-link-color has-normal-font-size wp-elements-005cfcee92acd0e8b0a54e49b372ac4f\">Ce travail de plusieurs vid\u00e9os, r\u00e9alis\u00e9 en septembre 2024 par le collectif de cr\u00e9ation audiovisuelle Losange Noir, a \u00e9galement connu le soutien de quatre mod\u00e8les que nous remercions vivement : Alix Mireault, Marine Doucet, Salom\u00e9 Degoumois, Astrid Potier.<\/p>\n<\/div><\/div>\n\n\n\n<figure class=\"wp-block-embed is-type-video is-provider-youtube wp-block-embed-youtube wp-embed-aspect-16-9 wp-has-aspect-ratio\"><div class=\"wp-block-embed__wrapper\">\n<iframe title=\"Losange Noir, Vue du caf\u00e9-th\u00e9\u00e2tre-casino, travail vid\u00e9o, 8 septembre 2024, Thermes, St Amand.\" width=\"500\" height=\"281\" src=\"https:\/\/www.youtube.com\/embed\/Rzp7tWj0CDg?feature=oembed\" frameborder=\"0\" allow=\"accelerometer; autoplay; clipboard-write; encrypted-media; gyroscope; picture-in-picture; web-share\" referrerpolicy=\"strict-origin-when-cross-origin\" allowfullscreen><\/iframe>\n<\/div><figcaption class=\"wp-element-caption\">Losange Noir, Vue du caf\u00e9-th\u00e9\u00e2tre-casino, travail vid\u00e9o, 8 septembre 2024, Thermes, St Amand.<\/figcaption><\/figure>\n\n\n\n<figure class=\"wp-block-embed is-type-video is-provider-youtube wp-block-embed-youtube wp-embed-aspect-16-9 wp-has-aspect-ratio\"><div class=\"wp-block-embed__wrapper\">\n<iframe title=\"Losange Noir, Carte postale multivues, travail vid\u00e9o, 8 septembre 2024, Thermes, St Amand.\" width=\"500\" height=\"281\" src=\"https:\/\/www.youtube.com\/embed\/KnNNj0Zsq9s?feature=oembed\" frameborder=\"0\" allow=\"accelerometer; autoplay; clipboard-write; encrypted-media; gyroscope; picture-in-picture; web-share\" referrerpolicy=\"strict-origin-when-cross-origin\" allowfullscreen><\/iframe>\n<\/div><figcaption class=\"wp-element-caption\">Losange Noir, Carte postale multivues, travail vid\u00e9o, 8 septembre 2024, Thermes, St Amand.<\/figcaption><\/figure>\n\n\n\n<figure class=\"wp-block-embed is-type-video is-provider-youtube wp-block-embed-youtube wp-embed-aspect-16-9 wp-has-aspect-ratio\"><div class=\"wp-block-embed__wrapper\">\n<iframe title=\"Losange Noir, Le jardin d\u2019hiver, travail vid\u00e9o, 8 septembre 2024, Thermes, Saint-Amand-Les-Eaux.\" width=\"500\" height=\"281\" src=\"https:\/\/www.youtube.com\/embed\/VSG1SDYWH_A?feature=oembed\" frameborder=\"0\" allow=\"accelerometer; autoplay; clipboard-write; encrypted-media; gyroscope; picture-in-picture; web-share\" referrerpolicy=\"strict-origin-when-cross-origin\" allowfullscreen><\/iframe>\n<\/div><figcaption class=\"wp-element-caption\">Losange Noir, Le jardin d\u2019hiver, travail vid\u00e9o, 8 septembre 2024, Thermes, Saint-Amand-Les-Eaux.<\/figcaption><\/figure>\n\n\n\n<figure class=\"wp-block-embed is-type-video is-provider-youtube wp-block-embed-youtube wp-embed-aspect-16-9 wp-has-aspect-ratio\"><div class=\"wp-block-embed__wrapper\">\n<iframe title=\"Losange Noir, La rotonde des boues, travail vid\u00e9o, 8 septembre 2024, Thermes, St Amand.\" width=\"500\" height=\"281\" src=\"https:\/\/www.youtube.com\/embed\/PQo9m4YwW_M?feature=oembed\" frameborder=\"0\" allow=\"accelerometer; autoplay; clipboard-write; encrypted-media; gyroscope; picture-in-picture; web-share\" referrerpolicy=\"strict-origin-when-cross-origin\" allowfullscreen><\/iframe>\n<\/div><figcaption class=\"wp-element-caption\">Losange Noir, La rotonde des boues, travail vid\u00e9o, 8 septembre 2024, Thermes, St Amand.<\/figcaption><\/figure>\n","protected":false},"excerpt":{"rendered":"","protected":false},"author":1,"featured_media":0,"parent":0,"menu_order":0,"comment_status":"closed","ping_status":"closed","template":"","meta":{"_editorskit_title_hidden":false,"_editorskit_reading_time":0,"_editorskit_is_block_options_detached":false,"_editorskit_block_options_position":"{}","inline_featured_image":false,"ngg_post_thumbnail":0,"_EventAllDay":false,"_EventTimezone":"","_EventStartDate":"","_EventEndDate":"","_EventStartDateUTC":"","_EventEndDateUTC":"","_EventShowMap":false,"_EventShowMapLink":false,"_EventURL":"","_EventCost":"","_EventCostDescription":"","_EventCurrencySymbol":"","_EventCurrencyCode":"","_EventCurrencyPosition":"","_EventDateTimeSeparator":"","_EventTimeRangeSeparator":"","_EventOrganizerID":[],"_EventVenueID":[],"_OrganizerEmail":"","_OrganizerPhone":"","_OrganizerWebsite":"","_VenueAddress":"","_VenueCity":"","_VenueCountry":"","_VenueProvince":"","_VenueState":"","_VenueZip":"","_VenuePhone":"","_VenueURL":"","_VenueStateProvince":"","_VenueLat":"","_VenueLng":"","_VenueShowMap":false,"_VenueShowMapLink":false,"footnotes":""},"class_list":["post-1565","page","type-page","status-publish","hentry"],"jetpack_sharing_enabled":true,"_links":{"self":[{"href":"https:\/\/www.chaire-tvp.com\/go\/index.php\/wp-json\/wp\/v2\/pages\/1565","targetHints":{"allow":["GET"]}}],"collection":[{"href":"https:\/\/www.chaire-tvp.com\/go\/index.php\/wp-json\/wp\/v2\/pages"}],"about":[{"href":"https:\/\/www.chaire-tvp.com\/go\/index.php\/wp-json\/wp\/v2\/types\/page"}],"author":[{"embeddable":true,"href":"https:\/\/www.chaire-tvp.com\/go\/index.php\/wp-json\/wp\/v2\/users\/1"}],"replies":[{"embeddable":true,"href":"https:\/\/www.chaire-tvp.com\/go\/index.php\/wp-json\/wp\/v2\/comments?post=1565"}],"version-history":[{"count":3,"href":"https:\/\/www.chaire-tvp.com\/go\/index.php\/wp-json\/wp\/v2\/pages\/1565\/revisions"}],"predecessor-version":[{"id":1735,"href":"https:\/\/www.chaire-tvp.com\/go\/index.php\/wp-json\/wp\/v2\/pages\/1565\/revisions\/1735"}],"wp:attachment":[{"href":"https:\/\/www.chaire-tvp.com\/go\/index.php\/wp-json\/wp\/v2\/media?parent=1565"}],"curies":[{"name":"wp","href":"https:\/\/api.w.org\/{rel}","templated":true}]}}