{"id":1507,"date":"2024-11-05T22:24:49","date_gmt":"2024-11-05T22:24:49","guid":{"rendered":"https:\/\/www.chaire-tvp.com\/go\/?page_id=1507"},"modified":"2025-02-03T13:20:09","modified_gmt":"2025-02-03T13:20:09","slug":"autour-du-bal-musette","status":"publish","type":"page","link":"https:\/\/www.chaire-tvp.com\/go\/index.php\/autour-du-bal-musette\/","title":{"rendered":"Autour du Bal Musette"},"content":{"rendered":"\n<p><\/p>\n\n\n\n<div class=\"wp-block-cover alignfull\" style=\"padding-top:4vw;padding-right:4vw;padding-bottom:4vw;padding-left:4vw;min-height:66vh;aspect-ratio:unset;aspect-ratio:unset;\"><span aria-hidden=\"true\" class=\"wp-block-cover__background has-black-background-color has-background-dim-100 has-background-dim\"><\/span><div class=\"wp-block-cover__inner-container is-layout-flow wp-block-cover-is-layout-flow\">\n<div class=\"wp-block-group is-content-justification-center is-nowrap is-layout-flex wp-container-core-group-is-layout-1 wp-block-group-is-layout-flex\">\n<figure class=\"wp-block-gallery has-nested-images columns-default is-cropped wp-block-gallery-1 is-layout-flex wp-block-gallery-is-layout-flex\">\n<figure class=\"wp-block-image size-large\"><img fetchpriority=\"high\" decoding=\"async\" width=\"1024\" height=\"576\" data-id=\"1589\" src=\"https:\/\/www.chaire-tvp.com\/go\/wp-content\/uploads\/2024\/11\/IMG_3061-1024x576.jpg\" alt=\"\" class=\"wp-image-1589\" srcset=\"https:\/\/www.chaire-tvp.com\/go\/wp-content\/uploads\/2024\/11\/IMG_3061-1024x576.jpg 1024w, https:\/\/www.chaire-tvp.com\/go\/wp-content\/uploads\/2024\/11\/IMG_3061-300x169.jpg 300w, https:\/\/www.chaire-tvp.com\/go\/wp-content\/uploads\/2024\/11\/IMG_3061-768x432.jpg 768w, https:\/\/www.chaire-tvp.com\/go\/wp-content\/uploads\/2024\/11\/IMG_3061-1536x864.jpg 1536w, https:\/\/www.chaire-tvp.com\/go\/wp-content\/uploads\/2024\/11\/IMG_3061-2048x1152.jpg 2048w\" sizes=\"(max-width: 1024px) 100vw, 1024px\" \/><\/figure>\n\n\n\n<figure class=\"wp-block-image size-large\"><img decoding=\"async\" width=\"1024\" height=\"576\" data-id=\"1590\" src=\"https:\/\/www.chaire-tvp.com\/go\/wp-content\/uploads\/2024\/11\/IMG_3069-1-1024x576.jpg\" alt=\"\" class=\"wp-image-1590\" srcset=\"https:\/\/www.chaire-tvp.com\/go\/wp-content\/uploads\/2024\/11\/IMG_3069-1-1024x576.jpg 1024w, https:\/\/www.chaire-tvp.com\/go\/wp-content\/uploads\/2024\/11\/IMG_3069-1-300x169.jpg 300w, https:\/\/www.chaire-tvp.com\/go\/wp-content\/uploads\/2024\/11\/IMG_3069-1-768x432.jpg 768w, https:\/\/www.chaire-tvp.com\/go\/wp-content\/uploads\/2024\/11\/IMG_3069-1-1536x864.jpg 1536w, https:\/\/www.chaire-tvp.com\/go\/wp-content\/uploads\/2024\/11\/IMG_3069-1-2048x1152.jpg 2048w\" sizes=\"(max-width: 1024px) 100vw, 1024px\" \/><\/figure>\n\n\n\n<figure class=\"wp-block-image size-large\"><img decoding=\"async\" width=\"1024\" height=\"768\" data-id=\"1591\" src=\"https:\/\/www.chaire-tvp.com\/go\/wp-content\/uploads\/2024\/11\/IMG_3037-1024x768.jpg\" alt=\"\" class=\"wp-image-1591\" srcset=\"https:\/\/www.chaire-tvp.com\/go\/wp-content\/uploads\/2024\/11\/IMG_3037-1024x768.jpg 1024w, https:\/\/www.chaire-tvp.com\/go\/wp-content\/uploads\/2024\/11\/IMG_3037-300x225.jpg 300w, https:\/\/www.chaire-tvp.com\/go\/wp-content\/uploads\/2024\/11\/IMG_3037-768x576.jpg 768w, https:\/\/www.chaire-tvp.com\/go\/wp-content\/uploads\/2024\/11\/IMG_3037-1536x1152.jpg 1536w, https:\/\/www.chaire-tvp.com\/go\/wp-content\/uploads\/2024\/11\/IMG_3037-2048x1536.jpg 2048w\" sizes=\"(max-width: 1024px) 100vw, 1024px\" \/><\/figure>\n<\/figure>\n<\/div>\n<\/div><\/div>\n\n\n\n<blockquote class=\"wp-block-quote is-layout-flow wp-block-quote-is-layout-flow\">\n<p>\ud83d\udcac <a href=\"https:\/\/www.chaire-tvp.com\/go\/index.php\/discussion-avec-la-maitresse-de-conferences-audrey-coudevylle-autour-du-bal-musette\/\" data-type=\"page\" data-id=\"1936\">Discussion avec la ma\u00eetresse de conf\u00e9rences Audrey Coudevylle autour du Bal Musette<\/a><\/p>\n<\/blockquote>\n\n\n\n<figure class=\"wp-block-video\"><\/figure>\n\n\n\n<blockquote class=\"wp-block-quote is-layout-flow wp-block-quote-is-layout-flow\">\n<p>\ud83d\udc83\ud83d\udd7a Organisation d\u2019un Bal Musette avec l\u2019Agence \u00c9v\u00e9nementielle musicale <em>JLB Prod <\/em><br>Initiation \u00e0 la java avec le club <em>Raismes Dance Club<\/em><\/p>\n<\/blockquote>\n\n\n\n<figure class=\"wp-block-video\"><video controls src=\"https:\/\/www.chaire-tvp.com\/go\/wp-content\/uploads\/2024\/11\/IMG_3057-2.mov\"><\/video><\/figure>\n\n\n\n<figure class=\"wp-block-video\"><video controls src=\"https:\/\/www.chaire-tvp.com\/go\/wp-content\/uploads\/2024\/11\/IMG_3064.mov\"><\/video><\/figure>\n\n\n\n<figure class=\"wp-block-video\"><video controls src=\"https:\/\/www.chaire-tvp.com\/go\/wp-content\/uploads\/2024\/11\/IMG_3058.mov\"><\/video><\/figure>\n","protected":false},"excerpt":{"rendered":"<p>\ud83d\udcac Discussion avec la ma\u00eetresse de conf\u00e9rences Audrey Coudevylle autour du Bal Musette \ud83d\udc83\ud83d\udd7a Organisation d\u2019un Bal Musette avec l\u2019Agence \u00c9v\u00e9nementielle musicale JLB Prod Initiation \u00e0 la java avec le [&hellip;]<\/p>\n","protected":false},"author":1,"featured_media":0,"parent":0,"menu_order":0,"comment_status":"closed","ping_status":"closed","template":"","meta":{"_editorskit_title_hidden":false,"_editorskit_reading_time":0,"_editorskit_is_block_options_detached":false,"_editorskit_block_options_position":"{}","inline_featured_image":false,"ngg_post_thumbnail":0,"_EventAllDay":false,"_EventTimezone":"","_EventStartDate":"","_EventEndDate":"","_EventStartDateUTC":"","_EventEndDateUTC":"","_EventShowMap":false,"_EventShowMapLink":false,"_EventURL":"","_EventCost":"","_EventCostDescription":"","_EventCurrencySymbol":"","_EventCurrencyCode":"","_EventCurrencyPosition":"","_EventDateTimeSeparator":"","_EventTimeRangeSeparator":"","_EventOrganizerID":[],"_EventVenueID":[],"_OrganizerEmail":"","_OrganizerPhone":"","_OrganizerWebsite":"","_VenueAddress":"","_VenueCity":"","_VenueCountry":"","_VenueProvince":"","_VenueState":"","_VenueZip":"","_VenuePhone":"","_VenueURL":"","_VenueStateProvince":"","_VenueLat":"","_VenueLng":"","_VenueShowMap":false,"_VenueShowMapLink":false,"footnotes":""},"class_list":["post-1507","page","type-page","status-publish","hentry"],"jetpack_sharing_enabled":true,"_links":{"self":[{"href":"https:\/\/www.chaire-tvp.com\/go\/index.php\/wp-json\/wp\/v2\/pages\/1507","targetHints":{"allow":["GET"]}}],"collection":[{"href":"https:\/\/www.chaire-tvp.com\/go\/index.php\/wp-json\/wp\/v2\/pages"}],"about":[{"href":"https:\/\/www.chaire-tvp.com\/go\/index.php\/wp-json\/wp\/v2\/types\/page"}],"author":[{"embeddable":true,"href":"https:\/\/www.chaire-tvp.com\/go\/index.php\/wp-json\/wp\/v2\/users\/1"}],"replies":[{"embeddable":true,"href":"https:\/\/www.chaire-tvp.com\/go\/index.php\/wp-json\/wp\/v2\/comments?post=1507"}],"version-history":[{"count":4,"href":"https:\/\/www.chaire-tvp.com\/go\/index.php\/wp-json\/wp\/v2\/pages\/1507\/revisions"}],"predecessor-version":[{"id":1938,"href":"https:\/\/www.chaire-tvp.com\/go\/index.php\/wp-json\/wp\/v2\/pages\/1507\/revisions\/1938"}],"wp:attachment":[{"href":"https:\/\/www.chaire-tvp.com\/go\/index.php\/wp-json\/wp\/v2\/media?parent=1507"}],"curies":[{"name":"wp","href":"https:\/\/api.w.org\/{rel}","templated":true}]}}