{"id":1464,"date":"2024-11-05T21:23:28","date_gmt":"2024-11-05T21:23:28","guid":{"rendered":"https:\/\/www.chaire-tvp.com\/go\/?page_id=1464"},"modified":"2024-11-05T22:41:57","modified_gmt":"2024-11-05T22:41:57","slug":"deambulation-des-visiteurs","status":"publish","type":"page","link":"https:\/\/www.chaire-tvp.com\/go\/index.php\/deambulation-des-visiteurs\/","title":{"rendered":"D\u00e9ambulation des visiteurs"},"content":{"rendered":"\n<div class=\"wp-block-cover alignfull\" style=\"padding-top:4vw;padding-right:4vw;padding-bottom:4vw;padding-left:4vw;min-height:66vh;aspect-ratio:unset;aspect-ratio:unset;\"><span aria-hidden=\"true\" class=\"wp-block-cover__background has-black-background-color has-background-dim-100 has-background-dim\"><\/span><div class=\"wp-block-cover__inner-container is-layout-flow wp-block-cover-is-layout-flow\">\n<div class=\"wp-block-group is-content-justification-center is-nowrap is-layout-flex wp-container-core-group-is-layout-1 wp-block-group-is-layout-flex\">\n<figure class=\"wp-block-gallery has-nested-images columns-default is-cropped wp-block-gallery-1 is-layout-flex wp-block-gallery-is-layout-flex\">\n<figure class=\"wp-block-image size-large\"><img fetchpriority=\"high\" decoding=\"async\" width=\"683\" height=\"1024\" data-id=\"1529\" src=\"https:\/\/www.chaire-tvp.com\/go\/wp-content\/uploads\/2024\/11\/DSC_0036-2-683x1024.jpg\" alt=\"\" class=\"wp-image-1529\" srcset=\"https:\/\/www.chaire-tvp.com\/go\/wp-content\/uploads\/2024\/11\/DSC_0036-2-683x1024.jpg 683w, https:\/\/www.chaire-tvp.com\/go\/wp-content\/uploads\/2024\/11\/DSC_0036-2-200x300.jpg 200w, https:\/\/www.chaire-tvp.com\/go\/wp-content\/uploads\/2024\/11\/DSC_0036-2-768x1152.jpg 768w, https:\/\/www.chaire-tvp.com\/go\/wp-content\/uploads\/2024\/11\/DSC_0036-2-1024x1536.jpg 1024w, https:\/\/www.chaire-tvp.com\/go\/wp-content\/uploads\/2024\/11\/DSC_0036-2-1365x2048.jpg 1365w, https:\/\/www.chaire-tvp.com\/go\/wp-content\/uploads\/2024\/11\/DSC_0036-2-scaled.jpg 1707w\" sizes=\"(max-width: 683px) 100vw, 683px\" \/><figcaption class=\"wp-element-caption\">Repos devant l&rsquo;\u00e9tang situ\u00e9 sur le site &#8211; parc d&rsquo;activit\u00e9s<\/figcaption><\/figure>\n\n\n\n<figure class=\"wp-block-image size-large\"><img decoding=\"async\" width=\"1024\" height=\"683\" data-id=\"1516\" src=\"https:\/\/www.chaire-tvp.com\/go\/wp-content\/uploads\/2024\/11\/DSC_0038-1-1024x683.jpg\" alt=\"\" class=\"wp-image-1516\" srcset=\"https:\/\/www.chaire-tvp.com\/go\/wp-content\/uploads\/2024\/11\/DSC_0038-1-1024x683.jpg 1024w, https:\/\/www.chaire-tvp.com\/go\/wp-content\/uploads\/2024\/11\/DSC_0038-1-300x200.jpg 300w, https:\/\/www.chaire-tvp.com\/go\/wp-content\/uploads\/2024\/11\/DSC_0038-1-768x512.jpg 768w, https:\/\/www.chaire-tvp.com\/go\/wp-content\/uploads\/2024\/11\/DSC_0038-1-1536x1024.jpg 1536w, https:\/\/www.chaire-tvp.com\/go\/wp-content\/uploads\/2024\/11\/DSC_0038-1-2048x1365.jpg 2048w\" sizes=\"(max-width: 1024px) 100vw, 1024px\" \/><figcaption class=\"wp-element-caption\">Atelier avec <em>L&rsquo;Oiseau Rare<\/em><\/figcaption><\/figure>\n\n\n\n<figure class=\"wp-block-image size-large\"><img decoding=\"async\" width=\"683\" height=\"1024\" data-id=\"1514\" src=\"https:\/\/www.chaire-tvp.com\/go\/wp-content\/uploads\/2024\/11\/DSC_0004-1-683x1024.jpg\" alt=\"\" class=\"wp-image-1514\" srcset=\"https:\/\/www.chaire-tvp.com\/go\/wp-content\/uploads\/2024\/11\/DSC_0004-1-683x1024.jpg 683w, https:\/\/www.chaire-tvp.com\/go\/wp-content\/uploads\/2024\/11\/DSC_0004-1-200x300.jpg 200w, https:\/\/www.chaire-tvp.com\/go\/wp-content\/uploads\/2024\/11\/DSC_0004-1-768x1152.jpg 768w, https:\/\/www.chaire-tvp.com\/go\/wp-content\/uploads\/2024\/11\/DSC_0004-1-1024x1536.jpg 1024w, https:\/\/www.chaire-tvp.com\/go\/wp-content\/uploads\/2024\/11\/DSC_0004-1-1365x2048.jpg 1365w, https:\/\/www.chaire-tvp.com\/go\/wp-content\/uploads\/2024\/11\/DSC_0004-1-scaled.jpg 1707w\" sizes=\"(max-width: 683px) 100vw, 683px\" \/><figcaption class=\"wp-element-caption\">Espace de d\u00e9tente<\/figcaption><\/figure>\n\n\n\n<figure class=\"wp-block-image size-large\"><img loading=\"lazy\" decoding=\"async\" width=\"683\" height=\"1024\" data-id=\"1513\" src=\"https:\/\/www.chaire-tvp.com\/go\/wp-content\/uploads\/2024\/11\/DSC_0003-1-683x1024.jpg\" alt=\"\" class=\"wp-image-1513\" srcset=\"https:\/\/www.chaire-tvp.com\/go\/wp-content\/uploads\/2024\/11\/DSC_0003-1-683x1024.jpg 683w, https:\/\/www.chaire-tvp.com\/go\/wp-content\/uploads\/2024\/11\/DSC_0003-1-200x300.jpg 200w, https:\/\/www.chaire-tvp.com\/go\/wp-content\/uploads\/2024\/11\/DSC_0003-1-768x1152.jpg 768w, https:\/\/www.chaire-tvp.com\/go\/wp-content\/uploads\/2024\/11\/DSC_0003-1-1024x1536.jpg 1024w, https:\/\/www.chaire-tvp.com\/go\/wp-content\/uploads\/2024\/11\/DSC_0003-1-1365x2048.jpg 1365w, https:\/\/www.chaire-tvp.com\/go\/wp-content\/uploads\/2024\/11\/DSC_0003-1-scaled.jpg 1707w\" sizes=\"(max-width: 683px) 100vw, 683px\" \/><figcaption class=\"wp-element-caption\">March\u00e9 d&rsquo;artisans locaux<\/figcaption><\/figure>\n\n\n\n<figure class=\"wp-block-image size-large\"><img loading=\"lazy\" decoding=\"async\" width=\"683\" height=\"1024\" data-id=\"1511\" src=\"https:\/\/www.chaire-tvp.com\/go\/wp-content\/uploads\/2024\/11\/DSC_0007-1-683x1024.jpg\" alt=\"\" class=\"wp-image-1511\" srcset=\"https:\/\/www.chaire-tvp.com\/go\/wp-content\/uploads\/2024\/11\/DSC_0007-1-683x1024.jpg 683w, https:\/\/www.chaire-tvp.com\/go\/wp-content\/uploads\/2024\/11\/DSC_0007-1-200x300.jpg 200w, https:\/\/www.chaire-tvp.com\/go\/wp-content\/uploads\/2024\/11\/DSC_0007-1-768x1152.jpg 768w, https:\/\/www.chaire-tvp.com\/go\/wp-content\/uploads\/2024\/11\/DSC_0007-1-1024x1536.jpg 1024w, https:\/\/www.chaire-tvp.com\/go\/wp-content\/uploads\/2024\/11\/DSC_0007-1-1365x2048.jpg 1365w, https:\/\/www.chaire-tvp.com\/go\/wp-content\/uploads\/2024\/11\/DSC_0007-1-scaled.jpg 1707w\" sizes=\"(max-width: 683px) 100vw, 683px\" \/><figcaption class=\"wp-element-caption\">Espace de d\u00e9tente<\/figcaption><\/figure>\n\n\n\n<figure class=\"wp-block-image size-large\"><img loading=\"lazy\" decoding=\"async\" width=\"1024\" height=\"683\" data-id=\"1512\" src=\"https:\/\/www.chaire-tvp.com\/go\/wp-content\/uploads\/2024\/11\/DSC_0002-1-1024x683.jpg\" alt=\"\" class=\"wp-image-1512\" srcset=\"https:\/\/www.chaire-tvp.com\/go\/wp-content\/uploads\/2024\/11\/DSC_0002-1-1024x683.jpg 1024w, https:\/\/www.chaire-tvp.com\/go\/wp-content\/uploads\/2024\/11\/DSC_0002-1-300x200.jpg 300w, https:\/\/www.chaire-tvp.com\/go\/wp-content\/uploads\/2024\/11\/DSC_0002-1-768x512.jpg 768w, https:\/\/www.chaire-tvp.com\/go\/wp-content\/uploads\/2024\/11\/DSC_0002-1-1536x1024.jpg 1536w, https:\/\/www.chaire-tvp.com\/go\/wp-content\/uploads\/2024\/11\/DSC_0002-1-2048x1365.jpg 2048w\" sizes=\"(max-width: 1024px) 100vw, 1024px\" \/><figcaption class=\"wp-element-caption\">File d&rsquo;attente pour le foodtruck <em>Cr\u00eap&rsquo;Hier <\/em><\/figcaption><\/figure>\n\n\n\n<figure class=\"wp-block-image size-large\"><img loading=\"lazy\" decoding=\"async\" width=\"1024\" height=\"683\" data-id=\"1521\" src=\"https:\/\/www.chaire-tvp.com\/go\/wp-content\/uploads\/2024\/11\/DSC_0024-1-1024x683.jpg\" alt=\"\" class=\"wp-image-1521\" srcset=\"https:\/\/www.chaire-tvp.com\/go\/wp-content\/uploads\/2024\/11\/DSC_0024-1-1024x683.jpg 1024w, https:\/\/www.chaire-tvp.com\/go\/wp-content\/uploads\/2024\/11\/DSC_0024-1-300x200.jpg 300w, https:\/\/www.chaire-tvp.com\/go\/wp-content\/uploads\/2024\/11\/DSC_0024-1-768x512.jpg 768w, https:\/\/www.chaire-tvp.com\/go\/wp-content\/uploads\/2024\/11\/DSC_0024-1-1536x1024.jpg 1536w, https:\/\/www.chaire-tvp.com\/go\/wp-content\/uploads\/2024\/11\/DSC_0024-1-2048x1365.jpg 2048w\" sizes=\"(max-width: 1024px) 100vw, 1024px\" \/><figcaption class=\"wp-element-caption\">Saveurs et Terroir<\/figcaption><\/figure>\n\n\n\n<figure class=\"wp-block-image size-large\"><img loading=\"lazy\" decoding=\"async\" width=\"683\" height=\"1024\" data-id=\"1523\" src=\"https:\/\/www.chaire-tvp.com\/go\/wp-content\/uploads\/2024\/11\/DSC_0050-683x1024.jpg\" alt=\"\" class=\"wp-image-1523\" srcset=\"https:\/\/www.chaire-tvp.com\/go\/wp-content\/uploads\/2024\/11\/DSC_0050-683x1024.jpg 683w, https:\/\/www.chaire-tvp.com\/go\/wp-content\/uploads\/2024\/11\/DSC_0050-200x300.jpg 200w, https:\/\/www.chaire-tvp.com\/go\/wp-content\/uploads\/2024\/11\/DSC_0050-768x1152.jpg 768w, https:\/\/www.chaire-tvp.com\/go\/wp-content\/uploads\/2024\/11\/DSC_0050-1024x1536.jpg 1024w, https:\/\/www.chaire-tvp.com\/go\/wp-content\/uploads\/2024\/11\/DSC_0050-1365x2048.jpg 1365w, https:\/\/www.chaire-tvp.com\/go\/wp-content\/uploads\/2024\/11\/DSC_0050-scaled.jpg 1707w\" sizes=\"(max-width: 683px) 100vw, 683px\" \/><\/figure>\n\n\n\n<figure class=\"wp-block-image size-large\"><img loading=\"lazy\" decoding=\"async\" width=\"683\" height=\"1024\" data-id=\"1519\" src=\"https:\/\/www.chaire-tvp.com\/go\/wp-content\/uploads\/2024\/11\/DSC_0047-1-683x1024.jpg\" alt=\"\" class=\"wp-image-1519\" srcset=\"https:\/\/www.chaire-tvp.com\/go\/wp-content\/uploads\/2024\/11\/DSC_0047-1-683x1024.jpg 683w, https:\/\/www.chaire-tvp.com\/go\/wp-content\/uploads\/2024\/11\/DSC_0047-1-200x300.jpg 200w, https:\/\/www.chaire-tvp.com\/go\/wp-content\/uploads\/2024\/11\/DSC_0047-1-768x1152.jpg 768w, https:\/\/www.chaire-tvp.com\/go\/wp-content\/uploads\/2024\/11\/DSC_0047-1-1024x1536.jpg 1024w, https:\/\/www.chaire-tvp.com\/go\/wp-content\/uploads\/2024\/11\/DSC_0047-1-1365x2048.jpg 1365w, https:\/\/www.chaire-tvp.com\/go\/wp-content\/uploads\/2024\/11\/DSC_0047-1-scaled.jpg 1707w\" sizes=\"(max-width: 683px) 100vw, 683px\" \/><figcaption class=\"wp-element-caption\">ValBioty<\/figcaption><\/figure>\n\n\n\n<figure class=\"wp-block-image size-large\"><img loading=\"lazy\" decoding=\"async\" width=\"683\" height=\"1024\" data-id=\"1517\" src=\"https:\/\/www.chaire-tvp.com\/go\/wp-content\/uploads\/2024\/11\/DSC_0058-1-683x1024.jpg\" alt=\"\" class=\"wp-image-1517\" srcset=\"https:\/\/www.chaire-tvp.com\/go\/wp-content\/uploads\/2024\/11\/DSC_0058-1-683x1024.jpg 683w, https:\/\/www.chaire-tvp.com\/go\/wp-content\/uploads\/2024\/11\/DSC_0058-1-200x300.jpg 200w, https:\/\/www.chaire-tvp.com\/go\/wp-content\/uploads\/2024\/11\/DSC_0058-1-768x1152.jpg 768w, https:\/\/www.chaire-tvp.com\/go\/wp-content\/uploads\/2024\/11\/DSC_0058-1-1024x1536.jpg 1024w, https:\/\/www.chaire-tvp.com\/go\/wp-content\/uploads\/2024\/11\/DSC_0058-1-1365x2048.jpg 1365w, https:\/\/www.chaire-tvp.com\/go\/wp-content\/uploads\/2024\/11\/DSC_0058-1-scaled.jpg 1707w\" sizes=\"(max-width: 683px) 100vw, 683px\" \/><\/figure>\n\n\n\n<figure class=\"wp-block-image size-large\"><img loading=\"lazy\" decoding=\"async\" width=\"1024\" height=\"683\" data-id=\"1525\" src=\"https:\/\/www.chaire-tvp.com\/go\/wp-content\/uploads\/2024\/11\/DSC_0027-1024x683.jpg\" alt=\"\" class=\"wp-image-1525\" srcset=\"https:\/\/www.chaire-tvp.com\/go\/wp-content\/uploads\/2024\/11\/DSC_0027-1024x683.jpg 1024w, https:\/\/www.chaire-tvp.com\/go\/wp-content\/uploads\/2024\/11\/DSC_0027-300x200.jpg 300w, https:\/\/www.chaire-tvp.com\/go\/wp-content\/uploads\/2024\/11\/DSC_0027-768x512.jpg 768w, https:\/\/www.chaire-tvp.com\/go\/wp-content\/uploads\/2024\/11\/DSC_0027-1536x1024.jpg 1536w, https:\/\/www.chaire-tvp.com\/go\/wp-content\/uploads\/2024\/11\/DSC_0027-2048x1365.jpg 2048w\" sizes=\"(max-width: 1024px) 100vw, 1024px\" \/><\/figure>\n\n\n\n<figure class=\"wp-block-image size-large\"><img loading=\"lazy\" decoding=\"async\" width=\"1024\" height=\"683\" data-id=\"1528\" src=\"https:\/\/www.chaire-tvp.com\/go\/wp-content\/uploads\/2024\/11\/DSC_0078-1-1024x683.jpg\" alt=\"\" class=\"wp-image-1528\" srcset=\"https:\/\/www.chaire-tvp.com\/go\/wp-content\/uploads\/2024\/11\/DSC_0078-1-1024x683.jpg 1024w, https:\/\/www.chaire-tvp.com\/go\/wp-content\/uploads\/2024\/11\/DSC_0078-1-300x200.jpg 300w, https:\/\/www.chaire-tvp.com\/go\/wp-content\/uploads\/2024\/11\/DSC_0078-1-768x512.jpg 768w, https:\/\/www.chaire-tvp.com\/go\/wp-content\/uploads\/2024\/11\/DSC_0078-1-1536x1024.jpg 1536w, https:\/\/www.chaire-tvp.com\/go\/wp-content\/uploads\/2024\/11\/DSC_0078-1-2048x1365.jpg 2048w\" sizes=\"(max-width: 1024px) 100vw, 1024px\" \/><figcaption class=\"wp-element-caption\">Tour de cal\u00e8che autour du site &#8211; organisation par l&rsquo;<em>Office de Tourisme &#8211; La Porte du Hainaut<\/em><\/figcaption><\/figure>\n\n\n\n<figure class=\"wp-block-image size-large\"><img loading=\"lazy\" decoding=\"async\" width=\"1024\" height=\"683\" data-id=\"1520\" src=\"https:\/\/www.chaire-tvp.com\/go\/wp-content\/uploads\/2024\/11\/DSC_0064-1024x683.jpg\" alt=\"\" class=\"wp-image-1520\" srcset=\"https:\/\/www.chaire-tvp.com\/go\/wp-content\/uploads\/2024\/11\/DSC_0064-1024x683.jpg 1024w, https:\/\/www.chaire-tvp.com\/go\/wp-content\/uploads\/2024\/11\/DSC_0064-300x200.jpg 300w, https:\/\/www.chaire-tvp.com\/go\/wp-content\/uploads\/2024\/11\/DSC_0064-768x512.jpg 768w, https:\/\/www.chaire-tvp.com\/go\/wp-content\/uploads\/2024\/11\/DSC_0064-1536x1024.jpg 1536w, https:\/\/www.chaire-tvp.com\/go\/wp-content\/uploads\/2024\/11\/DSC_0064-2048x1365.jpg 2048w\" sizes=\"(max-width: 1024px) 100vw, 1024px\" \/><\/figure>\n\n\n\n<figure class=\"wp-block-image size-large\"><img loading=\"lazy\" decoding=\"async\" width=\"1024\" height=\"683\" data-id=\"1527\" src=\"https:\/\/www.chaire-tvp.com\/go\/wp-content\/uploads\/2024\/11\/DSC_0012-2-1024x683.jpg\" alt=\"\" class=\"wp-image-1527\" srcset=\"https:\/\/www.chaire-tvp.com\/go\/wp-content\/uploads\/2024\/11\/DSC_0012-2-1024x683.jpg 1024w, https:\/\/www.chaire-tvp.com\/go\/wp-content\/uploads\/2024\/11\/DSC_0012-2-300x200.jpg 300w, https:\/\/www.chaire-tvp.com\/go\/wp-content\/uploads\/2024\/11\/DSC_0012-2-768x512.jpg 768w, https:\/\/www.chaire-tvp.com\/go\/wp-content\/uploads\/2024\/11\/DSC_0012-2-1536x1024.jpg 1536w, https:\/\/www.chaire-tvp.com\/go\/wp-content\/uploads\/2024\/11\/DSC_0012-2-2048x1365.jpg 2048w\" sizes=\"(max-width: 1024px) 100vw, 1024px\" \/><\/figure>\n\n\n\n<figure class=\"wp-block-image size-large\"><img loading=\"lazy\" decoding=\"async\" width=\"1024\" height=\"683\" data-id=\"1522\" src=\"https:\/\/www.chaire-tvp.com\/go\/wp-content\/uploads\/2024\/11\/DSC_0096-1-1024x683.jpg\" alt=\"\" class=\"wp-image-1522\" srcset=\"https:\/\/www.chaire-tvp.com\/go\/wp-content\/uploads\/2024\/11\/DSC_0096-1-1024x683.jpg 1024w, https:\/\/www.chaire-tvp.com\/go\/wp-content\/uploads\/2024\/11\/DSC_0096-1-300x200.jpg 300w, https:\/\/www.chaire-tvp.com\/go\/wp-content\/uploads\/2024\/11\/DSC_0096-1-768x512.jpg 768w, https:\/\/www.chaire-tvp.com\/go\/wp-content\/uploads\/2024\/11\/DSC_0096-1-1536x1024.jpg 1536w, https:\/\/www.chaire-tvp.com\/go\/wp-content\/uploads\/2024\/11\/DSC_0096-1-2048x1365.jpg 2048w\" sizes=\"(max-width: 1024px) 100vw, 1024px\" \/><\/figure>\n\n\n\n<figure class=\"wp-block-image size-large\"><img loading=\"lazy\" decoding=\"async\" width=\"1024\" height=\"683\" data-id=\"1518\" src=\"https:\/\/www.chaire-tvp.com\/go\/wp-content\/uploads\/2024\/11\/DSC_0123-1-1024x683.jpg\" alt=\"\" class=\"wp-image-1518\" srcset=\"https:\/\/www.chaire-tvp.com\/go\/wp-content\/uploads\/2024\/11\/DSC_0123-1-1024x683.jpg 1024w, https:\/\/www.chaire-tvp.com\/go\/wp-content\/uploads\/2024\/11\/DSC_0123-1-300x200.jpg 300w, https:\/\/www.chaire-tvp.com\/go\/wp-content\/uploads\/2024\/11\/DSC_0123-1-768x512.jpg 768w, https:\/\/www.chaire-tvp.com\/go\/wp-content\/uploads\/2024\/11\/DSC_0123-1-1536x1024.jpg 1536w, https:\/\/www.chaire-tvp.com\/go\/wp-content\/uploads\/2024\/11\/DSC_0123-1-2048x1365.jpg 2048w\" sizes=\"(max-width: 1024px) 100vw, 1024px\" \/><figcaption class=\"wp-element-caption\">Intervention de l&rsquo;Orchestre Municipal de la ville<\/figcaption><\/figure>\n\n\n\n<figure class=\"wp-block-image size-large\"><img loading=\"lazy\" decoding=\"async\" width=\"683\" height=\"1024\" data-id=\"1526\" src=\"https:\/\/www.chaire-tvp.com\/go\/wp-content\/uploads\/2024\/11\/DSC_0125-1-683x1024.jpg\" alt=\"\" class=\"wp-image-1526\" srcset=\"https:\/\/www.chaire-tvp.com\/go\/wp-content\/uploads\/2024\/11\/DSC_0125-1-683x1024.jpg 683w, https:\/\/www.chaire-tvp.com\/go\/wp-content\/uploads\/2024\/11\/DSC_0125-1-200x300.jpg 200w, https:\/\/www.chaire-tvp.com\/go\/wp-content\/uploads\/2024\/11\/DSC_0125-1-768x1152.jpg 768w, https:\/\/www.chaire-tvp.com\/go\/wp-content\/uploads\/2024\/11\/DSC_0125-1-1024x1536.jpg 1024w, https:\/\/www.chaire-tvp.com\/go\/wp-content\/uploads\/2024\/11\/DSC_0125-1-1365x2048.jpg 1365w, https:\/\/www.chaire-tvp.com\/go\/wp-content\/uploads\/2024\/11\/DSC_0125-1-scaled.jpg 1707w\" sizes=\"(max-width: 683px) 100vw, 683px\" \/><\/figure>\n\n\n\n<figure class=\"wp-block-image size-large\"><img loading=\"lazy\" decoding=\"async\" width=\"1024\" height=\"683\" data-id=\"1530\" src=\"https:\/\/www.chaire-tvp.com\/go\/wp-content\/uploads\/2024\/11\/DSC_0130-1024x683.jpg\" alt=\"\" class=\"wp-image-1530\" srcset=\"https:\/\/www.chaire-tvp.com\/go\/wp-content\/uploads\/2024\/11\/DSC_0130-1024x683.jpg 1024w, https:\/\/www.chaire-tvp.com\/go\/wp-content\/uploads\/2024\/11\/DSC_0130-300x200.jpg 300w, https:\/\/www.chaire-tvp.com\/go\/wp-content\/uploads\/2024\/11\/DSC_0130-768x512.jpg 768w, https:\/\/www.chaire-tvp.com\/go\/wp-content\/uploads\/2024\/11\/DSC_0130-1536x1024.jpg 1536w, https:\/\/www.chaire-tvp.com\/go\/wp-content\/uploads\/2024\/11\/DSC_0130-2048x1365.jpg 2048w\" sizes=\"(max-width: 1024px) 100vw, 1024px\" \/><\/figure>\n<\/figure>\n<\/div>\n<\/div><\/div>\n","protected":false},"excerpt":{"rendered":"","protected":false},"author":1,"featured_media":0,"parent":0,"menu_order":0,"comment_status":"closed","ping_status":"closed","template":"","meta":{"_editorskit_title_hidden":false,"_editorskit_reading_time":0,"_editorskit_is_block_options_detached":false,"_editorskit_block_options_position":"{}","inline_featured_image":false,"ngg_post_thumbnail":0,"_EventAllDay":false,"_EventTimezone":"","_EventStartDate":"","_EventEndDate":"","_EventStartDateUTC":"","_EventEndDateUTC":"","_EventShowMap":false,"_EventShowMapLink":false,"_EventURL":"","_EventCost":"","_EventCostDescription":"","_EventCurrencySymbol":"","_EventCurrencyCode":"","_EventCurrencyPosition":"","_EventDateTimeSeparator":"","_EventTimeRangeSeparator":"","_EventOrganizerID":[],"_EventVenueID":[],"_OrganizerEmail":"","_OrganizerPhone":"","_OrganizerWebsite":"","_VenueAddress":"","_VenueCity":"","_VenueCountry":"","_VenueProvince":"","_VenueState":"","_VenueZip":"","_VenuePhone":"","_VenueURL":"","_VenueStateProvince":"","_VenueLat":"","_VenueLng":"","_VenueShowMap":false,"_VenueShowMapLink":false,"footnotes":""},"class_list":["post-1464","page","type-page","status-publish","hentry"],"jetpack_sharing_enabled":true,"_links":{"self":[{"href":"https:\/\/www.chaire-tvp.com\/go\/index.php\/wp-json\/wp\/v2\/pages\/1464","targetHints":{"allow":["GET"]}}],"collection":[{"href":"https:\/\/www.chaire-tvp.com\/go\/index.php\/wp-json\/wp\/v2\/pages"}],"about":[{"href":"https:\/\/www.chaire-tvp.com\/go\/index.php\/wp-json\/wp\/v2\/types\/page"}],"author":[{"embeddable":true,"href":"https:\/\/www.chaire-tvp.com\/go\/index.php\/wp-json\/wp\/v2\/users\/1"}],"replies":[{"embeddable":true,"href":"https:\/\/www.chaire-tvp.com\/go\/index.php\/wp-json\/wp\/v2\/comments?post=1464"}],"version-history":[{"count":5,"href":"https:\/\/www.chaire-tvp.com\/go\/index.php\/wp-json\/wp\/v2\/pages\/1464\/revisions"}],"predecessor-version":[{"id":1533,"href":"https:\/\/www.chaire-tvp.com\/go\/index.php\/wp-json\/wp\/v2\/pages\/1464\/revisions\/1533"}],"wp:attachment":[{"href":"https:\/\/www.chaire-tvp.com\/go\/index.php\/wp-json\/wp\/v2\/media?parent=1464"}],"curies":[{"name":"wp","href":"https:\/\/api.w.org\/{rel}","templated":true}]}}