{"id":1439,"date":"2024-11-05T21:05:51","date_gmt":"2024-11-05T21:05:51","guid":{"rendered":"https:\/\/www.chaire-tvp.com\/go\/?page_id=1439"},"modified":"2024-11-05T21:09:40","modified_gmt":"2024-11-05T21:09:40","slug":"realisations-des-etudiants","status":"publish","type":"page","link":"https:\/\/www.chaire-tvp.com\/go\/index.php\/realisations-des-etudiants\/","title":{"rendered":"R\u00e9alisations des \u00e9tudiants"},"content":{"rendered":"\n<p>\u00c0 travers ce qu&rsquo;ils ont pu apercevoir ou bien ce qu&rsquo;ils imaginaient de la r\u00e9gion, et plus pr\u00e9cis\u00e9ment localement, les \u00e9tudiants internationaux ont \u00e9t\u00e9 invit\u00e9s \u00e0 repr\u00e9senter leur image du territoire.<\/p>\n\n\n\n<div class=\"wp-block-cover alignfull\" style=\"padding-top:4vw;padding-right:4vw;padding-bottom:4vw;padding-left:4vw;min-height:66vh;aspect-ratio:unset;aspect-ratio:unset;\"><span aria-hidden=\"true\" class=\"wp-block-cover__background has-black-background-color has-background-dim-100 has-background-dim\"><\/span><div class=\"wp-block-cover__inner-container is-layout-flow wp-block-cover-is-layout-flow\">\n<div class=\"wp-block-group is-content-justification-center is-nowrap is-layout-flex wp-container-core-group-is-layout-1 wp-block-group-is-layout-flex\">\n<figure class=\"wp-block-gallery has-nested-images columns-default is-cropped wp-block-gallery-1 is-layout-flex wp-block-gallery-is-layout-flex\">\n<figure class=\"wp-block-image size-large\"><img fetchpriority=\"high\" decoding=\"async\" width=\"724\" height=\"1024\" data-id=\"1452\" src=\"https:\/\/www.chaire-tvp.com\/go\/wp-content\/uploads\/2024\/11\/scan_atempl1__2024-10-28-17-07-00_page-0003-724x1024.jpg\" alt=\"\" class=\"wp-image-1452\" srcset=\"https:\/\/www.chaire-tvp.com\/go\/wp-content\/uploads\/2024\/11\/scan_atempl1__2024-10-28-17-07-00_page-0003-724x1024.jpg 724w, https:\/\/www.chaire-tvp.com\/go\/wp-content\/uploads\/2024\/11\/scan_atempl1__2024-10-28-17-07-00_page-0003-212x300.jpg 212w, https:\/\/www.chaire-tvp.com\/go\/wp-content\/uploads\/2024\/11\/scan_atempl1__2024-10-28-17-07-00_page-0003-768x1086.jpg 768w, https:\/\/www.chaire-tvp.com\/go\/wp-content\/uploads\/2024\/11\/scan_atempl1__2024-10-28-17-07-00_page-0003-1086x1536.jpg 1086w, https:\/\/www.chaire-tvp.com\/go\/wp-content\/uploads\/2024\/11\/scan_atempl1__2024-10-28-17-07-00_page-0003.jpg 1240w\" sizes=\"(max-width: 724px) 100vw, 724px\" \/><\/figure>\n\n\n\n<figure class=\"wp-block-image size-large\"><img decoding=\"async\" width=\"724\" height=\"1024\" data-id=\"1446\" src=\"https:\/\/www.chaire-tvp.com\/go\/wp-content\/uploads\/2024\/11\/scan_atempl1__2024-10-28-17-07-00_page-0001-724x1024.jpg\" alt=\"\" class=\"wp-image-1446\" srcset=\"https:\/\/www.chaire-tvp.com\/go\/wp-content\/uploads\/2024\/11\/scan_atempl1__2024-10-28-17-07-00_page-0001-724x1024.jpg 724w, https:\/\/www.chaire-tvp.com\/go\/wp-content\/uploads\/2024\/11\/scan_atempl1__2024-10-28-17-07-00_page-0001-212x300.jpg 212w, https:\/\/www.chaire-tvp.com\/go\/wp-content\/uploads\/2024\/11\/scan_atempl1__2024-10-28-17-07-00_page-0001-768x1086.jpg 768w, https:\/\/www.chaire-tvp.com\/go\/wp-content\/uploads\/2024\/11\/scan_atempl1__2024-10-28-17-07-00_page-0001-1086x1536.jpg 1086w, https:\/\/www.chaire-tvp.com\/go\/wp-content\/uploads\/2024\/11\/scan_atempl1__2024-10-28-17-07-00_page-0001.jpg 1240w\" sizes=\"(max-width: 724px) 100vw, 724px\" \/><\/figure>\n\n\n\n<figure class=\"wp-block-image size-large\"><img decoding=\"async\" width=\"724\" height=\"1024\" data-id=\"1444\" src=\"https:\/\/www.chaire-tvp.com\/go\/wp-content\/uploads\/2024\/11\/scan_atempl1__2024-10-28-17-07-00_page-0002-724x1024.jpg\" alt=\"\" class=\"wp-image-1444\" srcset=\"https:\/\/www.chaire-tvp.com\/go\/wp-content\/uploads\/2024\/11\/scan_atempl1__2024-10-28-17-07-00_page-0002-724x1024.jpg 724w, https:\/\/www.chaire-tvp.com\/go\/wp-content\/uploads\/2024\/11\/scan_atempl1__2024-10-28-17-07-00_page-0002-212x300.jpg 212w, https:\/\/www.chaire-tvp.com\/go\/wp-content\/uploads\/2024\/11\/scan_atempl1__2024-10-28-17-07-00_page-0002-768x1086.jpg 768w, https:\/\/www.chaire-tvp.com\/go\/wp-content\/uploads\/2024\/11\/scan_atempl1__2024-10-28-17-07-00_page-0002-1086x1536.jpg 1086w, https:\/\/www.chaire-tvp.com\/go\/wp-content\/uploads\/2024\/11\/scan_atempl1__2024-10-28-17-07-00_page-0002.jpg 1240w\" sizes=\"(max-width: 724px) 100vw, 724px\" \/><\/figure>\n\n\n\n<figure class=\"wp-block-image size-large\"><img loading=\"lazy\" decoding=\"async\" width=\"724\" height=\"1024\" data-id=\"1448\" src=\"https:\/\/www.chaire-tvp.com\/go\/wp-content\/uploads\/2024\/11\/scan_atempl1__2024-10-28-17-07-00_page-0004-724x1024.jpg\" alt=\"\" class=\"wp-image-1448\" srcset=\"https:\/\/www.chaire-tvp.com\/go\/wp-content\/uploads\/2024\/11\/scan_atempl1__2024-10-28-17-07-00_page-0004-724x1024.jpg 724w, https:\/\/www.chaire-tvp.com\/go\/wp-content\/uploads\/2024\/11\/scan_atempl1__2024-10-28-17-07-00_page-0004-212x300.jpg 212w, https:\/\/www.chaire-tvp.com\/go\/wp-content\/uploads\/2024\/11\/scan_atempl1__2024-10-28-17-07-00_page-0004-768x1086.jpg 768w, https:\/\/www.chaire-tvp.com\/go\/wp-content\/uploads\/2024\/11\/scan_atempl1__2024-10-28-17-07-00_page-0004-1086x1536.jpg 1086w, https:\/\/www.chaire-tvp.com\/go\/wp-content\/uploads\/2024\/11\/scan_atempl1__2024-10-28-17-07-00_page-0004.jpg 1240w\" sizes=\"(max-width: 724px) 100vw, 724px\" \/><\/figure>\n\n\n\n<figure class=\"wp-block-image size-large\"><img loading=\"lazy\" decoding=\"async\" width=\"724\" height=\"1024\" data-id=\"1450\" src=\"https:\/\/www.chaire-tvp.com\/go\/wp-content\/uploads\/2024\/11\/scan_atempl1__2024-10-28-17-07-00_page-0005-724x1024.jpg\" alt=\"\" class=\"wp-image-1450\" srcset=\"https:\/\/www.chaire-tvp.com\/go\/wp-content\/uploads\/2024\/11\/scan_atempl1__2024-10-28-17-07-00_page-0005-724x1024.jpg 724w, https:\/\/www.chaire-tvp.com\/go\/wp-content\/uploads\/2024\/11\/scan_atempl1__2024-10-28-17-07-00_page-0005-212x300.jpg 212w, https:\/\/www.chaire-tvp.com\/go\/wp-content\/uploads\/2024\/11\/scan_atempl1__2024-10-28-17-07-00_page-0005-768x1086.jpg 768w, https:\/\/www.chaire-tvp.com\/go\/wp-content\/uploads\/2024\/11\/scan_atempl1__2024-10-28-17-07-00_page-0005-1086x1536.jpg 1086w, https:\/\/www.chaire-tvp.com\/go\/wp-content\/uploads\/2024\/11\/scan_atempl1__2024-10-28-17-07-00_page-0005.jpg 1240w\" sizes=\"(max-width: 724px) 100vw, 724px\" \/><\/figure>\n\n\n\n<figure class=\"wp-block-image size-large\"><img loading=\"lazy\" decoding=\"async\" width=\"724\" height=\"1024\" data-id=\"1451\" src=\"https:\/\/www.chaire-tvp.com\/go\/wp-content\/uploads\/2024\/11\/scan_atempl1__2024-10-28-17-07-00_page-0008-724x1024.jpg\" alt=\"\" class=\"wp-image-1451\" srcset=\"https:\/\/www.chaire-tvp.com\/go\/wp-content\/uploads\/2024\/11\/scan_atempl1__2024-10-28-17-07-00_page-0008-724x1024.jpg 724w, https:\/\/www.chaire-tvp.com\/go\/wp-content\/uploads\/2024\/11\/scan_atempl1__2024-10-28-17-07-00_page-0008-212x300.jpg 212w, https:\/\/www.chaire-tvp.com\/go\/wp-content\/uploads\/2024\/11\/scan_atempl1__2024-10-28-17-07-00_page-0008-768x1086.jpg 768w, https:\/\/www.chaire-tvp.com\/go\/wp-content\/uploads\/2024\/11\/scan_atempl1__2024-10-28-17-07-00_page-0008-1086x1536.jpg 1086w, https:\/\/www.chaire-tvp.com\/go\/wp-content\/uploads\/2024\/11\/scan_atempl1__2024-10-28-17-07-00_page-0008.jpg 1240w\" sizes=\"(max-width: 724px) 100vw, 724px\" \/><\/figure>\n\n\n\n<figure class=\"wp-block-image size-large\"><img loading=\"lazy\" decoding=\"async\" width=\"724\" height=\"1024\" data-id=\"1445\" src=\"https:\/\/www.chaire-tvp.com\/go\/wp-content\/uploads\/2024\/11\/scan_atempl1__2024-10-28-17-07-00_page-0009-724x1024.jpg\" alt=\"\" class=\"wp-image-1445\" srcset=\"https:\/\/www.chaire-tvp.com\/go\/wp-content\/uploads\/2024\/11\/scan_atempl1__2024-10-28-17-07-00_page-0009-724x1024.jpg 724w, https:\/\/www.chaire-tvp.com\/go\/wp-content\/uploads\/2024\/11\/scan_atempl1__2024-10-28-17-07-00_page-0009-212x300.jpg 212w, https:\/\/www.chaire-tvp.com\/go\/wp-content\/uploads\/2024\/11\/scan_atempl1__2024-10-28-17-07-00_page-0009-768x1086.jpg 768w, https:\/\/www.chaire-tvp.com\/go\/wp-content\/uploads\/2024\/11\/scan_atempl1__2024-10-28-17-07-00_page-0009-1086x1536.jpg 1086w, https:\/\/www.chaire-tvp.com\/go\/wp-content\/uploads\/2024\/11\/scan_atempl1__2024-10-28-17-07-00_page-0009.jpg 1240w\" sizes=\"(max-width: 724px) 100vw, 724px\" \/><\/figure>\n\n\n\n<figure class=\"wp-block-image size-large\"><img loading=\"lazy\" decoding=\"async\" width=\"724\" height=\"1024\" data-id=\"1443\" src=\"https:\/\/www.chaire-tvp.com\/go\/wp-content\/uploads\/2024\/11\/scan_atempl1__2024-10-28-17-07-00_page-0010-724x1024.jpg\" alt=\"\" class=\"wp-image-1443\" srcset=\"https:\/\/www.chaire-tvp.com\/go\/wp-content\/uploads\/2024\/11\/scan_atempl1__2024-10-28-17-07-00_page-0010-724x1024.jpg 724w, https:\/\/www.chaire-tvp.com\/go\/wp-content\/uploads\/2024\/11\/scan_atempl1__2024-10-28-17-07-00_page-0010-212x300.jpg 212w, https:\/\/www.chaire-tvp.com\/go\/wp-content\/uploads\/2024\/11\/scan_atempl1__2024-10-28-17-07-00_page-0010-768x1086.jpg 768w, https:\/\/www.chaire-tvp.com\/go\/wp-content\/uploads\/2024\/11\/scan_atempl1__2024-10-28-17-07-00_page-0010-1086x1536.jpg 1086w, https:\/\/www.chaire-tvp.com\/go\/wp-content\/uploads\/2024\/11\/scan_atempl1__2024-10-28-17-07-00_page-0010.jpg 1240w\" sizes=\"(max-width: 724px) 100vw, 724px\" \/><\/figure>\n\n\n\n<figure class=\"wp-block-image size-large\"><img loading=\"lazy\" decoding=\"async\" width=\"724\" height=\"1024\" data-id=\"1449\" src=\"https:\/\/www.chaire-tvp.com\/go\/wp-content\/uploads\/2024\/11\/scan_atempl1__2024-10-28-17-07-00_page-0011-724x1024.jpg\" alt=\"\" class=\"wp-image-1449\" srcset=\"https:\/\/www.chaire-tvp.com\/go\/wp-content\/uploads\/2024\/11\/scan_atempl1__2024-10-28-17-07-00_page-0011-724x1024.jpg 724w, https:\/\/www.chaire-tvp.com\/go\/wp-content\/uploads\/2024\/11\/scan_atempl1__2024-10-28-17-07-00_page-0011-212x300.jpg 212w, https:\/\/www.chaire-tvp.com\/go\/wp-content\/uploads\/2024\/11\/scan_atempl1__2024-10-28-17-07-00_page-0011-768x1086.jpg 768w, https:\/\/www.chaire-tvp.com\/go\/wp-content\/uploads\/2024\/11\/scan_atempl1__2024-10-28-17-07-00_page-0011-1086x1536.jpg 1086w, https:\/\/www.chaire-tvp.com\/go\/wp-content\/uploads\/2024\/11\/scan_atempl1__2024-10-28-17-07-00_page-0011.jpg 1240w\" sizes=\"(max-width: 724px) 100vw, 724px\" \/><\/figure>\n<\/figure>\n<\/div>\n<\/div><\/div>\n","protected":false},"excerpt":{"rendered":"<p>\u00c0 travers ce qu&rsquo;ils ont pu apercevoir ou bien ce qu&rsquo;ils imaginaient de la r\u00e9gion, et plus pr\u00e9cis\u00e9ment localement, les \u00e9tudiants internationaux ont \u00e9t\u00e9 invit\u00e9s \u00e0 repr\u00e9senter leur image du [&hellip;]<\/p>\n","protected":false},"author":1,"featured_media":0,"parent":0,"menu_order":0,"comment_status":"closed","ping_status":"closed","template":"","meta":{"_editorskit_title_hidden":false,"_editorskit_reading_time":0,"_editorskit_is_block_options_detached":false,"_editorskit_block_options_position":"{}","inline_featured_image":false,"ngg_post_thumbnail":0,"_EventAllDay":false,"_EventTimezone":"","_EventStartDate":"","_EventEndDate":"","_EventStartDateUTC":"","_EventEndDateUTC":"","_EventShowMap":false,"_EventShowMapLink":false,"_EventURL":"","_EventCost":"","_EventCostDescription":"","_EventCurrencySymbol":"","_EventCurrencyCode":"","_EventCurrencyPosition":"","_EventDateTimeSeparator":"","_EventTimeRangeSeparator":"","_EventOrganizerID":[],"_EventVenueID":[],"_OrganizerEmail":"","_OrganizerPhone":"","_OrganizerWebsite":"","_VenueAddress":"","_VenueCity":"","_VenueCountry":"","_VenueProvince":"","_VenueState":"","_VenueZip":"","_VenuePhone":"","_VenueURL":"","_VenueStateProvince":"","_VenueLat":"","_VenueLng":"","_VenueShowMap":false,"_VenueShowMapLink":false,"footnotes":""},"class_list":["post-1439","page","type-page","status-publish","hentry"],"jetpack_sharing_enabled":true,"_links":{"self":[{"href":"https:\/\/www.chaire-tvp.com\/go\/index.php\/wp-json\/wp\/v2\/pages\/1439","targetHints":{"allow":["GET"]}}],"collection":[{"href":"https:\/\/www.chaire-tvp.com\/go\/index.php\/wp-json\/wp\/v2\/pages"}],"about":[{"href":"https:\/\/www.chaire-tvp.com\/go\/index.php\/wp-json\/wp\/v2\/types\/page"}],"author":[{"embeddable":true,"href":"https:\/\/www.chaire-tvp.com\/go\/index.php\/wp-json\/wp\/v2\/users\/1"}],"replies":[{"embeddable":true,"href":"https:\/\/www.chaire-tvp.com\/go\/index.php\/wp-json\/wp\/v2\/comments?post=1439"}],"version-history":[{"count":3,"href":"https:\/\/www.chaire-tvp.com\/go\/index.php\/wp-json\/wp\/v2\/pages\/1439\/revisions"}],"predecessor-version":[{"id":1453,"href":"https:\/\/www.chaire-tvp.com\/go\/index.php\/wp-json\/wp\/v2\/pages\/1439\/revisions\/1453"}],"wp:attachment":[{"href":"https:\/\/www.chaire-tvp.com\/go\/index.php\/wp-json\/wp\/v2\/media?parent=1439"}],"curies":[{"name":"wp","href":"https:\/\/api.w.org\/{rel}","templated":true}]}}