{"id":117,"date":"2024-04-01T21:18:34","date_gmt":"2024-04-01T21:18:34","guid":{"rendered":"https:\/\/www.chaire-tvp.com\/go\/?page_id=117"},"modified":"2024-05-20T16:00:54","modified_gmt":"2024-05-20T16:00:54","slug":"la-chaire","status":"publish","type":"page","link":"https:\/\/www.chaire-tvp.com\/go\/index.php\/la-chaire\/","title":{"rendered":"La Chaire"},"content":{"rendered":"\n<div class=\"wp-block-columns alignwide are-vertically-aligned-center has-ti-fg-alt-color has-ti-bg-alt-background-color has-text-color has-background has-link-color wp-elements-29db27478fb62df7b589c25a248ce4a2 is-layout-flex wp-container-core-columns-is-layout-1 wp-block-columns-is-layout-flex\" style=\"padding-top:0;padding-right:0;padding-bottom:0;padding-left:0\">\n<div class=\"wp-block-column is-vertically-aligned-center is-layout-flow wp-block-column-is-layout-flow\" style=\"flex-basis:50%\">\n<div class=\"wp-block-cover is-light\" style=\"padding-top:24px;padding-right:24px;padding-bottom:24px;padding-left:24px;min-height:451px;aspect-ratio:unset;aspect-ratio:unset;\"><span aria-hidden=\"true\" class=\"wp-block-cover__background has-ti-accent-background-color has-background-dim-0 has-background-dim\"><\/span><img fetchpriority=\"high\" decoding=\"async\" width=\"932\" height=\"786\" class=\"wp-block-cover__image-background wp-image-275\" alt=\"\" src=\"https:\/\/www.chaire-tvp.com\/go\/wp-content\/uploads\/2024\/04\/undraw_Image_viewer_re_7ejc.png\" data-object-fit=\"cover\" srcset=\"https:\/\/www.chaire-tvp.com\/go\/wp-content\/uploads\/2024\/04\/undraw_Image_viewer_re_7ejc.png 932w, https:\/\/www.chaire-tvp.com\/go\/wp-content\/uploads\/2024\/04\/undraw_Image_viewer_re_7ejc-300x253.png 300w, https:\/\/www.chaire-tvp.com\/go\/wp-content\/uploads\/2024\/04\/undraw_Image_viewer_re_7ejc-768x648.png 768w\" sizes=\"(max-width: 932px) 100vw, 932px\" \/><div class=\"wp-block-cover__inner-container is-layout-flow wp-block-cover-is-layout-flow\">\n<p class=\"has-text-align-center has-ti-fg-alt-color has-text-color has-large-font-size\"><\/p>\n<\/div><\/div>\n<\/div>\n\n\n\n<div class=\"wp-block-column is-vertically-aligned-center is-layout-flow wp-block-column-is-layout-flow\" style=\"padding-top:64px;padding-right:24px;padding-bottom:64px;padding-left:24px;flex-basis:50%\">\n<p class=\"has-small-font-size\" style=\"text-transform:uppercase\"><\/p>\n\n\n\n<div class=\"wp-block-group is-layout-constrained wp-block-group-is-layout-constrained\">\n<p class=\"has-text-align-center has-ti-bg-inv-color has-text-color has-link-color has-x-large-font-size wp-elements-8550692fac9d158b81f66f7168fd112a\"><strong>La Chaire s\u2019articule autour de 5 missions  <\/strong><\/p>\n<\/div>\n<\/div>\n<\/div>\n\n\n\n<hr class=\"wp-block-separator alignwide has-alpha-channel-opacity is-style-dots\"\/>\n\n\n\n<div class=\"wp-block-group alignfull is-vertical is-layout-flex wp-container-core-group-is-layout-11 wp-block-group-is-layout-flex\" style=\"margin-top:0px;margin-bottom:0px;padding-top:64px;padding-bottom:64px\">\n<div style=\"background-image:url(&apos;https:\/\/www.chaire-tvp.com\/go\/wp-content\/uploads\/2024\/05\/IMG_0420-1-scaled.jpeg&apos;);background-size:cover;\" class=\"wp-block-group alignfull is-content-justification-right is-nowrap is-layout-flex wp-container-core-group-is-layout-10 wp-block-group-is-layout-flex has-background\">\n<div class=\"wp-block-group alignwide is-layout-flow wp-container-core-group-is-layout-5 wp-block-group-is-layout-flow\">\n<div class=\"wp-block-columns is-layout-flex wp-container-core-columns-is-layout-2 wp-block-columns-is-layout-flex\">\n<div class=\"wp-block-column is-vertically-aligned-center is-layout-flow wp-container-core-column-is-layout-3 wp-block-column-is-layout-flow\">\n<div class=\"wp-block-group is-vertical is-layout-flex wp-container-core-group-is-layout-2 wp-block-group-is-layout-flex\" style=\"border-radius:5px\">\n<h5 class=\"wp-block-heading has-text-align-center has-ti-fg-color has-ti-bg-alt-background-color has-text-color has-background has-link-color has-small-font-size wp-elements-8cfef047a57c1424ae285a19e0ac6890\"><strong>Valorisation du tourisme durable et impulsion de dynamiques territoriales durables<\/strong><\/h5>\n<\/div>\n<\/div>\n\n\n\n<div class=\"wp-block-column is-vertically-aligned-center is-layout-flow wp-container-core-column-is-layout-4 wp-block-column-is-layout-flow\">\n<div class=\"wp-block-group is-content-justification-left is-layout-constrained wp-container-core-group-is-layout-3 wp-block-group-is-layout-constrained\" style=\"border-radius:5px\">\n<h5 class=\"wp-block-heading has-text-align-center has-ti-fg-color has-ti-bg-alt-background-color has-text-color has-background has-link-color has-small-font-size wp-elements-43148cae320f6107fa0a6de3995ea33c\"><strong>Approche int\u00e9gr\u00e9e<\/strong><\/h5>\n<\/div>\n<\/div>\n\n\n\n<div class=\"wp-block-column is-vertically-aligned-center is-layout-flow wp-container-core-column-is-layout-5 wp-block-column-is-layout-flow\">\n<div class=\"wp-block-group is-content-justification-left is-layout-constrained wp-container-core-group-is-layout-4 wp-block-group-is-layout-constrained\" style=\"border-radius:5px\">\n<h5 class=\"wp-block-heading has-text-align-center has-ti-fg-color has-ti-bg-alt-background-color has-text-color has-background has-link-color has-small-font-size wp-elements-085c41648a3696b0abf9a36e5c9e5295\"><strong><strong><strong><strong><strong><strong>Engagement conjoint de la soci\u00e9t\u00e9 civile et de l\u2019universit\u00e9<\/strong><\/strong><\/strong><\/strong><\/strong><\/strong><\/h5>\n<\/div>\n<\/div>\n<\/div>\n<\/div>\n\n\n\n<div class=\"wp-block-group alignfull is-layout-constrained wp-container-core-group-is-layout-9 wp-block-group-is-layout-constrained\" style=\"margin-top:0px;margin-bottom:0px;padding-top:64px;padding-bottom:64px\">\n<div class=\"wp-block-group alignwide is-layout-flow wp-container-core-group-is-layout-8 wp-block-group-is-layout-flow\">\n<div class=\"wp-block-columns is-layout-flex wp-container-core-columns-is-layout-3 wp-block-columns-is-layout-flex\">\n<div class=\"wp-block-column is-vertically-aligned-center is-layout-flow wp-container-core-column-is-layout-6 wp-block-column-is-layout-flow\">\n<div class=\"wp-block-group is-content-justification-left is-layout-constrained wp-container-core-group-is-layout-6 wp-block-group-is-layout-constrained\" style=\"border-radius:5px\">\n<h5 class=\"wp-block-heading has-text-align-center has-ti-fg-color has-ti-bg-alt-background-color has-text-color has-background has-link-color has-small-font-size wp-elements-a1323a6d298d0af3d98ab67fb7739862\"><strong><strong><strong><strong>Strat\u00e9gie de long terme  <\/strong><\/strong><\/strong><\/strong><\/h5>\n<\/div>\n<\/div>\n\n\n\n<div class=\"wp-block-column is-vertically-aligned-center is-layout-flow wp-container-core-column-is-layout-7 wp-block-column-is-layout-flow\">\n<div class=\"wp-block-group is-content-justification-left is-layout-constrained wp-container-core-group-is-layout-7 wp-block-group-is-layout-constrained\" style=\"border-radius:5px\">\n<h5 class=\"wp-block-heading has-text-align-center has-ti-fg-color has-ti-bg-alt-background-color has-text-color has-background has-link-color has-small-font-size wp-elements-65723ee94d1e827d42d1c5e6768a1531\"><strong><strong><strong><strong><strong><strong>Recherche, action et cr\u00e9ation<\/strong><\/strong><\/strong><\/strong><\/strong><\/strong><\/h5>\n\n\n\n<p><\/p>\n<\/div>\n<\/div>\n<\/div>\n<\/div>\n<\/div>\n<\/div>\n<\/div>\n\n\n\n<div class=\"wp-block-group alignfull has-black-color has-text-color has-background has-link-color wp-elements-58aa65a9063d4c00134888f6bc577c8e is-layout-flow wp-block-group-is-layout-flow\" style=\"background-color:#c4cbb2\">\n<div style=\"height:50px\" aria-hidden=\"true\" class=\"wp-block-spacer\"><\/div>\n\n\n\n<h3 class=\"wp-block-heading alignwide\" style=\"font-size:clamp(26.944px, 1.684rem + ((1vw - 3.2px) * 2.324), 46px);font-weight:400;line-height:1.1\"><strong>Valorisation du tourisme durable et impulsion de dynamiques territoriales durables<\/strong><\/h3>\n\n\n\n<div style=\"height:50px\" aria-hidden=\"true\" class=\"wp-block-spacer\"><\/div>\n\n\n\n<div class=\"wp-block-columns alignwide is-layout-flex wp-container-core-columns-is-layout-4 wp-block-columns-is-layout-flex\">\n<div class=\"wp-block-column is-layout-flow wp-block-column-is-layout-flow\" style=\"flex-basis:25%\"><\/div>\n\n\n\n<div class=\"wp-block-column is-layout-flow wp-block-column-is-layout-flow\" style=\"flex-basis:75%\">\n<p>L\u2019UPHF et la CAPH unissent leurs forces autour d&rsquo;une vision commune visant \u00e0<strong> promouvoir le tourisme durable. <\/strong>L&rsquo;universit\u00e9 apporte son expertise acad\u00e9mique ainsi que ses \u00e9tudiants, renfor\u00e7ant ainsi la capacit\u00e9 des chercheurs \u00e0 jouer un r\u00f4le crucial dans l&rsquo;\u00e9cosyst\u00e8me d&rsquo;innovation r\u00e9gional. De son c\u00f4t\u00e9, la CAPH met \u00e0 disposition son riche patrimoine \u00e0 valoriser ainsi que son exp\u00e9rience en tourisme \u00e0 travers l&rsquo;Office du Tourisme, les institutions culturelles et les associations locales.<\/p>\n<\/div>\n<\/div>\n\n\n\n<div style=\"height:50px\" aria-hidden=\"true\" class=\"wp-block-spacer\"><\/div>\n\n\n\n<div style=\"height:50px\" aria-hidden=\"true\" class=\"wp-block-spacer\"><\/div>\n<\/div>\n\n\n\n<div class=\"wp-block-columns alignwide are-vertically-aligned-bottom is-layout-flex wp-container-core-columns-is-layout-5 wp-block-columns-is-layout-flex\">\n<div class=\"wp-block-column is-vertically-aligned-bottom is-layout-flow wp-block-column-is-layout-flow\" style=\"flex-basis:66%\">\n<figure class=\"wp-block-image size-full is-resized\"><img decoding=\"async\" width=\"823\" height=\"690\" src=\"https:\/\/www.chaire-tvp.com\/go\/wp-content\/uploads\/2024\/05\/undraw_sharing_knowledge_03vp.png\" alt=\"\" class=\"wp-image-465\" style=\"width:313px;height:auto\" srcset=\"https:\/\/www.chaire-tvp.com\/go\/wp-content\/uploads\/2024\/05\/undraw_sharing_knowledge_03vp.png 823w, https:\/\/www.chaire-tvp.com\/go\/wp-content\/uploads\/2024\/05\/undraw_sharing_knowledge_03vp-300x252.png 300w, https:\/\/www.chaire-tvp.com\/go\/wp-content\/uploads\/2024\/05\/undraw_sharing_knowledge_03vp-768x644.png 768w\" sizes=\"(max-width: 823px) 100vw, 823px\" \/><\/figure>\n<\/div>\n\n\n\n<div class=\"wp-block-column is-vertically-aligned-bottom is-layout-flow wp-block-column-is-layout-flow\">\n<p class=\"has-text-align-right has-medium-font-size\"><strong>Approche int\u00e9gr\u00e9e<\/strong><\/p>\n\n\n\n<p class=\"has-text-align-right\">La Chaire propose une <strong>approche int\u00e9gr\u00e9e au d\u00e9veloppement<\/strong>, en mettant en synergie les connaissances acad\u00e9miques, les perspectives locales et les acteurs du patrimoine et du tourisme.&nbsp;&nbsp;&nbsp;<\/p>\n<\/div>\n<\/div>\n\n\n\n<div class=\"wp-block-group alignfull is-layout-constrained wp-block-group-is-layout-constrained\" style=\"margin-top:0px;margin-bottom:0px;padding-top:64px;padding-bottom:64px\">\n<div class=\"wp-block-columns alignwide is-layout-flex wp-container-core-columns-is-layout-6 wp-block-columns-is-layout-flex\">\n<div class=\"wp-block-column is-vertically-aligned-center is-layout-flow wp-block-column-is-layout-flow\">\n<h3 class=\"wp-block-heading\"><strong><strong><strong>Engagement conjoint de la soci\u00e9t\u00e9 civile et de l\u2019universit\u00e9<\/strong><\/strong><\/strong><\/h3>\n\n\n\n<p>La Chaire cr\u00e9e une <strong>synergie entre la soci\u00e9t\u00e9 civile, la recherche et la formation universitaire<\/strong>. Les projets de recherche-action mis en place par les chercheurs sont explicitement pens\u00e9s pour impliquer activement les r\u00e9sidents de la CAPH afin qu&rsquo;ils deviennent des acteurs du savoir et du changement. Parall\u00e8lement, ces projets int\u00e8grent les \u00e9tudiants de l\u2019UPHF en les incitant \u00e0 s&rsquo;impliquer et \u00e0 contribuer \u00e0 la recherche par le biais de stages, de travaux dirig\u00e9s et de m\u00e9moires de recherche. <\/p>\n<\/div>\n\n\n\n<div class=\"wp-block-column is-layout-flow wp-block-column-is-layout-flow\">\n<figure class=\"wp-block-image size-full is-resized\"><img decoding=\"async\" width=\"1032\" height=\"924\" src=\"https:\/\/www.chaire-tvp.com\/go\/wp-content\/uploads\/2024\/05\/undraw_Road_sign_re_3kc3.png\" alt=\"\" class=\"wp-image-469\" style=\"width:354px;height:auto\" srcset=\"https:\/\/www.chaire-tvp.com\/go\/wp-content\/uploads\/2024\/05\/undraw_Road_sign_re_3kc3.png 1032w, https:\/\/www.chaire-tvp.com\/go\/wp-content\/uploads\/2024\/05\/undraw_Road_sign_re_3kc3-300x269.png 300w, https:\/\/www.chaire-tvp.com\/go\/wp-content\/uploads\/2024\/05\/undraw_Road_sign_re_3kc3-1024x917.png 1024w, https:\/\/www.chaire-tvp.com\/go\/wp-content\/uploads\/2024\/05\/undraw_Road_sign_re_3kc3-768x688.png 768w\" sizes=\"(max-width: 1032px) 100vw, 1032px\" \/><\/figure>\n<\/div>\n<\/div>\n\n\n\n<div class=\"wp-block-columns alignwide are-vertically-aligned-bottom is-layout-flex wp-container-core-columns-is-layout-7 wp-block-columns-is-layout-flex\">\n<div class=\"wp-block-column is-vertically-aligned-bottom is-layout-flow wp-block-column-is-layout-flow\" style=\"flex-basis:66%\">\n<figure class=\"wp-block-image size-full is-resized\"><img loading=\"lazy\" decoding=\"async\" width=\"630\" height=\"630\" src=\"https:\/\/www.chaire-tvp.com\/go\/wp-content\/uploads\/2024\/05\/undraw_Ideas_flow_re_bmea-edited.png\" alt=\"\" class=\"wp-image-470\" style=\"width:371px;height:auto\" srcset=\"https:\/\/www.chaire-tvp.com\/go\/wp-content\/uploads\/2024\/05\/undraw_Ideas_flow_re_bmea-edited.png 630w, https:\/\/www.chaire-tvp.com\/go\/wp-content\/uploads\/2024\/05\/undraw_Ideas_flow_re_bmea-edited-300x300.png 300w, https:\/\/www.chaire-tvp.com\/go\/wp-content\/uploads\/2024\/05\/undraw_Ideas_flow_re_bmea-edited-150x150.png 150w\" sizes=\"(max-width: 630px) 100vw, 630px\" \/><\/figure>\n<\/div>\n\n\n\n<div class=\"wp-block-column is-vertically-aligned-bottom is-layout-flow wp-block-column-is-layout-flow\">\n<p class=\"has-text-align-right has-medium-font-size\"><strong><strong>Strat\u00e9gie de long terme  <\/strong><\/strong><\/p>\n\n\n\n<p class=\"has-text-align-right\">La Chaire d\u00e9veloppe des <strong>strat\u00e9gies pour maintenir l\u2019engagement et renforcer l\u2019impact de ses projets sur le long terme<\/strong>, afin de contribuer de mani\u00e8re continue \u00e0 l\u2019avenir durable de la r\u00e9gion. La p\u00e9rennisation des projets passe par la cr\u00e9ation de structures de gouvernance et de financement qui garantissent la continuit\u00e9 des actions de la Chaire.<strong> <\/strong><\/p>\n<\/div>\n<\/div>\n\n\n\n<p>&nbsp;<\/p>\n\n\n\n<div class=\"wp-block-group alignfull is-layout-constrained wp-block-group-is-layout-constrained\" style=\"margin-top:0px;margin-bottom:0px;padding-top:64px;padding-bottom:64px\">\n<div class=\"wp-block-columns alignwide is-layout-flex wp-container-core-columns-is-layout-8 wp-block-columns-is-layout-flex\">\n<div class=\"wp-block-column is-vertically-aligned-top is-layout-flow wp-block-column-is-layout-flow\">\n<h3 class=\"wp-block-heading\"><strong><strong><strong>Recherche, action et cr\u00e9ation<\/strong><\/strong><\/strong><\/h3>\n\n\n\n<p>La Chaire entreprend des <strong>actions de recherche appliqu\u00e9e, de d\u00e9veloppement territorial ainsi que de vulgarisation et de partage de connaissance<\/strong>. La recherche se focalise sur les ressources patrimoniales de la CAPH, dans un objectif de valorisation et de d\u00e9veloppement du tourisme durable. Les strat\u00e9gies de valorisation et d\u00e9veloppement passent par la cr\u00e9ation d\u2019outils num\u00e9riques de pointe, par l\u2019analyse des flux, des potentialit\u00e9s et des impacts touristiques ainsi que par l&rsquo;inscription du patrimoine dans des formes cr\u00e9atives de narrativisation.<\/p>\n\n\n\n<p>L\u2019organisation d\u2019\u00e9v\u00e9nements scientifiques et culturels permet de diffuser les connaissances, partager les avanc\u00e9es et c\u00e9l\u00e9brer le patrimoine. La cr\u00e9ation d\u2019un tiers-lieu, situ\u00e9 au c\u0153ur du territoire, servira d\u2019espace de rencontre, d\u2019\u00e9change et de travail pour les diff\u00e9rents acteurs du projet.<\/p>\n<\/div>\n\n\n\n<div class=\"wp-block-column is-vertically-aligned-top is-layout-flow wp-block-column-is-layout-flow\">\n<figure class=\"wp-block-image size-full is-resized\"><img loading=\"lazy\" decoding=\"async\" width=\"1046\" height=\"681\" src=\"https:\/\/www.chaire-tvp.com\/go\/wp-content\/uploads\/2024\/05\/undraw_Augmented_reality_re_f0qd.png\" alt=\"\" class=\"wp-image-466\" style=\"width:531px;height:auto\" srcset=\"https:\/\/www.chaire-tvp.com\/go\/wp-content\/uploads\/2024\/05\/undraw_Augmented_reality_re_f0qd.png 1046w, https:\/\/www.chaire-tvp.com\/go\/wp-content\/uploads\/2024\/05\/undraw_Augmented_reality_re_f0qd-300x195.png 300w, https:\/\/www.chaire-tvp.com\/go\/wp-content\/uploads\/2024\/05\/undraw_Augmented_reality_re_f0qd-1024x667.png 1024w, https:\/\/www.chaire-tvp.com\/go\/wp-content\/uploads\/2024\/05\/undraw_Augmented_reality_re_f0qd-768x500.png 768w\" sizes=\"(max-width: 1046px) 100vw, 1046px\" \/><\/figure>\n<\/div>\n<\/div>\n\n\n\n<hr class=\"wp-block-separator alignwide has-alpha-channel-opacity is-style-dots\"\/>\n<\/div>\n<\/div>\n\n\n\n<div class=\"wp-block-group alignfull is-layout-constrained wp-container-core-group-is-layout-16 wp-block-group-is-layout-constrained\" style=\"margin-top:0px;margin-bottom:0px;padding-top:64px;padding-bottom:64px\">\n<div class=\"wp-block-columns alignwide are-vertically-aligned-center has-ti-fg-alt-color has-ti-bg-alt-background-color has-text-color has-background has-link-color wp-elements-760b8f594aeccf13b650436e2a781678 is-layout-flex wp-container-core-columns-is-layout-9 wp-block-columns-is-layout-flex\" style=\"padding-top:0;padding-right:0;padding-bottom:0;padding-left:0\">\n<div class=\"wp-block-column is-vertically-aligned-center is-layout-flow wp-block-column-is-layout-flow\" style=\"flex-basis:50%\">\n<div class=\"wp-block-cover is-light\" style=\"padding-top:24px;padding-right:24px;padding-bottom:24px;padding-left:24px;min-height:185px;aspect-ratio:unset;aspect-ratio:unset;\"><span aria-hidden=\"true\" class=\"wp-block-cover__background has-ti-accent-background-color has-background-dim-0 has-background-dim\"><\/span><img loading=\"lazy\" decoding=\"async\" width=\"1107\" height=\"603\" class=\"wp-block-cover__image-background wp-image-256\" alt=\"\" src=\"https:\/\/www.chaire-tvp.com\/go\/wp-content\/uploads\/2024\/04\/undraw_Engineering_team_a7n2-1.png\" style=\"object-position:49% 48%\" data-object-fit=\"cover\" data-object-position=\"49% 48%\" srcset=\"https:\/\/www.chaire-tvp.com\/go\/wp-content\/uploads\/2024\/04\/undraw_Engineering_team_a7n2-1.png 1107w, https:\/\/www.chaire-tvp.com\/go\/wp-content\/uploads\/2024\/04\/undraw_Engineering_team_a7n2-1-300x163.png 300w, https:\/\/www.chaire-tvp.com\/go\/wp-content\/uploads\/2024\/04\/undraw_Engineering_team_a7n2-1-1024x558.png 1024w, https:\/\/www.chaire-tvp.com\/go\/wp-content\/uploads\/2024\/04\/undraw_Engineering_team_a7n2-1-768x418.png 768w\" sizes=\"(max-width: 1107px) 100vw, 1107px\" \/><div class=\"wp-block-cover__inner-container is-layout-flow wp-block-cover-is-layout-flow\">\n<p class=\"has-text-align-center has-ti-fg-alt-color has-text-color has-large-font-size\"><\/p>\n<\/div><\/div>\n<\/div>\n\n\n\n<div class=\"wp-block-column is-vertically-aligned-center is-layout-flow wp-block-column-is-layout-flow\" style=\"padding-top:64px;padding-right:24px;padding-bottom:64px;padding-left:24px;flex-basis:50%\">\n<p class=\"has-small-font-size\" style=\"text-transform:uppercase\"><\/p>\n\n\n\n<div class=\"wp-block-group is-layout-constrained wp-block-group-is-layout-constrained\">\n<p class=\"has-ti-fg-color has-text-color has-link-color wp-elements-36e8b230ef47bc0e7ea786e529dd9323\">La Chaire Tourisme et Valorisation du Patrimoine repose sur <strong>quatre axes de recherche \u00e9troitement interconnect\u00e9s<\/strong>.<\/p>\n\n\n\n<div class=\"wp-block-buttons is-layout-flex wp-block-buttons-is-layout-flex\">\n<div class=\"wp-block-button has-custom-width wp-block-button__width-100 is-style-outline is-style-outline--c8bc7c9253f11a8766d1ae25f96d2347\"><a class=\"wp-block-button__link has-ti-fg-color has-text-color has-link-color wp-element-button\" href=\"https:\/\/www.chaire-tvp.com\/go\/index.php\/les-axes\/\">En savoir plus<\/a><\/div>\n<\/div>\n<\/div>\n<\/div>\n<\/div>\n<\/div>\n","protected":false},"excerpt":{"rendered":"<p>La Chaire s\u2019articule autour de 5 missions Valorisation du tourisme durable et impulsion de dynamiques territoriales durables Approche int\u00e9gr\u00e9e Engagement conjoint de la soci\u00e9t\u00e9 civile et de l\u2019universit\u00e9 Strat\u00e9gie de [&hellip;]<\/p>\n","protected":false},"author":1,"featured_media":0,"parent":0,"menu_order":0,"comment_status":"closed","ping_status":"closed","template":"","meta":{"_editorskit_title_hidden":false,"_editorskit_reading_time":0,"_editorskit_is_block_options_detached":false,"_editorskit_block_options_position":"{}","inline_featured_image":false,"ngg_post_thumbnail":0,"_EventAllDay":false,"_EventTimezone":"","_EventStartDate":"","_EventEndDate":"","_EventStartDateUTC":"","_EventEndDateUTC":"","_EventShowMap":false,"_EventShowMapLink":false,"_EventURL":"","_EventCost":"","_EventCostDescription":"","_EventCurrencySymbol":"","_EventCurrencyCode":"","_EventCurrencyPosition":"","_EventDateTimeSeparator":"","_EventTimeRangeSeparator":"","_EventOrganizerID":[],"_EventVenueID":[],"_OrganizerEmail":"","_OrganizerPhone":"","_OrganizerWebsite":"","_VenueAddress":"","_VenueCity":"","_VenueCountry":"","_VenueProvince":"","_VenueState":"","_VenueZip":"","_VenuePhone":"","_VenueURL":"","_VenueStateProvince":"","_VenueLat":"","_VenueLng":"","_VenueShowMap":false,"_VenueShowMapLink":false,"footnotes":""},"class_list":["post-117","page","type-page","status-publish","hentry"],"jetpack_sharing_enabled":true,"_links":{"self":[{"href":"https:\/\/www.chaire-tvp.com\/go\/index.php\/wp-json\/wp\/v2\/pages\/117","targetHints":{"allow":["GET"]}}],"collection":[{"href":"https:\/\/www.chaire-tvp.com\/go\/index.php\/wp-json\/wp\/v2\/pages"}],"about":[{"href":"https:\/\/www.chaire-tvp.com\/go\/index.php\/wp-json\/wp\/v2\/types\/page"}],"author":[{"embeddable":true,"href":"https:\/\/www.chaire-tvp.com\/go\/index.php\/wp-json\/wp\/v2\/users\/1"}],"replies":[{"embeddable":true,"href":"https:\/\/www.chaire-tvp.com\/go\/index.php\/wp-json\/wp\/v2\/comments?post=117"}],"version-history":[{"count":9,"href":"https:\/\/www.chaire-tvp.com\/go\/index.php\/wp-json\/wp\/v2\/pages\/117\/revisions"}],"predecessor-version":[{"id":595,"href":"https:\/\/www.chaire-tvp.com\/go\/index.php\/wp-json\/wp\/v2\/pages\/117\/revisions\/595"}],"wp:attachment":[{"href":"https:\/\/www.chaire-tvp.com\/go\/index.php\/wp-json\/wp\/v2\/media?parent=117"}],"curies":[{"name":"wp","href":"https:\/\/api.w.org\/{rel}","templated":true}]}}