{"id":111,"date":"2024-04-01T21:19:39","date_gmt":"2024-04-01T21:19:39","guid":{"rendered":"https:\/\/www.chaire-tvp.com\/go\/?page_id=111"},"modified":"2024-05-20T12:38:03","modified_gmt":"2024-05-20T12:38:03","slug":"contact-2","status":"publish","type":"page","link":"https:\/\/www.chaire-tvp.com\/go\/index.php\/contact-2\/","title":{"rendered":"Contacts"},"content":{"rendered":"\n<div class=\"wp-block-group alignfull has-background is-content-justification-center is-layout-constrained wp-container-core-group-is-layout-8 wp-block-group-is-layout-constrained\" style=\"background-color:#d2cdc7;margin-top:0px;margin-bottom:0px;padding-top:64px;padding-bottom:64px\">\n<div class=\"wp-block-group is-content-justification-left is-layout-constrained wp-container-core-group-is-layout-1 wp-block-group-is-layout-constrained\" style=\"border-radius:5px\">\n<h2 class=\"wp-block-heading has-text-align-right\">Nous \u00e9crire<\/h2>\n<\/div>\n\n\n\n<div class=\"wp-block-group alignwide is-layout-flow wp-block-group-is-layout-flow\">\n<div class=\"wp-block-columns are-vertically-aligned-top is-layout-flex wp-container-core-columns-is-layout-1 wp-block-columns-is-layout-flex\">\n<div class=\"wp-block-column is-vertically-aligned-top is-layout-flow wp-container-core-column-is-layout-1 wp-block-column-is-layout-flow\">\n<div class=\"wp-block-group has-ti-bg-background-color has-background is-layout-constrained wp-container-core-group-is-layout-2 wp-block-group-is-layout-constrained\" style=\"padding-top:24px;padding-right:24px;padding-bottom:24px;padding-left:24px\">\n<figure class=\"wp-block-image aligncenter size-full is-resized is-style-rounded\"><img fetchpriority=\"high\" decoding=\"async\" width=\"1374\" height=\"1374\" src=\"https:\/\/www.chaire-tvp.com\/go\/wp-content\/uploads\/2024\/04\/Photo-Irene-Sartoretti.jpg\" alt=\"\" class=\"wp-image-361\" style=\"width:100px;height:100px\" srcset=\"https:\/\/www.chaire-tvp.com\/go\/wp-content\/uploads\/2024\/04\/Photo-Irene-Sartoretti.jpg 1374w, https:\/\/www.chaire-tvp.com\/go\/wp-content\/uploads\/2024\/04\/Photo-Irene-Sartoretti-300x300.jpg 300w, https:\/\/www.chaire-tvp.com\/go\/wp-content\/uploads\/2024\/04\/Photo-Irene-Sartoretti-1024x1024.jpg 1024w, https:\/\/www.chaire-tvp.com\/go\/wp-content\/uploads\/2024\/04\/Photo-Irene-Sartoretti-150x150.jpg 150w, https:\/\/www.chaire-tvp.com\/go\/wp-content\/uploads\/2024\/04\/Photo-Irene-Sartoretti-768x768.jpg 768w\" sizes=\"(max-width: 1374px) 100vw, 1374px\" \/><\/figure>\n\n\n\n<h3 class=\"wp-block-heading has-text-align-center has-medium-font-size\">Projets de recherche<\/h3>\n\n\n\n<p class=\"has-text-align-center has-small-font-size\" style=\"text-transform:uppercase\"><strong>Irene Sartoretti<\/strong><\/p>\n\n\n\n<p class=\"has-text-align-center\"><a href=\"mailto:irene.sartoretti@uphf.fr\">irene.sartoretti@uphf.fr<\/a><\/p>\n<\/div>\n<\/div>\n\n\n\n<div class=\"wp-block-column is-vertically-aligned-top is-layout-flow wp-block-column-is-layout-flow\">\n<div class=\"wp-block-group is-content-justification-left is-layout-constrained wp-container-core-group-is-layout-4 wp-block-group-is-layout-constrained\" style=\"border-radius:5px\">\n<div class=\"wp-block-group has-ti-bg-background-color has-background is-layout-constrained wp-container-core-group-is-layout-3 wp-block-group-is-layout-constrained\" style=\"padding-top:24px;padding-right:24px;padding-bottom:24px;padding-left:24px\">\n<figure class=\"wp-block-image aligncenter size-full is-resized is-style-rounded\"><img decoding=\"async\" width=\"800\" height=\"800\" src=\"https:\/\/www.chaire-tvp.com\/go\/wp-content\/uploads\/2024\/04\/1660637110999.jpeg\" alt=\"\" class=\"wp-image-236\" style=\"width:100px\" srcset=\"https:\/\/www.chaire-tvp.com\/go\/wp-content\/uploads\/2024\/04\/1660637110999.jpeg 800w, https:\/\/www.chaire-tvp.com\/go\/wp-content\/uploads\/2024\/04\/1660637110999-300x300.jpeg 300w, https:\/\/www.chaire-tvp.com\/go\/wp-content\/uploads\/2024\/04\/1660637110999-150x150.jpeg 150w, https:\/\/www.chaire-tvp.com\/go\/wp-content\/uploads\/2024\/04\/1660637110999-768x768.jpeg 768w\" sizes=\"(max-width: 800px) 100vw, 800px\" \/><\/figure>\n\n\n\n<h3 class=\"wp-block-heading has-text-align-center has-medium-font-size\">Projets culturels<\/h3>\n\n\n\n<p class=\"has-text-align-center has-small-font-size\" style=\"text-transform:uppercase\"><strong>Am\u00e9lie Templus<\/strong><\/p>\n\n\n\n<p class=\"has-text-align-center\"><a href=\"mailto:amelie.templus@uphf.fr\">amelie.templus@uphf.fr<\/a><\/p>\n<\/div>\n<\/div>\n<\/div>\n\n\n\n<div class=\"wp-block-column is-vertically-aligned-top is-layout-flow wp-block-column-is-layout-flow\">\n<div class=\"wp-block-group is-content-justification-left is-layout-constrained wp-container-core-group-is-layout-6 wp-block-group-is-layout-constrained\" style=\"border-radius:5px\">\n<div class=\"wp-block-group has-ti-bg-background-color has-background is-layout-constrained wp-container-core-group-is-layout-5 wp-block-group-is-layout-constrained\" style=\"padding-top:24px;padding-right:24px;padding-bottom:24px;padding-left:24px\">\n<figure class=\"wp-block-image aligncenter size-full is-resized is-style-rounded\"><img decoding=\"async\" width=\"1107\" height=\"603\" src=\"https:\/\/www.chaire-tvp.com\/go\/wp-content\/uploads\/2024\/04\/undraw_Engineering_team_a7n2-1-1.png\" alt=\"\" class=\"wp-image-257\" style=\"width:209px;height:auto\" srcset=\"https:\/\/www.chaire-tvp.com\/go\/wp-content\/uploads\/2024\/04\/undraw_Engineering_team_a7n2-1-1.png 1107w, https:\/\/www.chaire-tvp.com\/go\/wp-content\/uploads\/2024\/04\/undraw_Engineering_team_a7n2-1-1-300x163.png 300w, https:\/\/www.chaire-tvp.com\/go\/wp-content\/uploads\/2024\/04\/undraw_Engineering_team_a7n2-1-1-1024x558.png 1024w, https:\/\/www.chaire-tvp.com\/go\/wp-content\/uploads\/2024\/04\/undraw_Engineering_team_a7n2-1-1-768x418.png 768w\" sizes=\"(max-width: 1107px) 100vw, 1107px\" \/><\/figure>\n\n\n\n<h3 class=\"wp-block-heading has-text-align-center has-medium-font-size\">Gestion administrative et financi\u00e8re<\/h3>\n\n\n\n<p class=\"has-text-align-center has-small-font-size\" style=\"text-transform:uppercase\"><strong>Sophie Ballet<\/strong><\/p>\n\n\n\n<p class=\"has-text-align-center\"><a href=\"mailto:sophie.ballet@uphf.fr\">sophie.ballet@uphf.fr<\/a><\/p>\n<\/div>\n<\/div>\n<\/div>\n<\/div>\n<\/div>\n<\/div>\n\n\n\n<div class=\"wp-block-group alignfull has-ti-fg-alt-color has-ti-bg-inv-background-color has-text-color has-background is-layout-constrained wp-container-core-group-is-layout-10 wp-block-group-is-layout-constrained\" style=\"margin-top:0px;margin-bottom:0px;padding-top:64px;padding-bottom:64px\">\n<div class=\"wp-block-group alignwide is-layout-flow wp-block-group-is-layout-flow\">\n<p class=\"has-x-large-font-size\">Nous rejoindre <\/p>\n\n\n\n<p class=\"has-text-align-right has-medium-font-size\">B\u00e2timent Ronzier,<\/p>\n\n\n\n<p class=\"has-text-align-right has-medium-font-size\">Boulevard Henri Harpignies<\/p>\n\n\n\n<p class=\"has-text-align-right has-medium-font-size\">59300 Valenciennes<\/p>\n<\/div>\n<\/div>\n\n\n\n<p><\/p>\n\n\n\n<p class=\"has-text-align-center has-ti-bg-background-color has-background\"><strong>N\u2019h\u00e9sitez pas \u00e0 nous solliciter<\/strong> via les mails inscrits ci-dessus en cas de questions ou de requ\u00eates en lien avec nos services. Aussi, si vous souhaitez <strong>participer aux recherches ou aux actions<\/strong>, nous vous invitons \u00e0 prendre contact avec nous ! <br><em>L&rsquo;\u00e9quipe de la Chaire Tourisme et Valorisation du Patrimoine<\/em><\/p>\n","protected":false},"excerpt":{"rendered":"<p>Nous \u00e9crire Projets de recherche Irene Sartoretti irene.sartoretti@uphf.fr Projets culturels Am\u00e9lie Templus amelie.templus@uphf.fr Gestion administrative et financi\u00e8re Sophie Ballet sophie.ballet@uphf.fr Nous rejoindre B\u00e2timent Ronzier, Boulevard Henri Harpignies 59300 Valenciennes N\u2019h\u00e9sitez [&hellip;]<\/p>\n","protected":false},"author":1,"featured_media":0,"parent":0,"menu_order":0,"comment_status":"closed","ping_status":"closed","template":"","meta":{"_editorskit_title_hidden":false,"_editorskit_reading_time":0,"_editorskit_is_block_options_detached":false,"_editorskit_block_options_position":"{}","inline_featured_image":false,"ngg_post_thumbnail":0,"_EventAllDay":false,"_EventTimezone":"","_EventStartDate":"","_EventEndDate":"","_EventStartDateUTC":"","_EventEndDateUTC":"","_EventShowMap":false,"_EventShowMapLink":false,"_EventURL":"","_EventCost":"","_EventCostDescription":"","_EventCurrencySymbol":"","_EventCurrencyCode":"","_EventCurrencyPosition":"","_EventDateTimeSeparator":"","_EventTimeRangeSeparator":"","_EventOrganizerID":[],"_EventVenueID":[],"_OrganizerEmail":"","_OrganizerPhone":"","_OrganizerWebsite":"","_VenueAddress":"","_VenueCity":"","_VenueCountry":"","_VenueProvince":"","_VenueState":"","_VenueZip":"","_VenuePhone":"","_VenueURL":"","_VenueStateProvince":"","_VenueLat":"","_VenueLng":"","_VenueShowMap":false,"_VenueShowMapLink":false,"footnotes":""},"class_list":["post-111","page","type-page","status-publish","hentry"],"jetpack_sharing_enabled":true,"_links":{"self":[{"href":"https:\/\/www.chaire-tvp.com\/go\/index.php\/wp-json\/wp\/v2\/pages\/111","targetHints":{"allow":["GET"]}}],"collection":[{"href":"https:\/\/www.chaire-tvp.com\/go\/index.php\/wp-json\/wp\/v2\/pages"}],"about":[{"href":"https:\/\/www.chaire-tvp.com\/go\/index.php\/wp-json\/wp\/v2\/types\/page"}],"author":[{"embeddable":true,"href":"https:\/\/www.chaire-tvp.com\/go\/index.php\/wp-json\/wp\/v2\/users\/1"}],"replies":[{"embeddable":true,"href":"https:\/\/www.chaire-tvp.com\/go\/index.php\/wp-json\/wp\/v2\/comments?post=111"}],"version-history":[{"count":10,"href":"https:\/\/www.chaire-tvp.com\/go\/index.php\/wp-json\/wp\/v2\/pages\/111\/revisions"}],"predecessor-version":[{"id":557,"href":"https:\/\/www.chaire-tvp.com\/go\/index.php\/wp-json\/wp\/v2\/pages\/111\/revisions\/557"}],"wp:attachment":[{"href":"https:\/\/www.chaire-tvp.com\/go\/index.php\/wp-json\/wp\/v2\/media?parent=111"}],"curies":[{"name":"wp","href":"https:\/\/api.w.org\/{rel}","templated":true}]}}